{"id":17821,"date":"2022-03-07T14:07:27","date_gmt":"2022-03-07T13:07:27","guid":{"rendered":"https:\/\/ceres.pl\/ag-stim-biostimulator"},"modified":"2024-02-07T12:28:15","modified_gmt":"2024-02-07T11:28:15","slug":"ag-stim-biostimulator","status":"publish","type":"page","link":"https:\/\/ceres.pl\/en\/ag-stim-biostimulator","title":{"rendered":"AG-STIM &#8211; Biostimulator"},"content":{"rendered":"\n<div class=\"wp-block-image\"><figure class=\"aligncenter size-full is-resized\"><img loading=\"lazy\" decoding=\"async\" src=\"https:\/\/ceres.pl\/wp-content\/uploads\/2022\/03\/1617964366876-2.jpg\" alt=\"\" class=\"wp-image-15082\" width=\"475\" height=\"475\" srcset=\"https:\/\/ceres.pl\/wp-content\/uploads\/2022\/03\/1617964366876-2.jpg 800w, https:\/\/ceres.pl\/wp-content\/uploads\/2022\/03\/1617964366876-2-150x150.jpg 150w, https:\/\/ceres.pl\/wp-content\/uploads\/2022\/03\/1617964366876-2-500x500.jpg 500w\" sizes=\"auto, (max-width: 475px) 100vw, 475px\" \/><\/figure><\/div>\n\n\n\n<p>|rodowisko korzenia jest w trakcie uprawy nara\u017cone ca\u0142y czas na ataki organizm\u00f3w patogenicznych. Pythium, Fusarium, Phytophthora wyst\u0119puj\u0105 we wszystkich uprawach. Ich kontrola bez u\u017cycia chemii lub z minimalnym jej wykorzystaniem wymaga zadbania o rozw\u00f3j po\u017cytecznych mikroorganizm\u00f3w. Wzmocnienie po\u017cytecznych bakterii i grzyb\u00f3w dzia\u0142aj\u0105cych w strefie korzeniowej wp\u0142ywa na wzrost i rozw\u00f3j ro\u015blin i na stan ich zdrowia. Dzieje si\u0119 to zar\u00f3wno w uprawach glebowych jak i uprawach w pod\u0142o\u017cu inertnym.<\/p>\n\n\n\n<p>Na filmie dost\u0119pnym poni\u017cej wida\u0107 wyra\u017anie jak w skali korzenia wa\u017cne jest zapewnienie dzia\u0142ania po\u017cytecznym mikroorganizmom. Korze\u0144 caly czas wydziela na zewn\u0105trz substancje, kt\u00f3re mog\u0105 s\u0142u\u017cyc jako po\u017cywka dla patogen\u00f3w . Przy ma\u0142ej ilo\u015bci tlenu i s\u0142bej \u017cywotno\u015bci po\u017cytecznych bakterii procesy s\u0105 dominowane przez patogeniczne mikroorganizmy .<\/p>\n\n\n\n<p><strong>Takiego stanu rzeczy mo\u017cemy unika\u0107 przez :<\/strong><\/p>\n\n\n\n<p>&#8211; utrzymywanie wysokiego poziomu nasycenia wody tlenem \/ OXYBULL\/ ,<\/p>\n\n\n\n<p>&#8211; biostymulacja korzeni i bakterii strefy korzeniowej &nbsp;\/AG-STIM\/<\/p>\n\n\n\n<p>&#8211; dodawanie do po\u017cywki zywych kolonii bakterii i grzyb\u00f3w mikorytycznych<\/p>\n\n\n\n<p><strong>AG-STIM<\/strong> to naw\u00f3z zarejestrowany do upraw organicznych<\/p>\n\n\n\n<p>Aktywuje korzenie i \u015brodowisko mikrobiologiczne korzeni&nbsp; przyczyniaj\u0105c si\u0119 do poprawy kondycji ro\u015blin.<\/p>\n\n\n\n<p>Od\u017cywia po\u017cyteczne &nbsp;mikroorganizmy w strefie korzeniowej. Ro\u015blinie dostarcza aminokwasy i mikroelementy, kt\u00f3re nie wyst\u0119puj\u0105 w nawozach mineralnych a wyst\u0119puj\u0105 w glebie.<\/p>\n\n\n\n<p><strong>Korzy\u015bci :<\/strong><\/p>\n\n\n\n<p>&#8211; poprawia odporno\u015b\u0107 na choroby<\/p>\n\n\n\n<p>&#8211; utrzymuje w czysto\u015bci system irygacyjny<\/p>\n\n\n\n<p>-Aktywuje system korzeniowy<\/p>\n\n\n\n<p>-poprawia kondycj\u0119 ro\u015blin<\/p>\n\n\n\n<p>&#8211; optymalizuje przyswajanie sk\u0142adnik\u00f3w od\u017cywczych<\/p>\n\n\n\n<p>&#8211; silnie skoncentrowany preparat<\/p>\n\n\n\n<p><strong>Link do filmu :<\/strong>&nbsp;<a target=\"_blank\" href=\"https:\/\/vimeo.com\/193446531?embedded=true&amp;source=vimeo_logo&amp;owner=59665531\" rel=\"noreferrer noopener\">https:\/\/vimeo.com\/193446531?embedded=true&amp;source=vimeo_logo&amp;owner=59665531<\/a><\/p>\n\n\n\n<p>Punkt zwrotny i przej\u015bcie ze \u015brodowiska tlenowego do beztlenowego mo\u017ce nast\u0105pi\u0107 w ka\u017cdej chwili.<\/p>\n\n\n\n<p>Mi\u0119dzy ostatnim a pierwszym podlewaniem mija kilkana\u015bcie godzin. W tym czasie w matach zachodz\u0105 znacz\u0105ce zmiany<\/p>\n\n\n\n<p>Spada zawarto\u015b\u0107 tlenu, zmienia si\u0119 pH, To utrudnia rozw\u00f3j korzeni a u\u0142atwia rozw\u00f3j patogen\u00f3w.<\/p>\n\n\n\n<p><strong>AGSTIM<\/strong> i <strong>OXYBULL<\/strong> to kompleksowe rozwi\u0105zanie tych problem\u00f3w.<\/p>\n\n\n\n<p><strong>Dozowanie :<\/strong><\/p>\n\n\n\n<p>2,5 l\/ha tygodniowo przez system irygacyjny<\/p>\n","protected":false},"excerpt":{"rendered":"<p>|rodowisko korzenia jest w trakcie uprawy nara\u017cone ca\u0142y czas na ataki organizm\u00f3w patogenicznych. Pythium, Fusarium, Phytophthora wyst\u0119puj\u0105 we wszystkich uprawach. Ich kontrola bez u\u017cycia chemii lub z minimalnym jej wykorzystaniem wymaga zadbania o rozw\u00f3j po\u017cytecznych mikroorganizm\u00f3w. Wzmocnienie po\u017cytecznych bakterii i grzyb\u00f3w dzia\u0142aj\u0105cych w strefie korzeniowej wp\u0142ywa na wzrost i rozw\u00f3j ro\u015blin i na stan ich [&hellip;]<\/p>\n","protected":false},"author":1,"featured_media":0,"parent":0,"menu_order":0,"comment_status":"closed","ping_status":"closed","template":"offer-subpage-trade.php","meta":{"_acf_changed":false,"_vp_format_video_url":"","_vp_image_focal_point":[],"footnotes":""},"categories":[],"class_list":["post-17821","page","type-page","status-publish","hentry"],"acf":[],"yoast_head":"<!-- This site is optimized with the Yoast SEO plugin v26.8 - https:\/\/yoast.com\/product\/yoast-seo-wordpress\/ -->\n<title>AG-STIM - Biostimulator &#8226; Ceres.pl<\/title>\n<meta name=\"description\" content=\"Fertilizer registered for organic crops. Activates roots and the root microbial environment contributing to improved plant health.\" \/>\n<meta name=\"robots\" content=\"index, follow, max-snippet:-1, max-image-preview:large, max-video-preview:-1\" \/>\n<link rel=\"canonical\" href=\"https:\/\/ceres.pl\/en\/ag-stim-biostimulator\" \/>\n<meta property=\"og:locale\" content=\"en_US\" \/>\n<meta property=\"og:type\" content=\"article\" \/>\n<meta property=\"og:title\" content=\"AG-STIM - Biostimulator &#8226; Ceres.pl\" \/>\n<meta property=\"og:description\" content=\"Fertilizer registered for organic crops. Activates roots and the root microbial environment contributing to improved plant health.\" \/>\n<meta property=\"og:url\" content=\"https:\/\/ceres.pl\/en\/ag-stim-biostimulator\" \/>\n<meta property=\"og:site_name\" content=\"Ceres.pl\" \/>\n<meta property=\"article:publisher\" content=\"https:\/\/www.facebook.com\/Ceres-International-sp-z-oo-2555422964473996\" \/>\n<meta property=\"article:modified_time\" content=\"2024-02-07T11:28:15+00:00\" \/>\n<meta property=\"og:image\" content=\"https:\/\/ceres.pl\/wp-content\/uploads\/2022\/03\/1617964366876-2.jpg\" \/>\n<meta name=\"twitter:card\" content=\"summary_large_image\" \/>\n<meta name=\"twitter:label1\" content=\"Est. reading time\" \/>\n\t<meta name=\"twitter:data1\" content=\"2 minutes\" \/>\n<script type=\"application\/ld+json\" class=\"yoast-schema-graph\">{\"@context\":\"https:\/\/schema.org\",\"@graph\":[{\"@type\":\"WebPage\",\"@id\":\"https:\/\/ceres.pl\/en\/ag-stim-biostimulator\",\"url\":\"https:\/\/ceres.pl\/en\/ag-stim-biostimulator\",\"name\":\"AG-STIM - Biostimulator &#8226; Ceres.pl\",\"isPartOf\":{\"@id\":\"https:\/\/ceres.pl\/#website\"},\"primaryImageOfPage\":{\"@id\":\"https:\/\/ceres.pl\/en\/ag-stim-biostimulator#primaryimage\"},\"image\":{\"@id\":\"https:\/\/ceres.pl\/en\/ag-stim-biostimulator#primaryimage\"},\"thumbnailUrl\":\"https:\/\/ceres.pl\/wp-content\/uploads\/2022\/03\/1617964366876-2.jpg\",\"datePublished\":\"2022-03-07T13:07:27+00:00\",\"dateModified\":\"2024-02-07T11:28:15+00:00\",\"description\":\"Fertilizer registered for organic crops. Activates roots and the root microbial environment contributing to improved plant health.\",\"breadcrumb\":{\"@id\":\"https:\/\/ceres.pl\/en\/ag-stim-biostimulator#breadcrumb\"},\"inLanguage\":\"en-US\",\"potentialAction\":[{\"@type\":\"ReadAction\",\"target\":[\"https:\/\/ceres.pl\/en\/ag-stim-biostimulator\"]}]},{\"@type\":\"ImageObject\",\"inLanguage\":\"en-US\",\"@id\":\"https:\/\/ceres.pl\/en\/ag-stim-biostimulator#primaryimage\",\"url\":\"https:\/\/ceres.pl\/wp-content\/uploads\/2022\/03\/1617964366876-2.jpg\",\"contentUrl\":\"https:\/\/ceres.pl\/wp-content\/uploads\/2022\/03\/1617964366876-2.jpg\"},{\"@type\":\"BreadcrumbList\",\"@id\":\"https:\/\/ceres.pl\/en\/ag-stim-biostimulator#breadcrumb\",\"itemListElement\":[{\"@type\":\"ListItem\",\"position\":1,\"name\":\"Strona g\u0142\u00f3wna\",\"item\":\"https:\/\/ceres.pl\/en\/home-page\"},{\"@type\":\"ListItem\",\"position\":2,\"name\":\"AG-STIM &#8211; Biostimulator\"}]},{\"@type\":\"WebSite\",\"@id\":\"https:\/\/ceres.pl\/#website\",\"url\":\"https:\/\/ceres.pl\/\",\"name\":\"Ceres dla Ogrodnictwa\",\"description\":\"Gardening is our passion\",\"publisher\":{\"@id\":\"https:\/\/ceres.pl\/#organization\"},\"potentialAction\":[{\"@type\":\"SearchAction\",\"target\":{\"@type\":\"EntryPoint\",\"urlTemplate\":\"https:\/\/ceres.pl\/?s={search_term_string}\"},\"query-input\":{\"@type\":\"PropertyValueSpecification\",\"valueRequired\":true,\"valueName\":\"search_term_string\"}}],\"inLanguage\":\"en-US\"},{\"@type\":\"Organization\",\"@id\":\"https:\/\/ceres.pl\/#organization\",\"name\":\"CERES INTERNATIONAL SP. Z O.O.\",\"url\":\"https:\/\/ceres.pl\/\",\"logo\":{\"@type\":\"ImageObject\",\"inLanguage\":\"en-US\",\"@id\":\"https:\/\/ceres.pl\/#\/schema\/logo\/image\/\",\"url\":\"https:\/\/ceres.pl\/wp-content\/uploads\/2017\/12\/ceres_logo_poziom.png\",\"contentUrl\":\"https:\/\/ceres.pl\/wp-content\/uploads\/2017\/12\/ceres_logo_poziom.png\",\"width\":135,\"height\":40,\"caption\":\"CERES INTERNATIONAL SP. Z O.O.\"},\"image\":{\"@id\":\"https:\/\/ceres.pl\/#\/schema\/logo\/image\/\"},\"sameAs\":[\"https:\/\/www.facebook.com\/Ceres-International-sp-z-oo-2555422964473996\",\"https:\/\/www.instagram.com\/internationalceres\/\",\"https:\/\/www.youtube.com\/channel\/UChwTjf0coEIsniYlYyBaRvw\"]}]}<\/script>\n<!-- \/ Yoast SEO plugin. -->","yoast_head_json":{"title":"AG-STIM - Biostimulator &#8226; Ceres.pl","description":"Fertilizer registered for organic crops. Activates roots and the root microbial environment contributing to improved plant health.","robots":{"index":"index","follow":"follow","max-snippet":"max-snippet:-1","max-image-preview":"max-image-preview:large","max-video-preview":"max-video-preview:-1"},"canonical":"https:\/\/ceres.pl\/en\/ag-stim-biostimulator","og_locale":"en_US","og_type":"article","og_title":"AG-STIM - Biostimulator &#8226; Ceres.pl","og_description":"Fertilizer registered for organic crops. Activates roots and the root microbial environment contributing to improved plant health.","og_url":"https:\/\/ceres.pl\/en\/ag-stim-biostimulator","og_site_name":"Ceres.pl","article_publisher":"https:\/\/www.facebook.com\/Ceres-International-sp-z-oo-2555422964473996","article_modified_time":"2024-02-07T11:28:15+00:00","og_image":[{"url":"https:\/\/ceres.pl\/wp-content\/uploads\/2022\/03\/1617964366876-2.jpg","type":"","width":"","height":""}],"twitter_card":"summary_large_image","twitter_misc":{"Est. reading time":"2 minutes"},"schema":{"@context":"https:\/\/schema.org","@graph":[{"@type":"WebPage","@id":"https:\/\/ceres.pl\/en\/ag-stim-biostimulator","url":"https:\/\/ceres.pl\/en\/ag-stim-biostimulator","name":"AG-STIM - Biostimulator &#8226; Ceres.pl","isPartOf":{"@id":"https:\/\/ceres.pl\/#website"},"primaryImageOfPage":{"@id":"https:\/\/ceres.pl\/en\/ag-stim-biostimulator#primaryimage"},"image":{"@id":"https:\/\/ceres.pl\/en\/ag-stim-biostimulator#primaryimage"},"thumbnailUrl":"https:\/\/ceres.pl\/wp-content\/uploads\/2022\/03\/1617964366876-2.jpg","datePublished":"2022-03-07T13:07:27+00:00","dateModified":"2024-02-07T11:28:15+00:00","description":"Fertilizer registered for organic crops. Activates roots and the root microbial environment contributing to improved plant health.","breadcrumb":{"@id":"https:\/\/ceres.pl\/en\/ag-stim-biostimulator#breadcrumb"},"inLanguage":"en-US","potentialAction":[{"@type":"ReadAction","target":["https:\/\/ceres.pl\/en\/ag-stim-biostimulator"]}]},{"@type":"ImageObject","inLanguage":"en-US","@id":"https:\/\/ceres.pl\/en\/ag-stim-biostimulator#primaryimage","url":"https:\/\/ceres.pl\/wp-content\/uploads\/2022\/03\/1617964366876-2.jpg","contentUrl":"https:\/\/ceres.pl\/wp-content\/uploads\/2022\/03\/1617964366876-2.jpg"},{"@type":"BreadcrumbList","@id":"https:\/\/ceres.pl\/en\/ag-stim-biostimulator#breadcrumb","itemListElement":[{"@type":"ListItem","position":1,"name":"Strona g\u0142\u00f3wna","item":"https:\/\/ceres.pl\/en\/home-page"},{"@type":"ListItem","position":2,"name":"AG-STIM &#8211; Biostimulator"}]},{"@type":"WebSite","@id":"https:\/\/ceres.pl\/#website","url":"https:\/\/ceres.pl\/","name":"Ceres dla Ogrodnictwa","description":"Gardening is our passion","publisher":{"@id":"https:\/\/ceres.pl\/#organization"},"potentialAction":[{"@type":"SearchAction","target":{"@type":"EntryPoint","urlTemplate":"https:\/\/ceres.pl\/?s={search_term_string}"},"query-input":{"@type":"PropertyValueSpecification","valueRequired":true,"valueName":"search_term_string"}}],"inLanguage":"en-US"},{"@type":"Organization","@id":"https:\/\/ceres.pl\/#organization","name":"CERES INTERNATIONAL SP. Z O.O.","url":"https:\/\/ceres.pl\/","logo":{"@type":"ImageObject","inLanguage":"en-US","@id":"https:\/\/ceres.pl\/#\/schema\/logo\/image\/","url":"https:\/\/ceres.pl\/wp-content\/uploads\/2017\/12\/ceres_logo_poziom.png","contentUrl":"https:\/\/ceres.pl\/wp-content\/uploads\/2017\/12\/ceres_logo_poziom.png","width":135,"height":40,"caption":"CERES INTERNATIONAL SP. Z O.O."},"image":{"@id":"https:\/\/ceres.pl\/#\/schema\/logo\/image\/"},"sameAs":["https:\/\/www.facebook.com\/Ceres-International-sp-z-oo-2555422964473996","https:\/\/www.instagram.com\/internationalceres\/","https:\/\/www.youtube.com\/channel\/UChwTjf0coEIsniYlYyBaRvw"]}]}},"_links":{"self":[{"href":"https:\/\/ceres.pl\/en\/wp-json\/wp\/v2\/pages\/17821","targetHints":{"allow":["GET"]}}],"collection":[{"href":"https:\/\/ceres.pl\/en\/wp-json\/wp\/v2\/pages"}],"about":[{"href":"https:\/\/ceres.pl\/en\/wp-json\/wp\/v2\/types\/page"}],"author":[{"embeddable":true,"href":"https:\/\/ceres.pl\/en\/wp-json\/wp\/v2\/users\/1"}],"replies":[{"embeddable":true,"href":"https:\/\/ceres.pl\/en\/wp-json\/wp\/v2\/comments?post=17821"}],"version-history":[{"count":4,"href":"https:\/\/ceres.pl\/en\/wp-json\/wp\/v2\/pages\/17821\/revisions"}],"predecessor-version":[{"id":21701,"href":"https:\/\/ceres.pl\/en\/wp-json\/wp\/v2\/pages\/17821\/revisions\/21701"}],"wp:attachment":[{"href":"https:\/\/ceres.pl\/en\/wp-json\/wp\/v2\/media?parent=17821"}],"wp:term":[{"taxonomy":"category","embeddable":true,"href":"https:\/\/ceres.pl\/en\/wp-json\/wp\/v2\/categories?post=17821"}],"curies":[{"name":"wp","href":"https:\/\/api.w.org\/{rel}","templated":true}]}}