{"id":21528,"date":"2019-05-26T17:22:00","date_gmt":"2019-05-26T15:22:00","guid":{"rendered":"https:\/\/ceres.pl\/distributor-zone\/edit-distributor-profile"},"modified":"2019-05-26T17:22:00","modified_gmt":"2019-05-26T15:22:00","slug":"edit-distributor-profile","status":"publish","type":"page","link":"https:\/\/ceres.pl\/en\/distributor-zone\/edit-distributor-profile","title":{"rendered":"Edit distributor profile"},"content":{"rendered":"<p class=\"warning\" id=\"wppb_edit_profile_user_not_logged_in_message\">Musisz by\u0107 zalogowany, aby zmodyfikowa\u0107 sw\u00f3j profil<\/p>\n","protected":false},"excerpt":{"rendered":"","protected":false},"author":1,"featured_media":0,"parent":20228,"menu_order":0,"comment_status":"closed","ping_status":"closed","template":"","meta":{"_acf_changed":false,"_vp_format_video_url":"","_vp_image_focal_point":[],"footnotes":""},"categories":[823],"class_list":["post-21528","page","type-page","status-publish","hentry","category-distributor-panel"],"acf":[],"yoast_head":"<!-- This site is optimized with the Yoast SEO plugin v26.8 - https:\/\/yoast.com\/product\/yoast-seo-wordpress\/ -->\n<title>Edit distributor profile &#8226; Ceres.pl<\/title>\n<meta name=\"robots\" content=\"index, follow, max-snippet:-1, max-image-preview:large, max-video-preview:-1\" \/>\n<link rel=\"canonical\" href=\"https:\/\/ceres.pl\/en\/distributor-zone\/edit-distributor-profile\" \/>\n<meta property=\"og:locale\" content=\"en_US\" \/>\n<meta property=\"og:type\" content=\"article\" \/>\n<meta property=\"og:title\" content=\"Edit distributor profile &#8226; Ceres.pl\" \/>\n<meta property=\"og:url\" content=\"https:\/\/ceres.pl\/en\/distributor-zone\/edit-distributor-profile\" \/>\n<meta property=\"og:site_name\" content=\"Ceres.pl\" \/>\n<meta property=\"article:publisher\" content=\"https:\/\/www.facebook.com\/Ceres-International-sp-z-oo-2555422964473996\" \/>\n<meta name=\"twitter:card\" content=\"summary_large_image\" \/>\n<script type=\"application\/ld+json\" class=\"yoast-schema-graph\">{\"@context\":\"https:\/\/schema.org\",\"@graph\":[{\"@type\":\"WebPage\",\"@id\":\"https:\/\/ceres.pl\/en\/distributor-zone\/edit-distributor-profile\",\"url\":\"https:\/\/ceres.pl\/en\/distributor-zone\/edit-distributor-profile\",\"name\":\"Edit distributor profile &#8226; Ceres.pl\",\"isPartOf\":{\"@id\":\"https:\/\/ceres.pl\/#website\"},\"datePublished\":\"2019-05-26T15:22:00+00:00\",\"breadcrumb\":{\"@id\":\"https:\/\/ceres.pl\/en\/distributor-zone\/edit-distributor-profile#breadcrumb\"},\"inLanguage\":\"en-US\",\"potentialAction\":[{\"@type\":\"ReadAction\",\"target\":[\"https:\/\/ceres.pl\/en\/distributor-zone\/edit-distributor-profile\"]}]},{\"@type\":\"BreadcrumbList\",\"@id\":\"https:\/\/ceres.pl\/en\/distributor-zone\/edit-distributor-profile#breadcrumb\",\"itemListElement\":[{\"@type\":\"ListItem\",\"position\":1,\"name\":\"Strona g\u0142\u00f3wna\",\"item\":\"https:\/\/ceres.pl\/en\/home-page\"},{\"@type\":\"ListItem\",\"position\":2,\"name\":\"Distributor Zone\",\"item\":\"https:\/\/ceres.pl\/en\/distributor-zone\"},{\"@type\":\"ListItem\",\"position\":3,\"name\":\"Edit distributor profile\"}]},{\"@type\":\"WebSite\",\"@id\":\"https:\/\/ceres.pl\/#website\",\"url\":\"https:\/\/ceres.pl\/\",\"name\":\"Ceres dla Ogrodnictwa\",\"description\":\"Gardening is our passion\",\"publisher\":{\"@id\":\"https:\/\/ceres.pl\/#organization\"},\"potentialAction\":[{\"@type\":\"SearchAction\",\"target\":{\"@type\":\"EntryPoint\",\"urlTemplate\":\"https:\/\/ceres.pl\/?s={search_term_string}\"},\"query-input\":{\"@type\":\"PropertyValueSpecification\",\"valueRequired\":true,\"valueName\":\"search_term_string\"}}],\"inLanguage\":\"en-US\"},{\"@type\":\"Organization\",\"@id\":\"https:\/\/ceres.pl\/#organization\",\"name\":\"CERES INTERNATIONAL SP. Z O.O.\",\"url\":\"https:\/\/ceres.pl\/\",\"logo\":{\"@type\":\"ImageObject\",\"inLanguage\":\"en-US\",\"@id\":\"https:\/\/ceres.pl\/#\/schema\/logo\/image\/\",\"url\":\"https:\/\/ceres.pl\/wp-content\/uploads\/2017\/12\/ceres_logo_poziom.png\",\"contentUrl\":\"https:\/\/ceres.pl\/wp-content\/uploads\/2017\/12\/ceres_logo_poziom.png\",\"width\":135,\"height\":40,\"caption\":\"CERES INTERNATIONAL SP. Z O.O.\"},\"image\":{\"@id\":\"https:\/\/ceres.pl\/#\/schema\/logo\/image\/\"},\"sameAs\":[\"https:\/\/www.facebook.com\/Ceres-International-sp-z-oo-2555422964473996\",\"https:\/\/www.instagram.com\/internationalceres\/\",\"https:\/\/www.youtube.com\/channel\/UChwTjf0coEIsniYlYyBaRvw\"]}]}<\/script>\n<!-- \/ Yoast SEO plugin. -->","yoast_head_json":{"title":"Edit distributor profile &#8226; Ceres.pl","robots":{"index":"index","follow":"follow","max-snippet":"max-snippet:-1","max-image-preview":"max-image-preview:large","max-video-preview":"max-video-preview:-1"},"canonical":"https:\/\/ceres.pl\/en\/distributor-zone\/edit-distributor-profile","og_locale":"en_US","og_type":"article","og_title":"Edit distributor profile &#8226; Ceres.pl","og_url":"https:\/\/ceres.pl\/en\/distributor-zone\/edit-distributor-profile","og_site_name":"Ceres.pl","article_publisher":"https:\/\/www.facebook.com\/Ceres-International-sp-z-oo-2555422964473996","twitter_card":"summary_large_image","schema":{"@context":"https:\/\/schema.org","@graph":[{"@type":"WebPage","@id":"https:\/\/ceres.pl\/en\/distributor-zone\/edit-distributor-profile","url":"https:\/\/ceres.pl\/en\/distributor-zone\/edit-distributor-profile","name":"Edit distributor profile &#8226; Ceres.pl","isPartOf":{"@id":"https:\/\/ceres.pl\/#website"},"datePublished":"2019-05-26T15:22:00+00:00","breadcrumb":{"@id":"https:\/\/ceres.pl\/en\/distributor-zone\/edit-distributor-profile#breadcrumb"},"inLanguage":"en-US","potentialAction":[{"@type":"ReadAction","target":["https:\/\/ceres.pl\/en\/distributor-zone\/edit-distributor-profile"]}]},{"@type":"BreadcrumbList","@id":"https:\/\/ceres.pl\/en\/distributor-zone\/edit-distributor-profile#breadcrumb","itemListElement":[{"@type":"ListItem","position":1,"name":"Strona g\u0142\u00f3wna","item":"https:\/\/ceres.pl\/en\/home-page"},{"@type":"ListItem","position":2,"name":"Distributor Zone","item":"https:\/\/ceres.pl\/en\/distributor-zone"},{"@type":"ListItem","position":3,"name":"Edit distributor profile"}]},{"@type":"WebSite","@id":"https:\/\/ceres.pl\/#website","url":"https:\/\/ceres.pl\/","name":"Ceres dla Ogrodnictwa","description":"Gardening is our passion","publisher":{"@id":"https:\/\/ceres.pl\/#organization"},"potentialAction":[{"@type":"SearchAction","target":{"@type":"EntryPoint","urlTemplate":"https:\/\/ceres.pl\/?s={search_term_string}"},"query-input":{"@type":"PropertyValueSpecification","valueRequired":true,"valueName":"search_term_string"}}],"inLanguage":"en-US"},{"@type":"Organization","@id":"https:\/\/ceres.pl\/#organization","name":"CERES INTERNATIONAL SP. Z O.O.","url":"https:\/\/ceres.pl\/","logo":{"@type":"ImageObject","inLanguage":"en-US","@id":"https:\/\/ceres.pl\/#\/schema\/logo\/image\/","url":"https:\/\/ceres.pl\/wp-content\/uploads\/2017\/12\/ceres_logo_poziom.png","contentUrl":"https:\/\/ceres.pl\/wp-content\/uploads\/2017\/12\/ceres_logo_poziom.png","width":135,"height":40,"caption":"CERES INTERNATIONAL SP. Z O.O."},"image":{"@id":"https:\/\/ceres.pl\/#\/schema\/logo\/image\/"},"sameAs":["https:\/\/www.facebook.com\/Ceres-International-sp-z-oo-2555422964473996","https:\/\/www.instagram.com\/internationalceres\/","https:\/\/www.youtube.com\/channel\/UChwTjf0coEIsniYlYyBaRvw"]}]}},"_links":{"self":[{"href":"https:\/\/ceres.pl\/en\/wp-json\/wp\/v2\/pages\/21528","targetHints":{"allow":["GET"]}}],"collection":[{"href":"https:\/\/ceres.pl\/en\/wp-json\/wp\/v2\/pages"}],"about":[{"href":"https:\/\/ceres.pl\/en\/wp-json\/wp\/v2\/types\/page"}],"author":[{"embeddable":true,"href":"https:\/\/ceres.pl\/en\/wp-json\/wp\/v2\/users\/1"}],"replies":[{"embeddable":true,"href":"https:\/\/ceres.pl\/en\/wp-json\/wp\/v2\/comments?post=21528"}],"version-history":[{"count":0,"href":"https:\/\/ceres.pl\/en\/wp-json\/wp\/v2\/pages\/21528\/revisions"}],"up":[{"embeddable":true,"href":"https:\/\/ceres.pl\/en\/wp-json\/wp\/v2\/pages\/20228"}],"wp:attachment":[{"href":"https:\/\/ceres.pl\/en\/wp-json\/wp\/v2\/media?parent=21528"}],"wp:term":[{"taxonomy":"category","embeddable":true,"href":"https:\/\/ceres.pl\/en\/wp-json\/wp\/v2\/categories?post=21528"}],"curies":[{"name":"wp","href":"https:\/\/api.w.org\/{rel}","templated":true}]}}