{"id":3,"date":"2019-06-10T14:46:39","date_gmt":"2019-06-10T12:46:39","guid":{"rendered":"https:\/\/ceres.pl\/sklep\/?page_id=3"},"modified":"2020-04-09T10:40:08","modified_gmt":"2020-04-09T08:40:08","slug":"polityka-prywatnosci","status":"publish","type":"page","link":"https:\/\/ceres.pl\/sklep\/polityka-prywatnosci\/","title":{"rendered":"Polityka prywatno\u015bci"},"content":{"rendered":"<p style=\"text-align: center;\"><strong>\u00a71<\/strong><br \/>\n<strong>[ POSTANOWIENIA OG\u00d3LNE ]<\/strong><\/p>\n<ol>\n<li style=\"text-align: justify;\">Administratorem Pa\u0144stwa Danych Osobowych jest sp\u00f3\u0142ka CERES INTERNATIONAL sp\u00f3\u0142ka z ograniczon\u0105 odpowiedzialno\u015bci\u0105 z siedzib\u0105 w Pyzdrach, ul. Polna 29 (62 \u2013 310 Pyzdry) zarejestrowan\u0105 w rejestrze przedsi\u0119biorc\u00f3w Krajowego Rejestru S\u0105dowego pod numerem KRS 0000131504, kt\u00f3rej akta rejestrowe prowadzi S\u0105d Rejonowy Pozna\u0144 \u2013 Nowe Miasto i Wilda w Poznaniu Wydzia\u0142 IX Gospodarczy Krajowego Rejestru S\u0105dowego, kapita\u0142 zak\u0142adowy 270.200,00 z\u0142, NIP 9720820859, REGON 631084741, zwana dalej Administratorem lub jednocze\u015bnie Sprzedawc\u0105.<\/li>\n<li>We wszelkich kwestiach zwi\u0105zanych z przetwarzaniem danych osobowych przez Administratora oraz ich ochron\u0105 nale\u017cy si\u0119 kontaktowa\u0107 z Administratorem za po\u015brednictwem adresu e-mail: <a href=\"mailto:odo@ceres.pl\">odo@ceres.pl<\/a> lub pod numerem telefonu: &#8211; +48 63 276 83 10<\/li>\n<li>Dane osobowe oznaczaj\u0105 wszystkie informacje o zidentyfikowanej lub mo\u017cliwej do zidentyfikowania osobie fizycznej, poprzez jeden b\u0105d\u017a kilka szczeg\u00f3lnych czynnik\u00f3w okre\u015blaj\u0105cych fizyczn\u0105, fizjologiczn\u0105, genetyczn\u0105, psychiczn\u0105, ekonomiczn\u0105, kulturow\u0105 lub spo\u0142eczn\u0105 to\u017csamo\u015b\u0107, w tym IP urz\u0105dzenia, dane o lokalizacji, identyfikator internetowy oraz informacje gromadzone za po\u015brednictwem plik\u00f3w cookie oraz innej podobnej technologii.<\/li>\n<li>Przetwarzaniem danych osobowych jest w zasadzie ka\u017cda czynno\u015b\u0107 na danych osobowych. S\u0105 to w szczeg\u00f3lno\u015bci zbieranie, przechowywanie, utrwalanie, porz\u0105dkowanie, modyfikowanie, przegl\u0105danie, wykorzystywanie, udost\u0119pnianie, organizowanie, usuwanie lub niszczenie.<\/li>\n<li>Wszelkie dane osobowe zbierane i przetwarzane s\u0105 przez Administratora z zachowaniem \u015brodk\u00f3w bezpiecze\u0144stwa zabezpieczaj\u0105cych je przed dost\u0119pem os\u00f3b i podmiot\u00f3w trzecich, zgodnie z obowi\u0105zuj\u0105cymi w tym zakresie przepisami prawa.<\/li>\n<li>Administrator dok\u0142ada szczeg\u00f3lnych stara\u0144 w celu ochrony praw U\u017cytkownik\u00f3w, w szczeg\u00f3lno\u015bci w zakresie ochrony prywatno\u015bci i ochrony informacji mu przekazywanych i dotycz\u0105cych U\u017cytkownik\u00f3w.<\/li>\n<li>Administrator szczeg\u00f3lnie zwraca uwag\u0119, by dane osobowe chronione by\u0142y przed ich udost\u0119pnieniem osobom nieupowa\u017cnionym oraz przed przetwarzaniem z naruszeniem obowi\u0105zuj\u0105cych w tym zakresie przepis\u00f3w oraz ich zmian\u0105, utrat\u0105, uszkodzeniem lub zniszczeniem.<\/li>\n<li>Podanie danych osobowych jest dobrowolne, ale brak zgody na przetwarzanie danych osobowych oznaczonych jako obligatoryjne, uniemo\u017cliwi wykonywanie us\u0142ug, obs\u0142ug\u0119 realizacj\u0119 Um\u00f3w Sprzeda\u017cy przez Sprzedawc\u0119.<\/li>\n<\/ol>\n<p style=\"text-align: center;\"><strong>\u00a7 2 <\/strong><br \/>\n<strong>[ DEFINICJE ]<\/strong><\/p>\n<p>W ramach niniejszej Polityki Prywatno\u015bci, poprzez poni\u017csze definicje rozumie si\u0119:<\/p>\n<ol>\n<li><strong>Sklep<\/strong> lub Sklep <strong>internetowy<\/strong> \u2013 sklep internetowy prowadzony przez Sprzedawc\u0119 pod adresem internetowym www.ceres.pl\/sklep,<\/li>\n<li><strong>Sprzedawca<\/strong> lub <strong>Administrator<\/strong> \u2013 CERES INTERNATIONAL sp\u00f3\u0142ka z ograniczon\u0105 odpowiedzialno\u015bci\u0105 z siedzib\u0105 w Pyzdrach przy ul. Polnej 29 (62 \u2013 310 Pyzdry), zarejestrowan\u0105 w rejestrze przedsi\u0119biorc\u00f3w Krajowego Rejestru S\u0105dowego pod numerem KRS 0000131504, kt\u00f3rej akta rejestrowe prowadzi S\u0105d Rejonowy Pozna\u0144 \u2013 Nowe Miasto i Wilda w Poznaniu Wydzia\u0142 IX Gospodarczy Krajowego Rejestru S\u0105dowego, kapita\u0142 zak\u0142adowy 270.200,00 z\u0142, NIP 9720820859, REGON 631084741,<\/li>\n<li><strong>RODO<\/strong> \u2013 Rozporz\u0105dzenie Parlamentu Europejskiego i Rady (UE) 2016\/679 z dnia 27 kwietnia 2016 r. w sprawie ochrony os\u00f3b fizycznych w zwi\u0105zku z przetwarzaniem danych osobowych i w sprawie swobodnego przep\u0142ywu takich danych oraz uchylenia dyrektywy 95\/46\/WE,<\/li>\n<li><strong>Polityka<\/strong> \u2013 niniejsza Polityka Prywatno\u015bci,<\/li>\n<li><strong>U\u017cytkownik<\/strong> \u2013 ka\u017cda osoba fizyczna odwiedzaj\u0105ca Sklep lub korzystaj\u0105ca z jednej albo kilku us\u0142ug czy funkcjonalno\u015bci opisanych w Polityce.<\/li>\n<\/ol>\n<p style=\"text-align: center;\"><strong>\u00a7 3 <\/strong><br \/>\n<strong>[ STOSOWANIE POLITYKI PRYWATNO\u015aCI ]<\/strong><\/p>\n<ol>\n<li style=\"text-align: justify;\">Niniejsza Polityka Prywatno\u015bci dotyczy Sklepu prowadzonego przez Administratora pod adresem www.ceres.pl\/sklep i ma zastosowanie do wszystkich przypadk\u00f3w, w kt\u00f3rych Sprzedawca jest administratorem danych osobowych i przetwarza dane osobowe. Dotyczy to zar\u00f3wno przypadk\u00f3w, w kt\u00f3rych Administrator przetwarza dane osobowe uzyskane bezpo\u015brednio od osoby, kt\u00f3rej dane dotycz\u0105, jak i przypadk\u00f3w, w kt\u00f3rych dane osobowe uzyskane zosta\u0142y z innych \u017ar\u00f3de\u0142, w tym um\u00f3w dotycz\u0105cych powierzenia przetwarzania danych.<\/li>\n<li style=\"text-align: justify;\">Poprzez ustanowienie niniejszej Polityki Prywatno\u015bci oraz jej udost\u0119pnienie na stronie internetowej Sklepu Administrator realizuje na\u0142o\u017cone na niego obowi\u0105zki informacyjne okre\u015blone odpowiednio w\u00a0art.\u00a013 i art. 14 RODO, ka\u017cdorazowo zgodnie z tymi przepisami.<\/li>\n<\/ol>\n<p style=\"text-align: center;\"><strong>\u00a7 4<\/strong><br \/>\n<strong>[ PODSTAWY PRAWNE I CELE PRZETWARZANIA DANYCH OSOBOWYCH ]<\/strong><\/p>\n<ol>\n<li style=\"text-align: justify;\">Administrator zbiera dane osobowe dotycz\u0105ce os\u00f3b fizycznych, w tym os\u00f3b fizycznych prowadz\u0105cych jednoosobow\u0105 dzia\u0142alno\u015b\u0107 gospodarcz\u0105, w zwi\u0105zku z korzystaniem przez U\u017cytkownika ze Sklepu, w zakresie niezb\u0119dnym do realizacji zam\u00f3wie\u0144 oraz wykonania um\u00f3w sprzeda\u017cy, a tak\u017ce informacji o aktywno\u015bci U\u017cytkownika w Sklepie internetowym.<\/li>\n<li style=\"text-align: justify;\">Wszelkie dane osobowe os\u00f3b korzystaj\u0105cych ze Sklepu, w tym adres IP lub inne identyfikatory oraz informacje gromadzone za po\u015brednictwem plik\u00f3w cookies lub innych podobnych technologii, s\u0105 zbierane lub przetwarzane przez Sprzedawc\u0119 jako administratora danych osobowych na podstawie wyra\u017conej przez U\u017cytkownika zgody, na podstawie art. 6 ust. 1 lit. a) RODO lub w celu realizacji umowy zgodnie z art. 6 ust. 1 lit. b) RODO.<\/li>\n<li style=\"text-align: justify;\">W ramach realizacji um\u00f3w sprzeda\u017cy, Sprzedawca w szczeg\u00f3lno\u015bci przetwarza dane osobowe:\n<ol style=\"list-style-type: lower-alpha;\">\n<li style=\"text-align: justify;\">w celu \u015bwiadczenia us\u0142ug droga elektroniczn\u0105 w zakresie udost\u0119pniania U\u017cytkownikom tre\u015bci gromadzonych Sklepie internetowym,<\/li>\n<li style=\"text-align: justify;\">w celu \u015bwiadczenia us\u0142ug zwi\u0105zanych z prowadzeniem i obs\u0142uga konta U\u017cytkownika, w przypadku zarejestrowanych U\u017cytkownik\u00f3w Sklepu,<\/li>\n<li style=\"text-align: justify;\">w celu obs\u0142ugi zakup\u00f3w dokonywanych bez rejestracji w Sklepie,<\/li>\n<li style=\"text-align: justify;\">w celu obs\u0142ugi reklamacji,<\/li>\n<\/ol>\n<\/li>\n<li style=\"text-align: justify;\">Powy\u017csze dane mog\u0105 by\u0107 r\u00f3wnie\u017c przetwarzane na podstawie usprawiedliwionego celu Administratora zgodnie z art. 6 ust. 1 lit. f) RODO.<\/li>\n<li style=\"text-align: justify;\">Do usprawiedliwionych cel\u00f3w Administratora, o kt\u00f3rych mowa w \u00a7 3 pkt. 4 nale\u017c\u0105:\n<ol style=\"list-style-type: lower-alpha;\">\n<li style=\"text-align: justify;\">prowadzenie negocjacji handlowych i wzajemnej komunikacji oraz informowanie o ofercie handlowej,<\/li>\n<li style=\"text-align: justify;\">przesy\u0142anie informacji handlowej,<\/li>\n<li style=\"text-align: justify;\">tworzenie bazy danych,<\/li>\n<li style=\"text-align: justify;\">dochodzenie lub zabezpieczanie roszcze\u0144,<\/li>\n<li style=\"text-align: justify;\">marketing produkt\u00f3w w\u0142asnych lub us\u0142ug,<\/li>\n<li style=\"text-align: justify;\">prowadzenia analiz sprzeda\u017cy produkt\u00f3w i bada\u0144 rynku i innych czynno\u015bci analitycznych i statystycznych,<\/li>\n<li style=\"text-align: justify;\">prowadzenie analiz aktywno\u015bci U\u017cytkownik\u00f3w i sposobu korzystania ze Sklepu w celu poprawny stosowanych funkcjonalno\u015bci,<\/li>\n<li style=\"text-align: justify;\">organizowania, przeprowadzania i koordynowania akcji marketingowych oraz akcji promocyjnych,<\/li>\n<li style=\"text-align: justify;\">zabezpieczeniu dokumentacji w celu obrony przed ewentualnymi roszczeniami i ochron\u0105 praw Administratora.<\/li>\n<\/ol>\n<\/li>\n<li style=\"text-align: justify;\">Przetwarzaj\u0105c dane osobowe na podstawie prawnie uzasadnionego interesu administratora danych, Administrator dokonuje tego tylko do momentu ustania tego interesu, kt\u00f3ry stanowi podstaw\u0119 przetwarzania danych osobowych.<\/li>\n<li style=\"text-align: justify;\">W odniesieniu do danych osobowych U\u017cytkownik\u00f3w dokonuj\u0105cych w Sklepie zakupu towar\u00f3w lub us\u0142ug z wykorzystaniem danych pochodz\u0105cych z serwis\u00f3w p\u0142atniczych, w szczeg\u00f3lno\u015bci PayU lub PayPal, Sprzedawca otrzymuje te dane od tych podmiot\u00f3w za zgod\u0105 U\u017cytkownik\u00f3w oraz w zakresie niezb\u0119dnym do realizacji przez Sprzedawc\u0119 usprawiedliwionych cel\u00f3w.<\/li>\n<li style=\"text-align: justify;\">Przetwarzanie danych osobowych odbywa si\u0119 zgodnie z przepisami ustawy z dnia 10 maja 2018 r. o ochronie danych osobowych (t.j. Dz. U. z 2019 r. poz. 1781) oraz ustawy z dnia 18 lipca 2002 r. o \u015bwiadczeniu us\u0142ug drog\u0105 elektroniczn\u0105 (t.j. Dz. U. z 2019 r. poz. 123 z p\u00f3\u017an. zm.).<\/li>\n<li style=\"text-align: justify;\">Aktywno\u015b\u0107 U\u017cytkownika w Sklepie, w tym jego dane osobowe s\u0105 rejestrowane w systemie komputerowym s\u0142u\u017c\u0105cym do przechowywania i zapisu, zawieraj\u0105cym informacje o jego zdarzeniach i dzia\u0142aniach. Zebrane w ten spos\u00f3b informacje s\u0105 przetwarzane w zwi\u0105zku ze \u015bwiadczeniem us\u0142ug, przy czym Administrator przetwarza je r\u00f3wnie\u017c w celach technicznych.<\/li>\n<li style=\"text-align: justify;\">Niekt\u00f3re dane osobowe przetwarzane s\u0105 przez Administratora w zwi\u0105zku z obowi\u0105zuj\u0105cymi w tym wzgl\u0119dzie przepisami prawa, w tym w szczeg\u00f3lno\u015bci do cel\u00f3w podatkowych i ksi\u0119gowych.<\/li>\n<\/ol>\n<p style=\"text-align: center;\"><strong>\u00a7 5<\/strong><br \/>\n<strong>[ RODZAJ ZBIERANYCH DANYCH OSOBOWYCH ]<\/strong><\/p>\n<ol>\n<li style=\"text-align: justify;\">U\u017cytkownik odwiedzaj\u0105cy Sklep lub korzystaj\u0105cy z us\u0142ug \u015bwiadczonych przez Administratora drog\u0105 elektroniczn\u0105 posiada kontrol\u0119 nad danymi osobowymi, kt\u00f3re s\u0105 przez niego podawane. Administrator ogranicza zbieranie i wykorzystywanie informacji o u\u017cytkownikach Sklepu do niezb\u0119dnego minimum.<\/li>\n<li style=\"text-align: justify;\">Do danych osobowych zbieranych przez Administratora nale\u017c\u0105 mi\u0119dzy innymi:\n<ol style=\"list-style-type: lower-alpha;\">\n<li style=\"text-align: justify;\">imi\u0119 i nazwisko albo inne oznaczenie przedsi\u0119biorcy,<\/li>\n<li style=\"text-align: justify;\">dane adresowe,<\/li>\n<li style=\"text-align: justify;\">numer NIP,<\/li>\n<li style=\"text-align: justify;\">numer telefonu,<\/li>\n<li style=\"text-align: justify;\">adres e-mail,<\/li>\n<li style=\"text-align: justify;\">adres IP,<\/li>\n<li style=\"text-align: justify;\">nazwa domeny,<\/li>\n<li style=\"text-align: justify;\">typ przegl\u0105darki,<\/li>\n<li style=\"text-align: justify;\">typ systemu operacyjnego.<\/li>\n<\/ol>\n<\/li>\n<li style=\"text-align: justify;\">W zakresie danych niezb\u0119dnych do rejestracji indywidualnego konta U\u017cytkownika, niniejsza Polityka Prywatno\u015bci odsy\u0142a do tre\u015bci Regulaminu, w szczeg\u00f3lno\u015bci \u00a7 4.<\/li>\n<li style=\"text-align: justify;\">Administrator nie zbiera ani nie przetwarza szczeg\u00f3lnych kategorii danych osobowych stanowi\u0105cych dane wra\u017cliwe. W przypadku podania takich informacji b\u0119dzie to oznacza\u0107 udzielenie wyra\u017anej zgody na zbieranie i wykorzystywanie tych informacji przez Administratora.<\/li>\n<\/ol>\n<p style=\"text-align: center;\"><strong>\u00a7 6<\/strong><br \/>\n<strong>[ PLIKI COOKIES ]<\/strong><\/p>\n<ol>\n<li style=\"text-align: justify;\">W ograniczonym zakresie Administrator mo\u017ce zbiera\u0107 dane osobowe automatycznie za po\u015brednictwem plik\u00f3w cookies znajduj\u0105cych si\u0119 w Sklepie.\u00a0 Pliki te tworzone s\u0105 przez przegl\u0105dark\u0119 internetow\u0105 U\u017cytkownika za ka\u017cdym razem kiedy korzysta on ze Sklepu.<\/li>\n<li style=\"text-align: justify;\">W\u015br\u00f3d plik\u00f3w cookies wyr\u00f3\u017cni\u0107 mo\u017cne te, kt\u00f3re s\u0105 niezb\u0119dne do dzia\u0142ania Strony Internetowej. Nale\u017c\u0105ce do tej kategorii pliki cookies wykorzystywane s\u0105, aby zapewni\u0107 mi\u0119dzy innymi:\n<ol style=\"list-style-type: lower-alpha;\">\n<li style=\"text-align: justify;\">utrzymanie sesji u\u017cytkownika,<\/li>\n<li style=\"text-align: justify;\">zapisanie stanu sesji u\u017cytkownika,<\/li>\n<li style=\"text-align: justify;\">zapisanie informacji niezb\u0119dnych do dzia\u0142ania koszyka internetowego w przypadku zakup\u00f3w internetowych w Sklepie Internetowym.<\/li>\n<\/ol>\n<\/li>\n<li style=\"text-align: justify;\">Administrator korzysta te\u017c z us\u0142ug podmiot\u00f3w trzecich, kt\u00f3re wykorzystuj\u0105 pliki cookies mi\u0119dzy innymi w nast\u0119puj\u0105cych celach:\n<ol style=\"list-style-type: lower-alpha;\">\n<li style=\"text-align: justify;\">monitorowanie ruchu na stronie Sklepu,<\/li>\n<li style=\"text-align: justify;\">ustalanie liczby anonimowych u\u017cytkownik\u00f3w naszych stron WWW. Potrzebne do analizy korzystania ze Sklepu,<\/li>\n<li style=\"text-align: justify;\">p\u0142atno\u015bci internetowe.<\/li>\n<\/ol>\n<\/li>\n<li style=\"text-align: justify;\">\u017badne pliki cookies wykorzystywane w Sklepie, nie gromadz\u0105 informacji umo\u017cliwiaj\u0105cych ustalenie to\u017csamo\u015bci U\u017cytkownika.<\/li>\n<li style=\"text-align: justify;\">U\u017cytkownik ma r\u00f3wnie\u017c mo\u017cliwo\u015b\u0107 usuwania plik\u00f3w cookie ju\u017c zapisanych przez przegl\u0105dark\u0119.<\/li>\n<li style=\"text-align: justify;\">Zablokowanie lub usuni\u0119cie wszystkich ciasteczek ze Sklepu mo\u017ce spowodowa\u0107 trudno\u015b\u0107 w\u00a0dzia\u0142aniu lub zupe\u0142nie uniemo\u017cliwi\u0107 korzystanie z niekt\u00f3rych funkcjonalno\u015bci serwisu.<\/li>\n<\/ol>\n<p style=\"text-align: center;\"><strong>\u00a7 7<\/strong><br \/>\n<strong>[ AUTOMATYCZNE PRZETWARZANIE DANYCH OSOBOWYCH ]<\/strong><\/p>\n<p style=\"text-align: justify;\">Dane osobowe zbierane i przetwarzane przez Administratora nie b\u0119d\u0105 automatycznie przetwarzane.<\/p>\n<p style=\"text-align: center;\"><strong>\u00a7 8<\/strong><br \/>\n<strong>[ CZAS PRZETWARZANIA DANYCH OSOBOWYCH ]<\/strong><\/p>\n<ol>\n<li style=\"text-align: justify;\">Czas przez jaki przetwarzane b\u0119d\u0105 przez Administratora dane osobowe jest uzale\u017cniony od podstawy prawnej przetwarzania tych danych osobowych.<\/li>\n<li style=\"text-align: justify;\">Dane osobowe przetwarzane w zwi\u0105zku ze z\u0142o\u017ceniem zam\u00f3wienia oraz realizacja um\u00f3w sprzeda\u017cy b\u0119d\u0105 przetwarzane przez okres jej realizacji, po tym okresie b\u0119d\u0105 przetwarzane w celach zwi\u0105zanych z rozliczalno\u015bci\u0105 dzia\u0142a\u0144 Sprzedawcy, do czego Administrator jest zobowi\u0105zany przepisami o ochronie danych osobowych oraz w zwi\u0105zku z przechowywaniem dokumentacji finansowo \u2013 ksi\u0119gowej, jednak nie d\u0142u\u017cej ni\u017c 6 lat.<\/li>\n<li style=\"text-align: justify;\">Dane pozyskane w zwi\u0105zku z rejestracj\u0105 konta w Sklepie b\u0119d\u0105 przetwarzane, przez okres przez jaki U\u017cytkownik jest zarejestrowany, a po tym okresie b\u0119d\u0105 przetwarzane w celach zwi\u0105zanych z rozliczalno\u015bci\u0105 dzia\u0142a\u0144 Sprzedawcy oraz przez okres przedawnienia roszcze\u0144 U\u017cytkownika, jednak nie d\u0142u\u017cej ni\u017c 10 lat.<\/li>\n<li style=\"text-align: justify;\">Dane osobowe przetwarzane na potrzeby marketingu produkt\u00f3w lub us\u0142ug w\u0142asnych na podstawie uzasadnionego interesu prawnego przetwarzane b\u0119d\u0105 do czasu zg\u0142oszenia przez t\u0119 osob\u0119 sprzeciwu lub do momentu wycofania przez ni\u0105 zgody.<\/li>\n<li style=\"text-align: justify;\">Dane osobowe przetwarzane przez Administratora na podstawie uzasadnionego interesu administratora danych, w celu innym ni\u017c marketingowy, przetwarzane b\u0119d\u0105 do momentu ustania tego interesu lub do momentu sprzeciwienia si\u0119 osoby, kt\u00f3rej dane dotycz\u0105, dalszemu takiemu przetwarzaniu.<\/li>\n<li style=\"text-align: justify;\">Okres przetwarzania danych mo\u017ce by\u0107 przed\u0142u\u017cony w przypadku, gdy przetwarzanie jest niezb\u0119dne do ustalenia i dochodzenia ewentualnych roszcze\u0144 lub obrony przed nimi, a po tym czasie jedynie w przypadku i w zakresie, w jakim b\u0119d\u0105 wymaga\u0107 tego przepisy prawa.<\/li>\n<li style=\"text-align: justify;\">Je\u015bli przetwarzanie danych osobowych wynika z ci\u0105\u017c\u0105cego na Administratorze obowi\u0105zku prawnego, okresy przetwarzania danych w tym celu okre\u015blaj\u0105 odpowiednie przepisy.<\/li>\n<\/ol>\n<p style=\"text-align: center;\"><strong>\u00a7 9<\/strong><br \/>\n<strong>[ PRZEKAZYWANIE DANYCH ]<\/strong><\/p>\n<ol>\n<li style=\"text-align: justify;\">Przekazywanie danych osobowych innym podmiotom nast\u0119puje wy\u0142\u0105cznie gdy zezwalaj\u0105 na to przepisy prawa. W takim przypadku, przekazanie danych osobowych do przetwarzania innemu podmiotowi odbywa si\u0119 na podstawie umowy powierzenia przetwarzania danych kt\u00f3ra to umowa zapewnia stosowanie przez podmiot przetwarzaj\u0105cy odpowiednich \u015brodk\u00f3w bezpiecze\u0144stwa w celu ochrony danych zgodnie z obowi\u0105zuj\u0105cymi przepisami prawa.<\/li>\n<li style=\"text-align: justify;\">W przypadku uzyskania zgody U\u017cytkownika jego dane mog\u0105 zosta\u0107 tak\u017ce udost\u0119pnione innym podmiotom do ich w\u0142asnych cel\u00f3w, w tym cel\u00f3w marketingowych.<\/li>\n<li style=\"text-align: justify;\">Odbiorcami danych osobowych, kt\u00f3re Administrator przetwarza mog\u0105 by\u0107 w szczeg\u00f3lno\u015bci:\n<ol style=\"list-style-type: lower-alpha;\">\n<li style=\"text-align: justify;\">podmioty przetwarzaj\u0105ce dane osobowe na mocy um\u00f3w powierzenia przetwarzania danych osobowych,<\/li>\n<li style=\"text-align: justify;\">podmioty \u015bwiadcz\u0105ce us\u0142ugi hostingowe na rzecz Administratora,<\/li>\n<li style=\"text-align: justify;\">podmioty realizuj\u0105ce kampanie marketingowe lub sprzeda\u017cowe na rzecz Administratora,<\/li>\n<li style=\"text-align: justify;\">operatorzy pocztowi,<\/li>\n<li style=\"text-align: justify;\">dostawcy towar\u00f3w,<\/li>\n<li style=\"text-align: justify;\">banki i operatorzy p\u0142atno\u015bci,<\/li>\n<li style=\"text-align: justify;\">podmioty \u015bwiadcz\u0105cy us\u0142ugi prawne,<\/li>\n<li style=\"text-align: justify;\">firmy windykacyjne.<\/li>\n<\/ol>\n<\/li>\n<li style=\"text-align: justify;\">Dane osobowe przekazywane s\u0105 wy\u0142\u0105cznie w zakresie, w jakim jest to rzeczywi\u015bcie niezb\u0119dne dla osi\u0105gni\u0119cia danego celu<\/li>\n<\/ol>\n<p style=\"text-align: center;\"><strong>\u00a7 10<\/strong><br \/>\n<strong>[ PRAWA OSOBY KT\u00d3REJ DANE DOTYCZ\u0104 ]<\/strong><\/p>\n<ol>\n<li style=\"text-align: justify;\">W celu realizacji swoich uprawnie\u0144 osoba fizyczna mo\u017ce kontaktowa\u0107 si\u0119 w tej sprawie z Administratorem, poprzez wys\u0142anie wniosku do Sklepu w formie wiadomo\u015bci elektronicznej<br \/>\ne-mail na adres \u2013 <a href=\"mailto:info@ceres.pl\">info@ceres.pl<\/a>, b\u0105d\u017a w formie fizycznej na adres Sprzedawcy. Wniosek powinien okre\u015bla\u0107 w miar\u0119 mo\u017cliwo\u015bci precyzyjnie z jakiego uprawnienia dana osoba chce skorzysta\u0107, jakiego procesu przetwarzania oraz jakich cel\u00f3w przetwarzania dotyczy \u017c\u0105danie.<\/li>\n<li style=\"text-align: justify;\">Odpowied\u017a na zg\u0142oszenie zostanie udzielona w ci\u0105gu miesi\u0105ca od jego otrzymania. W razie konieczno\u015bci przed\u0142u\u017cenia terminu Administrator poinformuje U\u017cytkownika o jego przyczynach. Odpowied\u017a udzielana b\u0119dzie na adres e-mail z kt\u00f3rego zosta\u0142 przes\u0142any wniosek, a w przypadku wniosk\u00f3w skierowanych listownie listem zwyk\u0142ym na adres wskazany przez wnioskodawc\u0119, o ile w li\u015bcie nie zostanie wykazana ch\u0119\u0107 otrzymania odpowiedzi na adres e-mail.<\/li>\n<li style=\"text-align: justify;\">W\u015br\u00f3d praw U\u017cytkownika nale\u017cy wskaza\u0107 w szczeg\u00f3lno\u015bci:\n<ol style=\"list-style-type: lower-alpha;\">\n<li style=\"text-align: justify;\">Prawo do informacji o przetwarzaniu danych osobowych,<\/li>\n<li style=\"text-align: justify;\">Prawo do uzyskania kopii danych,<\/li>\n<li style=\"text-align: justify;\">Prawo do sprostowania b\u0105d\u017a zmiany danych osobowych<\/li>\n<li style=\"text-align: justify;\">Prawo do wycofania zgody na przetwarzanie danych osobowych,<\/li>\n<li style=\"text-align: justify;\">Prawo do ograniczenia przetwarzania<\/li>\n<li style=\"text-align: justify;\">Prawo do wniesienia sprzeciwu wobec przetwarzania danych osobowych. zostanie wydana decyzja organu nadzorczego, zezwalaj\u0105ca na dalsze przetwarzanie danych).<\/li>\n<li style=\"text-align: justify;\">Prawo do \u017c\u0105dania usuni\u0119cia danych<\/li>\n<li style=\"text-align: justify;\">Prawo do przenoszenia danych<\/li>\n<\/ol>\n<\/li>\n<\/ol>\n<p style=\"text-align: center;\"><strong>\u00a7 11<\/strong><br \/>\n<strong>[ BEZPIECZE\u0143STWO DANYCH OSOBOWYCH ]<\/strong><\/p>\n<p>\u00a7\u00a0 Informacje dotycz\u0105ce U\u017cytkownik\u00f3w, w tym dane osobowe U\u017cytkownik\u00f3w s\u0105 chronione przez Sprzedawc\u0119 przed ich udost\u0119pnieniem osobom nieupowa\u017cnionym, a tak\u017ce innymi przypadkami ich ujawnienia albo utraty oraz przed zniszczeniem lub nieuprawnion\u0105 modyfikacj\u0105 wskazanych danych oraz informacji poprzez stosowanie odpowiednich zabezpiecze\u0144 technicznych i organizacyjnych.<br \/>\n\u00a7\u00a0 Administrator podejmuje wszelkie niezb\u0119dne dzia\u0142ania, by tak\u017ce jego podwykonawcy i inne podmioty wsp\u00f3\u0142pracuj\u0105ce dawa\u0142y gwarancj\u0119 stosowania odpowiednich \u015brodk\u00f3w bezpiecze\u0144stwa w ka\u017cdym przypadku, gdy przetwarzaj\u0105 dane osobowe na zlecenie Administratora.<\/p>\n<p style=\"text-align: center;\"><strong>\u00a7 12<\/strong><br \/>\n<strong>[ WSZELKIE POZOSTA\u0141E PYTANIA, W\u0104TPLIWO\u015aCI I SKARGI ]<\/strong><\/p>\n<ol>\n<li style=\"text-align: justify;\">W razie jakichkolwiek pyta\u0144 zastrze\u017ce\u0144 lub w\u0105tpliwo\u015bci dotycz\u0105cych tre\u015bci niniejszej Polityki Prywatno\u015bci, sposobu przetwarzania przez Sklep danych osobowych, jak r\u00f3wnie\u017c w przypadki zamiaru z\u0142o\u017cenia skargi dotycz\u0105cych tych kwestii nale\u017cy przes\u0142a\u0107 wiadomo\u015b\u0107 wraz ze szczeg\u00f3\u0142owymi informacjami i okoliczno\u015bciami, w tym dotycz\u0105cymi skargi, na adres e-mail \u2013<a href=\"mailto:info@ceres.pl\"> info@ceres.pl<\/a>,<\/li>\n<li style=\"text-align: justify;\">Osoby, kt\u00f3rych dane osobowe przetwarza Administrator maj\u0105 r\u00f3wnie\u017c prawo wnie\u015b\u0107 skarg\u0119 do organu nadzorczego, kt\u00f3rym jest Prezes Urz\u0119du Ochrony Danych Osobowych na adres \u2013\u00a0Urz\u0105d\u00a0Ochrony Danych Osobowych, ul. Stawki 2, 00 \u2013 193 Warszawa.<\/li>\n<\/ol>\n<p style=\"text-align: center;\"><strong>\u00a7 13<\/strong><br \/>\n<strong>[ ZMIANY POLITYKI PRYWATNO\u015aCI ]<\/strong><\/p>\n<ol>\n<li style=\"text-align: justify;\">Administrator wprowadzi zmiany w zakresie niniejszej Polityki Prywatno\u015bci w sytuacji, gdy oka\u017ce si\u0119 to niezb\u0119dne lub po\u017c\u0105dane, mi\u0119dzy innymi z uwagi na, nowe przepisy prawa, nowe wytyczne organ\u00f3w odpowiedzialnych za nadz\u00f3r nad procesami ochrony danych osobowych oraz zmiany technologii za pomoc\u0105 kt\u00f3rej Administrator przetwarza dane osobowe.<\/li>\n<li style=\"text-align: justify;\">Zmiany Polityki Prywatno\u015bci nie mog\u0105 pozbawia\u0107 u\u017cytkownik\u00f3w praw nabytych i odnosz\u0105 one skutek na przysz\u0142o\u015b\u0107, od daty wprowadzenia zmiany.<\/li>\n<li style=\"text-align: justify;\">Zmiany niniejszej Polityki Prywatno\u015bci b\u0119d\u0105 dokonywane poprzez jej publikacje w Sklepie. U\u017cytkownik, kt\u00f3ry nie zgadza si\u0119 na zmiany Polityki Prywatno\u015bci mo\u017ce w ka\u017cdej chwili zaprzesta\u0107 korzystania ze Sklepu.<\/li>\n<\/ol>\n","protected":false},"excerpt":{"rendered":"<p>\u00a71 [ POSTANOWIENIA OG\u00d3LNE ] Administratorem Pa\u0144stwa Danych Osobowych jest sp\u00f3\u0142ka CERES INTERNATIONAL sp\u00f3\u0142ka z ograniczon\u0105 odpowiedzialno\u015bci\u0105 z siedzib\u0105 w Pyzdrach, ul. Polna 29 (62 \u2013 310 Pyzdry) zarejestrowan\u0105 w rejestrze przedsi\u0119biorc\u00f3w Krajowego Rejestru S\u0105dowego pod numerem KRS 0000131504, kt\u00f3rej akta rejestrowe prowadzi S\u0105d Rejonowy Pozna\u0144 \u2013 Nowe Miasto i Wilda w Poznaniu Wydzia\u0142 IX [&hellip;]<\/p>\n","protected":false},"author":1,"featured_media":0,"parent":0,"menu_order":0,"comment_status":"closed","ping_status":"open","template":"","meta":{"_acf_changed":false,"_seopress_robots_primary_cat":"","_seopress_titles_title":"","_seopress_titles_desc":"","_seopress_robots_index":"","footnotes":""},"class_list":["post-3","page","type-page","status-publish","hentry"],"acf":[],"_links":{"self":[{"href":"https:\/\/ceres.pl\/sklep\/wp-json\/wp\/v2\/pages\/3","targetHints":{"allow":["GET"]}}],"collection":[{"href":"https:\/\/ceres.pl\/sklep\/wp-json\/wp\/v2\/pages"}],"about":[{"href":"https:\/\/ceres.pl\/sklep\/wp-json\/wp\/v2\/types\/page"}],"author":[{"embeddable":true,"href":"https:\/\/ceres.pl\/sklep\/wp-json\/wp\/v2\/users\/1"}],"replies":[{"embeddable":true,"href":"https:\/\/ceres.pl\/sklep\/wp-json\/wp\/v2\/comments?post=3"}],"version-history":[{"count":0,"href":"https:\/\/ceres.pl\/sklep\/wp-json\/wp\/v2\/pages\/3\/revisions"}],"wp:attachment":[{"href":"https:\/\/ceres.pl\/sklep\/wp-json\/wp\/v2\/media?parent=3"}],"curies":[{"name":"wp","href":"https:\/\/api.w.org\/{rel}","templated":true}]}}