{"id":12708,"date":"2026-03-09T13:58:44","date_gmt":"2026-03-09T12:58:44","guid":{"rendered":"https:\/\/ceres.pl\/sklep\/produkt\/bez-kategorii\/triash-5-l\/"},"modified":"2026-03-31T13:08:51","modified_gmt":"2026-03-31T11:08:51","slug":"triash-5-l","status":"publish","type":"product","link":"https:\/\/ceres.pl\/sklep\/produkt\/pozyteczne-mikroorganizmy\/preparaty-poprawiajace-odzywienie-roslin\/triash-5-l\/","title":{"rendered":"Triash 5 l"},"content":{"rendered":"<div class=\"row\">\n<div class=\"col-12\">\n<h2>TRIASH \u2013 Szczepionka mikoryzowa poprawiaj\u0105ca jako\u015b\u0107 gleby i odporno\u015b\u0107 na choroby<\/h2>\n<\/div>\n<\/div>\n<div class=\"row\">\n<div class=\"col-12\">\n<p data-olk-copy-source=\"MessageBody\">TRIASH to innowacyjny produkt oparty na\u00a0<b>Trichoderma asperellum<\/b>,\u00a0<b>Trichoderma harzianum<\/b>\u00a0oraz\u00a0<b>Trichoderma longibrachiatum<\/b>, zaprojektowany w celu wspierania wzrostu ro\u015blin i naturalnego poprawiania ich zdrowotno\u015bci. Dzi\u0119ki swojej formulacji zachowuje wysok\u0105 skuteczno\u015b\u0107 w szerokim zakresie warunk\u00f3w klimatycznych i glebowych, co czyni go wszechstronnym i niezawodnym rozwi\u0105zaniem dla wielu zastosowa\u0144 rolniczych. Jego dzia\u0142anie sprzyja rozwojowi systemu korzeniowego, optymalizuje pobieranie sk\u0142adnik\u00f3w pokarmowych oraz wzmacnia naturalne mechanizmy obronne ro\u015blin, przyczyniaj\u0105c si\u0119 do wy\u017cszych plon\u00f3w i zdrowszych upraw.<\/p>\n<p><b>MECHANIZM DZIA\u0141ANIA<\/b><\/p>\n<p><b>Biostymulacja<\/b><\/p>\n<ul type=\"disc\">\n<li>Stymuluje rozw\u00f3j korzeni i pobieranie sk\u0142adnik\u00f3w pokarmowych poprzez produkcj\u0119 fitohormon\u00f3w.<\/li>\n<li>Wydziela kwasy organiczne, kt\u00f3re rozpuszczaj\u0105 i udost\u0119pniaj\u0105 ro\u015blinom fosfor, \u017celazo i inne mikroelementy.<\/li>\n<\/ul>\n<p><b>Poprawa jako\u015bci gleby\/substratu<\/b><\/p>\n<ul type=\"disc\">\n<li>Oczyszcza pod\u0142o\u017ce uprawowe z pozosta\u0142o\u015bci wydzielin korzeniowych przyczyniaj\u0105c si\u0119 do poprawy stanowiska pozostaj\u0105cego d\u0142ugi czas w monokulturze.<\/li>\n<li>Oczyszcza pod\u0142o\u017ce uprawowe z pozosta\u0142o\u015bci zwi\u0105zk\u00f3w chemicznych.<\/li>\n<\/ul>\n<p><b>Wzbudzania reakcji odporno\u015bciowych<\/b><\/p>\n<ul type=\"disc\">\n<li>Przygotowuje ro\u015blin\u0119 do szybkiej reakcji na atak patogen\u00f3w.<\/li>\n<li>Aktywuje \u201epami\u0119\u0107 immunologiczn\u0105\u201d, <span data-olk-copy-source=\"MessageBody\">wzmacniaj\u0105c dzia\u0142anie<\/span> naturalnych mechanizm\u00f3w obronnych.<\/li>\n<\/ul>\n<p><b>Pokonywanie stresu biotycznego<\/b><\/p>\n<ul type=\"disc\">\n<li>Konkurencyjnie kolonizuje korzenie i gleb\u0119, wypieraj\u0105c patogeny.<\/li>\n<li>Produkuje zwi\u0105zki przeciwdrobnoustrojowe hamuj\u0105ce ich rozw\u00f3j.<\/li>\n<li>Dzia\u0142a jako mykopaso\u017cyt, degraduj\u0105c patogeny za pomoc\u0105 specyficznych enzym\u00f3w.<\/li>\n<\/ul>\n<p><b>SPECYFICZNE DZIA\u0141ANIE \u2013 INOKULUM GRZYB\u00d3W MIKORYZOWYCH<\/b><\/p>\n<p><b>Numer rejestracyjny nawozu organicznego w Republice W\u0142oskiej :<\/b>\u00a00009123\/15<\/p>\n<p><b>SK\u0141AD<\/b><\/p>\n<ul type=\"disc\">\n<li><b>Typ : preparat poprawiaj\u0105cy jako\u015b\u0107 gleby<\/b><\/li>\n<li><b>Zawarto\u015b\u0107 mikoryz:<\/b>\u00a01%<\/li>\n<li><b>Zawarto\u015b\u0107 bakterii ryzosferowych:<\/b>\u00a010\u00b2 jtk\/g<\/li>\n<li><b>Trichoderma spp.:<\/b>\u00a010\u2079<\/li>\n<li><b>Brak GMO i patogen\u00f3w<\/b><\/li>\n<\/ul>\n<p><b>W\u0142a\u015bciwo\u015bci fizykochemiczne<\/b><\/p>\n<table border=\"0\" cellpadding=\"0\">\n<tbody>\n<tr>\n<td><b>Parametr<\/b><\/td>\n<td><b>Warto\u015b\u0107<\/b><\/td>\n<\/tr>\n<tr>\n<td>pH<\/td>\n<td>6,50 \u00b1 0,5<\/td>\n<\/tr>\n<tr>\n<td>G\u0119sto\u015b\u0107<\/td>\n<td>1,00 \u00b1 0,5<\/td>\n<\/tr>\n<tr>\n<td>Kolor<\/td>\n<td>Zielony<\/td>\n<\/tr>\n<tr>\n<td>Zapach<\/td>\n<td>Znikomy<\/td>\n<\/tr>\n<tr>\n<td>Rozpuszczalno\u015b\u0107<\/td>\n<td>Dyspersyjny<\/td>\n<\/tr>\n<\/tbody>\n<\/table>\n<p><b>FORMULACJA<\/b><\/p>\n<ul type=\"disc\">\n<li>Ciecz<\/li>\n<\/ul>\n<p><b>KLASYFIKACJA<\/b><\/p>\n<ul type=\"disc\">\n<li>Brak<\/li>\n<\/ul>\n<p><b>OPAKOWANIA<\/b><\/p>\n<ul type=\"disc\">\n<li>Butelka 1 L<\/li>\n<li>Kanister 5 L<\/li>\n<\/ul>\n<p><b>INSTRUKCJA STOSOWANIA<\/b><\/p>\n<table border=\"0\" cellpadding=\"0\">\n<tbody>\n<tr>\n<td><b data-olk-copy-source=\"MessageBody\">Uprawa<\/b><\/td>\n<td><b>Dawka do gleby<\/b><\/td>\n<td><b>Dawka przy oprysku<\/b><\/td>\n<\/tr>\n<tr>\n<td>Uprawy polowe i szklarniowe<\/td>\n<td>1\u20132 L\/ha<\/td>\n<td>100\u2013300 ml\/100l<\/td>\n<\/tr>\n<tr>\n<td>Szk\u00f3\u0142ki (ro\u015bliny w pojemnikach)<\/td>\n<td>300\u2013500 ml\/1000 m\u00b2<\/td>\n<td>100\u2013300 ml\/100l<\/td>\n<\/tr>\n<tr>\n<td>Warzywa li\u015bciowe, sa\u0142aty, rukola \u2026<\/td>\n<td>100\u2013300 ml\/1000 m\u00b2<\/td>\n<td>100\u2013300 ml\/100l<\/td>\n<\/tr>\n<tr>\n<td>Truskawki, maliny, bor\u00f3wki \u2026.<\/td>\n<td>100\u2013300 ml\/1000 m\u00b2<\/td>\n<td>100\u2013300 ml\/100l<\/td>\n<\/tr>\n<tr>\n<td>Zio\u0142a \u015bwie\u017ce i aromatyczne<\/td>\n<td>100\u2013300 l\/1000m\u00b2<\/td>\n<td>100\u2013300 ml\/100l<\/td>\n<\/tr>\n<tr>\n<td>Kwiaty i ro\u015bliny ozdobne<\/td>\n<td>100\u2013300 ml\/1000 m\u00b2<\/td>\n<td>100\u2013300 ml\/100l<\/td>\n<\/tr>\n<tr>\n<td>Sadownictwo (jab\u0142onie, grusze, morele, brzoskwinie, wi\u015bnie, kiwi\u2026)<\/td>\n<td>1\u20132 L\/ha<\/td>\n<td>100\u2013300 ml\/100l<\/td>\n<\/tr>\n<tr>\n<td>Winoro\u015bl<\/td>\n<td>1\u20132 L\/ha<\/td>\n<td>100\u2013300 ml\/100l<\/td>\n<\/tr>\n<tr>\n<td>Trawniki<\/td>\n<td>1\u20132 L\/ha<\/td>\n<td>100\u2013300 ml\/100l<\/td>\n<\/tr>\n<tr>\n<td>Uprawy wielkoobszarowe<\/td>\n<td>1\u20132 L\/ha<\/td>\n<td>100\u2013300 ml\/100l<\/td>\n<\/tr>\n<\/tbody>\n<\/table>\n<p><b>ZALECENIA<\/b><\/p>\n<ul type=\"disc\">\n<li>Przed u\u017cyciem\u00a0<b>dobrze wstrz\u0105sn\u0105\u0107<\/b>.<\/li>\n<li>Stosowa\u0107\u00a0<b>r\u00f3wnomiernie<\/b>, miesza\u0107 w trakcie aplikacji.<\/li>\n<li>Aby pobudzi\u0107 rozw\u00f3j mikroorganizm\u00f3w, zaleca si\u0119 miesza\u0107 produkt w proporcji\u00a0<b>1:1 z CARBOGEN L<\/b>.<\/li>\n<li>Zaleca si\u0119 wykonanie pr\u00f3b na niewielkiej liczbie ro\u015blin przed zastosowaniem na ca\u0142ej powierzchni.<\/li>\n<li>W razie potrzeby zabieg powt\u00f3rzy\u0107.<\/li>\n<\/ul>\n<\/div>\n<\/div>\n","protected":false},"excerpt":{"rendered":"<p>TRIASH \u2013 Szczepionka mikoryzowa poprawiaj\u0105ca jako\u015b\u0107 gleby i odporno\u015b\u0107 na choroby TRIASH to innowacyjny produkt oparty na\u00a0Trichoderma asperellum,\u00a0Trichoderma harzianum\u00a0oraz\u00a0Trichoderma longibrachiatum, zaprojektowany w celu wspierania wzrostu ro\u015blin i naturalnego poprawiania ich zdrowotno\u015bci. Dzi\u0119ki swojej formulacji zachowuje wysok\u0105 skuteczno\u015b\u0107 w szerokim zakresie warunk\u00f3w klimatycznych i glebowych, co czyni go wszechstronnym i niezawodnym rozwi\u0105zaniem dla wielu zastosowa\u0144 rolniczych. [&hellip;]<\/p>\n","protected":false},"featured_media":12715,"template":"","meta":{"_acf_changed":false,"_seopress_robots_primary_cat":"none","_seopress_titles_title":"","_seopress_titles_desc":"TRIASH to innowacyjny produkt oparty na\u00a0Trichoderma asperellum,\u00a0Trichoderma harzianum\u00a0oraz\u00a0Trichoderma longibrachiatum, zaprojektowany w celu wspierania wzrostu ro\u015blin i naturalnego poprawiania ich zdrowotno\u015bci.","_seopress_robots_index":""},"product_brand":[],"product_cat":[141,185,187],"product_tag":[],"class_list":{"0":"post-12708","1":"product","2":"type-product","3":"status-publish","4":"has-post-thumbnail","6":"product_cat-pozyteczne-mikroorganizmy","7":"product_cat-preparaty-poprawiajace-odzywienie-roslin","8":"product_cat-preparaty-pomocne-w-stresie-spowodowanym-przez-choroby","10":"first","11":"instock","12":"taxable","13":"shipping-taxable","14":"purchasable","15":"product-type-simple"},"acf":[],"_links":{"self":[{"href":"https:\/\/ceres.pl\/sklep\/wp-json\/wp\/v2\/product\/12708","targetHints":{"allow":["GET"]}}],"collection":[{"href":"https:\/\/ceres.pl\/sklep\/wp-json\/wp\/v2\/product"}],"about":[{"href":"https:\/\/ceres.pl\/sklep\/wp-json\/wp\/v2\/types\/product"}],"wp:featuredmedia":[{"embeddable":true,"href":"https:\/\/ceres.pl\/sklep\/wp-json\/wp\/v2\/media\/12715"}],"wp:attachment":[{"href":"https:\/\/ceres.pl\/sklep\/wp-json\/wp\/v2\/media?parent=12708"}],"wp:term":[{"taxonomy":"product_brand","embeddable":true,"href":"https:\/\/ceres.pl\/sklep\/wp-json\/wp\/v2\/product_brand?post=12708"},{"taxonomy":"product_cat","embeddable":true,"href":"https:\/\/ceres.pl\/sklep\/wp-json\/wp\/v2\/product_cat?post=12708"},{"taxonomy":"product_tag","embeddable":true,"href":"https:\/\/ceres.pl\/sklep\/wp-json\/wp\/v2\/product_tag?post=12708"}],"curies":[{"name":"wp","href":"https:\/\/api.w.org\/{rel}","templated":true}]}}