{"id":12760,"date":"2026-03-13T15:55:49","date_gmt":"2026-03-13T14:55:49","guid":{"rendered":"https:\/\/ceres.pl\/sklep\/produkt\/bez-kategorii\/active-plus-1-l\/"},"modified":"2026-04-30T16:35:20","modified_gmt":"2026-04-30T14:35:20","slug":"active-plus-1-l","status":"publish","type":"product","link":"https:\/\/ceres.pl\/sklep\/produkt\/pozyteczne-mikroorganizmy\/active-plus-1-l\/","title":{"rendered":"Active Plus  1 l"},"content":{"rendered":"<p><b data-olk-copy-source=\"MessageBody\">ACTIVE PLUS<\/b><\/p>\n<p><b>SP3<\/b><\/p>\n<p>ACTIVE PLUS to innowacyjny produkt oparty na\u00a0<b>Bacillus amyloliquefaciens<\/b>,\u00a0<b>Bacillus licheniformis<\/b>,\u00a0<b>Bacillus pumilus<\/b>,\u00a0<b>Bacillus subtilis<\/b>,\u00a0<b>Aureobasidium pullulans<\/b>\u00a0oraz\u00a0<b>Bacillus velezensis<\/b>, zaprojektowany z my\u015bl\u0105 o potrzebach rolnictwa zr\u00f3wnowa\u017conego, ukierunkowanego na regeneracj\u0119 gleby i wspieranie biologicznie aktywnego \u015brodowiska. Idealny do wzbogacania gleb wyja\u0142owionych i pozbawionych korzystnych mikroorganizm\u00f3w.<\/p>\n<p>Produkt poprawia warunki glebowe, przeciwdzia\u0142aj\u0105c rozwojowi patogen\u00f3w typowych dla gleb s\u0142abo napowietrzonych lub s\u0142abo zdrenowanych, gdzie cz\u0119sto wyst\u0119puj\u0105 problemy takie jak zgnilizna korzeni.<\/p>\n<p><b>MECHANIZM DZIA\u0141ANIA<\/b><\/p>\n<p>Skuteczno\u015b\u0107 ACTIVE PLUS opiera si\u0119 na synergicznym dzia\u0142aniu mikroorganizm\u00f3w takich jak\u00a0<b>Bacillus amyloliquefaciens<\/b>,\u00a0<b>Bacillus licheniformis<\/b>,\u00a0<b>Bacillus pumilus<\/b>\u00a0i\u00a0<b>Bacillus subtilis<\/b>.<\/p>\n<p><b>Kluczowe funkcje:<\/b><\/p>\n<ul type=\"disc\">\n<li>Poprawa \u017cyzno\u015bci gleby i zdrowotno\u015bci upraw.<\/li>\n<li>U\u0142atwienie ro\u015blinom dost\u0119pu do sk\u0142adnik\u00f3w pokarmowych.<\/li>\n<li>Produkcja metabolit\u00f3w bioaktywnych (surfaktyny, ituryna, fengycyna), kt\u00f3re tworz\u0105 \u015brodowisko niekorzystne dla fitopatogen\u00f3w.<\/li>\n<li>Szybka kolonizacja ryzosfery i konkurencja z organizmami szkodliwymi.<\/li>\n<li>Wydzielanie enzym\u00f3w (chitynazy, glukanazy) degraduj\u0105cych \u015bciany kom\u00f3rkowe patogen\u00f3w grzybowych.<\/li>\n<li>Aktywacja naturalnych mechanizm\u00f3w obronnych ro\u015blin, zwi\u0119kszaj\u0105ca odporno\u015b\u0107 na stres biotyczny.<\/li>\n<\/ul>\n<p><b>SPECYFICZNE DZIA\u0141ANIE \u2013 INOKULUM GRZYB\u00d3W MIKORYZOWYCH<\/b><\/p>\n<p><b>Numer rejestracyjny nawozu organicznego we W\u0142oszech:<\/b>\u00a00030960\/20<\/p>\n<p><b>SK\u0141AD<\/b><\/p>\n<ul type=\"disc\">\n<li><b>Typ: preparat poprawiaj\u0105cy jako\u015b\u0107 gleby<\/b><\/li>\n<li><b>Zawarto\u015b\u0107 mikoryz:<\/b>\u00a01%<\/li>\n<li><b>Zawarto\u015b\u0107 bakterii ryzosferowych:<\/b>\u00a010\u00b9\u2070 jtk\/g<\/li>\n<li><b>Brak GMO i patogen\u00f3w<\/b><\/li>\n<\/ul>\n<p><b>W\u0141A\u015aCIWO\u015aCI FIZYKOCHEMICZNE<\/b><\/p>\n<div class=\"R1UVb\">\n<div class=\"qF8_5\"><button class=\"fui-Button r1f29ykk wD8TJ ___1cf351u f1c21dwh f1p3nwhy f11589ue f1q5o8ev f1pdflbu fkfq4zb fjxutwb f1s2uweq fr80ssc f1ukrpxl fecsdlb f139oj5f ft1hn21 fuxngvv fkoldzo fhvnf4x fb6swo4 f1klyf7k f232fm2 f1l983o9 f1nhwcv0 f1gm6xmp fxoo9op f1v3eptx f1i0gk12 fd4bjan f18ktai2 fwbmr0d f44c6la\" title=\"Poka\u017c oryginalny rozmiar\" type=\"button\" aria-label=\"Poka\u017c oryginalny rozmiar\"><span class=\"fui-Button__icon rywnvv2\"><i class=\"fui-Icon-font ___qaf4230 f14t3ns0 fne0op0 fmd4ok8 f303qgw f1sxfq9t\" aria-hidden=\"true\">\ue113<\/i><\/span><\/button><\/div>\n<table border=\"0\" cellpadding=\"0\">\n<tbody>\n<tr>\n<td><b>Parametr<\/b><\/td>\n<td><b>Warto\u015b\u0107<\/b><\/td>\n<\/tr>\n<tr>\n<td>pH<\/td>\n<td>6,5\u20137,5 \u00b1 0,5<\/td>\n<\/tr>\n<tr>\n<td>G\u0119sto\u015b\u0107<\/td>\n<td>1,00 \u00b1 0,5<\/td>\n<\/tr>\n<tr>\n<td>Kolor<\/td>\n<td>Be\u017cowy<\/td>\n<\/tr>\n<tr>\n<td>Zapach<\/td>\n<td>Znikomy<\/td>\n<\/tr>\n<tr>\n<td>Rozpuszczalno\u015b\u0107<\/td>\n<td>Dyspersyjny<\/td>\n<\/tr>\n<\/tbody>\n<\/table>\n<\/div>\n<p><b>FORMULACJA<\/b><\/p>\n<ul type=\"disc\">\n<li>Ciecz<\/li>\n<\/ul>\n<p><b>KLASYFIKACJA<\/b><\/p>\n<ul type=\"disc\">\n<li>Brak<\/li>\n<\/ul>\n<p><b>OPAKOWANIA<\/b><\/p>\n<div class=\"R1UVb\">\n<div class=\"qF8_5\"><button class=\"fui-Button r1f29ykk wD8TJ ___1cf351u f1c21dwh f1p3nwhy f11589ue f1q5o8ev f1pdflbu fkfq4zb fjxutwb f1s2uweq fr80ssc f1ukrpxl fecsdlb f139oj5f ft1hn21 fuxngvv fkoldzo fhvnf4x fb6swo4 f1klyf7k f232fm2 f1l983o9 f1nhwcv0 f1gm6xmp fxoo9op f1v3eptx f1i0gk12 fd4bjan f18ktai2 fwbmr0d f44c6la\" title=\"Poka\u017c oryginalny rozmiar\" type=\"button\" aria-label=\"Poka\u017c oryginalny rozmiar\"><span class=\"fui-Button__icon rywnvv2\"><i class=\"fui-Icon-font ___qaf4230 f14t3ns0 fne0op0 fmd4ok8 f303qgw f1sxfq9t\" aria-hidden=\"true\">\ue113<\/i><\/span><\/button><\/div>\n<table border=\"0\" cellpadding=\"0\">\n<tbody>\n<tr>\n<td><b>Rodzaj<\/b><\/td>\n<td><b>Pojemno\u015b\u0107<\/b><\/td>\n<\/tr>\n<tr>\n<td>Butelka<\/td>\n<td>1 L<\/td>\n<\/tr>\n<\/tbody>\n<\/table>\n<\/div>\n<p><b>INSTRUKCJA STOSOWANIA<\/b><\/p>\n<div class=\"R1UVb\">\n<div class=\"qF8_5\"><button class=\"fui-Button r1f29ykk wD8TJ ___1cf351u f1c21dwh f1p3nwhy f11589ue f1q5o8ev f1pdflbu fkfq4zb fjxutwb f1s2uweq fr80ssc f1ukrpxl fecsdlb f139oj5f ft1hn21 fuxngvv fkoldzo fhvnf4x fb6swo4 f1klyf7k f232fm2 f1l983o9 f1nhwcv0 f1gm6xmp fxoo9op f1v3eptx f1i0gk12 fd4bjan f18ktai2 fwbmr0d f44c6la\" title=\"Poka\u017c oryginalny rozmiar\" type=\"button\" aria-label=\"Poka\u017c oryginalny rozmiar\"><span class=\"fui-Button__icon rywnvv2\"><i class=\"fui-Icon-font ___qaf4230 f14t3ns0 fne0op0 fmd4ok8 f303qgw f1sxfq9t\" aria-hidden=\"true\">\ue113<\/i><\/span><\/button><\/div>\n<table border=\"0\" cellpadding=\"0\">\n<tbody>\n<tr>\n<td><b>Uprawa<\/b><\/td>\n<td><b>Dawka doglebowa<\/b><\/td>\n<td><b>Dawka przy oprysku<\/b><\/td>\n<\/tr>\n<tr>\n<td>Uprawy polowe i szklarniowe<\/td>\n<td>1\u20132 L\/ha<\/td>\n<td>100\u2013200 ml\/100l<\/td>\n<\/tr>\n<tr>\n<td>Szk\u00f3\u0142ki (ro\u015bliny w pojemnikach)<\/td>\n<td>200\u2013300 ml\/1000 m\u00b2<\/td>\n<td>100\u2013200 ml\/100l<\/td>\n<\/tr>\n<tr>\n<td>Warzywa li\u015bciowe (sa\u0142ata, rukola, \u2026.)<\/td>\n<td>100\u2013200 ml\/1000 m\u00b2<\/td>\n<td>100\u2013200 ml\/100l<\/td>\n<\/tr>\n<tr>\n<td>Truskawki, maliny, bor\u00f3wki, \u2026.<\/td>\n<td>200\u2013300 ml\/1000 m\u00b2<\/td>\n<td>100\u2013200 ml\/100l<\/td>\n<\/tr>\n<tr>\n<td>Zio\u0142a \u015bwie\u017ce i aromatyczne<\/td>\n<td>200\u2013300 ml\/1000 m\u00b2<\/td>\n<td>100\u2013200 ml\/100l<\/td>\n<\/tr>\n<tr>\n<td>Kwiaty i ro\u015bliny ozdobne<\/td>\n<td>200\u2013300 ml\/1000 m\u00b2<\/td>\n<td>100\u2013200 ml\/100l<\/td>\n<\/tr>\n<tr>\n<td>Sadownictwo (jab\u0142onie, grusze, morele, brzoskwinie, wi\u015bnie, kiwi, \u2026)<\/td>\n<td>1\u20132 L\/ha<\/td>\n<td>100\u2013200 ml\/100l<\/td>\n<\/tr>\n<tr>\n<td>Winoro\u015bl<\/td>\n<td>1\u20132 L\/ha<\/td>\n<td>100\u2013200 ml\/100l<\/td>\n<\/tr>\n<tr>\n<td>Trawniki<\/td>\n<td>1\u20132 L\/ha<\/td>\n<td>100\u2013200 ml\/100l<\/td>\n<\/tr>\n<tr>\n<td>Uprawy wielkoobszarowe<\/td>\n<td>1\u20132 L\/ha<\/td>\n<td>100\u2013200 ml\/100l<\/td>\n<\/tr>\n<\/tbody>\n<\/table>\n<\/div>\n<p><b>ZALECENIA<\/b><\/p>\n<ul type=\"disc\">\n<li>Przed u\u017cyciem\u00a0<b>dobrze wstrz\u0105sn\u0105\u0107<\/b>.<\/li>\n<li>Stosowa\u0107\u00a0<b>r\u00f3wnomiernie<\/b>.<\/li>\n<li>Zaleca si\u0119 wykonanie pr\u00f3b na niewielkiej liczbie ro\u015blin przed zastosowaniem na ca\u0142ej powierzchni.<\/li>\n<li>W razie potrzeby zabieg powt\u00f3rzy\u0107.<\/li>\n<\/ul>\n","protected":false},"excerpt":{"rendered":"<p>ACTIVE PLUS SP3 ACTIVE PLUS to innowacyjny produkt oparty na\u00a0Bacillus amyloliquefaciens,\u00a0Bacillus licheniformis,\u00a0Bacillus pumilus,\u00a0Bacillus subtilis,\u00a0Aureobasidium pullulans\u00a0oraz\u00a0Bacillus velezensis, zaprojektowany z my\u015bl\u0105 o potrzebach rolnictwa zr\u00f3wnowa\u017conego, ukierunkowanego na regeneracj\u0119 gleby i wspieranie biologicznie aktywnego \u015brodowiska. Idealny do wzbogacania gleb wyja\u0142owionych i pozbawionych korzystnych mikroorganizm\u00f3w. Produkt poprawia warunki glebowe, przeciwdzia\u0142aj\u0105c rozwojowi patogen\u00f3w typowych dla gleb s\u0142abo napowietrzonych lub s\u0142abo [&hellip;]<\/p>\n","protected":false},"featured_media":12936,"template":"","meta":{"_acf_changed":false,"_seopress_robots_primary_cat":"none","_seopress_titles_title":"","_seopress_titles_desc":"ACTIVE PLUS to innowacyjny produkt oparty na\u00a0Bacillus amyloliquefaciens,\u00a0Bacillus licheniformis,\u00a0Bacillus pumilus,\u00a0Bacillus subtilis,\u00a0Aureobasidium pullulans\u00a0oraz\u00a0Bacillus velezensis, zaprojektowany z my\u015bl\u0105 o potrzebach rolnictwa zr\u00f3wnowa\u017conego, ukierunkowanego na regeneracj\u0119 gleby i wspieranie biologicznie aktywnego \u015brodowiska. Idealny do wzbogacania gleb wyja\u0142owionych i pozbawionych korzystnych mikroorganizm\u00f3w.\r\n\r\nProdukt poprawia warunki glebowe, przeciwdzia\u0142aj\u0105c rozwojowi patogen\u00f3w typowych dla gleb s\u0142abo napowietrzonych lub s\u0142abo zdrenowanych, gdzie cz\u0119sto wyst\u0119puj\u0105 problemy takie jak zgnilizna korzeni.\r\n\r\nMECHANIZM DZIA\u0141ANIA\r\n\r\nSkuteczno\u015b\u0107 ACTIVE PLUS opiera si\u0119 na synergicznym dzia\u0142aniu mikroorganizm\u00f3w takich jak\u00a0Bacillus amyloliquefaciens,\u00a0Bacillus licheniformis,\u00a0Bacillus pumilus\u00a0i\u00a0Bacillus subtilis.\r\n\r\nKluczowe funkcje:\r\n\r\nPoprawa \u017cyzno\u015bci gleby i zdrowotno\u015bci upraw.\r\nU\u0142atwienie ro\u015blinom dost\u0119pu do sk\u0142adnik\u00f3w pokarmowych.\r\nProdukcja metabolit\u00f3w bioaktywnych (surfaktyny, ituryna, fengycyna), kt\u00f3re tworz\u0105 \u015brodowisko niekorzystne dla fitopatogen\u00f3w.\r\nSzybka kolonizacja ryzosfery i konkurencja z organizmami szkodliwymi.\r\nWydzielanie enzym\u00f3w (chitynazy, glukanazy) degraduj\u0105cych \u015bciany kom\u00f3rkowe patogen\u00f3w grzybowych.\r\nAktywacja naturalnych mechanizm\u00f3w obronnych ro\u015blin, zwi\u0119kszaj\u0105ca odporno\u015b\u0107 na stres biotyczny.","_seopress_robots_index":""},"product_brand":[],"product_cat":[141],"product_tag":[],"class_list":{"0":"post-12760","1":"product","2":"type-product","3":"status-publish","4":"has-post-thumbnail","6":"product_cat-pozyteczne-mikroorganizmy","8":"first","9":"instock","10":"taxable","11":"shipping-taxable","12":"purchasable","13":"product-type-simple"},"acf":[],"_links":{"self":[{"href":"https:\/\/ceres.pl\/sklep\/wp-json\/wp\/v2\/product\/12760","targetHints":{"allow":["GET"]}}],"collection":[{"href":"https:\/\/ceres.pl\/sklep\/wp-json\/wp\/v2\/product"}],"about":[{"href":"https:\/\/ceres.pl\/sklep\/wp-json\/wp\/v2\/types\/product"}],"wp:featuredmedia":[{"embeddable":true,"href":"https:\/\/ceres.pl\/sklep\/wp-json\/wp\/v2\/media\/12936"}],"wp:attachment":[{"href":"https:\/\/ceres.pl\/sklep\/wp-json\/wp\/v2\/media?parent=12760"}],"wp:term":[{"taxonomy":"product_brand","embeddable":true,"href":"https:\/\/ceres.pl\/sklep\/wp-json\/wp\/v2\/product_brand?post=12760"},{"taxonomy":"product_cat","embeddable":true,"href":"https:\/\/ceres.pl\/sklep\/wp-json\/wp\/v2\/product_cat?post=12760"},{"taxonomy":"product_tag","embeddable":true,"href":"https:\/\/ceres.pl\/sklep\/wp-json\/wp\/v2\/product_tag?post=12760"}],"curies":[{"name":"wp","href":"https:\/\/api.w.org\/{rel}","templated":true}]}}