{"id":12789,"date":"2026-03-16T15:41:14","date_gmt":"2026-03-16T14:41:14","guid":{"rendered":"https:\/\/ceres.pl\/sklep\/produkt\/bez-kategorii\/active-plus-g-20-7kg\/"},"modified":"2026-03-25T14:03:56","modified_gmt":"2026-03-25T13:03:56","slug":"active-plus-g-20-7kg","status":"publish","type":"product","link":"https:\/\/ceres.pl\/sklep\/produkt\/pozyteczne-mikroorganizmy\/active-plus-g-20-7kg\/","title":{"rendered":"Active Plus  G 20 7kg"},"content":{"rendered":"<p><b data-olk-copy-source=\"MessageBody\">ACTIVE PLUS G<\/b><\/p>\n<p><b>Granulat \u2013 SP3<\/b><\/p>\n<p><b>OPIS<\/b><\/p>\n<p>ACTIVE PLUS G to innowacyjny produkt oparty na\u00a0<b>Bacillus amyloliquefaciens<\/b>,\u00a0<b>Bacillus licheniformis<\/b>,\u00a0<b>Bacillus pumilus<\/b>,\u00a0<b>Bacillus subtilis<\/b>,\u00a0<b>Aureobasidium pullulans<\/b>\u00a0oraz\u00a0<b>Bacillus velezensis<\/b>, stworzony z my\u015bl\u0105 o potrzebach rolnictwa zr\u00f3wnowa\u017conego, ukierunkowanego na regeneracj\u0119 gleby i wspieranie biologicznie aktywnego \u015brodowiska.<\/p>\n<p>Idealnie sprawdza si\u0119 w glebach wyja\u0142owionych, pozbawionych korzystnych mikroorganizm\u00f3w. Poprawia warunki glebowe, ograniczaj\u0105c rozw\u00f3j patogen\u00f3w typowych dla gleb s\u0142abo napowietrzonych lub s\u0142abo zdrenowanych, gdzie cz\u0119sto wyst\u0119puj\u0105 problemy takie jak zgnilizna korzeni.<\/p>\n<div align=\"center\">\n<hr align=\"center\" size=\"2\" width=\"100%\" \/>\n<\/div>\n<p><b>MECHANIZM DZIA\u0141ANIA<\/b><\/p>\n<p>Skuteczno\u015b\u0107 ACTIVE PLUS G opiera si\u0119 na synergicznym dzia\u0142aniu mikroorganizm\u00f3w takich jak\u00a0<b>Bacillus amyloliquefaciens<\/b>,\u00a0<b>Bacillus licheniformis<\/b>,\u00a0<b>Bacillus pumilus<\/b>\u00a0i\u00a0<b>Bacillus subtilis<\/b>.<\/p>\n<p><b>Kluczowe funkcje:<\/b><\/p>\n<ul type=\"disc\">\n<li>Poprawa \u017cyzno\u015bci gleby i zdrowotno\u015bci upraw.<\/li>\n<li>U\u0142atwienie ro\u015blinom dost\u0119pu do sk\u0142adnik\u00f3w pokarmowych.<\/li>\n<li>Produkcja metabolit\u00f3w bioaktywnych (surfaktyny, ituryna, fengycyna), kt\u00f3re tworz\u0105 \u015brodowisko niekorzystne dla patogen\u00f3w ro\u015blin.<\/li>\n<li>Szybka kolonizacja ryzosfery i konkurencja z organizmami szkodliwymi.<\/li>\n<li>Wydzielanie enzym\u00f3w (chitynazy, glukanazy) degraduj\u0105cych \u015bciany kom\u00f3rkowe patogen\u00f3w grzybowych.<\/li>\n<li>Aktywacja naturalnych mechanizm\u00f3w obronnych ro\u015blin, zwi\u0119kszaj\u0105ca odporno\u015b\u0107 na stres biotyczny.<\/li>\n<\/ul>\n<div align=\"center\">\n<hr align=\"center\" size=\"2\" width=\"100%\" \/>\n<\/div>\n<p><b>SPECYFICZNE DZIA\u0141ANIE \u2013 INOKULUM GRZYB\u00d3W MIKORYZOWYCH<\/b><\/p>\n<p><b>Numer rejestracyjny nawozu organicznego:<\/b>\u00a00035436\/23<\/p>\n<p><b>SK\u0141AD<\/b><\/p>\n<ul type=\"disc\">\n<li><b>Typ: produkt poprawiaj\u0105cy jako\u015bc gleby<\/b><\/li>\n<li><b>Zawarto\u015b\u0107 mikoryz:<\/b>\u00a01%<\/li>\n<li><b>Zawarto\u015b\u0107 bakterii ryzosferowych:<\/b>\u00a010\u2079 jtk\/g<\/li>\n<li><b>Brak GMO i patogen\u00f3w<\/b><\/li>\n<\/ul>\n<p><b>W\u0142a\u015bciwo\u015bci fizykochemiczne<\/b><\/p>\n<div class=\"R1UVb\">\n<div class=\"qF8_5\"><button class=\"fui-Button r1f29ykk wD8TJ ___1cf351u f1c21dwh f1p3nwhy f11589ue f1q5o8ev f1pdflbu fkfq4zb fjxutwb f1s2uweq fr80ssc f1ukrpxl fecsdlb f139oj5f ft1hn21 fuxngvv fkoldzo fhvnf4x fb6swo4 f1klyf7k f232fm2 f1l983o9 f1nhwcv0 f1gm6xmp fxoo9op f1v3eptx f1i0gk12 fd4bjan f18ktai2 fwbmr0d f44c6la\" title=\"Poka\u017c oryginalny rozmiar\" type=\"button\" aria-label=\"Poka\u017c oryginalny rozmiar\"><span class=\"fui-Button__icon rywnvv2\"><i class=\"fui-Icon-font ___qaf4230 f14t3ns0 fne0op0 fmd4ok8 f303qgw f1sxfq9t\" aria-hidden=\"true\">\ue113<\/i><\/span><\/button><\/div>\n<table border=\"0\" cellpadding=\"0\">\n<tbody>\n<tr>\n<td><b>Parametr<\/b><\/td>\n<td><b>Warto\u015b\u0107<\/b><\/td>\n<\/tr>\n<tr>\n<td>Kolor<\/td>\n<td>Be\u017cowy<\/td>\n<\/tr>\n<tr>\n<td>Zapach<\/td>\n<td>Znikomy<\/td>\n<\/tr>\n<tr>\n<td>Rozpuszczalno\u015b\u0107<\/td>\n<td>Nierozpuszczalny<\/td>\n<\/tr>\n<\/tbody>\n<\/table>\n<\/div>\n<p><b>FORMULACJA<\/b><\/p>\n<ul type=\"disc\">\n<li>Granulat <span data-olk-copy-source=\"MessageBody\">(0,5-1mm)<\/span><\/li>\n<\/ul>\n<p><b>KLASYFIKACJA<\/b><\/p>\n<ul type=\"disc\">\n<li>Brak<\/li>\n<\/ul>\n<p><b>OPAKOWANIA<\/b><\/p>\n<div class=\"R1UVb\">\n<div class=\"qF8_5\"><button class=\"fui-Button r1f29ykk wD8TJ ___1cf351u f1c21dwh f1p3nwhy f11589ue f1q5o8ev f1pdflbu fkfq4zb fjxutwb f1s2uweq fr80ssc f1ukrpxl fecsdlb f139oj5f ft1hn21 fuxngvv fkoldzo fhvnf4x fb6swo4 f1klyf7k f232fm2 f1l983o9 f1nhwcv0 f1gm6xmp fxoo9op f1v3eptx f1i0gk12 fd4bjan f18ktai2 fwbmr0d f44c6la\" title=\"Poka\u017c oryginalny rozmiar\" type=\"button\" aria-label=\"Poka\u017c oryginalny rozmiar\"><span class=\"fui-Button__icon rywnvv2\"><i class=\"fui-Icon-font ___qaf4230 f14t3ns0 fne0op0 fmd4ok8 f303qgw f1sxfq9t\" aria-hidden=\"true\">\ue113<\/i><\/span><\/button><\/div>\n<table border=\"0\" cellpadding=\"0\">\n<tbody>\n<tr>\n<td><b>Rodzaj<\/b><\/td>\n<td><b>Pojemno\u015b\u0107<\/b><\/td>\n<\/tr>\n<tr>\n<td><\/td>\n<td><\/td>\n<\/tr>\n<tr>\n<td>Worek<\/td>\n<td>8 kg<\/td>\n<\/tr>\n<\/tbody>\n<\/table>\n<\/div>\n<div align=\"center\">\n<hr align=\"center\" size=\"2\" width=\"100%\" \/>\n<\/div>\n<p><b>INSTRUKCJA STOSOWANIA<\/b><\/p>\n<div class=\"R1UVb\">\n<div class=\"qF8_5\"><button class=\"fui-Button r1f29ykk wD8TJ ___1cf351u f1c21dwh f1p3nwhy f11589ue f1q5o8ev f1pdflbu fkfq4zb fjxutwb f1s2uweq fr80ssc f1ukrpxl fecsdlb f139oj5f ft1hn21 fuxngvv fkoldzo fhvnf4x fb6swo4 f1klyf7k f232fm2 f1l983o9 f1nhwcv0 f1gm6xmp fxoo9op f1v3eptx f1i0gk12 fd4bjan f18ktai2 fwbmr0d f44c6la\" title=\"Poka\u017c oryginalny rozmiar\" type=\"button\" aria-label=\"Poka\u017c oryginalny rozmiar\"><span class=\"fui-Button__icon rywnvv2\"><i class=\"fui-Icon-font ___qaf4230 f14t3ns0 fne0op0 fmd4ok8 f303qgw f1sxfq9t\" aria-hidden=\"true\">\ue113<\/i><\/span><\/button><\/div>\n<table border=\"0\" cellpadding=\"0\">\n<tbody>\n<tr>\n<td><b>Metoda aplikacji<\/b><\/td>\n<td><b>Dawka<\/b><\/td>\n<\/tr>\n<tr>\n<td>Aplikacja w polu<\/td>\n<td>10 kg\/ha<\/td>\n<\/tr>\n<tr>\n<td>Mieszanie z pod\u0142o\u017cem<\/td>\n<td>0,5\u20131 kg\/m\u00b3<\/td>\n<\/tr>\n<\/tbody>\n<\/table>\n<\/div>\n","protected":false},"excerpt":{"rendered":"<p>ACTIVE PLUS G Granulat \u2013 SP3 OPIS ACTIVE PLUS G to innowacyjny produkt oparty na\u00a0Bacillus amyloliquefaciens,\u00a0Bacillus licheniformis,\u00a0Bacillus pumilus,\u00a0Bacillus subtilis,\u00a0Aureobasidium pullulans\u00a0oraz\u00a0Bacillus velezensis, stworzony z my\u015bl\u0105 o potrzebach rolnictwa zr\u00f3wnowa\u017conego, ukierunkowanego na regeneracj\u0119 gleby i wspieranie biologicznie aktywnego \u015brodowiska. Idealnie sprawdza si\u0119 w glebach wyja\u0142owionych, pozbawionych korzystnych mikroorganizm\u00f3w. Poprawia warunki glebowe, ograniczaj\u0105c rozw\u00f3j patogen\u00f3w typowych dla gleb [&hellip;]<\/p>\n","protected":false},"featured_media":12939,"template":"","meta":{"_acf_changed":false,"_seopress_robots_primary_cat":"none","_seopress_titles_title":"","_seopress_titles_desc":"ACTIVE PLUS G to innowacyjny produkt oparty na\u00a0Bacillus amyloliquefaciens,\u00a0Bacillus licheniformis,\u00a0Bacillus pumilus,\u00a0Bacillus subtilis,\u00a0Aureobasidium pullulans\u00a0oraz\u00a0Bacillus velezensis, stworzony z my\u015bl\u0105 o potrzebach rolnictwa zr\u00f3wnowa\u017conego, ukierunkowanego na regeneracj\u0119 gleby i wspieranie biologicznie aktywnego \u015brodowiska.","_seopress_robots_index":""},"product_brand":[],"product_cat":[141],"product_tag":[],"class_list":{"0":"post-12789","1":"product","2":"type-product","3":"status-publish","4":"has-post-thumbnail","6":"product_cat-pozyteczne-mikroorganizmy","8":"first","9":"instock","10":"taxable","11":"shipping-taxable","12":"purchasable","13":"product-type-simple"},"acf":[],"_links":{"self":[{"href":"https:\/\/ceres.pl\/sklep\/wp-json\/wp\/v2\/product\/12789","targetHints":{"allow":["GET"]}}],"collection":[{"href":"https:\/\/ceres.pl\/sklep\/wp-json\/wp\/v2\/product"}],"about":[{"href":"https:\/\/ceres.pl\/sklep\/wp-json\/wp\/v2\/types\/product"}],"wp:featuredmedia":[{"embeddable":true,"href":"https:\/\/ceres.pl\/sklep\/wp-json\/wp\/v2\/media\/12939"}],"wp:attachment":[{"href":"https:\/\/ceres.pl\/sklep\/wp-json\/wp\/v2\/media?parent=12789"}],"wp:term":[{"taxonomy":"product_brand","embeddable":true,"href":"https:\/\/ceres.pl\/sklep\/wp-json\/wp\/v2\/product_brand?post=12789"},{"taxonomy":"product_cat","embeddable":true,"href":"https:\/\/ceres.pl\/sklep\/wp-json\/wp\/v2\/product_cat?post=12789"},{"taxonomy":"product_tag","embeddable":true,"href":"https:\/\/ceres.pl\/sklep\/wp-json\/wp\/v2\/product_tag?post=12789"}],"curies":[{"name":"wp","href":"https:\/\/api.w.org\/{rel}","templated":true}]}}