{"id":12814,"date":"2026-03-17T15:13:31","date_gmt":"2026-03-17T14:13:31","guid":{"rendered":"https:\/\/ceres.pl\/sklep\/produkt\/bez-kategorii\/tree-binder-11-cm-4200-szt-w-kartonie\/"},"modified":"2026-03-31T10:03:51","modified_gmt":"2026-03-31T08:03:51","slug":"tree-binder-11-cm-4200-szt-w-kartonie","status":"publish","type":"product","link":"https:\/\/ceres.pl\/sklep\/produkt\/klipsy-do-malin\/tree-binder-11-cm-4200-szt-w-kartonie\/","title":{"rendered":"Tree binder 11 cm (4200 szt. w kartonie)"},"content":{"rendered":"<p>Klips tree binder s\u0142u\u017cy do mocowania ro\u015bliny lub krzaka do poziomego drutu. Klips jest samozaciskowy, je\u015bli jest dokr\u0119cony na drucie.<\/p>\n<table>\n<tbody>\n<tr>\n<td><\/td>\n<td><a href=\"http:\/\/ceres.pl\/wp-content\/uploads\/2018\/10\/kleur.png\"><img loading=\"lazy\" decoding=\"async\" class=\"size-full wp-image-7445 aligncenter\" src=\"http:\/\/ceres.pl\/wp-content\/uploads\/2018\/10\/kleur.png\" alt=\"\" width=\"35\" height=\"35\" \/><\/a><\/td>\n<td><a href=\"http:\/\/ceres.pl\/wp-content\/uploads\/2018\/10\/stuksperdoos.png\"><img loading=\"lazy\" decoding=\"async\" class=\"size-full wp-image-7447 aligncenter\" src=\"http:\/\/ceres.pl\/wp-content\/uploads\/2018\/10\/stuksperdoos.png\" alt=\"\" width=\"35\" height=\"35\" \/><\/a><\/td>\n<td><a href=\"http:\/\/ceres.pl\/wp-content\/uploads\/2018\/10\/doosformaat.png\"><img loading=\"lazy\" decoding=\"async\" class=\"size-full wp-image-7448 aligncenter\" src=\"http:\/\/ceres.pl\/wp-content\/uploads\/2018\/10\/doosformaat.png\" alt=\"\" width=\"35\" height=\"35\" \/><\/a><\/td>\n<td><a href=\"http:\/\/ceres.pl\/wp-content\/uploads\/2018\/10\/dozenperpallet.png\"><img loading=\"lazy\" decoding=\"async\" class=\"size-full wp-image-7449 aligncenter\" src=\"http:\/\/ceres.pl\/wp-content\/uploads\/2018\/10\/dozenperpallet.png\" alt=\"\" width=\"35\" height=\"35\" \/><\/a><\/td>\n<td><a href=\"http:\/\/ceres.pl\/wp-content\/uploads\/2018\/10\/palletformaat.png\"><img loading=\"lazy\" decoding=\"async\" class=\"size-full wp-image-7450 aligncenter\" src=\"http:\/\/ceres.pl\/wp-content\/uploads\/2018\/10\/palletformaat.png\" alt=\"\" width=\"35\" height=\"35\" \/><\/a><\/td>\n<td><a href=\"http:\/\/ceres.pl\/wp-content\/uploads\/2018\/10\/lengte.png\"><img loading=\"lazy\" decoding=\"async\" class=\"size-full wp-image-7488 aligncenter\" src=\"http:\/\/ceres.pl\/wp-content\/uploads\/2018\/10\/lengte.png\" alt=\"\" width=\"35\" height=\"35\" \/><\/a><\/td>\n<\/tr>\n<tr>\n<td style=\"text-align: center;\">\n<div class=\"attributeInformation indicatienr zichtbaar_Ja\">\n<div class=\"attributeInformation indicatienr zichtbaar_Ja\">\n<div class=\"attributeInformation indicatienr zichtbaar_Ja\">\n<div class=\"attributeInformation indicatienr zichtbaar_Ja\"><strong>6BB11<\/strong><\/div>\n<\/div>\n<\/div>\n<\/div>\n<\/td>\n<td style=\"text-align: center;\"><img decoding=\"async\" src=\"http:\/\/www.bato.nl\/images\/2012\/bal_zwart.gif\" alt=\"\" \/><\/td>\n<td style=\"text-align: center;\">4200<\/td>\n<td style=\"text-align: center;\">60x40x33<\/td>\n<td style=\"text-align: center;\">30<\/td>\n<td style=\"text-align: center;\">120&#215;100<\/td>\n<td style=\"text-align: center;\">11 cm<\/td>\n<\/tr>\n<\/tbody>\n<\/table>\n","protected":false},"excerpt":{"rendered":"<p>Klips tree binder s\u0142u\u017cy do mocowania ro\u015bliny lub krzaka do poziomego drutu. Klips jest samozaciskowy, je\u015bli jest dokr\u0119cony na drucie. 6BB11 4200 60x40x33 30 120&#215;100 11 cm<\/p>\n","protected":false},"featured_media":12841,"template":"","meta":{"_acf_changed":false,"_seopress_robots_primary_cat":"none","_seopress_titles_title":"","_seopress_titles_desc":"Klips tree binder s\u0142u\u017cy do mocowania ro\u015bliny lub krzaka do poziomego drutu","_seopress_robots_index":""},"product_brand":[],"product_cat":[100],"product_tag":[],"class_list":{"0":"post-12814","1":"product","2":"type-product","3":"status-publish","4":"has-post-thumbnail","6":"product_cat-klipsy-do-malin","8":"first","9":"instock","10":"taxable","11":"shipping-taxable","12":"purchasable","13":"product-type-simple"},"acf":[],"_links":{"self":[{"href":"https:\/\/ceres.pl\/sklep\/wp-json\/wp\/v2\/product\/12814","targetHints":{"allow":["GET"]}}],"collection":[{"href":"https:\/\/ceres.pl\/sklep\/wp-json\/wp\/v2\/product"}],"about":[{"href":"https:\/\/ceres.pl\/sklep\/wp-json\/wp\/v2\/types\/product"}],"wp:featuredmedia":[{"embeddable":true,"href":"https:\/\/ceres.pl\/sklep\/wp-json\/wp\/v2\/media\/12841"}],"wp:attachment":[{"href":"https:\/\/ceres.pl\/sklep\/wp-json\/wp\/v2\/media?parent=12814"}],"wp:term":[{"taxonomy":"product_brand","embeddable":true,"href":"https:\/\/ceres.pl\/sklep\/wp-json\/wp\/v2\/product_brand?post=12814"},{"taxonomy":"product_cat","embeddable":true,"href":"https:\/\/ceres.pl\/sklep\/wp-json\/wp\/v2\/product_cat?post=12814"},{"taxonomy":"product_tag","embeddable":true,"href":"https:\/\/ceres.pl\/sklep\/wp-json\/wp\/v2\/product_tag?post=12814"}],"curies":[{"name":"wp","href":"https:\/\/api.w.org\/{rel}","templated":true}]}}