{"id":12915,"date":"2026-03-20T15:42:39","date_gmt":"2026-03-20T14:42:39","guid":{"rendered":"https:\/\/ceres.pl\/sklep\/produkt\/bez-kategorii\/klozer-g-20-05-1-mm-opak-10kg\/"},"modified":"2026-04-30T15:54:00","modified_gmt":"2026-04-30T13:54:00","slug":"klozer-g-20-05-1-mm-opak-10kg","status":"publish","type":"product","link":"https:\/\/ceres.pl\/sklep\/produkt\/pozyteczne-mikroorganizmy\/preparaty-poprawiajace-odzywienie-roslin\/klozer-g-20-05-1-mm-opak-10kg\/","title":{"rendered":"Klozer G (20) 0,5-1 mm opak. 10kg"},"content":{"rendered":"<p>Granulat \u2013 SP3<\/p>\n<p>KLOZER G to innowacyjny produkt wspieraj\u0105cy rozw\u00f3j korzystnej mikroflory, z\u0142o\u017conej z <strong>grzyb\u00f3w entomopatogenicznych<\/strong> takich jak <em>Beauveria bassiana<\/em> i <em>Metarhizium<\/em>, a tak\u017ce bakterii ryzosferowych. Mikroorganizmy te kolonizuj\u0105 system korzeniowy ro\u015blin, stymuluj\u0105c rozw\u00f3j korzeni, poprawiaj\u0105c pobieranie sk\u0142adnik\u00f3w pokarmowych oraz zwi\u0119kszaj\u0105c tolerancj\u0119 ro\u015blin na stres \u015brodowiskowy.<\/p>\n<p>Opr\u00f3cz aplikacji doglebowej, KLOZER G doskonale sprawdza si\u0119 w <strong>pod\u0142o\u017cach szk\u00f3\u0142karskich i substratach do produkcji rozsady<\/strong>, co czyni go idealnym rozwi\u0105zaniem dla upraw szklarniowych i bezglebowych. Dzi\u0119ki swoim w\u0142a\u015bciwo\u015bciom stanowi kluczowy element biologicznego i zr\u00f3wnowa\u017conego zarz\u0105dzania agroekosystemami, przyczyniaj\u0105c si\u0119 do poprawy zdrowotno\u015bci i produktywno\u015bci upraw.<\/p>\n<p><strong>MECHANIZM DZIA\u0141ANIA<\/strong><\/p>\n<p>Grzyby entomopatogeniczne odgrywaj\u0105 naturaln\u0105 i istotn\u0105 rol\u0119 w biologicznym zwalczaniu szkodnik\u00f3w. Ich zarodniki, po kontakcie z owadami, penetruj\u0105 ich egzoszkielet i wywo\u0142uj\u0105 infekcj\u0119 prowadz\u0105c\u0105 do \u015bmierci gospodarza poprzez produkcj\u0119 toksycznych metabolit\u00f3w.<\/p>\n<p>Dodatkowo mikroorganizmy zawarte w KLOZER G tworz\u0105 relacje endofityczne z systemem korzeniowym ro\u015blin. Pobudzaj\u0105 ro\u015blin\u0119 do aktywacji mechanizm\u00f3w odporno\u015bciowych, zwi\u0119kszaj\u0105c jej zdolno\u015b\u0107 do obrony przed stresem biotycznym i abiotycznym, co przek\u0142ada si\u0119 na lepsz\u0105 kondycj\u0119 i wy\u017csz\u0105 produktywno\u015b\u0107.<\/p>\n<p><strong>SPECYFICZNE DZIA\u0141ANIE \u2013 INOKULUM GRZYB\u00d3W MIKORYZOWYCH<\/strong><\/p>\n<p>Numer rejestracyjny nawozu organicznego w Republice W\u0142oskiej: 0035126\/21<\/p>\n<p>SK\u0141AD<\/p>\n<p>\u00b7 Typ: produkt poprawiaj\u0105cy jako\u015b\u0107 gleby<\/p>\n<p>\u00b7 Zawarto\u015b\u0107 mikoryz: 1%<\/p>\n<p>\u00b7 Zawarto\u015b\u0107 bakterii ryzosferowych: 10\u00b2 jtk\/g<\/p>\n<p>\u00b7 Brak GMO i patogen\u00f3w<\/p>\n<p>&nbsp;<\/p>\n<p><strong>W\u0142a\u015bciwo\u015bci fizykochemiczne<\/strong><\/p>\n<table>\n<tbody>\n<tr>\n<td><strong>Parametr<\/strong><\/td>\n<td><strong>Warto\u015b\u0107<\/strong><\/td>\n<\/tr>\n<tr>\n<td>Kolor<\/td>\n<td>Ciemnozielony<\/td>\n<\/tr>\n<tr>\n<td>Zapach<\/td>\n<td>Znikomy<\/td>\n<\/tr>\n<tr>\n<td>Rozpuszczalno\u015b\u0107<\/td>\n<td>Nierozpuszczalny<\/td>\n<\/tr>\n<\/tbody>\n<\/table>\n<p>&nbsp;<\/p>\n<p><strong>FORMULACJA<\/strong><\/p>\n<ul>\n<li>Granulat<\/li>\n<\/ul>\n<p><strong>KLASYFIKACJA<\/strong><\/p>\n<ul>\n<li>Brak<\/li>\n<\/ul>\n<p><strong>OPAKOWANIA<\/strong><\/p>\n<table>\n<tbody>\n<tr>\n<td>Worek<\/td>\n<td>10 kg<\/td>\n<\/tr>\n<\/tbody>\n<\/table>\n<p><strong>INSTRUKCJA STOSOWANIA<\/strong><\/p>\n<table>\n<tbody>\n<tr>\n<td><strong>Metoda aplikacji<\/strong><\/td>\n<td><strong>Dawka<\/strong><\/td>\n<\/tr>\n<tr>\n<td>Aplikacja lokalna<\/td>\n<td>10 kg\/ha<\/td>\n<\/tr>\n<tr>\n<td>Mieszanie z pod\u0142o\u017cem<\/td>\n<td>0,5\u20131 kg\/m\u00b3<\/td>\n<\/tr>\n<\/tbody>\n<\/table>\n","protected":false},"excerpt":{"rendered":"<p>Granulat \u2013 SP3 KLOZER G to innowacyjny produkt wspieraj\u0105cy rozw\u00f3j korzystnej mikroflory, z\u0142o\u017conej z grzyb\u00f3w entomopatogenicznych takich jak Beauveria bassiana i Metarhizium, a tak\u017ce bakterii ryzosferowych. Mikroorganizmy te kolonizuj\u0105 system korzeniowy ro\u015blin, stymuluj\u0105c rozw\u00f3j korzeni, poprawiaj\u0105c pobieranie sk\u0142adnik\u00f3w pokarmowych oraz zwi\u0119kszaj\u0105c tolerancj\u0119 ro\u015blin na stres \u015brodowiskowy. Opr\u00f3cz aplikacji doglebowej, KLOZER G doskonale sprawdza si\u0119 w [&hellip;]<\/p>\n","protected":false},"featured_media":12933,"template":"","meta":{"_acf_changed":false,"_seopress_robots_primary_cat":"none","_seopress_titles_title":"","_seopress_titles_desc":"KLOZER G to innowacyjny produkt wspieraj\u0105cy rozw\u00f3j korzystnej mikroflory, z\u0142o\u017conej z grzyb\u00f3w entomopatogenicznych takich jak Beauveria bassiana i Metarhizium, a tak\u017ce bakterii ryzosferowych. Mikroorganizmy te kolonizuj\u0105 system korzeniowy ro\u015blin, stymuluj\u0105c rozw\u00f3j korzeni, poprawiaj\u0105c pobieranie sk\u0142adnik\u00f3w pokarmowych oraz zwi\u0119kszaj\u0105c tolerancj\u0119 ro\u015blin na stres \u015brodowiskowy.","_seopress_robots_index":""},"product_brand":[],"product_cat":[141,185],"product_tag":[],"class_list":{"0":"post-12915","1":"product","2":"type-product","3":"status-publish","4":"has-post-thumbnail","6":"product_cat-pozyteczne-mikroorganizmy","7":"product_cat-preparaty-poprawiajace-odzywienie-roslin","9":"first","10":"instock","11":"taxable","12":"shipping-taxable","13":"purchasable","14":"product-type-simple"},"acf":[],"_links":{"self":[{"href":"https:\/\/ceres.pl\/sklep\/wp-json\/wp\/v2\/product\/12915","targetHints":{"allow":["GET"]}}],"collection":[{"href":"https:\/\/ceres.pl\/sklep\/wp-json\/wp\/v2\/product"}],"about":[{"href":"https:\/\/ceres.pl\/sklep\/wp-json\/wp\/v2\/types\/product"}],"wp:featuredmedia":[{"embeddable":true,"href":"https:\/\/ceres.pl\/sklep\/wp-json\/wp\/v2\/media\/12933"}],"wp:attachment":[{"href":"https:\/\/ceres.pl\/sklep\/wp-json\/wp\/v2\/media?parent=12915"}],"wp:term":[{"taxonomy":"product_brand","embeddable":true,"href":"https:\/\/ceres.pl\/sklep\/wp-json\/wp\/v2\/product_brand?post=12915"},{"taxonomy":"product_cat","embeddable":true,"href":"https:\/\/ceres.pl\/sklep\/wp-json\/wp\/v2\/product_cat?post=12915"},{"taxonomy":"product_tag","embeddable":true,"href":"https:\/\/ceres.pl\/sklep\/wp-json\/wp\/v2\/product_tag?post=12915"}],"curies":[{"name":"wp","href":"https:\/\/api.w.org\/{rel}","templated":true}]}}