{"id":13243,"date":"2026-04-28T15:57:35","date_gmt":"2026-04-28T13:57:35","guid":{"rendered":"https:\/\/ceres.pl\/sklep\/produkt\/bez-kategorii\/triash-g-20-10-kg\/"},"modified":"2026-04-30T15:54:00","modified_gmt":"2026-04-30T13:54:00","slug":"triash-g-20-10-kg","status":"publish","type":"product","link":"https:\/\/ceres.pl\/sklep\/produkt\/pozyteczne-mikroorganizmy\/triash-g-20-10-kg\/","title":{"rendered":"Triash G 20  10 kg"},"content":{"rendered":"<p><strong>TRIASH G20<\/strong><\/p>\n<p><strong>Granulat \u2013 SP3 z Trichoderm\u0105<\/strong><\/p>\n<p>TRIASH G to innowacyjny preparat mikrobiologiczny oparty na:<\/p>\n<p>\u00b7 Trichoderma asperellum<\/p>\n<p>\u00b7 Trichoderma harzianum<\/p>\n<p>\u00b7 Trichoderma longibrachiatum<\/p>\n<p>opracowany w celu wspierania wzrostu ro\u015blin i naturalnej poprawy ich zdrowotno\u015bci.<\/p>\n<p><strong>Preparat:<\/strong><\/p>\n<p><strong>\u00b7 stymuluje rozw\u00f3j systemu korzeniowego,<\/strong><\/p>\n<p><strong>\u00b7 zwi\u0119ksza efektywno\u015b\u0107 pobierania sk\u0142adnik\u00f3w pokarmowych,<\/strong><\/p>\n<p><strong>\u00b7 wzmacnia naturalne mechanizmy obronne ro\u015blin,<\/strong><\/p>\n<p><strong>\u00b7 dzia\u0142a skutecznie w szerokim zakresie warunk\u00f3w glebowych i klimatycznych.<\/strong><\/p>\n<p>&nbsp;<\/p>\n<p><strong>MECHANIZM DZIA\u0141ANIA<\/strong><\/p>\n<p>Preparat wspiera rozw\u00f3j korzeni oraz pobieranie sk\u0142adnik\u00f3w pokarmowych poprzez:<\/p>\n<p>\u00b7 produkcj\u0119 fitohormon\u00f3w,<\/p>\n<p>\u00b7 wydzielanie kwas\u00f3w organicznych mobilizuj\u0105cych fosfor, \u017celazo i mikroelementy.<\/p>\n<p>&nbsp;<\/p>\n<p><strong>Wzbudzanie odporno\u015bci<\/strong><\/p>\n<p>Mikroorganizmy przygotowuj\u0105 ro\u015blin\u0119 do szybszej reakcji na stres i presj\u0119 patogen\u00f3w poprzez aktywacj\u0119 mechanizm\u00f3w odporno\u015bci indukowanej (ISR).<\/p>\n<p>&nbsp;<\/p>\n<p><strong>Ograniczanie stresu biotycznego<\/strong><\/p>\n<p>Trichoderma:<\/p>\n<p>\u00b7 konkuruje z patogenami o przestrze\u0144 i zasoby,<\/p>\n<p>\u00b7 produkuje zwi\u0105zki antymikrobiowe,<\/p>\n<p>\u00b7 wykazuje dzia\u0142anie mykopaso\u017cytnicze poprzez enzymatyczn\u0105 degradacj\u0119 patogen\u00f3w.<\/p>\n<p>&nbsp;<\/p>\n<p><strong>Widoczne efekty na ro\u015blinach<\/strong><\/p>\n<p>Stosowanie TRIASH G mo\u017ce wspiera\u0107 uzyskanie nast\u0119puj\u0105cych efekt\u00f3w:<\/p>\n<p>\u00b7 szybszy rozw\u00f3j i wi\u0119ksza masa systemu korzeniowego,<\/p>\n<p>\u00b7 intensywniejszy wigor pocz\u0105tkowy ro\u015blin,<\/p>\n<p>\u00b7 lepsze ukorzenienie i szybsze przyjmowanie si\u0119 rozsady,<\/p>\n<p>\u00b7 poprawa od\u017cywienia i wzrostu ro\u015blin,<\/p>\n<p>\u00b7 wy\u017csza tolerancja na stresy \u015brodowiskowe,<\/p>\n<p>\u00b7 wi\u0119ksza zdrowotno\u015b\u0107 systemu korzeniowego,<\/p>\n<p>\u00b7 bardziej wyr\u00f3wnana produkcja.<\/p>\n<p>&nbsp;<\/p>\n<p><strong>Wdro\u017cenie TRIASH G mo\u017ce wspiera\u0107:<\/strong><\/p>\n<p>\u00b7 popraw\u0119 efektywno\u015bci nawo\u017cenia,<\/p>\n<p>\u00b7 lepsze wykorzystanie potencja\u0142u stanowiska,<\/p>\n<p>\u00b7 stabilizacj\u0119 plonowania w warunkach stresowych,<\/p>\n<p>\u00b7 popraw\u0119 bezpiecze\u0144stwa produkcji w systemach intensywnych,<\/p>\n<p>\u00b7 zwi\u0119kszenie efektywno\u015bci ekonomicznej poprzez popraw\u0119 zdrowotno\u015bci i wigoru upraw.<\/p>\n<p>&nbsp;<\/p>\n<p>Z do\u015bwiadcze\u0144 w\u0142asnych i obserwacji u klient\u00f3w wida\u0107 wyra\u017anie , \u017ce stosowanie TRIASHa ze SPHER\u0105 znacz\u0105co podnosi korzy\u015bci zar\u00f3wno ro\u015blin jak i gospodarstwa.<\/p>\n<p>&nbsp;<\/p>\n<p><strong>SPECYFICZNE DZIA\u0141ANIE \u2013 INOKULUM GRZYB\u00d3W MIKORYZOWYCH<\/strong><\/p>\n<p><strong>Numer rejestracyjny nawozu organicznego w Republice W\u0142oskiej: 0045331\/25<\/strong><\/p>\n<p>&nbsp;<\/p>\n<p><strong>SK\u0141AD<\/strong><\/p>\n<p>\u00b7 Typ: produkt poprawiaj\u0105cy jako\u015bc gleby<\/p>\n<p>\u00b7 Zawarto\u015b\u0107 mikoryz: 1%<\/p>\n<p>\u00b7 Bakterie ryzosferowe: 10\u00b2 jtk\/g<\/p>\n<p>\u00b7 Trichoderma spp.: 10\u2078 jtk\/g<\/p>\n<p>\u00b7 Brak GMO i patogen\u00f3w<\/p>\n<p>&nbsp;<\/p>\n<p><strong>W\u0142a\u015bciwo\u015bci fizykochemiczne<\/strong><\/p>\n<table style=\"border-collapse: collapse; width: 61.735%; height: 69px;\">\n<tbody>\n<tr style=\"height: 23px;\">\n<td style=\"width: 34.5662%; height: 23px;\"><strong>Parametr<\/strong><\/td>\n<td style=\"width: 27.169%; height: 23px;\"><strong>Warto\u015b\u0107<\/strong><\/td>\n<\/tr>\n<tr style=\"height: 23px;\">\n<td style=\"width: 34.5662%; height: 23px;\">Zapach<\/td>\n<td style=\"width: 27.169%; height: 23px;\">Znikomy<\/td>\n<\/tr>\n<tr style=\"height: 23px;\">\n<td style=\"width: 34.5662%; height: 23px;\">Rozpuszczalno\u015b\u0107<\/td>\n<td style=\"width: 27.169%; height: 23px;\">Nierozpuszczalny<\/td>\n<\/tr>\n<\/tbody>\n<\/table>\n<p>&nbsp;<\/p>\n<p><strong>FORMULACJA<\/strong><\/p>\n<p>\u00b7 Granulat<\/p>\n<p><strong>KLASYFIKACJA<\/strong><\/p>\n<p>\u00b7 Brak<\/p>\n<p><strong>OPAKOWANIA<\/strong><\/p>\n<p>Worek 10 kg<\/p>\n<p>&nbsp;<\/p>\n<p><strong>INSTRUKCJA STOSOWANIA<\/strong><\/p>\n<table style=\"border-collapse: collapse; width: 100%;\">\n<tbody>\n<tr>\n<td style=\"width: 50%;\"><strong>Metoda aplikacji<\/strong><\/td>\n<td style=\"width: 50%;\"><strong>Dawka<\/strong><\/td>\n<\/tr>\n<tr>\n<td style=\"width: 50%;\">Aplikacja lokalna<\/td>\n<td style=\"width: 50%;\">10 kg\/ha<\/td>\n<\/tr>\n<tr>\n<td style=\"width: 50%;\">Mieszanie z pod\u0142o\u017cem<\/td>\n<td style=\"width: 50%;\">0,5\u20131 kg\/m\u00b3<\/td>\n<\/tr>\n<\/tbody>\n<\/table>\n","protected":false},"excerpt":{"rendered":"<p>TRIASH G20 Granulat \u2013 SP3 z Trichoderm\u0105 TRIASH G to innowacyjny preparat mikrobiologiczny oparty na: \u00b7 Trichoderma asperellum \u00b7 Trichoderma harzianum \u00b7 Trichoderma longibrachiatum opracowany w celu wspierania wzrostu ro\u015blin i naturalnej poprawy ich zdrowotno\u015bci. Preparat: \u00b7 stymuluje rozw\u00f3j systemu korzeniowego, \u00b7 zwi\u0119ksza efektywno\u015b\u0107 pobierania sk\u0142adnik\u00f3w pokarmowych, \u00b7 wzmacnia naturalne mechanizmy obronne ro\u015blin, \u00b7 dzia\u0142a [&hellip;]<\/p>\n","protected":false},"featured_media":13246,"template":"","meta":{"_acf_changed":false,"_seopress_robots_primary_cat":"none","_seopress_titles_title":"","_seopress_titles_desc":"TRIASH G to innowacyjny preparat mikrobiologiczny opracowany w celu wspierania wzrostu ro\u015blin i naturalnej poprawy ich zdrowotno\u015bci.","_seopress_robots_index":""},"product_brand":[],"product_cat":[141],"product_tag":[],"class_list":{"0":"post-13243","1":"product","2":"type-product","3":"status-publish","4":"has-post-thumbnail","6":"product_cat-pozyteczne-mikroorganizmy","8":"first","9":"instock","10":"taxable","11":"shipping-taxable","12":"purchasable","13":"product-type-simple"},"acf":[],"_links":{"self":[{"href":"https:\/\/ceres.pl\/sklep\/wp-json\/wp\/v2\/product\/13243","targetHints":{"allow":["GET"]}}],"collection":[{"href":"https:\/\/ceres.pl\/sklep\/wp-json\/wp\/v2\/product"}],"about":[{"href":"https:\/\/ceres.pl\/sklep\/wp-json\/wp\/v2\/types\/product"}],"wp:featuredmedia":[{"embeddable":true,"href":"https:\/\/ceres.pl\/sklep\/wp-json\/wp\/v2\/media\/13246"}],"wp:attachment":[{"href":"https:\/\/ceres.pl\/sklep\/wp-json\/wp\/v2\/media?parent=13243"}],"wp:term":[{"taxonomy":"product_brand","embeddable":true,"href":"https:\/\/ceres.pl\/sklep\/wp-json\/wp\/v2\/product_brand?post=13243"},{"taxonomy":"product_cat","embeddable":true,"href":"https:\/\/ceres.pl\/sklep\/wp-json\/wp\/v2\/product_cat?post=13243"},{"taxonomy":"product_tag","embeddable":true,"href":"https:\/\/ceres.pl\/sklep\/wp-json\/wp\/v2\/product_tag?post=13243"}],"curies":[{"name":"wp","href":"https:\/\/api.w.org\/{rel}","templated":true}]}}