{"id":145,"date":"2019-11-12T11:35:10","date_gmt":"2019-11-12T10:35:10","guid":{"rendered":"https:\/\/ceres.pl\/sklep\/sklep\/bez-kategorii\/tkanina-polipropylenowa-basic-160-m\/"},"modified":"2026-04-08T11:04:55","modified_gmt":"2026-04-08T09:04:55","slug":"tkanina-polipropylenowa-basic-160-m","status":"publish","type":"product","link":"https:\/\/ceres.pl\/sklep\/produkt\/agrotkaniny-ogrodnicze\/tkanina-polipropylenowa-basic-160-m\/","title":{"rendered":"Tkanina polipropylenowa Basic 1,60 m rolka"},"content":{"rendered":"<p>Tkaniny polipropylenowe w kolorze czarnym s\u0105 materia\u0142ami z za\u0142o\u017cenia przeznaczonymi do g\u0142uszenia i blokowania wzrostu chwast\u00f3w. Powstaj\u0105 z ta\u015bm polipropylenowych przeplatanych ze sob\u0105 krzy\u017cowo. Dzi\u0119ki takiej strukturze charakteryzuj\u0105 si\u0119 wysok\u0105 wytrzyma\u0142o\u015bci\u0105 mechaniczn\u0105, jak r\u00f3wnie\u017c zapewniaj\u0105 maksymaln\u0105 ochron\u0119 przed wzrostem chwast\u00f3w. Jednocze\u015bnie tkaniny, co jest niezmiernie istotne, przepuszczaj\u0105 wod\u0119 oraz powietrze niezb\u0119dne do wzrostu ro\u015blin. Tkaniny Basic maj\u0105 zielon\u0105 kratk\u0119 15&#215;15 cm.<\/p>\n<p>STABILIZACJA UV: 600kly \u2013 min 6 lat<\/p>\n<p>GRAMATURA: 100g\/m2<\/p>\n<p>KOLOR: czarny<\/p>\n<p>D\u0141UGO\u015a\u0106: 100 mb<\/p>\n","protected":false},"excerpt":{"rendered":"<p>Tkaniny polipropylenowe w kolorze czarnym s\u0105 materia\u0142ami z za\u0142o\u017cenia przeznaczonymi do g\u0142uszenia i blokowania wzrostu chwast\u00f3w. Powstaj\u0105 z ta\u015bm polipropylenowych przeplatanych ze sob\u0105 krzy\u017cowo. Dzi\u0119ki takiej strukturze charakteryzuj\u0105 si\u0119 wysok\u0105 wytrzyma\u0142o\u015bci\u0105 mechaniczn\u0105, jak r\u00f3wnie\u017c zapewniaj\u0105 maksymaln\u0105 ochron\u0119 przed wzrostem chwast\u00f3w. Jednocze\u015bnie tkaniny, co jest niezmiernie istotne, przepuszczaj\u0105 wod\u0119 oraz powietrze niezb\u0119dne do wzrostu ro\u015blin. Tkaniny [&hellip;]<\/p>\n","protected":false},"featured_media":140,"template":"","meta":{"_acf_changed":false,"_seopress_robots_primary_cat":"none","_seopress_titles_title":"","_seopress_titles_desc":"","_seopress_robots_index":""},"product_brand":[],"product_cat":[27],"product_tag":[],"class_list":{"0":"post-145","1":"product","2":"type-product","3":"status-publish","4":"has-post-thumbnail","6":"product_cat-agrotkaniny-ogrodnicze","8":"first","9":"instock","10":"taxable","11":"shipping-taxable","12":"purchasable","13":"product-type-simple"},"acf":[],"_links":{"self":[{"href":"https:\/\/ceres.pl\/sklep\/wp-json\/wp\/v2\/product\/145","targetHints":{"allow":["GET"]}}],"collection":[{"href":"https:\/\/ceres.pl\/sklep\/wp-json\/wp\/v2\/product"}],"about":[{"href":"https:\/\/ceres.pl\/sklep\/wp-json\/wp\/v2\/types\/product"}],"wp:featuredmedia":[{"embeddable":true,"href":"https:\/\/ceres.pl\/sklep\/wp-json\/wp\/v2\/media\/140"}],"wp:attachment":[{"href":"https:\/\/ceres.pl\/sklep\/wp-json\/wp\/v2\/media?parent=145"}],"wp:term":[{"taxonomy":"product_brand","embeddable":true,"href":"https:\/\/ceres.pl\/sklep\/wp-json\/wp\/v2\/product_brand?post=145"},{"taxonomy":"product_cat","embeddable":true,"href":"https:\/\/ceres.pl\/sklep\/wp-json\/wp\/v2\/product_cat?post=145"},{"taxonomy":"product_tag","embeddable":true,"href":"https:\/\/ceres.pl\/sklep\/wp-json\/wp\/v2\/product_tag?post=145"}],"curies":[{"name":"wp","href":"https:\/\/api.w.org\/{rel}","templated":true}]}}