{"id":1688,"date":"2020-05-22T13:44:24","date_gmt":"2020-05-22T11:44:24","guid":{"rendered":"https:\/\/ceres.pl\/sklep\/produkt\/bez-kategorii\/folia-czarna-do-mulczowania-dalin-100-cm-x-2000-mb-15mu-2\/"},"modified":"2026-04-08T09:03:54","modified_gmt":"2026-04-08T07:03:54","slug":"folia-czarna-do-mulczowania-dalin-100-cm-x-2000-mb-15mu","status":"publish","type":"product","link":"https:\/\/ceres.pl\/sklep\/produkt\/folie-do-mulczowania\/folia-czarna-do-mulczowania-dalin-100-cm-x-2000-mb-15mu\/","title":{"rendered":"Folia czarna do mulczowania DALIN 100 cm x 2000 mb 15mu"},"content":{"rendered":"<h4><strong>Folia Dalin<\/strong><\/h4>\n<p>Folia cechuje si\u0119 bardzo wysok\u0105 wytrzyma\u0142o\u015bci\u0105 na rozci\u0105ganie i rozrywanie przy stosunkowo ma\u0142ej grubo\u015bci, dzi\u0119ki zastosowaniu materia\u0142u o du\u017cej g\u0119sto\u015bci. Folia przyczynia si\u0119 do ograniczenia wyrastania chwast\u00f3w oraz utraty wilgoci z ziemi.<\/p>\n<p><strong>Szeroko\u015b\u0107:<\/strong>\u00a0100 cm<br \/>\n<strong>Grubo\u015b\u0107:<\/strong> 15 mikron\u00f3w<br \/>\n<strong>D\u0142ugo\u015b\u0107:<\/strong> 2000 m<br \/>\n<strong>Stabilizacja UV:<\/strong>\u00a01 sezon<\/p>\n<p>&nbsp;<\/p>\n<p>&nbsp;<\/p>\n","protected":false},"excerpt":{"rendered":"<p>Folia Dalin Folia cechuje si\u0119 bardzo wysok\u0105 wytrzyma\u0142o\u015bci\u0105 na rozci\u0105ganie i rozrywanie przy stosunkowo ma\u0142ej grubo\u015bci, dzi\u0119ki zastosowaniu materia\u0142u o du\u017cej g\u0119sto\u015bci. Folia przyczynia si\u0119 do ograniczenia wyrastania chwast\u00f3w oraz utraty wilgoci z ziemi. Szeroko\u015b\u0107:\u00a0100 cm Grubo\u015b\u0107: 15 mikron\u00f3w D\u0142ugo\u015b\u0107: 2000 m Stabilizacja UV:\u00a01 sezon &nbsp; &nbsp;<\/p>\n","protected":false},"featured_media":6247,"template":"","meta":{"_acf_changed":false,"_seopress_robots_primary_cat":"none","_seopress_titles_title":"","_seopress_titles_desc":"","_seopress_robots_index":""},"product_brand":[],"product_cat":[105],"product_tag":[],"class_list":{"0":"post-1688","1":"product","2":"type-product","3":"status-publish","4":"has-post-thumbnail","6":"product_cat-folie-do-mulczowania","8":"first","9":"instock","10":"sale","11":"taxable","12":"shipping-taxable","13":"purchasable","14":"product-type-simple"},"acf":[],"_links":{"self":[{"href":"https:\/\/ceres.pl\/sklep\/wp-json\/wp\/v2\/product\/1688","targetHints":{"allow":["GET"]}}],"collection":[{"href":"https:\/\/ceres.pl\/sklep\/wp-json\/wp\/v2\/product"}],"about":[{"href":"https:\/\/ceres.pl\/sklep\/wp-json\/wp\/v2\/types\/product"}],"wp:featuredmedia":[{"embeddable":true,"href":"https:\/\/ceres.pl\/sklep\/wp-json\/wp\/v2\/media\/6247"}],"wp:attachment":[{"href":"https:\/\/ceres.pl\/sklep\/wp-json\/wp\/v2\/media?parent=1688"}],"wp:term":[{"taxonomy":"product_brand","embeddable":true,"href":"https:\/\/ceres.pl\/sklep\/wp-json\/wp\/v2\/product_brand?post=1688"},{"taxonomy":"product_cat","embeddable":true,"href":"https:\/\/ceres.pl\/sklep\/wp-json\/wp\/v2\/product_cat?post=1688"},{"taxonomy":"product_tag","embeddable":true,"href":"https:\/\/ceres.pl\/sklep\/wp-json\/wp\/v2\/product_tag?post=1688"}],"curies":[{"name":"wp","href":"https:\/\/api.w.org\/{rel}","templated":true}]}}