{"id":1695,"date":"2020-05-22T15:18:27","date_gmt":"2020-05-22T13:18:27","guid":{"rendered":"https:\/\/ceres.pl\/sklep\/produkt\/bez-kategorii\/siatka-cieniujaca-tp35-800-cm-x-100-mb-rolka\/"},"modified":"2026-03-20T08:18:32","modified_gmt":"2026-03-20T07:18:32","slug":"siatka-cieniujaca-tp35-800-cm-x-100-mb","status":"publish","type":"product","link":"https:\/\/ceres.pl\/sklep\/produkt\/siatki-cieniujace\/siatka-cieniujaca-tp35-800-cm-x-100-mb\/","title":{"rendered":"Siatka cieniuj\u0105ca TP35 800 cm x 100 mb rolka"},"content":{"rendered":"<p>Siatka cieniuj\u0105ca przeznaczona do ograniczenia promieniowania s\u0142onecznego przy produkcji sadzonek i przy uprawie kontenerowej oraz w celu ochrony ro\u015blin przed przymrozkami.<\/p>\n<p><strong>Stopie\u0144 zacienienia:<\/strong> 35%<br \/>\n<strong>Kolor:<\/strong>\u00a0ciemnozielony<br \/>\n<strong>Stabilizacja na UV:<\/strong>\u00a05 lat<br \/>\n<strong>Szeroko\u015b\u0107 rolki:<\/strong> 800 cm (+ 5 cm)<br \/>\n<strong>D\u0142ugo\u015b\u0107 rolki:<\/strong>\u00a0100 mb (+\/- 2%)<\/p>\n","protected":false},"excerpt":{"rendered":"<p>Siatka cieniuj\u0105ca przeznaczona do ograniczenia promieniowania s\u0142onecznego przy produkcji sadzonek i przy uprawie kontenerowej oraz w celu ochrony ro\u015blin przed przymrozkami. Stopie\u0144 zacienienia: 35% Kolor:\u00a0ciemnozielony Stabilizacja na UV:\u00a05 lat Szeroko\u015b\u0107 rolki: 800 cm (+ 5 cm) D\u0142ugo\u015b\u0107 rolki:\u00a0100 mb (+\/- 2%)<\/p>\n","protected":false},"featured_media":1638,"template":"","meta":{"_acf_changed":false,"_seopress_robots_primary_cat":"none","_seopress_titles_title":"","_seopress_titles_desc":"","_seopress_robots_index":""},"product_brand":[],"product_cat":[109],"product_tag":[],"class_list":{"0":"post-1695","1":"product","2":"type-product","3":"status-publish","4":"has-post-thumbnail","6":"product_cat-siatki-cieniujace","8":"first","9":"instock","10":"taxable","11":"shipping-taxable","12":"purchasable","13":"product-type-simple"},"acf":[],"_links":{"self":[{"href":"https:\/\/ceres.pl\/sklep\/wp-json\/wp\/v2\/product\/1695","targetHints":{"allow":["GET"]}}],"collection":[{"href":"https:\/\/ceres.pl\/sklep\/wp-json\/wp\/v2\/product"}],"about":[{"href":"https:\/\/ceres.pl\/sklep\/wp-json\/wp\/v2\/types\/product"}],"wp:featuredmedia":[{"embeddable":true,"href":"https:\/\/ceres.pl\/sklep\/wp-json\/wp\/v2\/media\/1638"}],"wp:attachment":[{"href":"https:\/\/ceres.pl\/sklep\/wp-json\/wp\/v2\/media?parent=1695"}],"wp:term":[{"taxonomy":"product_brand","embeddable":true,"href":"https:\/\/ceres.pl\/sklep\/wp-json\/wp\/v2\/product_brand?post=1695"},{"taxonomy":"product_cat","embeddable":true,"href":"https:\/\/ceres.pl\/sklep\/wp-json\/wp\/v2\/product_cat?post=1695"},{"taxonomy":"product_tag","embeddable":true,"href":"https:\/\/ceres.pl\/sklep\/wp-json\/wp\/v2\/product_tag?post=1695"}],"curies":[{"name":"wp","href":"https:\/\/api.w.org\/{rel}","templated":true}]}}