{"id":1700,"date":"2020-05-22T15:25:40","date_gmt":"2020-05-22T13:25:40","guid":{"rendered":"https:\/\/ceres.pl\/sklep\/produkt\/bez-kategorii\/klozer-1-l\/"},"modified":"2026-04-08T16:04:04","modified_gmt":"2026-04-08T14:04:04","slug":"klozer-1l","status":"publish","type":"product","link":"https:\/\/ceres.pl\/sklep\/produkt\/pozyteczne-mikroorganizmy\/preparaty-poprawiajace-odzywienie-roslin\/klozer-1l\/","title":{"rendered":"Klozer 1 l"},"content":{"rendered":"<div class=\"row\">\n<div class=\"col-12\">\n<h2>KLOZER &#8211; <span data-olk-copy-source=\"MessageBody\">Szczepionka mikoryzowa poprawiaj\u0105ca jako\u015b\u0107 gleby szczeg\u00f3lnie na stanowiskach opanowanych przez larwy owad\u00f3w<\/span><\/h2>\n<\/div>\n<\/div>\n<div class=\"row\">\n<div class=\"col-12\">\n<p><b><span data-olk-copy-source=\"MessageBody\">\u015arodek zawieraj\u0105cy \u017cywe mikroorganizmy, wspomagaj\u0105cy upraw\u0119 ro\u015blin, dopuszczony do stosowania w uprawach ekologicznych w UE.<\/span><\/b><\/p>\n<p><b>KLOZER<\/b>\u00a0znajduje zastosowanie w glebach i pod\u0142o\u017cach ogrodniczych. Jest pot\u0119\u017cnym sojusznikiem w uprawach pod os\u0142onami, a tak\u017ce w uprawach polowych. KLOZER sprzyja rozwojowi po\u017cytecznej mikroflory grzyb\u00f3w nale\u017c\u0105cych do rodzaj\u00f3w Beauveria i Metarhizium oraz innych, kt\u00f3re od\u017cywiaj\u0105 si\u0119 bia\u0142kami w ciele owad\u00f3w. Grzyby te, tworz\u0105c powi\u0105zania tkankowe z ro\u015blin\u0105 uprawn\u0105 zaopatruj\u0105 j\u0105 bezpo\u015brednio w substancje od\u017cywcze pozyskane z owad\u00f3w. Atakuj\u0105 szerok\u0105 gam\u0119 gatunk\u00f3w, co stanowi ogromn\u0105 zalet\u0119 w kontroli biologicznej owad\u00f3w szkodliwych. Grzyby entomopatogeniczne s\u0105 dobrze przystosowane do klimatu umiarkowanego, a u odpowiednich owad\u00f3w-gospodarzy s\u0105 w stanie prowadzi\u0107 naturalny cykl reprodukcyjny. Zarodniki przenosz\u0105 si\u0119 przez ruchy powietrza i osiadaj\u0105 w glebie. Do skutecznego dzia\u0142ania powy\u017cszych grzyb\u00f3w niezb\u0119dny jest kontakt owada z zarodnikami grzyba. Po zainfekowaniu owada grzyb szybko si\u0119 rozwija, co prowadzi do jego \u015bmierci w ci\u0105gu kilku dni. Zawarte w preparacie KLOZER grzyby atakuj\u0105 m.in. szpeciele, opuchlaki, wciornastki, mszyce, m\u0105czliki, p\u0119draki, drutowce.<\/p>\n<p><strong><span dir=\"ltr\" role=\"presentation\">Zastosowanie:<\/span><\/strong><\/p>\n<p><span dir=\"ltr\" role=\"presentation\">Przed zastosowaniem nale\u017cy rozcie\u0144czy\u0107 w wodzie i zmie<\/span><span dir=\"ltr\" role=\"presentation\">sza\u0107 z preparatem <span style=\"color: #008000;\"><a style=\"color: #008000;\" href=\"https:\/\/ceres.pl\/sklep\/produkt\/pozyteczne-mikroorganizmy\/carbogen-l-1-l\/\"><strong>CARBOGEN L<\/strong><\/a><\/span>, <\/span><span data-olk-copy-source=\"MessageBody\">(1 cz\u0119\u015b\u0107 KLOZER + jedna cz\u0119\u015b\u0107 CARBOGEN L + 10 cz\u0119\u015bci wody), a nast\u0119pnie odstawi\u0107 na kilka godzin dla uaktywnienia mikroorganizm\u00f3w zawartych w preparacie. Ta aktywacja pozwoli na wykorzystanie pe\u0142nego potencja\u0142u mikroorganizm\u00f3w. Pozwoli im te\u017c natychmiast rozpocz\u0105\u0107 prac\u0119 w glebie czy na ro\u015blinie i zapewni d\u0142u\u017csz\u0105 aktywno\u015b\u0107.<\/span><\/p>\n<p>Aplikowa\u0107 mo\u017cna przez podlewanie lub oprysk. Przed u\u017cyciem zmiesza\u0107 z w\u0142a\u015bciw\u0105 dla sposobu aplikacji ilo\u015bci\u0105 wody.<\/p>\n<p>Po aplikacji przez oprysk nale\u017cy poda\u0107 odpowiedni\u0105 ilo\u015b\u0107 wody aby wp\u0142uka\u0107 preparat do gleby.<\/p>\n<p>Preparatu KLOZER nie nale\u017cy \u0142\u0105czy\u0107 z preparatami chemicznymi. Mo\u017cna stosowa\u0107 jednocze\u015bnie z innymi preparatami\u00a0mikoryzowymi, jednak w takiej sytuacji sam\u0105 aktywacj\u0119\u00a0nale\u017cy prowadzi\u0107 w oddzielnych pojemnikach.<\/p>\n<p>&nbsp;<\/p>\n<p><strong><span dir=\"ltr\" role=\"presentation\">Dawkowanie:<\/span><\/strong><\/p>\n<ul>\n<li><span data-olk-copy-source=\"MessageBody\">uprawy pod os\u0142onami : 100-300ml \/1000m\u00b2, \u00a0najlepiej razem z <a href=\"https:\/\/ceres.pl\/sklep\/produkt\/pozyteczne-mikroorganizmy\/nawozy-uzupelniajace-oferte\/carbogen-l-1-l\/\">CARBOGEN L<\/a>\u00a0<\/span><\/li>\n<li>uprawy polowe \u00a01-3 l\/1ha\u00a0 &#8211; przynajmniej 2x w sezonie, najlepiej razem z <a href=\"https:\/\/ceres.pl\/sklep\/produkt\/pozyteczne-mikroorganizmy\/nawozy-uzupelniajace-oferte\/carbogen-l-1-l\/\">CARBOGEN L\u00a0<\/a><\/li>\n<li>pod\u0142o\u017ce uprawowe\u00a050-100 ml\/m\u00b3<\/li>\n<\/ul>\n<p><b><span data-olk-copy-source=\"MessageBody\">Sk\u0142ad gatunkowy:<\/span><\/b><\/p>\n<ul type=\"disc\">\n<li>G<i>lomus intraradices<\/i><\/li>\n<li>G<i>lomus mossae<\/i><\/li>\n<li>B<i>eauveria bassiana<\/i><\/li>\n<li>Beauveria brongniartii<\/li>\n<li>M<i>etarhizium anisopliae<\/i><\/li>\n<li><i>Metarhizium bruneum<\/i><\/li>\n<\/ul>\n<\/div>\n<\/div>\n","protected":false},"excerpt":{"rendered":"<p>KLOZER &#8211; Szczepionka mikoryzowa poprawiaj\u0105ca jako\u015b\u0107 gleby szczeg\u00f3lnie na stanowiskach opanowanych przez larwy owad\u00f3w \u015arodek zawieraj\u0105cy \u017cywe mikroorganizmy, wspomagaj\u0105cy upraw\u0119 ro\u015blin, dopuszczony do stosowania w uprawach ekologicznych w UE. KLOZER\u00a0znajduje zastosowanie w glebach i pod\u0142o\u017cach ogrodniczych. Jest pot\u0119\u017cnym sojusznikiem w uprawach pod os\u0142onami, a tak\u017ce w uprawach polowych. KLOZER sprzyja rozwojowi po\u017cytecznej mikroflory grzyb\u00f3w nale\u017c\u0105cych [&hellip;]<\/p>\n","protected":false},"featured_media":6202,"template":"","meta":{"_acf_changed":false,"_seopress_robots_primary_cat":"none","_seopress_titles_title":"","_seopress_titles_desc":"","_seopress_robots_index":""},"product_brand":[],"product_cat":[141,185,186],"product_tag":[],"class_list":{"0":"post-1700","1":"product","2":"type-product","3":"status-publish","4":"has-post-thumbnail","6":"product_cat-pozyteczne-mikroorganizmy","7":"product_cat-preparaty-poprawiajace-odzywienie-roslin","8":"product_cat-preparaty-pomocne-w-stresie-spowodowanym-przez-szkodniki","10":"first","11":"instock","12":"taxable","13":"shipping-taxable","14":"purchasable","15":"product-type-simple"},"acf":[],"_links":{"self":[{"href":"https:\/\/ceres.pl\/sklep\/wp-json\/wp\/v2\/product\/1700","targetHints":{"allow":["GET"]}}],"collection":[{"href":"https:\/\/ceres.pl\/sklep\/wp-json\/wp\/v2\/product"}],"about":[{"href":"https:\/\/ceres.pl\/sklep\/wp-json\/wp\/v2\/types\/product"}],"wp:featuredmedia":[{"embeddable":true,"href":"https:\/\/ceres.pl\/sklep\/wp-json\/wp\/v2\/media\/6202"}],"wp:attachment":[{"href":"https:\/\/ceres.pl\/sklep\/wp-json\/wp\/v2\/media?parent=1700"}],"wp:term":[{"taxonomy":"product_brand","embeddable":true,"href":"https:\/\/ceres.pl\/sklep\/wp-json\/wp\/v2\/product_brand?post=1700"},{"taxonomy":"product_cat","embeddable":true,"href":"https:\/\/ceres.pl\/sklep\/wp-json\/wp\/v2\/product_cat?post=1700"},{"taxonomy":"product_tag","embeddable":true,"href":"https:\/\/ceres.pl\/sklep\/wp-json\/wp\/v2\/product_tag?post=1700"}],"curies":[{"name":"wp","href":"https:\/\/api.w.org\/{rel}","templated":true}]}}