{"id":1701,"date":"2020-05-22T15:26:16","date_gmt":"2020-05-22T13:26:16","guid":{"rendered":"https:\/\/ceres.pl\/sklep\/produkt\/bez-kategorii\/bas-1-l-2\/"},"modified":"2025-04-24T18:26:07","modified_gmt":"2025-04-24T16:26:07","slug":"bas-1-l","status":"publish","type":"product","link":"https:\/\/ceres.pl\/sklep\/produkt\/pozyteczne-mikroorganizmy\/preparaty-poprawiajace-odzywienie-roslin\/bas-1-l\/","title":{"rendered":"Bas 1 l"},"content":{"rendered":"<div class=\"row\">\n<div class=\"col-12\">\n<h2>BAS \u2013 Szczepionka mikoryzowa poprawiaj\u0105ca jako\u015b\u0107 gleby i odporno\u015b\u0107 na choroby<\/h2>\n<\/div>\n<\/div>\n<div class=\"row\">\n<div class=\"col-12\">\n<p>&nbsp;<\/p>\n<p><strong>Zawieraj\u0105cy \u017cywe mikroorganizmy \u015brodek wspomagaj\u0105cy upraw\u0119 ro\u015blin dopuszczony do stosowania w uprawach ekologicznych w UE<\/strong><\/p>\n<p>Zawarte w preparacie <strong>BAS<\/strong> bakterie PGPR spe\u0142niaj\u0105 w ekosystemie glebowym wa\u017cne role. Produkuj\u0105 zwi\u0105zki hamuj\u0105ce rozw\u00f3j patogen\u00f3w glebowych, przekszta\u0142caj\u0105 nierozpuszczalne formy fosforu w formy przyswajalne dla ro\u015blin, produkuj\u0105 hormony, takie jak auksyny czy cytokininy, kt\u00f3re stymuluj\u0105 rozw\u00f3j korzeni. Podane nalistnie zajmuj\u0105 powierzchni\u0119 li\u015bci blokuj\u0105c mo\u017cliwo\u015b\u0107 rozwoju patogenom.<\/p>\n<p>Mo\u017cliwe jest te\u017c stosowanie na nasiona, dzi\u0119ki temu bakterie PGPR i grzyby mikorytyczne kolonizuj\u0105 rozwijaj\u0105cy si\u0119 system korzeniowy, tworz\u0105c konkurencje z innymi organizmami, kt\u00f3re zagra\u017caj\u0105 ro\u015blinie oraz znacz\u0105co powi\u0119kszaj\u0105c zasi\u0119g korzeni i dost\u0119pno\u015b\u0107 wody i sk\u0142adnik\u00f3w pokarmowych dla ro\u015bliny.<\/p>\n<p><strong>Zastosowanie:<\/strong><\/p>\n<p>W preparacie dostarczamy mikroorganizmy w ich formach przetrwalnikowych, Pozwala to na bezpieczne przechowywanie bez utraty jako\u015bci. Aby pobudzi\u0107 mikroorganizmy do \u017cycia, przed zastosowaniem nale\u017cy rozcie\u0144czy\u0107 zawarto\u015b\u0107 butelki w wodzie i zmiesza\u0107 z preparatem <span style=\"color: #008000;\"><strong><a style=\"color: #008000;\" href=\"https:\/\/ceres.pl\/sklep\/produkt\/pozyteczne-mikroorganizmy\/klozer-1l\/\">CARBOGEN L<\/a><\/strong><\/span>\u00a0 a nast\u0119pnie odstawi\u0107 na 12-24 h . Ta aktywacja pozwoli na wykorzystanie pe\u0142nego potencja\u0142u mikroorganizm\u00f3w, pozwoli im natychmiast rozpocz\u0105\u0107 prac\u0119 w glebie czy na ro\u015blinie i zapewni d\u0142u\u017csz\u0105 aktywno\u015b\u0107.<\/p>\n<p><strong>Preparatu BAS nie nale\u017cy \u0142\u0105czy\u0107 z preparatami chemicznymi.<\/strong><\/p>\n<p>Mo\u017cna stosowa\u0107 jednocze\u015bnie z innymi preparatami mikoryzowymi, jednak w takiej sytuacji sam\u0105 aktywacj\u0119 nale\u017cy prowadzi\u0107 w oddzielnych pojemnikach.<\/p>\n<p>Najlepiej 1 h przed zastosowaniem preparatu opryska\u0107 ro\u015bliny preparatami <span style=\"color: #008000;\"><strong><a style=\"color: #008000;\" href=\"https:\/\/ceres.pl\/sklep\/produkt\/nawozy-mikroelementowe\/biobacter-1l\/\">BIOBACTER<\/a><\/strong><\/span>, <a href=\"https:\/\/ceres.pl\/sklep\/produkt\/nawozy-mikroelementowe\/silver-1l\/\"><strong><span style=\"color: #008000;\">SILVER<\/span><\/strong><\/a> i <a href=\"https:\/\/ceres.pl\/sklep\/produkt\/nawozy-mikroelementowe\/calcio-max-3kg\/\"><strong><span style=\"color: #008000;\">CALCIOMAX<\/span><\/strong><\/a> w r\u00f3\u017cnych konfiguracjach.<\/p>\n<p><strong><span dir=\"ltr\" role=\"presentation\">Sk\u0142ad gatunkowy:<\/span><\/strong><\/p>\n<ul>\n<li>G<em>lomus intraradices<\/em><\/li>\n<li>G<em>lomus mossae<\/em><\/li>\n<li>B<em>acillus subtilis<\/em><\/li>\n<li>B<em>acillus amyloliquefaciens<\/em><\/li>\n<\/ul>\n<p><strong>Dawkowanie:<\/strong><\/p>\n<ul>\n<li>substrat do siewu\u00a0 \u00a050-100 ml \/m3 substratu<\/li>\n<li>uprawy pod os\u0142onami\u00a0 \u00a0200 ml \/1000 m2<\/li>\n<li>uprawy polowe\u00a0 \u00a01-2 L\/ha<\/li>\n<li>drzewa, podk\u0142adki i ro\u015bliny doniczkowe- moczenie korzeni przed sadzeniem 1 L\/ 100 L wody<\/li>\n<\/ul>\n<p><strong>Wymagane warunki\u00a0 dla wzrostu mikroorganizm\u00f3w zawartych w preparacie:<\/strong><\/p>\n<ul>\n<li>minimalna temperatura\u00a0\u00a0\u00a0 5 \u00baC<\/li>\n<li>optymalna temperatura\u00a0\u00a0\u00a0\u00a0\u00a0 20-30 \u00baC<\/li>\n<li>maksymalna temperatura\u00a0\u00a0\u00a0\u00a0\u00a0 40 \u00baC<\/li>\n<\/ul>\n<p><strong>Opakowanie:\u00a0<\/strong>1L<\/p>\n<\/div>\n<\/div>\n","protected":false},"excerpt":{"rendered":"<p>BAS \u2013 Szczepionka mikoryzowa poprawiaj\u0105ca jako\u015b\u0107 gleby i odporno\u015b\u0107 na choroby &nbsp; Zawieraj\u0105cy \u017cywe mikroorganizmy \u015brodek wspomagaj\u0105cy upraw\u0119 ro\u015blin dopuszczony do stosowania w uprawach ekologicznych w UE Zawarte w preparacie BAS bakterie PGPR spe\u0142niaj\u0105 w ekosystemie glebowym wa\u017cne role. Produkuj\u0105 zwi\u0105zki hamuj\u0105ce rozw\u00f3j patogen\u00f3w glebowych, przekszta\u0142caj\u0105 nierozpuszczalne formy fosforu w formy przyswajalne dla ro\u015blin, produkuj\u0105 [&hellip;]<\/p>\n","protected":false},"featured_media":5658,"template":"","meta":{"_acf_changed":false,"_seopress_robots_primary_cat":"none","_seopress_titles_title":"","_seopress_titles_desc":"","_seopress_robots_index":""},"product_brand":[],"product_cat":[141,185,187],"product_tag":[],"class_list":{"0":"post-1701","1":"product","2":"type-product","3":"status-publish","4":"has-post-thumbnail","6":"product_cat-pozyteczne-mikroorganizmy","7":"product_cat-preparaty-poprawiajace-odzywienie-roslin","8":"product_cat-preparaty-pomocne-w-stresie-spowodowanym-przez-choroby","10":"first","11":"outofstock","12":"taxable","13":"shipping-taxable","14":"purchasable","15":"product-type-simple"},"acf":[],"_links":{"self":[{"href":"https:\/\/ceres.pl\/sklep\/wp-json\/wp\/v2\/product\/1701","targetHints":{"allow":["GET"]}}],"collection":[{"href":"https:\/\/ceres.pl\/sklep\/wp-json\/wp\/v2\/product"}],"about":[{"href":"https:\/\/ceres.pl\/sklep\/wp-json\/wp\/v2\/types\/product"}],"wp:featuredmedia":[{"embeddable":true,"href":"https:\/\/ceres.pl\/sklep\/wp-json\/wp\/v2\/media\/5658"}],"wp:attachment":[{"href":"https:\/\/ceres.pl\/sklep\/wp-json\/wp\/v2\/media?parent=1701"}],"wp:term":[{"taxonomy":"product_brand","embeddable":true,"href":"https:\/\/ceres.pl\/sklep\/wp-json\/wp\/v2\/product_brand?post=1701"},{"taxonomy":"product_cat","embeddable":true,"href":"https:\/\/ceres.pl\/sklep\/wp-json\/wp\/v2\/product_cat?post=1701"},{"taxonomy":"product_tag","embeddable":true,"href":"https:\/\/ceres.pl\/sklep\/wp-json\/wp\/v2\/product_tag?post=1701"}],"curies":[{"name":"wp","href":"https:\/\/api.w.org\/{rel}","templated":true}]}}