{"id":1704,"date":"2020-05-22T15:31:21","date_gmt":"2020-05-22T13:31:21","guid":{"rendered":"https:\/\/ceres.pl\/sklep\/produkt\/bez-kategorii\/carbogen-l-1-l-2\/"},"modified":"2026-04-08T16:04:14","modified_gmt":"2026-04-08T14:04:14","slug":"carbogen-l-1-l","status":"publish","type":"product","link":"https:\/\/ceres.pl\/sklep\/produkt\/pozyteczne-mikroorganizmy\/nawozy-uzupelniajace-oferte\/carbogen-l-1-l\/","title":{"rendered":"Carbogen L 1 l"},"content":{"rendered":"<div class=\"row\">\n<div class=\"col-12\">\n<h2><b style=\"font-size: 1rem;\" data-olk-copy-source=\"MessageBody\">NAWO\u0301Z ORGANICZNY AZOTOWY<\/b><\/h2>\n<\/div>\n<\/div>\n<div class=\"row\">\n<div class=\"col-12\">\n<p><b>P\u0141YNNA MIESZANINA ORGANICZNYCH NAWOZ\u00d3W AZOTOWYCH<\/b><\/p>\n<p>&nbsp;<\/p>\n<p>CARBOGEN L to innowacyjny naw\u00f3z organiczny pochodzenia dro\u017cd\u017cowego, bogaty w \u0142atwo przyswajalne aminokwasy oraz niezb\u0119dne sk\u0142adniki od\u017cywcze, takie jak azot, fosfor i potas. Odpowiedni dla wszystkich upraw, CARBOGEN L stymuluje fizjologiczny rozw\u00f3j ro\u015blin poprzez wspieranie rozwoju li\u015bci, wzrostu systemu korzeniowego oraz wielko\u015bci i jako\u015bci owoc\u00f3w. Jego p\u0142ynna formulacja umo\u017cliwia aplikacj\u0119 poprzez fertygacj\u0119 lub oprysk dolistny, co czyni go szczeg\u00f3lnie przydatnym zar\u00f3wno w uprawach polowych, jak i pod os\u0142onami.<\/p>\n<p><b>MECHANIZM DZIA\u0141ANIA<\/b><\/p>\n<p>CARBOGEN L aktywuje metabolizm ro\u015blin, zwi\u0119kszaj\u0105c ich zdolno\u015b\u0107 do przezwyci\u0119\u017cania stres\u00f3w takich jak:<\/p>\n<ul type=\"disc\">\n<li>wahania temperatury<\/li>\n<li>nadmierne zasolenie<\/li>\n<li>ataki patogen\u00f3w<\/li>\n<li>stres wodny<\/li>\n<\/ul>\n<p>Produkt wspiera rozw\u00f3j mikrobiomu glebowego, kluczowego dla \u017cyzno\u015bci, poniewa\u017c mikroorganizmy ryzosfery u\u0142atwiaj\u0105 pobieranie sk\u0142adnik\u00f3w pokarmowych, jednocze\u015bnie zmniejszaj\u0105c nak\u0142ad energetyczny ro\u015blin.<br \/>\nRegularne stosowanie w okresach intensywnego wzrostu poprawia elastyczno\u015b\u0107 sk\u00f3rki owoc\u00f3w, zapobiegaj\u0105c p\u0119kaniu, a tak\u017ce zwi\u0119ksza zawarto\u015b\u0107 suchej masy i cukr\u00f3w, co przek\u0142ada si\u0119 na wysok\u0105 jako\u015b\u0107 plonu.<\/p>\n<p data-section-id=\"ii83e\" data-start=\"1317\" data-end=\"1324\"><strong><span style=\"font-size: 12pt;\">SK\u0141AD<\/span><\/strong><\/p>\n<div class=\"TyagGW_tableContainer\">\n<div class=\"group TyagGW_tableWrapper flex flex-col-reverse w-fit\" tabindex=\"-1\">\n<table class=\"w-fit min-w-(--thread-content-width)\" data-start=\"1326\" data-end=\"1525\">\n<thead data-start=\"1326\" data-end=\"1350\">\n<tr data-start=\"1326\" data-end=\"1350\">\n<th class=\"\" data-start=\"1326\" data-end=\"1337\" data-col-size=\"sm\">Sk\u0142adnik<\/th>\n<th class=\"\" data-start=\"1337\" data-end=\"1350\" data-col-size=\"sm\">Zawarto\u015b\u0107<\/th>\n<\/tr>\n<\/thead>\n<tbody data-start=\"1361\" data-end=\"1525\">\n<tr data-start=\"1361\" data-end=\"1390\">\n<td data-start=\"1361\" data-end=\"1382\" data-col-size=\"sm\">Azot ca\u0142kowity (N)<\/td>\n<td data-col-size=\"sm\" data-start=\"1382\" data-end=\"1390\">5.0%<\/td>\n<\/tr>\n<tr data-start=\"1391\" data-end=\"1421\">\n<td data-start=\"1391\" data-end=\"1413\" data-col-size=\"sm\">Azot organiczny (N)<\/td>\n<td data-col-size=\"sm\" data-start=\"1413\" data-end=\"1421\">5.0%<\/td>\n<\/tr>\n<tr data-start=\"1422\" data-end=\"1455\">\n<td data-start=\"1422\" data-end=\"1446\" data-col-size=\"sm\">W\u0119giel organiczny (C)<\/td>\n<td data-col-size=\"sm\" data-start=\"1446\" data-end=\"1455\">50.0%<\/td>\n<\/tr>\n<tr data-start=\"1456\" data-end=\"1494\">\n<td data-start=\"1456\" data-end=\"1486\" data-col-size=\"sm\"><span data-olk-copy-source=\"MessageBody\">Fosfor<\/span>\u00a0(P\u2082O\u2085)<\/td>\n<td data-col-size=\"sm\" data-start=\"1486\" data-end=\"1494\">2.0%<\/td>\n<\/tr>\n<tr data-start=\"1495\" data-end=\"1525\">\n<td data-start=\"1495\" data-end=\"1517\" data-col-size=\"sm\"><span data-olk-copy-source=\"MessageBody\">Potas<\/span> (K\u2082O)<\/td>\n<td data-col-size=\"sm\" data-start=\"1517\" data-end=\"1525\">2.0%<\/td>\n<\/tr>\n<\/tbody>\n<\/table>\n<\/div>\n<\/div>\n<\/div>\n<p><span data-olk-copy-source=\"MessageBody\">Numer rejestracyjny nawozu: 0020450\/17<\/span><\/p>\n<p data-section-id=\"vpzse1\" data-start=\"1532\" data-end=\"1561\"><strong>W\u0141A\u015aCIWO\u015aCI FIZYKOCHEMICZNE<\/strong><\/p>\n<div class=\"TyagGW_tableContainer\">\n<div class=\"group TyagGW_tableWrapper flex flex-col-reverse w-fit\" tabindex=\"-1\">\n<table class=\"w-fit min-w-(--thread-content-width)\" data-start=\"1563\" data-end=\"1732\">\n<thead data-start=\"1563\" data-end=\"1585\">\n<tr data-start=\"1563\" data-end=\"1585\">\n<th class=\"\" data-start=\"1563\" data-end=\"1574\" data-col-size=\"sm\">Parametr<\/th>\n<th class=\"\" data-start=\"1574\" data-end=\"1585\" data-col-size=\"sm\">Warto\u015b\u0107<\/th>\n<\/tr>\n<\/thead>\n<tbody data-start=\"1596\" data-end=\"1732\">\n<tr data-start=\"1596\" data-end=\"1612\">\n<td data-start=\"1596\" data-end=\"1601\" data-col-size=\"sm\">pH<\/td>\n<td data-col-size=\"sm\" data-start=\"1601\" data-end=\"1612\">7 \u00b1 0.5<\/td>\n<\/tr>\n<tr data-start=\"1613\" data-end=\"1637\">\n<td data-start=\"1613\" data-end=\"1623\" data-col-size=\"sm\">G\u0119sto\u015b\u0107<\/td>\n<td data-col-size=\"sm\" data-start=\"1623\" data-end=\"1637\">1.10 \u00b1 0.5<\/td>\n<\/tr>\n<tr data-start=\"1638\" data-end=\"1656\">\n<td data-start=\"1638\" data-end=\"1646\" data-col-size=\"sm\">Kolor<\/td>\n<td data-col-size=\"sm\" data-start=\"1646\" data-end=\"1656\">Be\u017cowy<\/td>\n<\/tr>\n<tr data-start=\"1657\" data-end=\"1687\">\n<td data-start=\"1657\" data-end=\"1666\" data-col-size=\"sm\">Zapach<\/td>\n<td data-col-size=\"sm\" data-start=\"1666\" data-end=\"1687\">Charakterystyczny<\/td>\n<\/tr>\n<tr data-start=\"1688\" data-end=\"1732\">\n<td data-start=\"1688\" data-end=\"1706\" data-col-size=\"sm\">Rozpuszczalno\u015b\u0107<\/td>\n<td data-col-size=\"sm\" data-start=\"1706\" data-end=\"1732\">Rozpuszczalny w wodzie<\/td>\n<\/tr>\n<\/tbody>\n<\/table>\n<p><b data-olk-copy-source=\"MessageBody\">FORMULACJA: <\/b>P\u0142ynna<\/p>\n<p><b>KLASYFIKACJA: <\/b>Brak<\/p>\n<p><b>OPAKOWANIA:<\/b><\/p>\n<ul>\n<li>Butelka 1l<\/li>\n<li>Kanister 5l<\/li>\n<\/ul>\n<p data-section-id=\"yn3q6e\" data-start=\"1739\" data-end=\"1762\"><strong>INSTRUKCJA STOSOWANIA<\/strong><\/p>\n<div class=\"TyagGW_tableContainer\">\n<div class=\"group TyagGW_tableWrapper flex flex-col-reverse w-fit\" tabindex=\"-1\">\n<table class=\"w-fit min-w-(--thread-content-width)\" data-start=\"1821\" data-end=\"2398\">\n<thead data-start=\"1821\" data-end=\"1861\">\n<tr data-start=\"1821\" data-end=\"1861\">\n<th class=\"\" data-start=\"1821\" data-end=\"1830\" data-col-size=\"md\">Uprawa<\/th>\n<th class=\"\" data-start=\"1830\" data-end=\"1851\" data-col-size=\"sm\">Aplikacja do gleby<\/th>\n<th class=\"\" data-start=\"1851\" data-end=\"1861\" data-col-size=\"sm\">Oprysk<\/th>\n<\/tr>\n<\/thead>\n<tbody data-start=\"1876\" data-end=\"2398\">\n<tr data-start=\"1876\" data-end=\"1934\">\n<td data-start=\"1876\" data-end=\"1906\" data-col-size=\"md\">Uprawy polowe i szklarniowe<\/td>\n<td data-col-size=\"sm\" data-start=\"1906\" data-end=\"1917\">3\u20135 L\/ha<\/td>\n<td data-col-size=\"sm\" data-start=\"1917\" data-end=\"1934\">150\u2013250 ml\/hl<\/td>\n<\/tr>\n<tr data-start=\"1935\" data-end=\"2009\">\n<td data-start=\"1935\" data-end=\"1969\" data-col-size=\"md\">Szk\u00f3\u0142ki (ro\u015bliny w pojemnikach)<\/td>\n<td data-col-size=\"sm\" data-start=\"1969\" data-end=\"1992\">300\u2013500 ml \/ 1000 m\u00b2<\/td>\n<td data-col-size=\"sm\" data-start=\"1992\" data-end=\"2009\">150\u2013200 ml\/hl<\/td>\n<\/tr>\n<tr data-start=\"2010\" data-end=\"2077\">\n<td data-start=\"2010\" data-end=\"2037\" data-col-size=\"md\"><span data-olk-copy-source=\"MessageBody\">Warzywa li\u015bciowe, sa\u0142aty, rukola, \u2026<\/span><\/td>\n<td data-col-size=\"sm\" data-start=\"2037\" data-end=\"2060\">300\u2013500 ml \/ 1000 m\u00b2<\/td>\n<td data-col-size=\"sm\" data-start=\"2060\" data-end=\"2077\">150\u2013250 ml\/hl<\/td>\n<\/tr>\n<tr data-start=\"2078\" data-end=\"2130\">\n<td data-start=\"2078\" data-end=\"2090\" data-col-size=\"md\">Truskawki, maliny, bor\u00f3wki, &#8230;<\/td>\n<td data-col-size=\"sm\" data-start=\"2090\" data-end=\"2113\">300\u2013500 ml \/ 1000 m\u00b2<\/td>\n<td data-col-size=\"sm\" data-start=\"2113\" data-end=\"2130\">150\u2013200 ml\/hl<\/td>\n<\/tr>\n<tr data-start=\"2131\" data-end=\"2200\">\n<td data-start=\"2131\" data-end=\"2160\" data-col-size=\"md\">\u015awie\u017ce i aromatyczne zio\u0142a<\/td>\n<td data-col-size=\"sm\" data-start=\"2160\" data-end=\"2183\">300\u2013500 ml \/ 1000 m\u00b2<\/td>\n<td data-col-size=\"sm\" data-start=\"2183\" data-end=\"2200\">150\u2013250 ml\/hl<\/td>\n<\/tr>\n<tr data-start=\"2201\" data-end=\"2268\">\n<td data-start=\"2201\" data-end=\"2228\" data-col-size=\"md\">Kwiaty i ro\u015bliny ozdobne<\/td>\n<td data-col-size=\"sm\" data-start=\"2228\" data-end=\"2251\">300\u2013500 ml \/ 1000 m\u00b2<\/td>\n<td data-col-size=\"sm\" data-start=\"2251\" data-end=\"2268\">150\u2013200 ml\/hl<\/td>\n<\/tr>\n<tr data-start=\"2269\" data-end=\"2356\">\n<td data-start=\"2269\" data-end=\"2335\" data-col-size=\"md\">Sadownictwo (jab\u0142o\u0144, grusza, morela, brzoskwinia, wi\u015bnia, kiwi,&#8230;)<\/td>\n<td data-col-size=\"sm\" data-start=\"2335\" data-end=\"2339\">\u2014<\/td>\n<td data-col-size=\"sm\" data-start=\"2339\" data-end=\"2356\">150\u2013250 ml\/hl<\/td>\n<\/tr>\n<tr data-start=\"2357\" data-end=\"2398\">\n<td data-start=\"2357\" data-end=\"2377\" data-col-size=\"md\">Winoro\u015bl<\/td>\n<td data-col-size=\"sm\" data-start=\"2377\" data-end=\"2381\">\u2014<\/td>\n<td data-col-size=\"sm\" data-start=\"2381\" data-end=\"2398\">150\u2013250 ml\/hl<\/td>\n<\/tr>\n<\/tbody>\n<\/table>\n<p><b>DODATKOWE ZALECENIA<\/b><\/p>\n<ul type=\"disc\">\n<li>Aktywacja mikroorganizm\u00f3w: stosowa\u0107 w proporcji 1:1<\/li>\n<li>Zaleca si\u0119 stosowanie standardowej ilo\u015bci wody<\/li>\n<li>Szczeg\u00f3lnie polecany w fazach: p\u0119kania p\u0105k\u00f3w, po przesadzaniu, wzrostu wegetatywnego, zawi\u0105zywania i powi\u0119kszania owoc\u00f3w<\/li>\n<li>Zaleca si\u0119 wykonanie pr\u00f3b na kilku ro\u015blinach przed zabiegiem na ca\u0142ej powierzchni<\/li>\n<li>W razie potrzeby zabieg powt\u00f3rzy\u0107<\/li>\n<li>Przed u\u017cyciem dobrze wstrz\u0105sn\u0105\u0107<\/li>\n<\/ul>\n<\/div>\n<\/div>\n<\/div>\n<\/div>\n<\/div>\n","protected":false},"excerpt":{"rendered":"<p>NAWO\u0301Z ORGANICZNY AZOTOWY P\u0141YNNA MIESZANINA ORGANICZNYCH NAWOZ\u00d3W AZOTOWYCH &nbsp; CARBOGEN L to innowacyjny naw\u00f3z organiczny pochodzenia dro\u017cd\u017cowego, bogaty w \u0142atwo przyswajalne aminokwasy oraz niezb\u0119dne sk\u0142adniki od\u017cywcze, takie jak azot, fosfor i potas. Odpowiedni dla wszystkich upraw, CARBOGEN L stymuluje fizjologiczny rozw\u00f3j ro\u015blin poprzez wspieranie rozwoju li\u015bci, wzrostu systemu korzeniowego oraz wielko\u015bci i jako\u015bci owoc\u00f3w. Jego [&hellip;]<\/p>\n","protected":false},"featured_media":12743,"template":"","meta":{"_acf_changed":false,"_seopress_robots_primary_cat":"none","_seopress_titles_title":"","_seopress_titles_desc":"CARBOGEN L to innowacyjny naw\u00f3z organiczny pochodzenia dro\u017cd\u017cowego, bogaty w \u0142atwo przyswajalne aminokwasy oraz niezb\u0119dne sk\u0142adniki od\u017cywcze, takie jak azot, fosfor i potas.","_seopress_robots_index":""},"product_brand":[],"product_cat":[141,188],"product_tag":[],"class_list":{"0":"post-1704","1":"product","2":"type-product","3":"status-publish","4":"has-post-thumbnail","6":"product_cat-pozyteczne-mikroorganizmy","7":"product_cat-nawozy-uzupelniajace-oferte","9":"first","10":"instock","11":"taxable","12":"shipping-taxable","13":"purchasable","14":"product-type-simple"},"acf":[],"_links":{"self":[{"href":"https:\/\/ceres.pl\/sklep\/wp-json\/wp\/v2\/product\/1704","targetHints":{"allow":["GET"]}}],"collection":[{"href":"https:\/\/ceres.pl\/sklep\/wp-json\/wp\/v2\/product"}],"about":[{"href":"https:\/\/ceres.pl\/sklep\/wp-json\/wp\/v2\/types\/product"}],"wp:featuredmedia":[{"embeddable":true,"href":"https:\/\/ceres.pl\/sklep\/wp-json\/wp\/v2\/media\/12743"}],"wp:attachment":[{"href":"https:\/\/ceres.pl\/sklep\/wp-json\/wp\/v2\/media?parent=1704"}],"wp:term":[{"taxonomy":"product_brand","embeddable":true,"href":"https:\/\/ceres.pl\/sklep\/wp-json\/wp\/v2\/product_brand?post=1704"},{"taxonomy":"product_cat","embeddable":true,"href":"https:\/\/ceres.pl\/sklep\/wp-json\/wp\/v2\/product_cat?post=1704"},{"taxonomy":"product_tag","embeddable":true,"href":"https:\/\/ceres.pl\/sklep\/wp-json\/wp\/v2\/product_tag?post=1704"}],"curies":[{"name":"wp","href":"https:\/\/api.w.org\/{rel}","templated":true}]}}