{"id":1737,"date":"2020-06-04T12:05:28","date_gmt":"2020-06-04T10:05:28","guid":{"rendered":"https:\/\/ceres.pl\/sklep\/produkt\/bez-kategorii\/fruitstrip-85-cm-18-000-szt-w-kartonie-2\/"},"modified":"2026-04-22T10:35:26","modified_gmt":"2026-04-22T08:35:26","slug":"fruitstrip-85-cm-18-000-szt-w-kartonie","status":"publish","type":"product","link":"https:\/\/ceres.pl\/sklep\/produkt\/klipsy-do-malin\/fruitstrip-85-cm-18-000-szt-w-kartonie\/","title":{"rendered":"Fruitstrip 8,5 cm ( 18 000 szt.w kartonie)"},"content":{"rendered":"<p>Klips Fruitstrip o d\u0142ugo\u015bci 8,5 cm to niezwykle elastyczny i trwa\u0142y klips, przeznaczony do prowadzenia p\u0119d\u00f3w malin przy linkach w szpalerach.<\/p>\n<p>Co sprawia, \u017ce ten klips jest unikalny w por\u00f3wnaniu do innych dost\u0119pnych na rynku?<\/p>\n<p>Po pierwsze, klips ten zosta\u0142 wykonany z czarnego polipropylenu, co czyni go nie tylko wytrzyma\u0142ym, ale r\u00f3wnie\u017c elastycznym.<\/p>\n<p>Po drugie, posiada dwa zapi\u0119cia, kt\u00f3re umo\u017cliwiaj\u0105 \u0142atwe przypi\u0119cie linki.<\/p>\n<p>To idealne rozwi\u0105zanie dla os\u00f3b, kt\u00f3re zajmuj\u0105 si\u0119 prowadzeniem p\u0119d\u00f3w malin i je\u017cyn o wi\u0119kszych \u015brednicach.<\/p>\n<p>&nbsp;<\/p>\n<p>Do klips\u00f3w Fruitstrip polecamy:<span style=\"color: #008000;\"> <strong><a style=\"color: #008000;\" href=\"https:\/\/ceres.pl\/sklep\/kategorie\/linki-poliestrowe\/\">Linki poliestrowe &#8211; Ceres.pl<\/a><\/strong><\/span><\/p>\n","protected":false},"excerpt":{"rendered":"<p>Klips Fruitstrip o d\u0142ugo\u015bci 8,5 cm to niezwykle elastyczny i trwa\u0142y klips, przeznaczony do prowadzenia p\u0119d\u00f3w malin przy linkach w szpalerach. Co sprawia, \u017ce ten klips jest unikalny w por\u00f3wnaniu do innych dost\u0119pnych na rynku? Po pierwsze, klips ten zosta\u0142 wykonany z czarnego polipropylenu, co czyni go nie tylko wytrzyma\u0142ym, ale r\u00f3wnie\u017c elastycznym. Po drugie, [&hellip;]<\/p>\n","protected":false},"featured_media":1038,"template":"","meta":{"_acf_changed":false,"_seopress_robots_primary_cat":"none","_seopress_titles_title":"","_seopress_titles_desc":"","_seopress_robots_index":""},"product_brand":[],"product_cat":[100],"product_tag":[],"class_list":{"0":"post-1737","1":"product","2":"type-product","3":"status-publish","4":"has-post-thumbnail","6":"product_cat-klipsy-do-malin","8":"first","9":"instock","10":"taxable","11":"shipping-taxable","12":"purchasable","13":"product-type-simple"},"acf":[],"_links":{"self":[{"href":"https:\/\/ceres.pl\/sklep\/wp-json\/wp\/v2\/product\/1737","targetHints":{"allow":["GET"]}}],"collection":[{"href":"https:\/\/ceres.pl\/sklep\/wp-json\/wp\/v2\/product"}],"about":[{"href":"https:\/\/ceres.pl\/sklep\/wp-json\/wp\/v2\/types\/product"}],"wp:featuredmedia":[{"embeddable":true,"href":"https:\/\/ceres.pl\/sklep\/wp-json\/wp\/v2\/media\/1038"}],"wp:attachment":[{"href":"https:\/\/ceres.pl\/sklep\/wp-json\/wp\/v2\/media?parent=1737"}],"wp:term":[{"taxonomy":"product_brand","embeddable":true,"href":"https:\/\/ceres.pl\/sklep\/wp-json\/wp\/v2\/product_brand?post=1737"},{"taxonomy":"product_cat","embeddable":true,"href":"https:\/\/ceres.pl\/sklep\/wp-json\/wp\/v2\/product_cat?post=1737"},{"taxonomy":"product_tag","embeddable":true,"href":"https:\/\/ceres.pl\/sklep\/wp-json\/wp\/v2\/product_tag?post=1737"}],"curies":[{"name":"wp","href":"https:\/\/api.w.org\/{rel}","templated":true}]}}