{"id":2232,"date":"2021-06-08T10:51:49","date_gmt":"2021-06-08T08:51:49","guid":{"rendered":"https:\/\/ceres.pl\/sklep\/produkt\/bez-kategorii\/folia-czarna-do-mulczowania-dalin-special-120-cm-x-1000-mb-35-mikrometrow\/"},"modified":"2026-04-16T15:20:59","modified_gmt":"2026-04-16T13:20:59","slug":"folia-czarna-do-mulczowania-dalin-special-120-cm-x-1000-mb-35-mikrometrow","status":"publish","type":"product","link":"https:\/\/ceres.pl\/sklep\/produkt\/folie-do-mulczowania\/folia-czarna-do-mulczowania-dalin-special-120-cm-x-1000-mb-35-mikrometrow\/","title":{"rendered":"Folia czarna do mulczowania DALIN Special 120 cm x 1000 mb 35 mikrometr\u00f3w"},"content":{"rendered":"<h4><strong>Folia Dalin<\/strong><\/h4>\n<p>Folia cechuje si\u0119 bardzo wysok\u0105 wytrzyma\u0142o\u015bci\u0105 na rozci\u0105ganie i rozrywanie przy stosunkowo ma\u0142ej grubo\u015bci, dzi\u0119ki zastosowaniu materia\u0142u o du\u017cej g\u0119sto\u015bci. Dodatkowo posiada naci\u0119cia pod ro\u015bliny, kt\u00f3re znacznie u\u0142atwiaj\u0105 r\u00f3wnomierne rozmieszczenie sadzonek. Folia przyczynia si\u0119 do ograniczenia wyrastania chwast\u00f3w oraz utraty wilgoci z ziemi.<\/p>\n<p><strong>Szeroko\u015b\u0107:<\/strong> 120 cm<br \/>\n<strong>Grubo\u015b\u0107:<\/strong> 35 mikrometr\u00f3w<br \/>\n<strong>D\u0142ugo\u015b\u0107:<\/strong> 1000 m<br \/>\n<strong>Stabilizacja UV:<\/strong> 3 lata<\/p>\n<p>&nbsp;<\/p>\n<p>&nbsp;<\/p>\n","protected":false},"excerpt":{"rendered":"<p>Folia Dalin Folia cechuje si\u0119 bardzo wysok\u0105 wytrzyma\u0142o\u015bci\u0105 na rozci\u0105ganie i rozrywanie przy stosunkowo ma\u0142ej grubo\u015bci, dzi\u0119ki zastosowaniu materia\u0142u o du\u017cej g\u0119sto\u015bci. Dodatkowo posiada naci\u0119cia pod ro\u015bliny, kt\u00f3re znacznie u\u0142atwiaj\u0105 r\u00f3wnomierne rozmieszczenie sadzonek. Folia przyczynia si\u0119 do ograniczenia wyrastania chwast\u00f3w oraz utraty wilgoci z ziemi. Szeroko\u015b\u0107: 120 cm Grubo\u015b\u0107: 35 mikrometr\u00f3w D\u0142ugo\u015b\u0107: 1000 m Stabilizacja [&hellip;]<\/p>\n","protected":false},"featured_media":6247,"template":"","meta":{"_acf_changed":false,"_seopress_robots_primary_cat":"none","_seopress_titles_title":"","_seopress_titles_desc":"","_seopress_robots_index":""},"product_brand":[],"product_cat":[105],"product_tag":[],"class_list":{"0":"post-2232","1":"product","2":"type-product","3":"status-publish","4":"has-post-thumbnail","6":"product_cat-folie-do-mulczowania","8":"first","9":"instock","10":"sale","11":"taxable","12":"shipping-taxable","13":"purchasable","14":"product-type-simple"},"acf":[],"_links":{"self":[{"href":"https:\/\/ceres.pl\/sklep\/wp-json\/wp\/v2\/product\/2232","targetHints":{"allow":["GET"]}}],"collection":[{"href":"https:\/\/ceres.pl\/sklep\/wp-json\/wp\/v2\/product"}],"about":[{"href":"https:\/\/ceres.pl\/sklep\/wp-json\/wp\/v2\/types\/product"}],"wp:featuredmedia":[{"embeddable":true,"href":"https:\/\/ceres.pl\/sklep\/wp-json\/wp\/v2\/media\/6247"}],"wp:attachment":[{"href":"https:\/\/ceres.pl\/sklep\/wp-json\/wp\/v2\/media?parent=2232"}],"wp:term":[{"taxonomy":"product_brand","embeddable":true,"href":"https:\/\/ceres.pl\/sklep\/wp-json\/wp\/v2\/product_brand?post=2232"},{"taxonomy":"product_cat","embeddable":true,"href":"https:\/\/ceres.pl\/sklep\/wp-json\/wp\/v2\/product_cat?post=2232"},{"taxonomy":"product_tag","embeddable":true,"href":"https:\/\/ceres.pl\/sklep\/wp-json\/wp\/v2\/product_tag?post=2232"}],"curies":[{"name":"wp","href":"https:\/\/api.w.org\/{rel}","templated":true}]}}