{"id":2249,"date":"2021-06-14T12:42:11","date_gmt":"2021-06-14T10:42:11","guid":{"rendered":"https:\/\/ceres.pl\/sklep\/produkt\/bez-kategorii\/tkanina-polipropylenowa-covertex-agrolys-90-105-m-rolka\/"},"modified":"2025-07-18T17:32:52","modified_gmt":"2025-07-18T15:32:52","slug":"tkanina-polipropylenowa-covertex-agrolys-90-105-m-rolka","status":"publish","type":"product","link":"https:\/\/ceres.pl\/sklep\/produkt\/agrotkaniny-ogrodnicze\/tkanina-polipropylenowa-covertex-agrolys-90-105-m-rolka\/","title":{"rendered":"Tkanina polipropylenowa Covertex\/Agrolys 90 1,05 m rolka"},"content":{"rendered":"<p>Tkaniny polipropylenowe w kolorze czarnym s\u0105 materia\u0142ami z za\u0142o\u017cenia przeznaczonymi do g\u0142uszenia i blokowania wzrostu chwast\u00f3w. Powstaj\u0105 z ta\u015bm polipropylenowych przeplatanych ze sob\u0105 krzy\u017cowo. Dzi\u0119ki takiej strukturze charakteryzuj\u0105 si\u0119 wysok\u0105 wytrzyma\u0142o\u015bci\u0105 mechaniczn\u0105, jak r\u00f3wnie\u017c zapewniaj\u0105 maksymaln\u0105 ochron\u0119 przed wzrostem chwast\u00f3w. Jednocze\u015bnie tkaniny, co jest niezmiernie istotne, przepuszczaj\u0105 wod\u0119 oraz powietrze niezb\u0119dne do wzrostu ro\u015blin.<\/p>\n<p>STABILIZACJA UV: 400 kly- min.5 lat<\/p>\n<p>GRAMATURA: 90g\/m2<\/p>\n<p>KOLOR: czarny<\/p>\n<p>SZEROKO\u015a\u0106 W CM: 105 cm<\/p>\n<p>D\u0141UGO\u015a\u0106: 100 mb<\/p>\n","protected":false},"excerpt":{"rendered":"<p>Tkaniny polipropylenowe w kolorze czarnym s\u0105 materia\u0142ami z za\u0142o\u017cenia przeznaczonymi do g\u0142uszenia i blokowania wzrostu chwast\u00f3w. Powstaj\u0105 z ta\u015bm polipropylenowych przeplatanych ze sob\u0105 krzy\u017cowo. Dzi\u0119ki takiej strukturze charakteryzuj\u0105 si\u0119 wysok\u0105 wytrzyma\u0142o\u015bci\u0105 mechaniczn\u0105, jak r\u00f3wnie\u017c zapewniaj\u0105 maksymaln\u0105 ochron\u0119 przed wzrostem chwast\u00f3w. Jednocze\u015bnie tkaniny, co jest niezmiernie istotne, przepuszczaj\u0105 wod\u0119 oraz powietrze niezb\u0119dne do wzrostu ro\u015blin. STABILIZACJA [&hellip;]<\/p>\n","protected":false},"featured_media":275,"template":"","meta":{"_acf_changed":false,"_seopress_robots_primary_cat":"none","_seopress_titles_title":"","_seopress_titles_desc":"","_seopress_robots_index":""},"product_brand":[],"product_cat":[27],"product_tag":[],"class_list":{"0":"post-2249","1":"product","2":"type-product","3":"status-publish","4":"has-post-thumbnail","6":"product_cat-agrotkaniny-ogrodnicze","8":"first","9":"outofstock","10":"taxable","11":"shipping-taxable","12":"purchasable","13":"product-type-simple"},"acf":[],"_links":{"self":[{"href":"https:\/\/ceres.pl\/sklep\/wp-json\/wp\/v2\/product\/2249","targetHints":{"allow":["GET"]}}],"collection":[{"href":"https:\/\/ceres.pl\/sklep\/wp-json\/wp\/v2\/product"}],"about":[{"href":"https:\/\/ceres.pl\/sklep\/wp-json\/wp\/v2\/types\/product"}],"wp:featuredmedia":[{"embeddable":true,"href":"https:\/\/ceres.pl\/sklep\/wp-json\/wp\/v2\/media\/275"}],"wp:attachment":[{"href":"https:\/\/ceres.pl\/sklep\/wp-json\/wp\/v2\/media?parent=2249"}],"wp:term":[{"taxonomy":"product_brand","embeddable":true,"href":"https:\/\/ceres.pl\/sklep\/wp-json\/wp\/v2\/product_brand?post=2249"},{"taxonomy":"product_cat","embeddable":true,"href":"https:\/\/ceres.pl\/sklep\/wp-json\/wp\/v2\/product_cat?post=2249"},{"taxonomy":"product_tag","embeddable":true,"href":"https:\/\/ceres.pl\/sklep\/wp-json\/wp\/v2\/product_tag?post=2249"}],"curies":[{"name":"wp","href":"https:\/\/api.w.org\/{rel}","templated":true}]}}