{"id":2303,"date":"2021-06-29T13:21:34","date_gmt":"2021-06-29T11:21:34","guid":{"rendered":"https:\/\/ceres.pl\/sklep\/produkt\/bez-kategorii\/folia-czarna-do-mulczowania-standard-120-cm-x-1000-mb-35-mikrometrow\/"},"modified":"2026-04-07T11:04:09","modified_gmt":"2026-04-07T09:04:09","slug":"folia-czarna-do-mulczowania-standard-120-cm-x-1000-mb-35-mikrometrow","status":"publish","type":"product","link":"https:\/\/ceres.pl\/sklep\/produkt\/folie-do-mulczowania\/folia-czarna-do-mulczowania-standard-120-cm-x-1000-mb-35-mikrometrow\/","title":{"rendered":"Folia czarna do mulczowania Standard 120 cm x 1000 mb 35 mikrometr\u00f3w"},"content":{"rendered":"<p>Folia do mulczowania charakteryzuje si\u0119 wysok\u0105 elastyczno\u015bci\u0105 i wytrzyma\u0142o\u015bci\u0105. Jest przystosowana do mechanicznego rozk\u0142adania za pomoc\u0105 maszyn, dodatkowo stabilizowana UV. Folie czarne stosowane s\u0105 do przyspieszenia wegetacji ro\u015blin. Truskawki najcz\u0119\u015bciej gnij\u0105, gdy s\u0105 posadzone bezpo\u015brednio na gruncie. Aby do tego nie dopu\u015bci\u0107, nale\u017cy sadzi\u0107 je na czarnej folii, kt\u00f3ra zakrywa ziemi\u0119. Czarny kolor folii wp\u0142ywa na podniesienie temperatury zagonu, a to z kolei wp\u0142ywa na przy\u015bpieszenie wegetacji ro\u015blin. Folia zabezpiecza gleb\u0119 przed erozj\u0105 oraz powstrzymuje rozw\u00f3j chwast\u00f3w i zapobiega szybkiemu wysuszeniu gleby.<\/p>\n","protected":false},"excerpt":{"rendered":"<p>Folia do mulczowania charakteryzuje si\u0119 wysok\u0105 elastyczno\u015bci\u0105 i wytrzyma\u0142o\u015bci\u0105. Jest przystosowana do mechanicznego rozk\u0142adania za pomoc\u0105 maszyn, dodatkowo stabilizowana UV. Folie czarne stosowane s\u0105 do przyspieszenia wegetacji ro\u015blin. Truskawki najcz\u0119\u015bciej gnij\u0105, gdy s\u0105 posadzone bezpo\u015brednio na gruncie. Aby do tego nie dopu\u015bci\u0107, nale\u017cy sadzi\u0107 je na czarnej folii, kt\u00f3ra zakrywa ziemi\u0119. Czarny kolor folii wp\u0142ywa [&hellip;]<\/p>\n","protected":false},"featured_media":6247,"template":"","meta":{"_acf_changed":false,"_seopress_robots_primary_cat":"none","_seopress_titles_title":"","_seopress_titles_desc":"","_seopress_robots_index":""},"product_brand":[],"product_cat":[105],"product_tag":[],"class_list":{"0":"post-2303","1":"product","2":"type-product","3":"status-publish","4":"has-post-thumbnail","6":"product_cat-folie-do-mulczowania","8":"first","9":"instock","10":"sale","11":"taxable","12":"shipping-taxable","13":"purchasable","14":"product-type-simple"},"acf":[],"_links":{"self":[{"href":"https:\/\/ceres.pl\/sklep\/wp-json\/wp\/v2\/product\/2303","targetHints":{"allow":["GET"]}}],"collection":[{"href":"https:\/\/ceres.pl\/sklep\/wp-json\/wp\/v2\/product"}],"about":[{"href":"https:\/\/ceres.pl\/sklep\/wp-json\/wp\/v2\/types\/product"}],"wp:featuredmedia":[{"embeddable":true,"href":"https:\/\/ceres.pl\/sklep\/wp-json\/wp\/v2\/media\/6247"}],"wp:attachment":[{"href":"https:\/\/ceres.pl\/sklep\/wp-json\/wp\/v2\/media?parent=2303"}],"wp:term":[{"taxonomy":"product_brand","embeddable":true,"href":"https:\/\/ceres.pl\/sklep\/wp-json\/wp\/v2\/product_brand?post=2303"},{"taxonomy":"product_cat","embeddable":true,"href":"https:\/\/ceres.pl\/sklep\/wp-json\/wp\/v2\/product_cat?post=2303"},{"taxonomy":"product_tag","embeddable":true,"href":"https:\/\/ceres.pl\/sklep\/wp-json\/wp\/v2\/product_tag?post=2303"}],"curies":[{"name":"wp","href":"https:\/\/api.w.org\/{rel}","templated":true}]}}