{"id":2679,"date":"2021-10-07T15:05:18","date_gmt":"2021-10-07T13:05:18","guid":{"rendered":"https:\/\/ceres.pl\/sklep\/produkt\/bez-kategorii\/hellige-ph-meter\/"},"modified":"2024-02-26T10:56:59","modified_gmt":"2024-02-26T09:56:59","slug":"hellige-ph-meter","status":"publish","type":"product","link":"https:\/\/ceres.pl\/sklep\/produkt\/instrumenty-pomiarowe-stelzner-pronova\/ph-metry\/hellige-ph-meter\/","title":{"rendered":"Miernik pH Hellige"},"content":{"rendered":"<p>Pehametr Hellige to prosty test wska\u017anikowy. Ten kompletny zestaw wraz z instrukcj\u0105 zawiera: kart\u0119 kolor\u00f3w do pomiaru pH, ma\u0142\u0105 \u0142y\u017ceczk\u0119 do pobierania pr\u00f3bek gleby oraz butelk\u0119 kroplow\u0105 na 50-60 test\u00f3w ze wska\u017anikiem zabrudzenia. Jest produkowany zgodnie z oryginalnym projektem po nabyciu praw do produktu.<\/p>\n","protected":false},"excerpt":{"rendered":"<p>Pehametr Hellige to prosty test wska\u017anikowy. Ten kompletny zestaw wraz z instrukcj\u0105 zawiera: kart\u0119 kolor\u00f3w do pomiaru pH, ma\u0142\u0105 \u0142y\u017ceczk\u0119 do pobierania pr\u00f3bek gleby oraz butelk\u0119 kroplow\u0105 na 50-60 test\u00f3w ze wska\u017anikiem zabrudzenia. Jest produkowany zgodnie z oryginalnym projektem po nabyciu praw do produktu.<\/p>\n","protected":false},"featured_media":2728,"template":"","meta":{"_acf_changed":false,"_seopress_robots_primary_cat":"none","_seopress_titles_title":"","_seopress_titles_desc":"","_seopress_robots_index":""},"product_brand":[],"product_cat":[152,165],"product_tag":[],"class_list":{"0":"post-2679","1":"product","2":"type-product","3":"status-publish","4":"has-post-thumbnail","6":"product_cat-instrumenty-pomiarowe-stelzner-pronova","7":"product_cat-ph-metry","9":"first","10":"onbackorder","11":"taxable","12":"shipping-taxable","13":"purchasable","14":"product-type-simple"},"acf":[],"_links":{"self":[{"href":"https:\/\/ceres.pl\/sklep\/wp-json\/wp\/v2\/product\/2679","targetHints":{"allow":["GET"]}}],"collection":[{"href":"https:\/\/ceres.pl\/sklep\/wp-json\/wp\/v2\/product"}],"about":[{"href":"https:\/\/ceres.pl\/sklep\/wp-json\/wp\/v2\/types\/product"}],"wp:featuredmedia":[{"embeddable":true,"href":"https:\/\/ceres.pl\/sklep\/wp-json\/wp\/v2\/media\/2728"}],"wp:attachment":[{"href":"https:\/\/ceres.pl\/sklep\/wp-json\/wp\/v2\/media?parent=2679"}],"wp:term":[{"taxonomy":"product_brand","embeddable":true,"href":"https:\/\/ceres.pl\/sklep\/wp-json\/wp\/v2\/product_brand?post=2679"},{"taxonomy":"product_cat","embeddable":true,"href":"https:\/\/ceres.pl\/sklep\/wp-json\/wp\/v2\/product_cat?post=2679"},{"taxonomy":"product_tag","embeddable":true,"href":"https:\/\/ceres.pl\/sklep\/wp-json\/wp\/v2\/product_tag?post=2679"}],"curies":[{"name":"wp","href":"https:\/\/api.w.org\/{rel}","templated":true}]}}