{"id":2680,"date":"2021-10-07T15:05:42","date_gmt":"2021-10-07T13:05:42","guid":{"rendered":"https:\/\/ceres.pl\/sklep\/produkt\/bez-kategorii\/ph-55-pocket\/"},"modified":"2023-05-23T15:41:49","modified_gmt":"2023-05-23T13:41:49","slug":"ph-55-pocket","status":"publish","type":"product","link":"https:\/\/ceres.pl\/sklep\/produkt\/instrumenty-pomiarowe-stelzner-pronova\/ph-metry\/ph-55-pocket\/","title":{"rendered":"Kieszonkowy tester pH 55"},"content":{"rendered":"<p>pH 55 to ma\u0142y, kieszonkowy, wodoodporny tester pH. Wykonuje szybkie i \u0142atwe pomiary w cieczach i przefiltrowanych roztworach glebowych. Nadaje si\u0119 do stosowania w ogrodnictwie, architekturze krajobrazu, akwariach, hydroponice, basenach, stawach oraz w laboratorium. Posiada funkcj\u0119 automatycznej kalibracji (1-punktowej lub 2-punktowej) oraz wymienn\u0105 elektrod\u0119.<\/p>\n","protected":false},"excerpt":{"rendered":"<p>pH 55 to ma\u0142y, kieszonkowy, wodoodporny tester pH. Wykonuje szybkie i \u0142atwe pomiary w cieczach i przefiltrowanych roztworach glebowych. Nadaje si\u0119 do stosowania w ogrodnictwie, architekturze krajobrazu, akwariach, hydroponice, basenach, stawach oraz w laboratorium. Posiada funkcj\u0119 automatycznej kalibracji (1-punktowej lub 2-punktowej) oraz wymienn\u0105 elektrod\u0119.<\/p>\n","protected":false},"featured_media":2730,"template":"","meta":{"_acf_changed":false,"_seopress_robots_primary_cat":"none","_seopress_titles_title":"","_seopress_titles_desc":"","_seopress_robots_index":""},"product_brand":[],"product_cat":[152,165],"product_tag":[],"class_list":{"0":"post-2680","1":"product","2":"type-product","3":"status-publish","4":"has-post-thumbnail","6":"product_cat-instrumenty-pomiarowe-stelzner-pronova","7":"product_cat-ph-metry","9":"first","10":"onbackorder","11":"taxable","12":"shipping-taxable","13":"purchasable","14":"product-type-simple"},"acf":[],"_links":{"self":[{"href":"https:\/\/ceres.pl\/sklep\/wp-json\/wp\/v2\/product\/2680","targetHints":{"allow":["GET"]}}],"collection":[{"href":"https:\/\/ceres.pl\/sklep\/wp-json\/wp\/v2\/product"}],"about":[{"href":"https:\/\/ceres.pl\/sklep\/wp-json\/wp\/v2\/types\/product"}],"wp:featuredmedia":[{"embeddable":true,"href":"https:\/\/ceres.pl\/sklep\/wp-json\/wp\/v2\/media\/2730"}],"wp:attachment":[{"href":"https:\/\/ceres.pl\/sklep\/wp-json\/wp\/v2\/media?parent=2680"}],"wp:term":[{"taxonomy":"product_brand","embeddable":true,"href":"https:\/\/ceres.pl\/sklep\/wp-json\/wp\/v2\/product_brand?post=2680"},{"taxonomy":"product_cat","embeddable":true,"href":"https:\/\/ceres.pl\/sklep\/wp-json\/wp\/v2\/product_cat?post=2680"},{"taxonomy":"product_tag","embeddable":true,"href":"https:\/\/ceres.pl\/sklep\/wp-json\/wp\/v2\/product_tag?post=2680"}],"curies":[{"name":"wp","href":"https:\/\/api.w.org\/{rel}","templated":true}]}}