{"id":2681,"date":"2021-10-07T15:06:03","date_gmt":"2021-10-07T13:06:03","guid":{"rendered":"https:\/\/ceres.pl\/sklep\/produkt\/bez-kategorii\/ph-agrar-2000-set\/"},"modified":"2023-04-04T11:53:09","modified_gmt":"2023-04-04T09:53:09","slug":"ph-agrar-2000-set","status":"publish","type":"product","link":"https:\/\/ceres.pl\/sklep\/produkt\/instrumenty-pomiarowe-stelzner-pronova\/ph-metry\/ph-agrar-2000-set\/","title":{"rendered":"pH Agrar 2000 Set"},"content":{"rendered":"<p>pH AGRAR 2000 jest wa\u017cnym narz\u0119dziem do monitorowania od\u017cywienia upraw. Ro\u015bliny rosn\u0105 optymalnie, gdy warto\u015b\u0107 pH jest utrzymywana specjalnie dla tego konkretnego typu ro\u015bliny. Wch\u0142anianie niekt\u00f3rych g\u0142\u00f3wnych sk\u0142adnik\u00f3w od\u017cywczych mo\u017ce by\u0107 utrudnione, je\u015bli warto\u015b\u0107 pH jest zbyt wysoka lub zbyt niska. Instrukcja techniczna dostarczona wraz z produktem Stelzner zawiera szczeg\u00f3\u0142ow\u0105 list\u0119 optymalnych, specyficznych dla ro\u015blin warto\u015bci pH. Nowe, sterowane mikroprocesorem urz\u0105dzenie pH AGRAR 2000 jest \u0142atwe w obs\u0142udze i bardzo precyzyjne. Posiada r\u00f3wnie\u017c elektrod\u0119 pomiarow\u0105 wykonan\u0105 ze szk\u0142a, kt\u00f3ra jest specjalnie zaprojektowana dla ogrodnictwa. To sprawia, \u017ce \u200b\u200bjest to idealne urz\u0105dzenie do pomiar\u00f3w ogrodniczych. Posiada prost\u0105 automatyczn\u0105 kalibracj\u0119 pH4 i pH7. Przewodno\u015b\u0107 elektrody jest wy\u015bwietlana (w mV\/pH) na urz\u0105dzeniu, dzi\u0119ki czemu mo\u017cna sprawdzi\u0107 czu\u0142o\u015b\u0107 elektrody pH. Je\u015bli czu\u0142o\u015b\u0107 elektrody pH jest zbyt niska, wy\u015bwietlany jest alert. Nadal mo\u017cna wykonywa\u0107 pomiary, gdy czu\u0142o\u015b\u0107 jest zmniejszona, ale nale\u017cy jak najszybciej wymieni\u0107 elektrod\u0119 pH na now\u0105. Nasza specjalna elektroda do pomiaru pH wykonana ze szk\u0142a jest wyposa\u017cona w trzy ceramiczne membrany i p\u0142ynny elektrolit. Elektrolit zapobiega zapychaniu si\u0119 membrany ziemi\u0105. Zwi\u0119ksza to trwa\u0142o\u015b\u0107 i \u017cywotno\u015b\u0107 ca\u0142ej jednostki. Jednostka podstawowa jest zamkni\u0119ta w solidnej obudowie, kt\u00f3ra jest zbudowana tak, aby sprosta\u0107 najbardziej wymagaj\u0105cym warunkom pracy w terenie i laboratorium. pH AGRAR 2000 mo\u017ce by\u0107 u\u017cywany do bezpo\u015brednich pomiar\u00f3w upraw, a tak\u017ce do sprawdzania substrat\u00f3w, roztwor\u00f3w nawoz\u00f3w, a nawet jako\u015bci wody.<\/p>\n","protected":false},"excerpt":{"rendered":"<p>pH AGRAR 2000 jest wa\u017cnym narz\u0119dziem do monitorowania od\u017cywienia upraw. Ro\u015bliny rosn\u0105 optymalnie, gdy warto\u015b\u0107 pH jest utrzymywana specjalnie dla tego konkretnego typu ro\u015bliny. Wch\u0142anianie niekt\u00f3rych g\u0142\u00f3wnych sk\u0142adnik\u00f3w od\u017cywczych mo\u017ce by\u0107 utrudnione, je\u015bli warto\u015b\u0107 pH jest zbyt wysoka lub zbyt niska. Instrukcja techniczna dostarczona wraz z produktem Stelzner zawiera szczeg\u00f3\u0142ow\u0105 list\u0119 optymalnych, specyficznych dla ro\u015blin [&hellip;]<\/p>\n","protected":false},"featured_media":2724,"template":"","meta":{"_acf_changed":false,"_seopress_robots_primary_cat":"none","_seopress_titles_title":"","_seopress_titles_desc":"","_seopress_robots_index":""},"product_brand":[],"product_cat":[152,165],"product_tag":[],"class_list":{"0":"post-2681","1":"product","2":"type-product","3":"status-publish","4":"has-post-thumbnail","6":"product_cat-instrumenty-pomiarowe-stelzner-pronova","7":"product_cat-ph-metry","9":"first","10":"instock","11":"taxable","12":"shipping-taxable","13":"purchasable","14":"product-type-simple"},"acf":[],"_links":{"self":[{"href":"https:\/\/ceres.pl\/sklep\/wp-json\/wp\/v2\/product\/2681","targetHints":{"allow":["GET"]}}],"collection":[{"href":"https:\/\/ceres.pl\/sklep\/wp-json\/wp\/v2\/product"}],"about":[{"href":"https:\/\/ceres.pl\/sklep\/wp-json\/wp\/v2\/types\/product"}],"wp:featuredmedia":[{"embeddable":true,"href":"https:\/\/ceres.pl\/sklep\/wp-json\/wp\/v2\/media\/2724"}],"wp:attachment":[{"href":"https:\/\/ceres.pl\/sklep\/wp-json\/wp\/v2\/media?parent=2681"}],"wp:term":[{"taxonomy":"product_brand","embeddable":true,"href":"https:\/\/ceres.pl\/sklep\/wp-json\/wp\/v2\/product_brand?post=2681"},{"taxonomy":"product_cat","embeddable":true,"href":"https:\/\/ceres.pl\/sklep\/wp-json\/wp\/v2\/product_cat?post=2681"},{"taxonomy":"product_tag","embeddable":true,"href":"https:\/\/ceres.pl\/sklep\/wp-json\/wp\/v2\/product_tag?post=2681"}],"curies":[{"name":"wp","href":"https:\/\/api.w.org\/{rel}","templated":true}]}}