{"id":2709,"date":"2021-10-13T09:27:13","date_gmt":"2021-10-13T07:27:13","guid":{"rendered":"https:\/\/ceres.pl\/sklep\/produkt\/bez-kategorii\/zestaw-ec-2000\/"},"modified":"2026-01-21T14:29:59","modified_gmt":"2026-01-21T13:29:59","slug":"zestaw-ec-2000","status":"publish","type":"product","link":"https:\/\/ceres.pl\/sklep\/produkt\/instrumenty-pomiarowe-stelzner-pronova\/ec-metry\/zestaw-ec-2000\/","title":{"rendered":"Zestaw EC 2000"},"content":{"rendered":"<p>Przewodno\u015b\u0107 elektryczna okre\u015bla pr\u0105d elektryczny mi\u0119dzy dwoma punktami (elektrodami) o r\u00f3\u017cnych potencja\u0142ach napi\u0119cia w cieczy. Przewodno\u015b\u0107 wzrasta wraz ze wzrostem ilo\u015bci soli, kwasu lub zasady zawartej w roztworze. Przewodno\u015b\u0107 mierzy si\u0119 w jednostkach mS\/cm. Skala dla roztwor\u00f3w wodnych zaczyna si\u0119 od czystej wody (przewodno\u015b\u0107 wynosi 0,05 \u00b5S\/cm w 25\u00b0C), a ko\u0144czy na roztworze zasadowym 1,0 mS\/cm (np. roztwory potasu). Woda pitna lub powierzchniowa ma warto\u015b\u0107 przewodno\u015bci w zakresie od 0,1 do 1,0 mS\/cm. Przewodno\u015b\u0107 mierzy si\u0119 za pomoc\u0105 celi pomiarowej, kt\u00f3ra sk\u0142ada si\u0119 (w najprostszym przypadku) z dw\u00f3ch podobnych elektrod. Do elektrody przyk\u0142adane jest napi\u0119cie przemienne, co powoduje, \u017ce jony w roztworze poruszaj\u0105 si\u0119 wzgl\u0119dem elektrody. Wi\u0119kszy pr\u0105d przep\u0142ywa mi\u0119dzy elektrodami, gdy w roztworze znajduje si\u0119 wi\u0119cej jon\u00f3w. Korzystaj\u0105c z tego zmierzonego pr\u0105du, miernik oblicza przewodno\u015b\u0107 roztworu, a nast\u0119pnie, na podstawie specyfikacji ogniwa, rzeczywist\u0105 warto\u015b\u0107 przewodno\u015bci. Obszary zastosowa\u0144: W ogrodnictwie warto\u015b\u0107 przewodno\u015bci jest r\u00f3wnie\u017c okre\u015blana jako warto\u015b\u0107 EC. Warto\u015b\u0107 EC jest wska\u017anikiem ilo\u015bci rozpuszczonych soli. Podawany jest w mS\/cm. EC 2000 jest stosowany we wszystkich obszarach uprawy i system\u00f3w nawadniania, w tym klasycznej kwiaciarni, produkcji substrat\u00f3w i upraw bezglebowych. Umo\u017cliwia monitorowanie roztwor\u00f3w podstawowych i po\u017cywek podczas nawo\u017cenia. Mo\u017cesz r\u00f3wnie\u017c sprawdzi\u0107 zawarto\u015b\u0107 soli w mieszankach substrat\u00f3w. Uwaga: W przypadku roztwor\u00f3w soli bazowych i od\u017cywczych o wysokiej zawarto\u015bci soli zalecamy stosowanie elektrody przewodno\u015bci szklano-platynowej zamiast elektrody w\u0119glowej. W roztworach o wysokim st\u0119\u017ceniu soli szklano-platynowa elektroda przewodnictwa ma mniejsz\u0105 polaryzacj\u0119, a tym samym zapewnia lepsz\u0105 liniowo\u015b\u0107 i dok\u0142adniejsze odczyty. EC 2000 to precyzyjny przyrz\u0105d pomiarowy z kompensacj\u0105 temperatury, kt\u00f3ry mo\u017cna kalibrowa\u0107. S\u0142u\u017cy do szybkiego wyznaczania warto\u015bci mS\/EC w roztworach od 0 \u2013 20 mS\/cm (przy u\u017cyciu elektrody przewodno\u015bci w\u0119glowej) lub 0 \u2013 200 mS\/cm (przy u\u017cyciu elektrody przewodno\u015bci szklano-platynowej).<\/p>\n","protected":false},"excerpt":{"rendered":"<p>Przewodno\u015b\u0107 elektryczna okre\u015bla pr\u0105d elektryczny mi\u0119dzy dwoma punktami (elektrodami) o r\u00f3\u017cnych potencja\u0142ach napi\u0119cia w cieczy. Przewodno\u015b\u0107 wzrasta wraz ze wzrostem ilo\u015bci soli, kwasu lub zasady zawartej w roztworze. Przewodno\u015b\u0107 mierzy si\u0119 w jednostkach mS\/cm. Skala dla roztwor\u00f3w wodnych zaczyna si\u0119 od czystej wody (przewodno\u015b\u0107 wynosi 0,05 \u00b5S\/cm w 25\u00b0C), a ko\u0144czy na roztworze zasadowym 1,0 [&hellip;]<\/p>\n","protected":false},"featured_media":2732,"template":"","meta":{"_acf_changed":false,"_seopress_robots_primary_cat":"none","_seopress_titles_title":"","_seopress_titles_desc":"","_seopress_robots_index":""},"product_brand":[],"product_cat":[152,154],"product_tag":[],"class_list":{"0":"post-2709","1":"product","2":"type-product","3":"status-publish","4":"has-post-thumbnail","6":"product_cat-instrumenty-pomiarowe-stelzner-pronova","7":"product_cat-ec-metry","9":"first","10":"onbackorder","11":"taxable","12":"shipping-taxable","13":"purchasable","14":"product-type-simple"},"acf":[],"_links":{"self":[{"href":"https:\/\/ceres.pl\/sklep\/wp-json\/wp\/v2\/product\/2709","targetHints":{"allow":["GET"]}}],"collection":[{"href":"https:\/\/ceres.pl\/sklep\/wp-json\/wp\/v2\/product"}],"about":[{"href":"https:\/\/ceres.pl\/sklep\/wp-json\/wp\/v2\/types\/product"}],"wp:featuredmedia":[{"embeddable":true,"href":"https:\/\/ceres.pl\/sklep\/wp-json\/wp\/v2\/media\/2732"}],"wp:attachment":[{"href":"https:\/\/ceres.pl\/sklep\/wp-json\/wp\/v2\/media?parent=2709"}],"wp:term":[{"taxonomy":"product_brand","embeddable":true,"href":"https:\/\/ceres.pl\/sklep\/wp-json\/wp\/v2\/product_brand?post=2709"},{"taxonomy":"product_cat","embeddable":true,"href":"https:\/\/ceres.pl\/sklep\/wp-json\/wp\/v2\/product_cat?post=2709"},{"taxonomy":"product_tag","embeddable":true,"href":"https:\/\/ceres.pl\/sklep\/wp-json\/wp\/v2\/product_tag?post=2709"}],"curies":[{"name":"wp","href":"https:\/\/api.w.org\/{rel}","templated":true}]}}