{"id":2713,"date":"2021-10-13T09:41:02","date_gmt":"2021-10-13T07:41:02","guid":{"rendered":"https:\/\/ceres.pl\/sklep\/produkt\/bez-kategorii\/kieszonkowy-tester-ec-59\/"},"modified":"2023-06-05T22:05:30","modified_gmt":"2023-06-05T20:05:30","slug":"kieszonkowy-tester-ec-59","status":"publish","type":"product","link":"https:\/\/ceres.pl\/sklep\/produkt\/instrumenty-pomiarowe-stelzner-pronova\/ec-metry\/kieszonkowy-tester-ec-59\/","title":{"rendered":"Kieszonkowy tester EC 59"},"content":{"rendered":"<p>EC\/TDS 59 to ma\u0142y, kieszonkowy, wodoodporny tester EC. Wykonuje szybkie i \u0142atwe pomiary w cieczach i przefiltrowanych roztworach glebowych. Nadaje si\u0119 do stosowania w ogrodnictwie, architekturze krajobrazu, akwariach, hydroponice, basenach, stawach oraz w laboratorium. Posiada funkcj\u0119 automatycznej kalibracji (1413 \u03bcS\/cm) oraz wymienn\u0105 elektrod\u0119.<\/p>\n","protected":false},"excerpt":{"rendered":"<p>EC\/TDS 59 to ma\u0142y, kieszonkowy, wodoodporny tester EC. Wykonuje szybkie i \u0142atwe pomiary w cieczach i przefiltrowanych roztworach glebowych. Nadaje si\u0119 do stosowania w ogrodnictwie, architekturze krajobrazu, akwariach, hydroponice, basenach, stawach oraz w laboratorium. Posiada funkcj\u0119 automatycznej kalibracji (1413 \u03bcS\/cm) oraz wymienn\u0105 elektrod\u0119.<\/p>\n","protected":false},"featured_media":2738,"template":"","meta":{"_acf_changed":false,"_seopress_robots_primary_cat":"none","_seopress_titles_title":"","_seopress_titles_desc":"","_seopress_robots_index":""},"product_brand":[],"product_cat":[152,154],"product_tag":[],"class_list":{"0":"post-2713","1":"product","2":"type-product","3":"status-publish","4":"has-post-thumbnail","6":"product_cat-instrumenty-pomiarowe-stelzner-pronova","7":"product_cat-ec-metry","9":"first","10":"onbackorder","11":"taxable","12":"shipping-taxable","13":"purchasable","14":"product-type-simple"},"acf":[],"_links":{"self":[{"href":"https:\/\/ceres.pl\/sklep\/wp-json\/wp\/v2\/product\/2713","targetHints":{"allow":["GET"]}}],"collection":[{"href":"https:\/\/ceres.pl\/sklep\/wp-json\/wp\/v2\/product"}],"about":[{"href":"https:\/\/ceres.pl\/sklep\/wp-json\/wp\/v2\/types\/product"}],"wp:featuredmedia":[{"embeddable":true,"href":"https:\/\/ceres.pl\/sklep\/wp-json\/wp\/v2\/media\/2738"}],"wp:attachment":[{"href":"https:\/\/ceres.pl\/sklep\/wp-json\/wp\/v2\/media?parent=2713"}],"wp:term":[{"taxonomy":"product_brand","embeddable":true,"href":"https:\/\/ceres.pl\/sklep\/wp-json\/wp\/v2\/product_brand?post=2713"},{"taxonomy":"product_cat","embeddable":true,"href":"https:\/\/ceres.pl\/sklep\/wp-json\/wp\/v2\/product_cat?post=2713"},{"taxonomy":"product_tag","embeddable":true,"href":"https:\/\/ceres.pl\/sklep\/wp-json\/wp\/v2\/product_tag?post=2713"}],"curies":[{"name":"wp","href":"https:\/\/api.w.org\/{rel}","templated":true}]}}