{"id":2840,"date":"2022-01-17T14:18:32","date_gmt":"2022-01-17T13:18:32","guid":{"rendered":"https:\/\/ceres.pl\/sklep\/produkt\/bez-kategorii\/flora-pcp100-pilarka-bezprzewodowa-z-3-akumulatorami\/"},"modified":"2026-03-20T09:41:06","modified_gmt":"2026-03-20T08:41:06","slug":"flora-pcp100-pilarka-bezprzewodowa-z-3-akumulatorami","status":"publish","type":"product","link":"https:\/\/ceres.pl\/sklep\/produkt\/sekatory\/flora-pcp100-pilarka-bezprzewodowa-z-3-akumulatorami\/","title":{"rendered":"Flora PCP100 pilarka bezprzewodowa z 3 akumulatorami"},"content":{"rendered":"<p>Flora PCP100 to pilarka bezprzewodowa z wbudowanym i wymiennym akumulatorem. Posiada zdolno\u015b\u0107 ci\u0119cia 100mm. Lekka i niewielkich rozmiar\u00f3w, jest mocna i \u0142atwa w obs\u0142udze. Jest idealnym narz\u0119dziem do przycinania sad\u00f3w, winnic i ro\u015blin ozdobnych. Flora PCP 100 wyposa\u017cona jest w baterie 14,4V, takie same jak sekator bezprzewodowy Flora PC32. Produkt posiada certyfikat EUR1.<\/p>\n","protected":false},"excerpt":{"rendered":"<p>Flora PCP100 to pilarka bezprzewodowa z wbudowanym i wymiennym akumulatorem. Posiada zdolno\u015b\u0107 ci\u0119cia 100mm. Lekka i niewielkich rozmiar\u00f3w, jest mocna i \u0142atwa w obs\u0142udze. Jest idealnym narz\u0119dziem do przycinania sad\u00f3w, winnic i ro\u015blin ozdobnych. Flora PCP 100 wyposa\u017cona jest w baterie 14,4V, takie same jak sekator bezprzewodowy Flora PC32. Produkt posiada certyfikat EUR1.<\/p>\n","protected":false},"featured_media":2846,"template":"","meta":{"_acf_changed":false,"_seopress_robots_primary_cat":"none","_seopress_titles_title":"","_seopress_titles_desc":"","_seopress_robots_index":""},"product_brand":[],"product_cat":[168],"product_tag":[],"class_list":{"0":"post-2840","1":"product","2":"type-product","3":"status-publish","4":"has-post-thumbnail","6":"product_cat-sekatory","8":"first","9":"instock","10":"sale","11":"taxable","12":"shipping-taxable","13":"purchasable","14":"product-type-simple"},"acf":[],"_links":{"self":[{"href":"https:\/\/ceres.pl\/sklep\/wp-json\/wp\/v2\/product\/2840","targetHints":{"allow":["GET"]}}],"collection":[{"href":"https:\/\/ceres.pl\/sklep\/wp-json\/wp\/v2\/product"}],"about":[{"href":"https:\/\/ceres.pl\/sklep\/wp-json\/wp\/v2\/types\/product"}],"wp:featuredmedia":[{"embeddable":true,"href":"https:\/\/ceres.pl\/sklep\/wp-json\/wp\/v2\/media\/2846"}],"wp:attachment":[{"href":"https:\/\/ceres.pl\/sklep\/wp-json\/wp\/v2\/media?parent=2840"}],"wp:term":[{"taxonomy":"product_brand","embeddable":true,"href":"https:\/\/ceres.pl\/sklep\/wp-json\/wp\/v2\/product_brand?post=2840"},{"taxonomy":"product_cat","embeddable":true,"href":"https:\/\/ceres.pl\/sklep\/wp-json\/wp\/v2\/product_cat?post=2840"},{"taxonomy":"product_tag","embeddable":true,"href":"https:\/\/ceres.pl\/sklep\/wp-json\/wp\/v2\/product_tag?post=2840"}],"curies":[{"name":"wp","href":"https:\/\/api.w.org\/{rel}","templated":true}]}}