{"id":2991,"date":"2022-03-03T10:29:03","date_gmt":"2022-03-03T09:29:03","guid":{"rendered":"https:\/\/ceres.pl\/sklep\/produkt\/bez-kategorii\/transolex-15-kg\/"},"modified":"2026-03-06T12:34:39","modified_gmt":"2026-03-06T11:34:39","slug":"transolex-15-kg","status":"publish","type":"product","link":"https:\/\/ceres.pl\/sklep\/produkt\/srodki-do-cieniowania\/transolex-15-kg\/","title":{"rendered":"Transolex 15 l"},"content":{"rendered":"<h2>TRANSOLEX \u2013 NAJWY\u017bSZEJ JAKO\u015aCI \u015aRODEK DO CIENIOWANIA SZKLARNI<\/h2>\n<p>Zawiera progresywny filtr \u015bwietlny w formie emulsji. Przy s\u0142onecznej i suchej pogodzie staje si\u0119 on mleczno-bia\u0142y, a przy deszczowej, pochmurnej i wilgotnej pogodzie naniesiony preparat staje si\u0119 transparentny.<\/p>\n<p><strong>Spos\u00f3b\u00a0u\u017cycia:<br \/>\n<\/strong>Preparat nale\u017cy wla\u0107 bezpo\u015brednio do wody (najlepiej w temperaturze pokojowej) i dobrze wymiesza\u0107. Nanosi\u0107 za pomoc\u0105 rozpylacza lub p\u0119dzla na such\u0105 i czyst\u0105 powierzchni\u0119 zewn\u0119trzn\u0105 przy bezwietrznej, umiarkowanej pogodzie. Odporny na deszcz po ok. 4 godzinach.<\/p>\n<p>Wszystkie preparaty mo\u017cna \u0142atwo usun\u0105\u0107 za pomoc\u0105 p\u0119dzla lub szczotki, po uprzednim mocnym zmoczeniu wod\u0105.<\/p>\n","protected":false},"excerpt":{"rendered":"<p>TRANSOLEX \u2013 NAJWY\u017bSZEJ JAKO\u015aCI \u015aRODEK DO CIENIOWANIA SZKLARNI Zawiera progresywny filtr \u015bwietlny w formie emulsji. Przy s\u0142onecznej i suchej pogodzie staje si\u0119 on mleczno-bia\u0142y, a przy deszczowej, pochmurnej i wilgotnej pogodzie naniesiony preparat staje si\u0119 transparentny. Spos\u00f3b\u00a0u\u017cycia: Preparat nale\u017cy wla\u0107 bezpo\u015brednio do wody (najlepiej w temperaturze pokojowej) i dobrze wymiesza\u0107. Nanosi\u0107 za pomoc\u0105 rozpylacza lub [&hellip;]<\/p>\n","protected":false},"featured_media":3016,"template":"","meta":{"_acf_changed":false,"_seopress_robots_primary_cat":"none","_seopress_titles_title":"","_seopress_titles_desc":"","_seopress_robots_index":""},"product_brand":[],"product_cat":[98],"product_tag":[],"class_list":{"0":"post-2991","1":"product","2":"type-product","3":"status-publish","4":"has-post-thumbnail","6":"product_cat-srodki-do-cieniowania","8":"first","9":"instock","10":"taxable","11":"shipping-taxable","12":"purchasable","13":"product-type-simple"},"acf":[],"_links":{"self":[{"href":"https:\/\/ceres.pl\/sklep\/wp-json\/wp\/v2\/product\/2991","targetHints":{"allow":["GET"]}}],"collection":[{"href":"https:\/\/ceres.pl\/sklep\/wp-json\/wp\/v2\/product"}],"about":[{"href":"https:\/\/ceres.pl\/sklep\/wp-json\/wp\/v2\/types\/product"}],"wp:featuredmedia":[{"embeddable":true,"href":"https:\/\/ceres.pl\/sklep\/wp-json\/wp\/v2\/media\/3016"}],"wp:attachment":[{"href":"https:\/\/ceres.pl\/sklep\/wp-json\/wp\/v2\/media?parent=2991"}],"wp:term":[{"taxonomy":"product_brand","embeddable":true,"href":"https:\/\/ceres.pl\/sklep\/wp-json\/wp\/v2\/product_brand?post=2991"},{"taxonomy":"product_cat","embeddable":true,"href":"https:\/\/ceres.pl\/sklep\/wp-json\/wp\/v2\/product_cat?post=2991"},{"taxonomy":"product_tag","embeddable":true,"href":"https:\/\/ceres.pl\/sklep\/wp-json\/wp\/v2\/product_tag?post=2991"}],"curies":[{"name":"wp","href":"https:\/\/api.w.org\/{rel}","templated":true}]}}