{"id":3039,"date":"2022-03-25T10:00:56","date_gmt":"2022-03-25T09:00:56","guid":{"rendered":"https:\/\/ceres.pl\/sklep\/produkt\/bez-kategorii\/ostrzalka-8140-altuna\/"},"modified":"2026-03-20T09:41:24","modified_gmt":"2026-03-20T08:41:24","slug":"ostrzalka-8140-altuna","status":"publish","type":"product","link":"https:\/\/ceres.pl\/sklep\/produkt\/sekatory\/sekatory-altuna\/osprzet-i-czesci-zamienne\/ostrzalka-8140-altuna\/","title":{"rendered":"Ostrza\u0142ka 8140 Altuna"},"content":{"rendered":"<p>Okr\u0105g\u0142a ostrza\u0142ka do narz\u0119dzi ogrodowych, przede wszystkim do: sekator\u00f3w, no\u017cyc ogrodowych, no\u017cyc do przycinania ga\u0142\u0119zi. Za pomoc\u0105 tego urz\u0105dzenia mo\u017cna r\u00f3wnie\u017c naostrzy\u0107: brzytwy, d\u0142uta, przecinaki. Ostrza\u0142ka posiada plastikow\u0105 os\u0142onk\u0119 na palce oraz zbiornik oleju zamieszczony w r\u0105czce.<\/p>\n<p>&nbsp;<\/p>\n","protected":false},"excerpt":{"rendered":"<p>Okr\u0105g\u0142a ostrza\u0142ka do narz\u0119dzi ogrodowych, przede wszystkim do: sekator\u00f3w, no\u017cyc ogrodowych, no\u017cyc do przycinania ga\u0142\u0119zi. Za pomoc\u0105 tego urz\u0105dzenia mo\u017cna r\u00f3wnie\u017c naostrzy\u0107: brzytwy, d\u0142uta, przecinaki. Ostrza\u0142ka posiada plastikow\u0105 os\u0142onk\u0119 na palce oraz zbiornik oleju zamieszczony w r\u0105czce. &nbsp;<\/p>\n","protected":false},"featured_media":3187,"template":"","meta":{"_acf_changed":false,"_seopress_robots_primary_cat":"none","_seopress_titles_title":"","_seopress_titles_desc":"","_seopress_robots_index":""},"product_brand":[],"product_cat":[168,171,182],"product_tag":[],"class_list":{"0":"post-3039","1":"product","2":"type-product","3":"status-publish","4":"has-post-thumbnail","6":"product_cat-sekatory","7":"product_cat-sekatory-altuna","8":"product_cat-osprzet-i-czesci-zamienne","10":"first","11":"instock","12":"sale","13":"taxable","14":"shipping-taxable","15":"purchasable","16":"product-type-simple"},"acf":[],"_links":{"self":[{"href":"https:\/\/ceres.pl\/sklep\/wp-json\/wp\/v2\/product\/3039","targetHints":{"allow":["GET"]}}],"collection":[{"href":"https:\/\/ceres.pl\/sklep\/wp-json\/wp\/v2\/product"}],"about":[{"href":"https:\/\/ceres.pl\/sklep\/wp-json\/wp\/v2\/types\/product"}],"wp:featuredmedia":[{"embeddable":true,"href":"https:\/\/ceres.pl\/sklep\/wp-json\/wp\/v2\/media\/3187"}],"wp:attachment":[{"href":"https:\/\/ceres.pl\/sklep\/wp-json\/wp\/v2\/media?parent=3039"}],"wp:term":[{"taxonomy":"product_brand","embeddable":true,"href":"https:\/\/ceres.pl\/sklep\/wp-json\/wp\/v2\/product_brand?post=3039"},{"taxonomy":"product_cat","embeddable":true,"href":"https:\/\/ceres.pl\/sklep\/wp-json\/wp\/v2\/product_cat?post=3039"},{"taxonomy":"product_tag","embeddable":true,"href":"https:\/\/ceres.pl\/sklep\/wp-json\/wp\/v2\/product_tag?post=3039"}],"curies":[{"name":"wp","href":"https:\/\/api.w.org\/{rel}","templated":true}]}}