{"id":3043,"date":"2022-03-25T10:00:10","date_gmt":"2022-03-25T09:00:10","guid":{"rendered":"https:\/\/ceres.pl\/sklep\/produkt\/bez-kategorii\/sekator-1281-inox-altuna\/"},"modified":"2026-03-20T08:15:27","modified_gmt":"2026-03-20T07:15:27","slug":"sekator-1281-inox-altuna","status":"publish","type":"product","link":"https:\/\/ceres.pl\/sklep\/produkt\/sekatory\/sekatory-altuna\/sekatory-do-sadzonek\/sekator-1281-inox-altuna\/","title":{"rendered":"Sekator 1281 INOX Altuna"},"content":{"rendered":"<p>Sekator 1281 to no\u017cyce do pozyskiwania sadzonek oraz \u00a0zbioru owoc\u00f3w cytrusowych i winogron z kr\u00f3tkim i zakrzywionym ostrzem. Urz\u0105dzenie posiada symetryczne uchwyty.<\/p>\n<p>Materia\u0142y: w\u0142\u00f3kno poliamidowe i stal nierdzewna.<\/p>\n<p>D\u0142ugo\u015b\u0107: 180 mm<\/p>\n<p>Waga: 105 gr<\/p>\n","protected":false},"excerpt":{"rendered":"<p>Sekator 1281 to no\u017cyce do pozyskiwania sadzonek oraz \u00a0zbioru owoc\u00f3w cytrusowych i winogron z kr\u00f3tkim i zakrzywionym ostrzem. Urz\u0105dzenie posiada symetryczne uchwyty. Materia\u0142y: w\u0142\u00f3kno poliamidowe i stal nierdzewna. D\u0142ugo\u015b\u0107: 180 mm Waga: 105 gr<\/p>\n","protected":false},"featured_media":3166,"template":"","meta":{"_acf_changed":false,"_seopress_robots_primary_cat":"none","_seopress_titles_title":"","_seopress_titles_desc":"","_seopress_robots_index":""},"product_brand":[],"product_cat":[168,171,179],"product_tag":[],"class_list":{"0":"post-3043","1":"product","2":"type-product","3":"status-publish","4":"has-post-thumbnail","6":"product_cat-sekatory","7":"product_cat-sekatory-altuna","8":"product_cat-sekatory-do-sadzonek","10":"first","11":"instock","12":"taxable","13":"shipping-taxable","14":"purchasable","15":"product-type-simple"},"acf":[],"_links":{"self":[{"href":"https:\/\/ceres.pl\/sklep\/wp-json\/wp\/v2\/product\/3043","targetHints":{"allow":["GET"]}}],"collection":[{"href":"https:\/\/ceres.pl\/sklep\/wp-json\/wp\/v2\/product"}],"about":[{"href":"https:\/\/ceres.pl\/sklep\/wp-json\/wp\/v2\/types\/product"}],"wp:featuredmedia":[{"embeddable":true,"href":"https:\/\/ceres.pl\/sklep\/wp-json\/wp\/v2\/media\/3166"}],"wp:attachment":[{"href":"https:\/\/ceres.pl\/sklep\/wp-json\/wp\/v2\/media?parent=3043"}],"wp:term":[{"taxonomy":"product_brand","embeddable":true,"href":"https:\/\/ceres.pl\/sklep\/wp-json\/wp\/v2\/product_brand?post=3043"},{"taxonomy":"product_cat","embeddable":true,"href":"https:\/\/ceres.pl\/sklep\/wp-json\/wp\/v2\/product_cat?post=3043"},{"taxonomy":"product_tag","embeddable":true,"href":"https:\/\/ceres.pl\/sklep\/wp-json\/wp\/v2\/product_tag?post=3043"}],"curies":[{"name":"wp","href":"https:\/\/api.w.org\/{rel}","templated":true}]}}