{"id":3212,"date":"2022-03-28T13:21:07","date_gmt":"2022-03-28T11:21:07","guid":{"rendered":"https:\/\/ceres.pl\/sklep\/produkt\/bez-kategorii\/carbogen-l-10-l\/"},"modified":"2025-11-04T09:46:44","modified_gmt":"2025-11-04T08:46:44","slug":"carbogen-l-10-l","status":"publish","type":"product","link":"https:\/\/ceres.pl\/sklep\/produkt\/pozyteczne-mikroorganizmy\/nawozy-uzupelniajace-oferte\/carbogen-l-10-l\/","title":{"rendered":"Carbogen L 10 l"},"content":{"rendered":"<div class=\"row\">\n<div class=\"col-12\">\n<h2>CARBOGEN L &#8211; Naw\u00f3z aminokwasowy zarejestrowany w UE do stosowania w uprawach ekologicznych<\/h2>\n<\/div>\n<\/div>\n<div class=\"row\">\n<div class=\"col-12\">\n<p><strong><span dir=\"ltr\" role=\"presentation\">CARBOGEN L<\/span><\/strong><span dir=\"ltr\" role=\"presentation\"> to bogaty w \u0142atwo dost\u0119pne amino<\/span><span dir=\"ltr\" role=\"presentation\">kwasy preparat na bazie dro\u017cd\u017cy. Stymuluje przemia<\/span><span dir=\"ltr\" role=\"presentation\">n\u0119 materii i aktywuje fizjologiczny wzrost ro\u015blin <\/span><span dir=\"ltr\" role=\"presentation\">(korzeni, <\/span><span dir=\"ltr\" role=\"presentation\">masy <\/span><span dir=\"ltr\" role=\"presentation\">zielonej, <\/span><span dir=\"ltr\" role=\"presentation\">suchej <\/span><span dir=\"ltr\" role=\"presentation\">masy <\/span><span dir=\"ltr\" role=\"presentation\">plonu, <\/span><span dir=\"ltr\" role=\"presentation\">za<\/span><span dir=\"ltr\" role=\"presentation\">warto\u015bci cukru). Poprawia tak\u017ce ich zdolno\u015b\u0107 do <\/span><span dir=\"ltr\" role=\"presentation\">przezwyci\u0119\u017cania okres\u00f3w stres\u00f3w, takich jak: wahania <\/span><span dir=\"ltr\" role=\"presentation\">termiczne, nadmierne zasolenie, ataki patogen\u00f3w <\/span><span dir=\"ltr\" role=\"presentation\">i susza.<\/span><\/p>\n<p><span dir=\"ltr\" role=\"presentation\">CARBOGEN L jest tak\u017ce aktywny, stymuluj\u0105c repro<\/span><span dir=\"ltr\" role=\"presentation\">dukcj\u0119 <\/span><span dir=\"ltr\" role=\"presentation\">mikroorganizm\u00f3w, <\/span><span dir=\"ltr\" role=\"presentation\">kt\u00f3re <\/span><span dir=\"ltr\" role=\"presentation\">tworz\u0105 <\/span><span dir=\"ltr\" role=\"presentation\">ryzosfer\u0119, <\/span><span dir=\"ltr\" role=\"presentation\">czyli grzyb\u00f3w mikorytycznych i bakterii PGPR. Rozw\u00f3j <\/span><span dir=\"ltr\" role=\"presentation\">takich drobnoustroj\u00f3w w glebie jest niezb\u0119dny dla <\/span><span dir=\"ltr\" role=\"presentation\">\u017cyzno\u015bci gleby, poniewa\u017c poprawiaj\u0105 one struktur\u0119 <\/span><span dir=\"ltr\" role=\"presentation\">gleby, przetwarzaj\u0105 niedost\u0119pne pierwiastki na formy <\/span><span dir=\"ltr\" role=\"presentation\">przyswajalne dla ro\u015blin, produkuj\u0105 hormony wzrostu <\/span><span dir=\"ltr\" role=\"presentation\">wp\u0142ywaj\u0105ce bezpo\u015brednio na wzrost w\u0142o\u015bnik\u00f3w oraz <\/span><br role=\"presentation\" \/><span dir=\"ltr\" role=\"presentation\">tworz\u0105 z ro\u015blinami symbiotyczne zwi\u0105zki, bezpo\u015bred<\/span><span dir=\"ltr\" role=\"presentation\">nio stymuluj\u0105c ich wzrost.<\/span><\/p>\n<p><strong><span dir=\"ltr\" role=\"presentation\">Zastosowanie:<\/span><\/strong><\/p>\n<p><span dir=\"ltr\" role=\"presentation\">CARBOGEN L mo\u017cna stosowa\u0107 w uprawach wszy<\/span><span dir=\"ltr\" role=\"presentation\">stkich gatunk\u00f3w. CARBOGEN L znajduje zastoso<\/span><span dir=\"ltr\" role=\"presentation\">wanie zar\u00f3wno na polu, jak i pod os\u0142onami. Prepa<\/span><span dir=\"ltr\" role=\"presentation\">rat nale\u017cy stosowa\u0107 podczas krytycznych okres\u00f3w <\/span><span dir=\"ltr\" role=\"presentation\">wegetacji, staraj\u0105c si\u0119 unika\u0107 najgor\u0119tszych godzin <\/span><span dir=\"ltr\" role=\"presentation\">podczas dnia. Zaleca si\u0119 podawanie CARBOGEN L <\/span><span dir=\"ltr\" role=\"presentation\">w okresach maksymalnego stresu ro\u015blin, w miar\u0119 <\/span><span dir=\"ltr\" role=\"presentation\">mo\u017cliwo\u015bci zwi\u0119kszaj\u0105c dawki i stosuj\u0105c je cz\u0119\u015bciej. <\/span><span dir=\"ltr\" role=\"presentation\">W przypadku stosowania z preparatami BALY, BAS, <\/span><span dir=\"ltr\" role=\"presentation\">BLANKA, FOXY, MATODEX, MATOZILL, SPHERA, <\/span><span dir=\"ltr\" role=\"presentation\">KLOZER, TRIASH i innymi preparatami zawieraj\u0105<\/span><span dir=\"ltr\" role=\"presentation\">cymi mikroorganizmy nale\u017cy miesza\u0107 je minimum <\/span><span dir=\"ltr\" role=\"presentation\">12 h przed stosowaniem w stosunku 1:1 w celu po<\/span><span dir=\"ltr\" role=\"presentation\">budzenia <\/span><span dir=\"ltr\" role=\"presentation\">i <\/span><span dir=\"ltr\" role=\"presentation\">osi\u0105gni\u0119cia <\/span><span dir=\"ltr\" role=\"presentation\">maksymalnego <\/span><span dir=\"ltr\" role=\"presentation\">potencja\u0142u <\/span><span dir=\"ltr\" role=\"presentation\">rozwoju mikroorganizm\u00f3w. Gotowy roztw\u00f3r (po up\u0142ywie <\/span><span dir=\"ltr\" role=\"presentation\">12<\/span><span dir=\"ltr\" role=\"presentation\">\u2013<\/span><span dir=\"ltr\" role=\"presentation\">24 h aktywacji) nale\u017cy zu\u017cy\u0107 w ci\u0105gu 24 h. <\/span><span dir=\"ltr\" role=\"presentation\">W przypadku oprysk\u00f3w nale\u017cy unika\u0107 wody do <\/span><span dir=\"ltr\" role=\"presentation\">sporz\u0105dzenia roztworu o odczynie zasadowym <\/span><span dir=\"ltr\" role=\"presentation\">(pH &gt; 6,5).<\/span><\/p>\n<p><strong><span dir=\"ltr\" role=\"presentation\">Dawkowanie:<\/span><\/strong><\/p>\n<p><span dir=\"ltr\" role=\"presentation\">Pierwsz\u0105 aplikacj\u0119 nale\u017cy przepro<\/span><span dir=\"ltr\" role=\"presentation\">wadzi\u0107 bezpo\u015brednio przed przesadze<\/span><span dir=\"ltr\" role=\"presentation\">niem lub podczas wytwarzania p\u0105k\u00f3w <\/span><span dir=\"ltr\" role=\"presentation\">0,5 l \/1000 m2 (max 3-5 l \/1000 m2) <\/span><span dir=\"ltr\" role=\"presentation\">zabieg powtarza\u0107 co 4-6 tygodni przez <\/span><span dir=\"ltr\" role=\"presentation\">ca\u0142y cykl uprawy. W celu uzyskania <\/span><span dir=\"ltr\" role=\"presentation\">najlepszych rezultat\u00f3w nale\u017cy zastoso<\/span><span dir=\"ltr\" role=\"presentation\">wa\u0107 na gleb\u0119 lub pod\u0142o\u017ce ogrodnicze <\/span><span dir=\"ltr\" role=\"presentation\">bezpo\u015brednio przed siewem. <\/span><span dir=\"ltr\" role=\"presentation\">Stosowa\u0107 w stosunku 1:1 z preparatami <\/span><span dir=\"ltr\" role=\"presentation\">mikrobiologicznymi dla uzyskania pe\u0142ni <\/span><span dir=\"ltr\" role=\"presentation\">efektywno\u015bci.<\/span><\/p>\n<p><strong>Sk\u0142ad:<\/strong><\/p>\n<p>\u2022 Azot organiczny\u00a0 \u00a07,0%<\/p>\n<p>\u2022 W\u0119giel organiczny\u00a0 \u00a015,0%<\/p>\n<p>\u2022 Fosfor P2O5\u00a0 \u00a02,3%<\/p>\n<p>\u2022 Potas K2O\u00a0 \u00a05,0%<\/p>\n<\/div>\n<\/div>\n","protected":false},"excerpt":{"rendered":"<p>CARBOGEN L &#8211; Naw\u00f3z aminokwasowy zarejestrowany w UE do stosowania w uprawach ekologicznych CARBOGEN L to bogaty w \u0142atwo dost\u0119pne aminokwasy preparat na bazie dro\u017cd\u017cy. Stymuluje przemian\u0119 materii i aktywuje fizjologiczny wzrost ro\u015blin (korzeni, masy zielonej, suchej masy plonu, zawarto\u015bci cukru). Poprawia tak\u017ce ich zdolno\u015b\u0107 do przezwyci\u0119\u017cania okres\u00f3w stres\u00f3w, takich jak: wahania termiczne, nadmierne zasolenie, [&hellip;]<\/p>\n","protected":false},"featured_media":3424,"template":"","meta":{"_acf_changed":false,"_seopress_robots_primary_cat":"none","_seopress_titles_title":"","_seopress_titles_desc":"","_seopress_robots_index":""},"product_brand":[],"product_cat":[141,188],"product_tag":[],"class_list":{"0":"post-3212","1":"product","2":"type-product","3":"status-publish","4":"has-post-thumbnail","6":"product_cat-pozyteczne-mikroorganizmy","7":"product_cat-nawozy-uzupelniajace-oferte","9":"first","10":"outofstock","11":"taxable","12":"shipping-taxable","13":"purchasable","14":"product-type-simple"},"acf":[],"_links":{"self":[{"href":"https:\/\/ceres.pl\/sklep\/wp-json\/wp\/v2\/product\/3212","targetHints":{"allow":["GET"]}}],"collection":[{"href":"https:\/\/ceres.pl\/sklep\/wp-json\/wp\/v2\/product"}],"about":[{"href":"https:\/\/ceres.pl\/sklep\/wp-json\/wp\/v2\/types\/product"}],"wp:featuredmedia":[{"embeddable":true,"href":"https:\/\/ceres.pl\/sklep\/wp-json\/wp\/v2\/media\/3424"}],"wp:attachment":[{"href":"https:\/\/ceres.pl\/sklep\/wp-json\/wp\/v2\/media?parent=3212"}],"wp:term":[{"taxonomy":"product_brand","embeddable":true,"href":"https:\/\/ceres.pl\/sklep\/wp-json\/wp\/v2\/product_brand?post=3212"},{"taxonomy":"product_cat","embeddable":true,"href":"https:\/\/ceres.pl\/sklep\/wp-json\/wp\/v2\/product_cat?post=3212"},{"taxonomy":"product_tag","embeddable":true,"href":"https:\/\/ceres.pl\/sklep\/wp-json\/wp\/v2\/product_tag?post=3212"}],"curies":[{"name":"wp","href":"https:\/\/api.w.org\/{rel}","templated":true}]}}