{"id":3214,"date":"2022-03-29T15:00:58","date_gmt":"2022-03-29T13:00:58","guid":{"rendered":"https:\/\/ceres.pl\/sklep\/produkt\/bez-kategorii\/baly-1-l\/"},"modified":"2026-03-20T08:17:31","modified_gmt":"2026-03-20T07:17:31","slug":"baly-1-l","status":"publish","type":"product","link":"https:\/\/ceres.pl\/sklep\/produkt\/pozyteczne-mikroorganizmy\/preparaty-poprawiajace-odzywienie-roslin\/baly-1-l\/","title":{"rendered":"Baly 1 l"},"content":{"rendered":"<div class=\"row\">\n<div class=\"col-12\">\n<h2>BALY &#8211; Szczepionka mikoryzowa poprawiaj\u0105ca jako\u015b\u0107 gleby i odporno\u015b\u0107 na choroby<\/h2>\n<\/div>\n<\/div>\n<div class=\"row\">\n<div class=\"col-12\">\n<p><strong><span dir=\"ltr\" role=\"presentation\">\u015arodek zawieraj\u0105cy \u017cywe mikroorganizmy, <\/span><span dir=\"ltr\" role=\"presentation\">wspomagaj\u0105cy upraw\u0119 ro\u015blin, dopuszczony <\/span><span dir=\"ltr\" role=\"presentation\">do stosowania w uprawach ekologicznych w UE.<\/span><\/strong><\/p>\n<p><strong><span dir=\"ltr\" role=\"presentation\">BALY<\/span><\/strong><span dir=\"ltr\" role=\"presentation\"> to nowo\u015b\u0107 w\u015br\u00f3d produkt\u00f3w nawozowych <\/span><span dir=\"ltr\" role=\"presentation\">o specyficznym dzia\u0142aniu i jest znacz\u0105c\u0105 alternaty<\/span><span dir=\"ltr\" role=\"presentation\">w\u0105 dla metod chemicznych. Zawiera mieszank\u0119 <\/span><span dir=\"ltr\" role=\"presentation\">zarodnik\u00f3w grzyb\u00f3w mikoryzowych Glomus sp. <\/span><span dir=\"ltr\" role=\"presentation\">oraz <\/span><span dir=\"ltr\" role=\"presentation\">bakterii <\/span><span dir=\"ltr\" role=\"presentation\">PGPR <\/span><span dir=\"ltr\" role=\"presentation\">(wspomagaj\u0105cych <\/span><span dir=\"ltr\" role=\"presentation\">wzrost <\/span><span dir=\"ltr\" role=\"presentation\">ro\u015blin) z rodzaju Bacillus i dro\u017cd\u017cy Aureobasidium. <\/span><span dir=\"ltr\" role=\"presentation\">Ich rola to poprawa struktury gleby, zapewnienie <\/span><span dir=\"ltr\" role=\"presentation\">dost\u0119pu tlenu do strefy korzeniowej, produkcja <\/span><span dir=\"ltr\" role=\"presentation\">hormon\u00f3w wzrostu, udost\u0119pnianie ro\u015blinie fos<\/span><span dir=\"ltr\" role=\"presentation\">foru, <\/span><span dir=\"ltr\" role=\"presentation\">chelatowanie <\/span><span dir=\"ltr\" role=\"presentation\">sk\u0142adnik\u00f3w <\/span><span dir=\"ltr\" role=\"presentation\">pokarmowych <\/span><span dir=\"ltr\" role=\"presentation\">znajduj\u0105cych si\u0119 w roztworze glebowym, ogra<\/span><span dir=\"ltr\" role=\"presentation\">niczanie wzrostu szkodliwych organizm\u00f3w. <\/span><span dir=\"ltr\" role=\"presentation\">Te wszystkie funkcje i widoczne skutki stosowania <\/span><span dir=\"ltr\" role=\"presentation\">to jedno, ale stosowanie ich nie ogranicza si\u0119 do <\/span><span dir=\"ltr\" role=\"presentation\">podania do gleby. <\/span><span dir=\"ltr\" role=\"presentation\">Oprysk ro\u015bliny ma na celu skolonizowanie powie<\/span><span dir=\"ltr\" role=\"presentation\">rzchni <\/span><span dir=\"ltr\" role=\"presentation\">li\u015bci <\/span><span dir=\"ltr\" role=\"presentation\">przez <\/span><span dir=\"ltr\" role=\"presentation\">po\u017cyteczne <\/span><span dir=\"ltr\" role=\"presentation\">mikroorganizmy <\/span><span dir=\"ltr\" role=\"presentation\">i ograniczenie lub niedopuszczenie do rozwoju <\/span><span dir=\"ltr\" role=\"presentation\">m\u0105czniak\u00f3w i szarej ple\u015bni w uprawach polowych, <\/span><span dir=\"ltr\" role=\"presentation\">pod os\u0142onami, w sadach, winnicach i jagodnikach.<\/span><\/p>\n<p><strong><span dir=\"ltr\" role=\"presentation\">Zastosowanie:<\/span><\/strong><\/p>\n<p><span dir=\"ltr\" role=\"presentation\">Przed zastosowaniem nale\u017cy rozcie\u0144czy\u0107 w wodzie <\/span><span dir=\"ltr\" role=\"presentation\">i zmiesza\u0107 z preparatem <span style=\"color: #008000;\"><strong><a style=\"color: #008000;\" href=\"https:\/\/ceres.pl\/sklep\/produkt\/pozyteczne-mikroorganizmy\/carbogen-l-1-l\/\">CARBOGEN L<\/a><\/strong><\/span>, a nast\u0119p<\/span><span dir=\"ltr\" role=\"presentation\">nie odstawi\u0107 na 12<\/span><span dir=\"ltr\" role=\"presentation\">\u2013<\/span><span dir=\"ltr\" role=\"presentation\">24 h dla uaktywnienia mikro<\/span><span dir=\"ltr\" role=\"presentation\">organizm\u00f3w zawartych w preparacie. Ta aktywac<\/span><span dir=\"ltr\" role=\"presentation\">ja pozwoli na wykorzystanie pe\u0142nego potencja\u0142u <\/span><span dir=\"ltr\" role=\"presentation\">mikroorganizm\u00f3w, <\/span><span dir=\"ltr\" role=\"presentation\">pozwoli <\/span><span dir=\"ltr\" role=\"presentation\">im <\/span><span dir=\"ltr\" role=\"presentation\">te\u017c <\/span><span dir=\"ltr\" role=\"presentation\">natychmiast <\/span><span dir=\"ltr\" role=\"presentation\">rozpocz\u0105\u0107 prac\u0119 w glebie czy na ro\u015blinie i zapewni <\/span><span dir=\"ltr\" role=\"presentation\">d\u0142u\u017csz\u0105 aktywno\u015b\u0107. <\/span><span dir=\"ltr\" role=\"presentation\">Preparatu BALY nie nale\u017cy \u0142\u0105czy\u0107 z preparatami <\/span><span dir=\"ltr\" role=\"presentation\">chemicznymi. <\/span><span dir=\"ltr\" role=\"presentation\">Mo\u017cna stosowa\u0107 jednocze\u015bnie z innymi prepara<\/span><span dir=\"ltr\" role=\"presentation\">tami mikoryzowymi, jednak w takiej sytuacji sam\u0105 <\/span><span dir=\"ltr\" role=\"presentation\">aktywacj\u0119 nale\u017cy prowadzi\u0107 w oddzielnych pojem<\/span><span dir=\"ltr\" role=\"presentation\">nikach.<\/span><\/p>\n<p>Najlepiej 1 h przed zastosowaniem preparatu opryska\u0107 ro\u015bliny preparatami <span style=\"color: #008000;\"><strong><a style=\"color: #008000;\" href=\"https:\/\/ceres.pl\/sklep\/produkt\/nawozy-mikroelementowe\/biobacter-1l\/\">BIOBACTER<\/a><\/strong><\/span>, <a href=\"https:\/\/ceres.pl\/sklep\/produkt\/nawozy-mikroelementowe\/silver-1l\/\"><strong><span style=\"color: #008000;\">SILVER<\/span><\/strong><\/a> i <a href=\"https:\/\/ceres.pl\/sklep\/produkt\/nawozy-mikroelementowe\/calcio-max-3kg\/\"><strong><span style=\"color: #008000;\">CALCIOMAX<\/span><\/strong><\/a> w r\u00f3\u017cnych konfiguracjach.<\/p>\n<p><strong><span dir=\"ltr\" role=\"presentation\">Dawkowanie:<\/span><\/strong><\/p>\n<ul>\n<li><span dir=\"ltr\" role=\"presentation\">uprawy pod os\u0142onami <\/span><span dir=\"ltr\" role=\"presentation\">200 ml\/100 l wody<\/span><\/li>\n<li><span dir=\"ltr\" role=\"presentation\">uprawy polowe oraz sadownicze <\/span><span dir=\"ltr\" role=\"presentation\">2\u20133 l w 500\u2013800 l \/ha<\/span><\/li>\n<\/ul>\n<p><strong><span dir=\"ltr\" role=\"presentation\">Sk\u0142ad gatunkowy:<\/span><\/strong><\/p>\n<ul>\n<li><span dir=\"ltr\" role=\"presentation\">G<em>lomus intraradices<\/em><\/span><\/li>\n<li><span dir=\"ltr\" role=\"presentation\">G<em>lomus mossae<\/em><\/span><\/li>\n<li><span dir=\"ltr\" role=\"presentation\">B<em>acillus pumilis<\/em><\/span><\/li>\n<li><span dir=\"ltr\" role=\"presentation\">B<em>acillus licheniformis<\/em><\/span><\/li>\n<li><span dir=\"ltr\" role=\"presentation\">A<em>ureobasidium pullulans<\/em><\/span><\/li>\n<\/ul>\n<p><strong><span dir=\"ltr\" role=\"presentation\">Wymagane warunki glebowe <\/span><span dir=\"ltr\" role=\"presentation\">dla wzrostu mikroorganizm\u00f3w <\/span><span dir=\"ltr\" role=\"presentation\">zawartych w preparacie:<\/span><\/strong><\/p>\n<ul>\n<li><span dir=\"ltr\" role=\"presentation\">minimalna temperatura\u00a0 5\u00baC<\/span><\/li>\n<li><span dir=\"ltr\" role=\"presentation\">optymalna temperatura\u00a0 20\u201330\u00baC<\/span><\/li>\n<li><span dir=\"ltr\" role=\"presentation\">maksymalna temperatura\u00a0 40\u00baC<\/span><\/li>\n<\/ul>\n<\/div>\n<\/div>\n","protected":false},"excerpt":{"rendered":"<p>BALY &#8211; Szczepionka mikoryzowa poprawiaj\u0105ca jako\u015b\u0107 gleby i odporno\u015b\u0107 na choroby \u015arodek zawieraj\u0105cy \u017cywe mikroorganizmy, wspomagaj\u0105cy upraw\u0119 ro\u015blin, dopuszczony do stosowania w uprawach ekologicznych w UE. BALY to nowo\u015b\u0107 w\u015br\u00f3d produkt\u00f3w nawozowych o specyficznym dzia\u0142aniu i jest znacz\u0105c\u0105 alternatyw\u0105 dla metod chemicznych. Zawiera mieszank\u0119 zarodnik\u00f3w grzyb\u00f3w mikoryzowych Glomus sp. oraz bakterii PGPR (wspomagaj\u0105cych wzrost ro\u015blin) [&hellip;]<\/p>\n","protected":false},"featured_media":3625,"template":"","meta":{"_acf_changed":false,"_seopress_robots_primary_cat":"none","_seopress_titles_title":"","_seopress_titles_desc":"","_seopress_robots_index":""},"product_brand":[],"product_cat":[141,185,187],"product_tag":[],"class_list":{"0":"post-3214","1":"product","2":"type-product","3":"status-publish","4":"has-post-thumbnail","6":"product_cat-pozyteczne-mikroorganizmy","7":"product_cat-preparaty-poprawiajace-odzywienie-roslin","8":"product_cat-preparaty-pomocne-w-stresie-spowodowanym-przez-choroby","10":"first","11":"instock","12":"taxable","13":"shipping-taxable","14":"purchasable","15":"product-type-simple"},"acf":[],"_links":{"self":[{"href":"https:\/\/ceres.pl\/sklep\/wp-json\/wp\/v2\/product\/3214","targetHints":{"allow":["GET"]}}],"collection":[{"href":"https:\/\/ceres.pl\/sklep\/wp-json\/wp\/v2\/product"}],"about":[{"href":"https:\/\/ceres.pl\/sklep\/wp-json\/wp\/v2\/types\/product"}],"wp:featuredmedia":[{"embeddable":true,"href":"https:\/\/ceres.pl\/sklep\/wp-json\/wp\/v2\/media\/3625"}],"wp:attachment":[{"href":"https:\/\/ceres.pl\/sklep\/wp-json\/wp\/v2\/media?parent=3214"}],"wp:term":[{"taxonomy":"product_brand","embeddable":true,"href":"https:\/\/ceres.pl\/sklep\/wp-json\/wp\/v2\/product_brand?post=3214"},{"taxonomy":"product_cat","embeddable":true,"href":"https:\/\/ceres.pl\/sklep\/wp-json\/wp\/v2\/product_cat?post=3214"},{"taxonomy":"product_tag","embeddable":true,"href":"https:\/\/ceres.pl\/sklep\/wp-json\/wp\/v2\/product_tag?post=3214"}],"curies":[{"name":"wp","href":"https:\/\/api.w.org\/{rel}","templated":true}]}}