{"id":3215,"date":"2022-03-29T15:01:39","date_gmt":"2022-03-29T13:01:39","guid":{"rendered":"https:\/\/ceres.pl\/sklep\/produkt\/bez-kategorii\/biobacter-1l\/"},"modified":"2026-03-31T11:04:10","modified_gmt":"2026-03-31T09:04:10","slug":"biobacter-1l","status":"publish","type":"product","link":"https:\/\/ceres.pl\/sklep\/produkt\/pozyteczne-mikroorganizmy\/nawozy-uzupelniajace-oferte\/biobacter-1l\/","title":{"rendered":"Biobacter 1l"},"content":{"rendered":"<div class=\"row\">\n<div class=\"col-12\">\n<h2>BIOBACTER\u00ae &#8211; Naw\u00f3z WE \u2013 dolistny o dzia\u0142aniu odka\u017caj\u0105cym.<\/h2>\n<\/div>\n<\/div>\n<div class=\"row\">\n<div class=\"col-12\">\n<p><strong><span dir=\"ltr\" role=\"presentation\">BIOBACTER\u00ae <\/span><\/strong><span dir=\"ltr\" role=\"presentation\">to stabilna, p\u0142ynna mieszanina zawieraj\u0105<\/span><span dir=\"ltr\" role=\"presentation\">ca rozpuszczalny w wodzie cynk, zestaw kwas\u00f3w nadtle<\/span><span dir=\"ltr\" role=\"presentation\">nowych i karboksylowych oraz nadtlenek wodoru. <\/span><span dir=\"ltr\" role=\"presentation\">Cynk to trudno dost\u0119pny pierwiastek o du\u017cym znaczeniu <\/span><span dir=\"ltr\" role=\"presentation\">w uprawach. Jest niezb\u0119dny dla osi\u0105gni\u0119cia potencja\u0142u <\/span><span dir=\"ltr\" role=\"presentation\">produkcyjnego <\/span><span dir=\"ltr\" role=\"presentation\">upraw. <\/span><span dir=\"ltr\" role=\"presentation\">Wspomaga <\/span><span dir=\"ltr\" role=\"presentation\">efektywno\u015b\u0107 <\/span><span dir=\"ltr\" role=\"presentation\">wyko<\/span><span dir=\"ltr\" role=\"presentation\">rzystania innych pierwiastk\u00f3w mineralnych, takich jak <\/span><span dir=\"ltr\" role=\"presentation\">azot. Najcz\u0119\u015bciej niedob\u00f3r cynku wyst\u0119puje na glebach <\/span><span dir=\"ltr\" role=\"presentation\">bogatych w materi\u0119 organiczn\u0105 oraz w fosfor. Wysokie <\/span><span dir=\"ltr\" role=\"presentation\">pH gleby lub po\u017cywki znacz\u0105co redukuje pobieranie cyn<\/span><span dir=\"ltr\" role=\"presentation\">ku (nawet trzydziestokrotnie).<\/span><\/p>\n<p><span dir=\"ltr\" role=\"presentation\">BIOBACTER\u00ae dzi\u0119ki specjalnej formulacji stwarza opty<\/span><span dir=\"ltr\" role=\"presentation\">malne warunki dla absorbcji cynku przez tkanki ro\u015b<\/span><span dir=\"ltr\" role=\"presentation\">linne, zwi\u0119kszaj\u0105c wydajno\u015b\u0107 zabiegu. <\/span><span dir=\"ltr\" role=\"presentation\">Efektem <\/span><span dir=\"ltr\" role=\"presentation\">dzia\u0142ania <\/span><span dir=\"ltr\" role=\"presentation\">BIOBACTER\u00ae podanego <\/span><span dir=\"ltr\" role=\"presentation\">w <\/span><span dir=\"ltr\" role=\"presentation\">oprysku <\/span><span dir=\"ltr\" role=\"presentation\">jest uwolnienie du\u017cej ilo\u015bci jon\u00f3w hydroksylowych, grup <\/span><span dir=\"ltr\" role=\"presentation\">acetylowych i wolnego tlenu. Te naturalne zwi\u0105zki, dzia\u0142a<\/span><span dir=\"ltr\" role=\"presentation\">j\u0105c na b\u0142ony drobnoustroj\u00f3w, pomagaj\u0105 utrzyma\u0107 powierz<\/span><span dir=\"ltr\" role=\"presentation\">chni\u0119 li\u015bci w czysto\u015bci.<\/span><\/p>\n<p><span dir=\"ltr\" role=\"presentation\">BIOBACTER\u00ae podnosi jako\u015b\u0107 wody do irygacji (w zbior<\/span><span dir=\"ltr\" role=\"presentation\">nikach lub w systemach zalewowych) przez wytr\u0105canie <\/span><span dir=\"ltr\" role=\"presentation\">zwi\u0105zk\u00f3w <\/span><span dir=\"ltr\" role=\"presentation\">octanowych, <\/span><span dir=\"ltr\" role=\"presentation\">obni\u017canie <\/span><span dir=\"ltr\" role=\"presentation\">pH <\/span><span dir=\"ltr\" role=\"presentation\">i <\/span><span dir=\"ltr\" role=\"presentation\">zapobieganie <\/span><span dir=\"ltr\" role=\"presentation\">przenoszeniu patogen\u00f3w. <\/span><span dir=\"ltr\" role=\"presentation\">Stosowanie BIOBACTER\u00ae w niskich dawkach w zbiorni<\/span><span dir=\"ltr\" role=\"presentation\">kach wodnych nie tylko zapobiega tworzeniu si\u0119 zm\u0119t<\/span><span dir=\"ltr\" role=\"presentation\">nienia spowodowanego rozwojem glon\u00f3w i \u015bluz\u00f3w, ale <\/span><span dir=\"ltr\" role=\"presentation\">ma wp\u0142yw na ograniczenie rozwoju bakterii i grzyb\u00f3w.<\/span><\/p>\n<p><strong><span dir=\"ltr\" role=\"presentation\">Zastosowanie:<\/span><\/strong><\/p>\n<p><span dir=\"ltr\" role=\"presentation\">Unikaj u\u017cywania w najgor\u0119tszych godzinach dnia, pro<\/span><span dir=\"ltr\" role=\"presentation\">dukt powinien wyschn\u0105\u0107 mo\u017cliwie wolno. Spryskaj drob<\/span><span dir=\"ltr\" role=\"presentation\">n\u0105 kropl\u0105, \u015bwie\u017co przygotowanym roztworem (roztw\u00f3r <\/span><span dir=\"ltr\" role=\"presentation\">niewykorzystany <\/span><span dir=\"ltr\" role=\"presentation\">nie <\/span><span dir=\"ltr\" role=\"presentation\">zachowuje <\/span><span dir=\"ltr\" role=\"presentation\">swoich <\/span><span dir=\"ltr\" role=\"presentation\">w\u0142a\u015bciwo\u015bci). <\/span><span dir=\"ltr\" role=\"presentation\">BIOBACTER\u00ae mo\u017cna miesza\u0107 z wi\u0119kszo\u015bci\u0105 pestycyd\u00f3w, <\/span><span dir=\"ltr\" role=\"presentation\">wzmacniaj\u0105c ich skuteczno\u015b\u0107. <\/span><span dir=\"ltr\" role=\"presentation\">Zawsze dodawaj BIOBACTER\u00ae jako pierwszy do roztwo<\/span><span dir=\"ltr\" role=\"presentation\">ru wodnego. Nie mieszaj ze zwi\u0105zkami zawieraj\u0105cymi <\/span><span dir=\"ltr\" role=\"presentation\">Cu, Mn, Al, Fe, S i oleje, a w razie w\u0105tpliwo\u015bci zr\u00f3b ma\u0142\u0105 <\/span><span dir=\"ltr\" role=\"presentation\">pr\u00f3b\u0119 (niew\u0142a\u015bciwa reakcja to wzburzenie mieszanki). <\/span><span dir=\"ltr\" role=\"presentation\">Dotychczas <\/span><span dir=\"ltr\" role=\"presentation\">nie <\/span><span dir=\"ltr\" role=\"presentation\">stwierdzono <\/span><span dir=\"ltr\" role=\"presentation\">szkodliwo\u015bci <\/span><span dir=\"ltr\" role=\"presentation\">na <\/span><span dir=\"ltr\" role=\"presentation\">\u017cadnej <\/span><span dir=\"ltr\" role=\"presentation\">uprawie i \u017cadnej odmianie, warto jednak sprawdzi\u0107 na <\/span><span dir=\"ltr\" role=\"presentation\">ma\u0142ej powierzchni przed zastosowaniem.<\/span><\/p>\n<p><span dir=\"ltr\" role=\"presentation\">W przypadku u\u017cycia twardej wody lub wody o wyj\u0105tkowo <\/span><span dir=\"ltr\" role=\"presentation\">wysokim pH najlepiej stosowa\u0107 najwy\u017csz\u0105 dawk\u0119. <\/span><span dir=\"ltr\" role=\"presentation\">W przypadku uznanej potrzeby nie zwi\u0119ksza\u0107 dawki, ale <\/span><span dir=\"ltr\" role=\"presentation\">skr\u00f3ci\u0107 czas mi\u0119dzy opryskami. <\/span><span dir=\"ltr\" role=\"presentation\">BIOBACTER\u00ae nie powinien by\u0107 stosowany z wod\u0105 zawie<\/span><span dir=\"ltr\" role=\"presentation\">raj\u0105c\u0105 du\u017ce ilo\u015bci chloru.<\/span><\/p>\n<p><strong><span dir=\"ltr\" role=\"presentation\">Dawkowanie:<\/span><\/strong><\/p>\n<ul>\n<li><span dir=\"ltr\" role=\"presentation\">Uprawy sadownicze, polowe <\/span><span dir=\"ltr\" role=\"presentation\">i pod os\u0142onami <\/span><span dir=\"ltr\" role=\"presentation\">oprysk drobn\u0105 kropl\u0105 w ilo\u015bci\u00a0 <\/span><span dir=\"ltr\" role=\"presentation\">200\u2013250 ml\/100 l wody<\/span><\/li>\n<li><span dir=\"ltr\" role=\"presentation\">W systemach nawadniania zalewowego <\/span><span dir=\"ltr\" role=\"presentation\">podawa\u0107 stale 200\u2013250 ml BIOBACTER\u00ae <\/span><span dir=\"ltr\" role=\"presentation\">na ka\u017cdy m\u00b3 wody<\/span><\/li>\n<\/ul>\n<p><strong><span dir=\"ltr\" role=\"presentation\">Sk\u0142ad:<\/span><\/strong><\/p>\n<ul>\n<li><span dir=\"ltr\" role=\"presentation\">Cynk (Zn) rozpuszczalny w wodzie 2%<\/span><\/li>\n<li><span dir=\"ltr\" role=\"presentation\">Kwas nadoctowy<\/span><\/li>\n<li><span dir=\"ltr\" role=\"presentation\">Kwas octowy<\/span><\/li>\n<li><span dir=\"ltr\" role=\"presentation\">Nadtlenek wodoru<\/span><\/li>\n<\/ul>\n<\/div>\n<\/div>\n","protected":false},"excerpt":{"rendered":"<p>BIOBACTER\u00ae &#8211; Naw\u00f3z WE \u2013 dolistny o dzia\u0142aniu odka\u017caj\u0105cym. BIOBACTER\u00ae to stabilna, p\u0142ynna mieszanina zawieraj\u0105ca rozpuszczalny w wodzie cynk, zestaw kwas\u00f3w nadtlenowych i karboksylowych oraz nadtlenek wodoru. Cynk to trudno dost\u0119pny pierwiastek o du\u017cym znaczeniu w uprawach. Jest niezb\u0119dny dla osi\u0105gni\u0119cia potencja\u0142u produkcyjnego upraw. Wspomaga efektywno\u015b\u0107 wykorzystania innych pierwiastk\u00f3w mineralnych, takich jak azot. Najcz\u0119\u015bciej niedob\u00f3r [&hellip;]<\/p>\n","protected":false},"featured_media":3634,"template":"","meta":{"_acf_changed":false,"_seopress_robots_primary_cat":"none","_seopress_titles_title":"","_seopress_titles_desc":"","_seopress_robots_index":""},"product_brand":[],"product_cat":[141,188],"product_tag":[],"class_list":{"0":"post-3215","1":"product","2":"type-product","3":"status-publish","4":"has-post-thumbnail","6":"product_cat-pozyteczne-mikroorganizmy","7":"product_cat-nawozy-uzupelniajace-oferte","9":"first","10":"instock","11":"taxable","12":"shipping-taxable","13":"purchasable","14":"product-type-simple"},"acf":[],"_links":{"self":[{"href":"https:\/\/ceres.pl\/sklep\/wp-json\/wp\/v2\/product\/3215","targetHints":{"allow":["GET"]}}],"collection":[{"href":"https:\/\/ceres.pl\/sklep\/wp-json\/wp\/v2\/product"}],"about":[{"href":"https:\/\/ceres.pl\/sklep\/wp-json\/wp\/v2\/types\/product"}],"wp:featuredmedia":[{"embeddable":true,"href":"https:\/\/ceres.pl\/sklep\/wp-json\/wp\/v2\/media\/3634"}],"wp:attachment":[{"href":"https:\/\/ceres.pl\/sklep\/wp-json\/wp\/v2\/media?parent=3215"}],"wp:term":[{"taxonomy":"product_brand","embeddable":true,"href":"https:\/\/ceres.pl\/sklep\/wp-json\/wp\/v2\/product_brand?post=3215"},{"taxonomy":"product_cat","embeddable":true,"href":"https:\/\/ceres.pl\/sklep\/wp-json\/wp\/v2\/product_cat?post=3215"},{"taxonomy":"product_tag","embeddable":true,"href":"https:\/\/ceres.pl\/sklep\/wp-json\/wp\/v2\/product_tag?post=3215"}],"curies":[{"name":"wp","href":"https:\/\/api.w.org\/{rel}","templated":true}]}}