{"id":3216,"date":"2022-03-29T15:02:05","date_gmt":"2022-03-29T13:02:05","guid":{"rendered":"https:\/\/ceres.pl\/sklep\/produkt\/bez-kategorii\/blanka-1-l\/"},"modified":"2026-03-20T08:17:34","modified_gmt":"2026-03-20T07:17:34","slug":"blanka-1-l","status":"publish","type":"product","link":"https:\/\/ceres.pl\/sklep\/produkt\/pozyteczne-mikroorganizmy\/preparaty-poprawiajace-odzywienie-roslin\/blanka-1-l\/","title":{"rendered":"Blanka 1 l"},"content":{"rendered":"<div class=\"row\">\n<div class=\"col-12\">\n<h2>BLANKA &#8211; Szczepionka mikoryzowa poprawiaj\u0105ca jako\u015b\u0107 gleby i ograniczaj\u0105ca dzia\u0142alno\u015b\u0107 szkodliwych owad\u00f3w oraz bakterii glebowych.<\/h2>\n<\/div>\n<\/div>\n<div class=\"row\">\n<div class=\"col-12\">\n<p><strong><span dir=\"ltr\" role=\"presentation\">\u015arodek zawieraj\u0105cy \u017cywe mikroorganizmy, <\/span><span dir=\"ltr\" role=\"presentation\">wspomagaj\u0105cy upraw\u0119 ro\u015blin, dopuszczony <\/span><span dir=\"ltr\" role=\"presentation\">do stosowania w uprawach ekologicznych w UE.<\/span><\/strong><\/p>\n<p><strong><span dir=\"ltr\" role=\"presentation\">BLANKA<\/span><\/strong><span dir=\"ltr\" role=\"presentation\"> zawiera zarodniki grzyb\u00f3w mikorytycz<\/span><span dir=\"ltr\" role=\"presentation\">nych, z kt\u00f3rych cz\u0119\u015b\u0107 \u017cywi si\u0119 owadami, takimi jak <\/span><span dir=\"ltr\" role=\"presentation\">mszyce, wciornastki, m\u0105czlik szkarniowy, a tak\u017ce <\/span><span dir=\"ltr\" role=\"presentation\">\u017ceruj\u0105cymi <\/span><span dir=\"ltr\" role=\"presentation\">pod <\/span><span dir=\"ltr\" role=\"presentation\">ziemi\u0105 <\/span><span dir=\"ltr\" role=\"presentation\">p\u0119drakami, <\/span><span dir=\"ltr\" role=\"presentation\">drutowcami <\/span><span dir=\"ltr\" role=\"presentation\">i innymi larwami. Przez po\u0142\u0105czenia tkankowe <\/span><span dir=\"ltr\" role=\"presentation\">z ro\u015blinami substancje pozyskane w ten spos\u00f3b <\/span><span dir=\"ltr\" role=\"presentation\">przez grzyby przekazywane s\u0105 ro\u015blinom, przyczy<\/span><span dir=\"ltr\" role=\"presentation\">niaj\u0105c si\u0119 do ich rozwoju. Do skutecznego dzia\u0142a<\/span><span dir=\"ltr\" role=\"presentation\">nia powy\u017cszych grzyb\u00f3w niezb\u0119dny jest kontakt <\/span><span dir=\"ltr\" role=\"presentation\">owada z zarodnikami grzyba i wysoka wilgotno\u015b\u0107. <\/span><span dir=\"ltr\" role=\"presentation\">Po zainfekowaniu owada grzyb szybko rozwija si\u0119 <\/span><span dir=\"ltr\" role=\"presentation\">w jego wn\u0119trzu, co prowadzi do jego \u015bmierci w ci\u0105gu <\/span><span dir=\"ltr\" role=\"presentation\">kilku dni.<\/span><\/p>\n<p><span dir=\"ltr\" role=\"presentation\">Dzi\u0119ki zastosowaniu preparatu BLANKA potencja\u0142 <\/span><span dir=\"ltr\" role=\"presentation\">wzrostu wspomnianych grzyb\u00f3w znacznie wzrasta, <\/span><span dir=\"ltr\" role=\"presentation\">BLANKA zawiera te\u017c bakterie ryzosfery (PGPR), <\/span><span dir=\"ltr\" role=\"presentation\">kt\u00f3re kolonizuj\u0105 system korzeniowy ro\u015blin i przy<\/span><span dir=\"ltr\" role=\"presentation\">nosz\u0105 korzystne efekty dla ro\u015blin, takie jak szybszy <\/span><span dir=\"ltr\" role=\"presentation\">wzrost korzeni i zmniejszona wra\u017cliwo\u015b\u0107 na stresy.<\/span><\/p>\n<p><strong><span dir=\"ltr\" role=\"presentation\">Zastosowanie:<\/span><\/strong><\/p>\n<p><span dir=\"ltr\" role=\"presentation\">Przed <\/span><span dir=\"ltr\" role=\"presentation\">zastosowaniem <\/span><span dir=\"ltr\" role=\"presentation\">nale\u017cy <\/span><span dir=\"ltr\" role=\"presentation\">rozcie\u0144czy\u0107 <\/span><span dir=\"ltr\" role=\"presentation\">w <\/span><span dir=\"ltr\" role=\"presentation\">wodzie <\/span><span dir=\"ltr\" role=\"presentation\">i zmiesza\u0107 z preparatem <span style=\"color: #008000;\"><strong><a style=\"color: #008000;\" href=\"https:\/\/ceres.pl\/sklep\/produkt\/pozyteczne-mikroorganizmy\/carbogen-l-1-l\/\">CARBOGEN L<\/a><\/strong><\/span>, a nast\u0119pnie <\/span><span dir=\"ltr\" role=\"presentation\">odstawi\u0107 na 12<\/span><span dir=\"ltr\" role=\"presentation\">\u2013<\/span><span dir=\"ltr\" role=\"presentation\">24 h dla uaktywnienia mikroorganizm\u00f3w <\/span><span dir=\"ltr\" role=\"presentation\">zawartych w preparacie. Ta aktywacja pozwoli na wyko<\/span><span dir=\"ltr\" role=\"presentation\">rzystanie pe\u0142nego potencja\u0142u mikroorganizm\u00f3w. Pozwo<\/span><span dir=\"ltr\" role=\"presentation\">li im te\u017c natychmiast rozpocz\u0105\u0107 prac\u0119 w glebie czy na <\/span><span dir=\"ltr\" role=\"presentation\">ro\u015blinie i zapewni d\u0142u\u017csz\u0105 aktywno\u015b\u0107. <\/span><span dir=\"ltr\" role=\"presentation\">Preparatu <\/span><span dir=\"ltr\" role=\"presentation\">BLANKA <\/span><span dir=\"ltr\" role=\"presentation\">nie <\/span><span dir=\"ltr\" role=\"presentation\">nale\u017cy <\/span><span dir=\"ltr\" role=\"presentation\">\u0142\u0105czy\u0107 <\/span><span dir=\"ltr\" role=\"presentation\">z <\/span><span dir=\"ltr\" role=\"presentation\">preparatami <\/span><span dir=\"ltr\" role=\"presentation\">chemicznymi. <\/span><span dir=\"ltr\" role=\"presentation\">Mo\u017cna <\/span><span dir=\"ltr\" role=\"presentation\">stosowa\u0107 <\/span><span dir=\"ltr\" role=\"presentation\">jednocze\u015bnie <\/span><span dir=\"ltr\" role=\"presentation\">z <\/span><span dir=\"ltr\" role=\"presentation\">innymi <\/span><span dir=\"ltr\" role=\"presentation\">preparatami <\/span><span dir=\"ltr\" role=\"presentation\">mikoryzowymi, jednak w takiej sytuacji sam\u0105 aktywacj\u0119 <\/span><span dir=\"ltr\" role=\"presentation\">nale\u017cy prowadzi\u0107 w oddzielnych pojemnikach.<\/span><\/p>\n<p><strong><span dir=\"ltr\" role=\"presentation\">Dawkowanie:<\/span><\/strong><\/p>\n<ul>\n<li><span dir=\"ltr\" role=\"presentation\">uprawy pod os\u0142onami <\/span><span dir=\"ltr\" role=\"presentation\">(kwiaty, warzywa, ro\u015bliny doniczkowe) <\/span><span dir=\"ltr\" role=\"presentation\">aplikacja na li\u015bcie <\/span><span dir=\"ltr\" role=\"presentation\">200\u2013300 ml na 100 l wody\/1000 m\u00b2<\/span><span dir=\"ltr\" role=\"presentation\">(zabieg nale\u017cy powt\u00f3rzy\u0107 <\/span><span dir=\"ltr\" role=\"presentation\">po 7\u201310 dniach)<\/span><\/li>\n<li><span dir=\"ltr\" role=\"presentation\">uprawy polowe oraz sadownicze <\/span><span dir=\"ltr\" role=\"presentation\">1\u20132 l na 800 l wody\/ha zabieg nale\u017cy <\/span><span dir=\"ltr\" role=\"presentation\">powtarza\u0107 co 15 dni w razie konieczno\u015bci<\/span><\/li>\n<\/ul>\n<p><strong><span dir=\"ltr\" role=\"presentation\">Sk\u0142ad gatunkowy:<\/span><\/strong><\/p>\n<ul>\n<li><span dir=\"ltr\" role=\"presentation\">G<em>lomus intraradices<\/em><\/span><\/li>\n<li><span dir=\"ltr\" role=\"presentation\">G<em>lomus mossae<\/em><\/span><\/li>\n<li><span dir=\"ltr\" role=\"presentation\">L<em>econicillium lecanii<\/em><\/span><\/li>\n<li><span dir=\"ltr\" role=\"presentation\">B<em>eauveria bassiana<\/em><\/span><\/li>\n<\/ul>\n<p><strong><span dir=\"ltr\" role=\"presentation\">Wymagane warunki glebowe dla <\/span><span dir=\"ltr\" role=\"presentation\">wzrostu bakterii zawartych <\/span><span dir=\"ltr\" role=\"presentation\">w preparacie:<\/span><\/strong><\/p>\n<ul>\n<li><span dir=\"ltr\" role=\"presentation\">minimalna temperatura\u00a0 8\u201310\u00baC<\/span><\/li>\n<li><span dir=\"ltr\" role=\"presentation\">optymalna temperatura\u00a0 25\u201330\u00baC<\/span><\/li>\n<li><span dir=\"ltr\" role=\"presentation\">maksymalna temperatura\u00a0 35\u201340\u00baC<\/span><\/li>\n<\/ul>\n<\/div>\n<\/div>\n","protected":false},"excerpt":{"rendered":"<p>BLANKA &#8211; Szczepionka mikoryzowa poprawiaj\u0105ca jako\u015b\u0107 gleby i ograniczaj\u0105ca dzia\u0142alno\u015b\u0107 szkodliwych owad\u00f3w oraz bakterii glebowych. \u015arodek zawieraj\u0105cy \u017cywe mikroorganizmy, wspomagaj\u0105cy upraw\u0119 ro\u015blin, dopuszczony do stosowania w uprawach ekologicznych w UE. BLANKA zawiera zarodniki grzyb\u00f3w mikorytycznych, z kt\u00f3rych cz\u0119\u015b\u0107 \u017cywi si\u0119 owadami, takimi jak mszyce, wciornastki, m\u0105czlik szkarniowy, a tak\u017ce \u017ceruj\u0105cymi pod ziemi\u0105 p\u0119drakami, drutowcami i [&hellip;]<\/p>\n","protected":false},"featured_media":3623,"template":"","meta":{"_acf_changed":false,"_seopress_robots_primary_cat":"none","_seopress_titles_title":"","_seopress_titles_desc":"","_seopress_robots_index":""},"product_brand":[],"product_cat":[141,185,186],"product_tag":[],"class_list":{"0":"post-3216","1":"product","2":"type-product","3":"status-publish","4":"has-post-thumbnail","6":"product_cat-pozyteczne-mikroorganizmy","7":"product_cat-preparaty-poprawiajace-odzywienie-roslin","8":"product_cat-preparaty-pomocne-w-stresie-spowodowanym-przez-szkodniki","10":"first","11":"instock","12":"taxable","13":"shipping-taxable","14":"purchasable","15":"product-type-simple"},"acf":[],"_links":{"self":[{"href":"https:\/\/ceres.pl\/sklep\/wp-json\/wp\/v2\/product\/3216","targetHints":{"allow":["GET"]}}],"collection":[{"href":"https:\/\/ceres.pl\/sklep\/wp-json\/wp\/v2\/product"}],"about":[{"href":"https:\/\/ceres.pl\/sklep\/wp-json\/wp\/v2\/types\/product"}],"wp:featuredmedia":[{"embeddable":true,"href":"https:\/\/ceres.pl\/sklep\/wp-json\/wp\/v2\/media\/3623"}],"wp:attachment":[{"href":"https:\/\/ceres.pl\/sklep\/wp-json\/wp\/v2\/media?parent=3216"}],"wp:term":[{"taxonomy":"product_brand","embeddable":true,"href":"https:\/\/ceres.pl\/sklep\/wp-json\/wp\/v2\/product_brand?post=3216"},{"taxonomy":"product_cat","embeddable":true,"href":"https:\/\/ceres.pl\/sklep\/wp-json\/wp\/v2\/product_cat?post=3216"},{"taxonomy":"product_tag","embeddable":true,"href":"https:\/\/ceres.pl\/sklep\/wp-json\/wp\/v2\/product_tag?post=3216"}],"curies":[{"name":"wp","href":"https:\/\/api.w.org\/{rel}","templated":true}]}}