{"id":3217,"date":"2022-03-29T15:04:30","date_gmt":"2022-03-29T13:04:30","guid":{"rendered":"https:\/\/ceres.pl\/sklep\/produkt\/bez-kategorii\/chito-mz-1l\/"},"modified":"2026-03-26T13:03:59","modified_gmt":"2026-03-26T12:03:59","slug":"chito-mz-1l","status":"publish","type":"product","link":"https:\/\/ceres.pl\/sklep\/produkt\/pozyteczne-mikroorganizmy\/nawozy-uzupelniajace-oferte\/chito-mz-1l\/","title":{"rendered":"Chito MZ 1l"},"content":{"rendered":"<p class=\"Default\"><strong>CHITO MZ &#8211; Naw\u00f3z WE promuj\u0105cy odporno\u015b\u0107.<\/strong><\/p>\n<p class=\"Default\">Chito MZ to mieszanka takich mikroelement\u00f3w jak: mangan (Mn), siarczan manganu, cynk (Zn), siarczan cynku.<\/p>\n<p>&nbsp;<\/p>\n<p class=\"Default\"><strong>Zastosowanie:<\/strong><\/p>\n<p class=\"Default\">Mangan i cynk to mikroelementy o du\u017cym znaczeniu dla ro\u015blin. Mimo teoretycznej dost\u0119pno\u015bci w pod\u0142o\u017cu, cz\u0119sto w praktyce, w zawi\u0105zku z uwarunkowaniami fizykochemicznymi pod\u0142o\u017ca, elementy te s\u0105 nieosi\u0105galne dla ro\u015blin. S\u0105 one niezb\u0119dne w wielu reakcjach enzymatycznych zwi\u0105zanych z fotosyntez\u0105 czy metabolizmem azotu. Maj\u0105 przez to wyra\u017any wp\u0142yw na stan od\u017cywienia i zdrowia ro\u015bliny. Chitozan dodano do CHITO-MZ jako substancj\u0119 podstawow\u0105 w produkcji organicznej, w zgodzie z\u00a0 art. 23 Rozp. WE Nr.1107\/2009. Chitozan uzyskany z egzoszkielet\u00f3w skorupiak\u00f3w wykorzystywany jest do uzyskiwania korzystnych reakcji na wielu gatunkach ro\u015blin. Ro\u015bliny rozwijaj\u0105 si\u0119 lepiej, maj\u0105 wi\u0119ksz\u0105 tolerancj\u0119 na stresy abiotyczne i biotyczne (presja patogen\u00f3w grzybowych i szkodnik\u00f3w). Dodatkowo preparat stymuluje rozw\u00f3j mikrobiomu i produkcj\u0119 fitoaleksyn. CHITO-MZ jest przeznaczony do stosowania przez oprysk na li\u015bcie.<\/p>\n<p>&nbsp;<\/p>\n<p class=\"Default\"><strong>Dawkowanie:<\/strong><\/p>\n<p class=\"Default\">M\u0142ode ro\u015bliny: 50-100 ml\/100l, regularnie co 15 dni.<\/p>\n<p class=\"Default\">Uprawy pod os\u0142onami: 100 ml\/hl, w 500-1000l wody na ha. Dawk\u0119 mo\u017cna podzieli\u0107 na kilka mniejszych. Powt\u00f3rzy\u0107 po 7 dniach.<\/p>\n<p class=\"Default\">Uprawy gruntowe: 0.5-1 L\/ha w 1000l wody od posadzenia.<\/p>\n<p class=\"Default\">Sady: 0.5-2 L\/ha od pierwszych li\u015bci do zbior\u00f3w z du\u017c\u0105 ilo\u015bci\u0105 wody.<\/p>\n<p class=\"Default\">Winnice: 0.5-2 L\/ha od czasu przed kwitnieniem do zbior\u00f3w. W czasie trwania zagro\u017cenia uprawy stosowa\u0107 cz\u0119sto, minimum 3 razy.<\/p>\n<p>&nbsp;<\/p>\n<p class=\"Default\"><strong>Sk\u0142ad:<\/strong><\/p>\n<p class=\"Default\">Mangan (Mn) 1%\u00a0 rozpuszczalny w wodzie.<\/p>\n<p class=\"Default\">Cynk (Zn) 1% rozpuszczalny w wodzie.<\/p>\n<p class=\"Default\">Chitozan (chlorowodorek chitozanu ) 5%.<\/p>\n","protected":false},"excerpt":{"rendered":"<p>CHITO MZ &#8211; Naw\u00f3z WE promuj\u0105cy odporno\u015b\u0107. Chito MZ to mieszanka takich mikroelement\u00f3w jak: mangan (Mn), siarczan manganu, cynk (Zn), siarczan cynku. &nbsp; Zastosowanie: Mangan i cynk to mikroelementy o du\u017cym znaczeniu dla ro\u015blin. Mimo teoretycznej dost\u0119pno\u015bci w pod\u0142o\u017cu, cz\u0119sto w praktyce, w zawi\u0105zku z uwarunkowaniami fizykochemicznymi pod\u0142o\u017ca, elementy te s\u0105 nieosi\u0105galne dla ro\u015blin. S\u0105 [&hellip;]<\/p>\n","protected":false},"featured_media":3640,"template":"","meta":{"_acf_changed":false,"_seopress_robots_primary_cat":"none","_seopress_titles_title":"","_seopress_titles_desc":"","_seopress_robots_index":""},"product_brand":[],"product_cat":[141,188],"product_tag":[],"class_list":{"0":"post-3217","1":"product","2":"type-product","3":"status-publish","4":"has-post-thumbnail","6":"product_cat-pozyteczne-mikroorganizmy","7":"product_cat-nawozy-uzupelniajace-oferte","9":"first","10":"outofstock","11":"taxable","12":"shipping-taxable","13":"purchasable","14":"product-type-simple"},"acf":[],"_links":{"self":[{"href":"https:\/\/ceres.pl\/sklep\/wp-json\/wp\/v2\/product\/3217","targetHints":{"allow":["GET"]}}],"collection":[{"href":"https:\/\/ceres.pl\/sklep\/wp-json\/wp\/v2\/product"}],"about":[{"href":"https:\/\/ceres.pl\/sklep\/wp-json\/wp\/v2\/types\/product"}],"wp:featuredmedia":[{"embeddable":true,"href":"https:\/\/ceres.pl\/sklep\/wp-json\/wp\/v2\/media\/3640"}],"wp:attachment":[{"href":"https:\/\/ceres.pl\/sklep\/wp-json\/wp\/v2\/media?parent=3217"}],"wp:term":[{"taxonomy":"product_brand","embeddable":true,"href":"https:\/\/ceres.pl\/sklep\/wp-json\/wp\/v2\/product_brand?post=3217"},{"taxonomy":"product_cat","embeddable":true,"href":"https:\/\/ceres.pl\/sklep\/wp-json\/wp\/v2\/product_cat?post=3217"},{"taxonomy":"product_tag","embeddable":true,"href":"https:\/\/ceres.pl\/sklep\/wp-json\/wp\/v2\/product_tag?post=3217"}],"curies":[{"name":"wp","href":"https:\/\/api.w.org\/{rel}","templated":true}]}}