{"id":3218,"date":"2022-03-29T15:05:02","date_gmt":"2022-03-29T13:05:02","guid":{"rendered":"https:\/\/ceres.pl\/sklep\/produkt\/bez-kategorii\/foxy-1-l\/"},"modified":"2025-08-06T13:57:30","modified_gmt":"2025-08-06T11:57:30","slug":"foxy-1-l","status":"publish","type":"product","link":"https:\/\/ceres.pl\/sklep\/produkt\/pozyteczne-mikroorganizmy\/preparaty-poprawiajace-odzywienie-roslin\/foxy-1-l\/","title":{"rendered":"Foxy 1 l"},"content":{"rendered":"<div class=\"row\">\n<div class=\"col-12\">\n<h2>FOXY &#8211; Szczepionka mikoryzowa poprawiaj\u0105ca jako\u015b\u0107 gleby i odporno\u015b\u0107 na choroby.<\/h2>\n<\/div>\n<\/div>\n<div class=\"row\">\n<div class=\"col-12\">\n<p><strong><span dir=\"ltr\" role=\"presentation\">\u015arodek zawieraj\u0105cy \u017cywe mikroorganizmy, <\/span><span dir=\"ltr\" role=\"presentation\">wspomagaj\u0105cy upraw\u0119 ro\u015blin, dopuszczony <\/span><span dir=\"ltr\" role=\"presentation\">do stosowania w uprawach ekologicznych w UE.<\/span><\/strong><\/p>\n<p><span dir=\"ltr\" role=\"presentation\">Dzia\u0142anie preparatu <\/span><strong><span dir=\"ltr\" role=\"presentation\">FOXY<\/span><\/strong><span dir=\"ltr\" role=\"presentation\"> polega na zapobiega<\/span><span dir=\"ltr\" role=\"presentation\">niu wyst\u0119powania fuzariozy ro\u015blin, dzi\u0119ki zasiedle<\/span><span dir=\"ltr\" role=\"presentation\">niu <\/span><span dir=\"ltr\" role=\"presentation\">ro\u015bliny <\/span><span dir=\"ltr\" role=\"presentation\">przez <\/span><span dir=\"ltr\" role=\"presentation\">po\u017cyteczne <\/span><span dir=\"ltr\" role=\"presentation\">grzyby <\/span><span dir=\"ltr\" role=\"presentation\">Fusarium <\/span><span dir=\"ltr\" role=\"presentation\">oxysporum zawarte w FOXY. Ze wzgl\u0119du na to, <\/span><span dir=\"ltr\" role=\"presentation\">\u017ce zarodniki grzyb\u00f3w chorobotw\u00f3rczych mog\u0105 <\/span><span dir=\"ltr\" role=\"presentation\">przetrwa\u0107 w glebie nawet kilka lat, zaleca si\u0119 <\/span><span dir=\"ltr\" role=\"presentation\">stosowanie FOXY w przypadku gdy choroby grzy<\/span><span dir=\"ltr\" role=\"presentation\">bowe pojawi\u0142y si\u0119 w poprzednich latach, nawet <\/span><span dir=\"ltr\" role=\"presentation\">je\u015bli obecnie nie wyst\u0119puj\u0105 objawy chorobowe. <\/span><span dir=\"ltr\" role=\"presentation\">W mieszaninie znajduje si\u0119 kilka innych po\u017cyte<\/span><span dir=\"ltr\" role=\"presentation\">cznych gatunk\u00f3w grzyb\u00f3w i bakterii, kt\u00f3re konku<\/span><span dir=\"ltr\" role=\"presentation\">ruj\u0105 z patogenami przez produkcj\u0119 metabolit\u00f3w <\/span><span dir=\"ltr\" role=\"presentation\">wt\u00f3rnych, rywalizacj\u0119 o przestrze\u0144 i wch\u0142anianie <\/span><span dir=\"ltr\" role=\"presentation\">sk\u0142adnik\u00f3w od\u017cywczych. <\/span><\/p>\n<p><span dir=\"ltr\" role=\"presentation\">Zawarte <\/span><span dir=\"ltr\" role=\"presentation\">w <\/span><span dir=\"ltr\" role=\"presentation\">FOXY <\/span><span dir=\"ltr\" role=\"presentation\">mikroorganizmy <\/span><span dir=\"ltr\" role=\"presentation\">przyczyniaj\u0105 <\/span><span dir=\"ltr\" role=\"presentation\">si\u0119 <\/span><span dir=\"ltr\" role=\"presentation\">do <\/span><span dir=\"ltr\" role=\"presentation\">rozwoju <\/span><span dir=\"ltr\" role=\"presentation\">systemu <\/span><span dir=\"ltr\" role=\"presentation\">korzeniowego <\/span><span dir=\"ltr\" role=\"presentation\">przez <\/span><span dir=\"ltr\" role=\"presentation\">przyspieszenie namna\u017cania si\u0119 kom\u00f3rek korzeni. <\/span><span dir=\"ltr\" role=\"presentation\">Preparat nale\u017cy zastosowa\u0107 zapobiegawczo przed <\/span><span dir=\"ltr\" role=\"presentation\">wyst\u0105pieniem objaw\u00f3w chor\u00f3b na ro\u015blinach.<\/span><\/p>\n<p><strong><span dir=\"ltr\" role=\"presentation\">Zastosowanie:<\/span><\/strong><br role=\"presentation\" \/><span dir=\"ltr\" role=\"presentation\">Przed zastosowaniem nale\u017cy rozcie\u0144czy\u0107 w wodzie <\/span><span dir=\"ltr\" role=\"presentation\">i zmiesza\u0107 z preparatem <span style=\"color: #008000;\"><strong><a style=\"color: #008000;\" href=\"https:\/\/ceres.pl\/sklep\/produkt\/pozyteczne-mikroorganizmy\/carbogen-l-1-l\/\">CARBOGEN L<\/a><\/strong><\/span>, a nast\u0119p<\/span><span dir=\"ltr\" role=\"presentation\">nie odstawi\u0107 na 12<\/span><span dir=\"ltr\" role=\"presentation\">\u2013<\/span><span dir=\"ltr\" role=\"presentation\">24 h dla uaktywnienia mikro<\/span><span dir=\"ltr\" role=\"presentation\">organizm\u00f3w zawartych w preparacie. Ta aktywacja <\/span><span dir=\"ltr\" role=\"presentation\">pozwoli <\/span><span dir=\"ltr\" role=\"presentation\">na <\/span><span dir=\"ltr\" role=\"presentation\">wykorzystanie <\/span><span dir=\"ltr\" role=\"presentation\">pe\u0142nego <\/span><span dir=\"ltr\" role=\"presentation\">potencja\u0142u <\/span><span dir=\"ltr\" role=\"presentation\">mikroorganizm\u00f3w, <\/span><span dir=\"ltr\" role=\"presentation\">pozwoli <\/span><span dir=\"ltr\" role=\"presentation\">im <\/span><span dir=\"ltr\" role=\"presentation\">te\u017c <\/span><span dir=\"ltr\" role=\"presentation\">natychmiast <\/span><span dir=\"ltr\" role=\"presentation\">rozpocz\u0105\u0107 prac\u0119 w glebie czy na ro\u015blinie i zapewni <\/span><span dir=\"ltr\" role=\"presentation\">d\u0142u\u017csz\u0105 aktywno\u015b\u0107. <\/span><span dir=\"ltr\" role=\"presentation\">Preparatu FOXY nie nale\u017cy \u0142\u0105czy\u0107 z preparatami <\/span><span dir=\"ltr\" role=\"presentation\">chemicznymi. <\/span><span dir=\"ltr\" role=\"presentation\">Mo\u017cna stosowa\u0107 jednocze\u015bnie z innymi prepa<\/span><span dir=\"ltr\" role=\"presentation\">ratami <\/span><span dir=\"ltr\" role=\"presentation\">mikoryzowymi, <\/span><span dir=\"ltr\" role=\"presentation\">jednak <\/span><span dir=\"ltr\" role=\"presentation\">w <\/span><span dir=\"ltr\" role=\"presentation\">takiej <\/span><span dir=\"ltr\" role=\"presentation\">sytuacji <\/span><span dir=\"ltr\" role=\"presentation\">sam\u0105 aktywacj\u0119 nale\u017cy prowadzi\u0107 w oddzielnych <\/span><span dir=\"ltr\" role=\"presentation\">pojemnikach.<\/span><\/p>\n<p>Najlepiej 1 h przed zastosowaniem preparatu Foxy opryska\u0107 ro\u015bliny preparatem <span style=\"color: #008000;\"><strong><a style=\"color: #008000;\" href=\"https:\/\/ceres.pl\/sklep\/produkt\/nawozy-mikroelementowe\/ken-20l\/\">KEN<\/a><\/strong><\/span>.<\/p>\n<p><strong>Dawkowanie:<\/strong><\/p>\n<ul>\n<li><span dir=\"ltr\" role=\"presentation\">Uprawy pod os\u0142onami <\/span><span dir=\"ltr\" role=\"presentation\">(pomidor, og\u00f3rek, ober\u017cyna, cukinia, <\/span><span dir=\"ltr\" role=\"presentation\">melon, seler, rzodkiewka, kapusta, <\/span><span dir=\"ltr\" role=\"presentation\">sa\u0142ata, szpinak, zio\u0142a) \u2013 200\u2013400 ml \/1000 m2<\/span><\/li>\n<li>Uprawy polowe (stosowa\u0107 zaraz po siewie\/sadzeniu) \u2013 2\u20134 l\/ha<\/li>\n<li>Substrat do wysiewu \u2013 1\u20132 l\/m3<\/li>\n<li>Fertygacja \u2013 200\u2013300 ml\/100 l wody<\/li>\n<li>Ro\u015bliny doniczkowe \u2013 2\u20133 l\/ha<\/li>\n<\/ul>\n<p><strong><span dir=\"ltr\" role=\"presentation\">Sk\u0142ad gatunkowy:<\/span><\/strong><\/p>\n<ul>\n<li><span dir=\"ltr\" role=\"presentation\">G<em>lomus intraradices<\/em><\/span><\/li>\n<li><span dir=\"ltr\" role=\"presentation\">G<em>lomus mossae<\/em><\/span><\/li>\n<li><span dir=\"ltr\" role=\"presentation\">F<em>usarium oxysporum<\/em><\/span><\/li>\n<\/ul>\n<p><strong>Wymagane warunki glebowe dla wzrostu mikroorganizm\u00f3w zawartych w preparacie:<\/strong><\/p>\n<ul>\n<li>min temperatura\u00a0 \u00a05 \u00baC<\/li>\n<li>optymalna temperatura\u00a0 \u00a020-30 \u00baC<\/li>\n<li>maksymalna temperatura\u00a0 \u00a040 \u00baC<\/li>\n<\/ul>\n<\/div>\n<\/div>\n","protected":false},"excerpt":{"rendered":"<p>FOXY &#8211; Szczepionka mikoryzowa poprawiaj\u0105ca jako\u015b\u0107 gleby i odporno\u015b\u0107 na choroby. \u015arodek zawieraj\u0105cy \u017cywe mikroorganizmy, wspomagaj\u0105cy upraw\u0119 ro\u015blin, dopuszczony do stosowania w uprawach ekologicznych w UE. Dzia\u0142anie preparatu FOXY polega na zapobieganiu wyst\u0119powania fuzariozy ro\u015blin, dzi\u0119ki zasiedleniu ro\u015bliny przez po\u017cyteczne grzyby Fusarium oxysporum zawarte w FOXY. Ze wzgl\u0119du na to, \u017ce zarodniki grzyb\u00f3w chorobotw\u00f3rczych mog\u0105 [&hellip;]<\/p>\n","protected":false},"featured_media":3620,"template":"","meta":{"_acf_changed":false,"_seopress_robots_primary_cat":"none","_seopress_titles_title":"","_seopress_titles_desc":"","_seopress_robots_index":""},"product_brand":[],"product_cat":[141,185,187],"product_tag":[],"class_list":{"0":"post-3218","1":"product","2":"type-product","3":"status-publish","4":"has-post-thumbnail","6":"product_cat-pozyteczne-mikroorganizmy","7":"product_cat-preparaty-poprawiajace-odzywienie-roslin","8":"product_cat-preparaty-pomocne-w-stresie-spowodowanym-przez-choroby","10":"first","11":"outofstock","12":"taxable","13":"shipping-taxable","14":"purchasable","15":"product-type-simple"},"acf":[],"_links":{"self":[{"href":"https:\/\/ceres.pl\/sklep\/wp-json\/wp\/v2\/product\/3218","targetHints":{"allow":["GET"]}}],"collection":[{"href":"https:\/\/ceres.pl\/sklep\/wp-json\/wp\/v2\/product"}],"about":[{"href":"https:\/\/ceres.pl\/sklep\/wp-json\/wp\/v2\/types\/product"}],"wp:featuredmedia":[{"embeddable":true,"href":"https:\/\/ceres.pl\/sklep\/wp-json\/wp\/v2\/media\/3620"}],"wp:attachment":[{"href":"https:\/\/ceres.pl\/sklep\/wp-json\/wp\/v2\/media?parent=3218"}],"wp:term":[{"taxonomy":"product_brand","embeddable":true,"href":"https:\/\/ceres.pl\/sklep\/wp-json\/wp\/v2\/product_brand?post=3218"},{"taxonomy":"product_cat","embeddable":true,"href":"https:\/\/ceres.pl\/sklep\/wp-json\/wp\/v2\/product_cat?post=3218"},{"taxonomy":"product_tag","embeddable":true,"href":"https:\/\/ceres.pl\/sklep\/wp-json\/wp\/v2\/product_tag?post=3218"}],"curies":[{"name":"wp","href":"https:\/\/api.w.org\/{rel}","templated":true}]}}