{"id":3219,"date":"2022-03-29T15:05:53","date_gmt":"2022-03-29T13:05:53","guid":{"rendered":"https:\/\/ceres.pl\/sklep\/produkt\/bez-kategorii\/klozer-5-l\/"},"modified":"2026-04-08T16:04:09","modified_gmt":"2026-04-08T14:04:09","slug":"klozer-5-l","status":"publish","type":"product","link":"https:\/\/ceres.pl\/sklep\/produkt\/pozyteczne-mikroorganizmy\/preparaty-poprawiajace-odzywienie-roslin\/klozer-5-l\/","title":{"rendered":"Klozer 5 l"},"content":{"rendered":"<div class=\"row\">\n<div class=\"col-12\">\n<h2>KLOZER &#8211; Szczepionka mikoryzowa poprawiaj\u0105ca jako\u015b\u0107 gleby i ograniczaj\u0105ca dzia\u0142alno\u015b\u0107 szkodliwych owad\u00f3w oraz bakterii glebowych.<\/h2>\n<\/div>\n<\/div>\n<div class=\"row\">\n<div class=\"col-12\">\n<p><strong><span dir=\"ltr\" role=\"presentation\">\u015arodek zawieraj\u0105cy \u017cywe mikroorganizmy, <\/span><span dir=\"ltr\" role=\"presentation\">wspomagaj\u0105cy upraw\u0119 ro\u015blin, dopuszczony <\/span><span dir=\"ltr\" role=\"presentation\">do stosowania w uprawach ekologicznych w UE.<\/span><\/strong><\/p>\n<p><strong><span dir=\"ltr\" role=\"presentation\">KLOZER<\/span><\/strong> <span dir=\"ltr\" role=\"presentation\">znajduje <\/span><span dir=\"ltr\" role=\"presentation\">zastosowanie <\/span><span dir=\"ltr\" role=\"presentation\">w <\/span><span dir=\"ltr\" role=\"presentation\">glebach <\/span><span dir=\"ltr\" role=\"presentation\">i pod\u0142o\u017cach ogrodniczych. Jest pot\u0119\u017cnym soju<\/span><span dir=\"ltr\" role=\"presentation\">sznikiem w uprawach pod os\u0142onami, a tak\u017ce <\/span><span dir=\"ltr\" role=\"presentation\">w uprawach polowych. KLOZER sprzyja rozwojowi <\/span><span dir=\"ltr\" role=\"presentation\">po\u017cytecznej mikroflory grzyb\u00f3w nale\u017c\u0105cych do <\/span><span dir=\"ltr\" role=\"presentation\">rodzaj\u00f3w Beauveria i Metarhizium oraz innych, <\/span><span dir=\"ltr\" role=\"presentation\">kt\u00f3re od\u017cywiaj\u0105 si\u0119 bia\u0142kami w ciele owad\u00f3w. <\/span><span dir=\"ltr\" role=\"presentation\">Grzyby te, tworz\u0105c powi\u0105zania tkankowe z ro\u015b<\/span><span dir=\"ltr\" role=\"presentation\">lin\u0105 uprawn\u0105 zaopatruj\u0105 j\u0105 bezpo\u015brednio w sub<\/span><span dir=\"ltr\" role=\"presentation\">stancje od\u017cywcze pozyskane z owad\u00f3w. Ataku<\/span><span dir=\"ltr\" role=\"presentation\">j\u0105 szerok\u0105 gam\u0119 gatunk\u00f3w, co stanowi ogromn\u0105 <\/span><span dir=\"ltr\" role=\"presentation\">zalet\u0119 <\/span><span dir=\"ltr\" role=\"presentation\">w <\/span><span dir=\"ltr\" role=\"presentation\">kontroli <\/span><span dir=\"ltr\" role=\"presentation\">biologicznej <\/span><span dir=\"ltr\" role=\"presentation\">owad\u00f3w <\/span><span dir=\"ltr\" role=\"presentation\">szkod<\/span><span dir=\"ltr\" role=\"presentation\">liwych. <\/span><span dir=\"ltr\" role=\"presentation\">Grzyby <\/span><span dir=\"ltr\" role=\"presentation\">entomopatogeniczne <\/span><span dir=\"ltr\" role=\"presentation\">s\u0105 <\/span><span dir=\"ltr\" role=\"presentation\">dobrze <\/span><span dir=\"ltr\" role=\"presentation\">przystosowane <\/span><span dir=\"ltr\" role=\"presentation\">do <\/span><span dir=\"ltr\" role=\"presentation\">klimatu <\/span><span dir=\"ltr\" role=\"presentation\">umiarkowanego, <\/span><span dir=\"ltr\" role=\"presentation\">a u odpowiednich owad\u00f3w-gospodarzy s\u0105 w stanie <\/span><span dir=\"ltr\" role=\"presentation\">prowadzi\u0107 naturalny cykl reprodukcyjny. Zarodni<\/span><span dir=\"ltr\" role=\"presentation\">ki przenosz\u0105 si\u0119 przez ruchy powietrza i osiadaj\u0105 <\/span><span dir=\"ltr\" role=\"presentation\">w glebie. Do skutecznego dzia\u0142ania powy\u017cszych <\/span><span dir=\"ltr\" role=\"presentation\">grzyb\u00f3w niezb\u0119dny jest kontakt owada z zarod<\/span><span dir=\"ltr\" role=\"presentation\">nikami grzyba. Po zainfekowaniu owada grzyb <\/span><span dir=\"ltr\" role=\"presentation\">szybko si\u0119 rozwija, co prowadzi do jego \u015bmierci <\/span><span dir=\"ltr\" role=\"presentation\">w ci\u0105gu kilku dni. <\/span><span dir=\"ltr\" role=\"presentation\">Zawarte <\/span><span dir=\"ltr\" role=\"presentation\">w <\/span><span dir=\"ltr\" role=\"presentation\">preparacie <\/span><span dir=\"ltr\" role=\"presentation\">KLOZER <\/span><span dir=\"ltr\" role=\"presentation\">grzyby <\/span><span dir=\"ltr\" role=\"presentation\">atakuj\u0105 <\/span><span dir=\"ltr\" role=\"presentation\">m.in. szpeciele, opuchlaki, wciornastki, mszyce, <\/span><span dir=\"ltr\" role=\"presentation\">m\u0105czliki, p\u0119draki, drutowce.<\/span><\/p>\n<p><strong><span dir=\"ltr\" role=\"presentation\">Zastosowanie:<\/span><\/strong><\/p>\n<p><span dir=\"ltr\" role=\"presentation\">Przed zastosowaniem nale\u017cy rozcie\u0144czy\u0107 w wodzie i zmie<\/span><span dir=\"ltr\" role=\"presentation\">sza\u0107 z preparatem <span style=\"color: #008000;\"><strong><a style=\"color: #008000;\" href=\"https:\/\/ceres.pl\/sklep\/produkt\/pozyteczne-mikroorganizmy\/carbogen-l-1-l\/\">CARBOGEN L<\/a><\/strong><\/span>, a nast\u0119pnie odstawi\u0107 <\/span><span dir=\"ltr\" role=\"presentation\">na <\/span><span dir=\"ltr\" role=\"presentation\">12<\/span><span dir=\"ltr\" role=\"presentation\">\u2013<\/span><span dir=\"ltr\" role=\"presentation\">24 <\/span><span dir=\"ltr\" role=\"presentation\">h <\/span><span dir=\"ltr\" role=\"presentation\">dla <\/span><span dir=\"ltr\" role=\"presentation\">uaktywnienia <\/span><span dir=\"ltr\" role=\"presentation\">mikroorganizm\u00f3w <\/span><span dir=\"ltr\" role=\"presentation\">za<\/span><span dir=\"ltr\" role=\"presentation\">wartych w preparacie. Ta aktywacja pozwoli na wyko<\/span><span dir=\"ltr\" role=\"presentation\">rzystanie pe\u0142nego potencja\u0142u mikroorganizm\u00f3w. Pozwoli <\/span><span dir=\"ltr\" role=\"presentation\">im te\u017c natychmiast rozpocz\u0105\u0107 prac\u0119 w glebie czy na <\/span><span dir=\"ltr\" role=\"presentation\">ro\u015blinie i zapewni d\u0142u\u017csz\u0105 aktywno\u015b\u0107. <\/span><span dir=\"ltr\" role=\"presentation\">Preparatu <\/span><span dir=\"ltr\" role=\"presentation\">KLOZER <\/span><span dir=\"ltr\" role=\"presentation\">nie <\/span><span dir=\"ltr\" role=\"presentation\">nale\u017cy <\/span><span dir=\"ltr\" role=\"presentation\">\u0142\u0105czy\u0107 <\/span><span dir=\"ltr\" role=\"presentation\">z <\/span><span dir=\"ltr\" role=\"presentation\">preparatami <\/span><span dir=\"ltr\" role=\"presentation\">chemicznymi. <\/span><span dir=\"ltr\" role=\"presentation\">Mo\u017cna stosowa\u0107 jednocze\u015bnie z innymi preparatami <\/span><span dir=\"ltr\" role=\"presentation\">mikoryzowymi, jednak w takiej sytuacji sam\u0105 aktywacj\u0119 <\/span><span dir=\"ltr\" role=\"presentation\">nale\u017cy prowadzi\u0107 w oddzielnych pojemnikach.<\/span><\/p>\n<p><strong><span dir=\"ltr\" role=\"presentation\">Dawkowanie:<\/span><\/strong><\/p>\n<ul>\n<li><span dir=\"ltr\" role=\"presentation\">uprawy pod os\u0142onami<\/span><span dir=\"ltr\" role=\"presentation\">200 ml preparatu rozpu\u015bci\u0107 <\/span><span dir=\"ltr\" role=\"presentation\">w 100 l wody\/1000 m\u00b2 (zabieg nale\u017cy <\/span><span dir=\"ltr\" role=\"presentation\">powt\u00f3rzy\u0107 po 7\u201310 dniach)<\/span><\/li>\n<li><span dir=\"ltr\" role=\"presentation\">uprawy polowe oraz sadownicze <\/span><span dir=\"ltr\" role=\"presentation\">200 ml preparatu rozpu\u015bci\u0107 w 800 l\/1ha <\/span><span dir=\"ltr\" role=\"presentation\">(zabieg nale\u017cy powtarza\u0107 min. 2 razy <\/span><br role=\"presentation\" \/><span dir=\"ltr\" role=\"presentation\">w sezonie)<\/span><\/li>\n<li><span dir=\"ltr\" role=\"presentation\">pod\u0142o\u017ce uprawowe <\/span><span dir=\"ltr\" role=\"presentation\">150 ml\/m\u00b3<\/span><\/li>\n<\/ul>\n<p><strong><span dir=\"ltr\" role=\"presentation\">Sk\u0142ad gatunkowy:<\/span><\/strong><\/p>\n<ul>\n<li><span dir=\"ltr\" role=\"presentation\">G<em>lomus intraradices<\/em><\/span><\/li>\n<li><span dir=\"ltr\" role=\"presentation\">G<em>lomus mossae<\/em><\/span><\/li>\n<li><span dir=\"ltr\" role=\"presentation\">B<em>eauveria bassiana<\/em><\/span><\/li>\n<li><span dir=\"ltr\" role=\"presentation\">M<em>etarhizium anisopliae<\/em><\/span><\/li>\n<li><em>Metarhizium bruneum<\/em><\/li>\n<\/ul>\n<p><strong>Wymagane warunki glebowe dla wzrostu mikroorganizm\u00f3w zawartych w preparacie:<\/strong><\/p>\n<ul>\n<li>min temperatura \u00a0\u00a0\u00a0\u00a0\u00a0\u00a0\u00a0\u00a0\u00a0\u00a0\u00a0\u00a0\u00a0\u00a0\u00a0\u00a0\u00a0\u00a0\u00a0\u00a0\u00a0\u00a0\u00a0\u00a0 5 \u00baC<\/li>\n<li>optymalna temperatura \u00a0\u00a0\u00a0\u00a0\u00a0\u00a0\u00a0\u00a0\u00a0\u00a0\u00a0\u00a0\u00a0\u00a0 20 \u2013 30 \u00baC<\/li>\n<li>maksymalna temperatura \u00a0\u00a0\u00a0\u00a0\u00a0\u00a0\u00a0\u00a0\u00a0\u00a0\u00a0 40 \u00baC<\/li>\n<\/ul>\n<p><strong>W\u0142a\u015bciwo\u015bci preparatu:<\/strong><\/p>\n<ul>\n<li>g\u0119sto\u015b\u0107\u00a0 0,9 g\/ cm<sup>3<\/sup><\/li>\n<\/ul>\n<ul>\n<li>kolor karmel<\/li>\n<li>posta\u0107 preparatu g\u0119sty p\u0142yn<\/li>\n<\/ul>\n<p><strong>Opakowanie: <\/strong>5L<\/p>\n<\/div>\n<\/div>\n","protected":false},"excerpt":{"rendered":"<p>KLOZER &#8211; Szczepionka mikoryzowa poprawiaj\u0105ca jako\u015b\u0107 gleby i ograniczaj\u0105ca dzia\u0142alno\u015b\u0107 szkodliwych owad\u00f3w oraz bakterii glebowych. \u015arodek zawieraj\u0105cy \u017cywe mikroorganizmy, wspomagaj\u0105cy upraw\u0119 ro\u015blin, dopuszczony do stosowania w uprawach ekologicznych w UE. KLOZER znajduje zastosowanie w glebach i pod\u0142o\u017cach ogrodniczych. Jest pot\u0119\u017cnym sojusznikiem w uprawach pod os\u0142onami, a tak\u017ce w uprawach polowych. KLOZER sprzyja rozwojowi po\u017cytecznej mikroflory [&hellip;]<\/p>\n","protected":false},"featured_media":6163,"template":"","meta":{"_acf_changed":false,"_seopress_robots_primary_cat":"none","_seopress_titles_title":"","_seopress_titles_desc":"","_seopress_robots_index":""},"product_brand":[],"product_cat":[141,185,186],"product_tag":[],"class_list":{"0":"post-3219","1":"product","2":"type-product","3":"status-publish","4":"has-post-thumbnail","6":"product_cat-pozyteczne-mikroorganizmy","7":"product_cat-preparaty-poprawiajace-odzywienie-roslin","8":"product_cat-preparaty-pomocne-w-stresie-spowodowanym-przez-szkodniki","10":"first","11":"instock","12":"taxable","13":"shipping-taxable","14":"purchasable","15":"product-type-simple"},"acf":[],"_links":{"self":[{"href":"https:\/\/ceres.pl\/sklep\/wp-json\/wp\/v2\/product\/3219","targetHints":{"allow":["GET"]}}],"collection":[{"href":"https:\/\/ceres.pl\/sklep\/wp-json\/wp\/v2\/product"}],"about":[{"href":"https:\/\/ceres.pl\/sklep\/wp-json\/wp\/v2\/types\/product"}],"wp:featuredmedia":[{"embeddable":true,"href":"https:\/\/ceres.pl\/sklep\/wp-json\/wp\/v2\/media\/6163"}],"wp:attachment":[{"href":"https:\/\/ceres.pl\/sklep\/wp-json\/wp\/v2\/media?parent=3219"}],"wp:term":[{"taxonomy":"product_brand","embeddable":true,"href":"https:\/\/ceres.pl\/sklep\/wp-json\/wp\/v2\/product_brand?post=3219"},{"taxonomy":"product_cat","embeddable":true,"href":"https:\/\/ceres.pl\/sklep\/wp-json\/wp\/v2\/product_cat?post=3219"},{"taxonomy":"product_tag","embeddable":true,"href":"https:\/\/ceres.pl\/sklep\/wp-json\/wp\/v2\/product_tag?post=3219"}],"curies":[{"name":"wp","href":"https:\/\/api.w.org\/{rel}","templated":true}]}}