{"id":3220,"date":"2022-03-29T15:06:43","date_gmt":"2022-03-29T13:06:43","guid":{"rendered":"https:\/\/ceres.pl\/sklep\/produkt\/bez-kategorii\/matodex-1l\/"},"modified":"2026-03-25T10:04:35","modified_gmt":"2026-03-25T09:04:35","slug":"matodex-1l","status":"publish","type":"product","link":"https:\/\/ceres.pl\/sklep\/produkt\/pozyteczne-mikroorganizmy\/preparaty-poprawiajace-odzywienie-roslin\/matodex-1l\/","title":{"rendered":"Matodex 1l"},"content":{"rendered":"<div class=\"row\">\n<div class=\"col-12\">\n<h2>MATODEX &#8211; Szczepionka mikoryzowa poprawiaj\u0105ca jako\u015b\u0107 gleby i ograniczaj\u0105ca dzia\u0142alno\u015b\u0107 nicieni cystowych.<\/h2>\n<\/div>\n<\/div>\n<div class=\"row\">\n<div class=\"col-12\">\n<p><strong><span dir=\"ltr\" role=\"presentation\">\u015arodek zawieraj\u0105cy \u017cywe mikroorganizmy, <\/span><span dir=\"ltr\" role=\"presentation\">wspomagaj\u0105cy upraw\u0119 ro\u015blin, dopuszczony <\/span><span dir=\"ltr\" role=\"presentation\">do stosowania w uprawach ekologicznych w UE.<\/span><\/strong><\/p>\n<p><span dir=\"ltr\" role=\"presentation\">Nicienie cystowe powoduj\u0105 co roku znaczne straty <\/span><span dir=\"ltr\" role=\"presentation\">we wszystkich uprawach rolnych a ich kontrola <\/span><span dir=\"ltr\" role=\"presentation\">chemiczna <\/span><span dir=\"ltr\" role=\"presentation\">jest <\/span><span dir=\"ltr\" role=\"presentation\">cz\u0119sto <\/span><span dir=\"ltr\" role=\"presentation\">ograniczona <\/span><span dir=\"ltr\" role=\"presentation\">lub <\/span><span dir=\"ltr\" role=\"presentation\">ca\u0142ko<\/span><span dir=\"ltr\" role=\"presentation\">wicie nieskuteczna. Bacillus firmus wchodz\u0105ca <\/span><span dir=\"ltr\" role=\"presentation\">w sk\u0142ad preparatu <strong>MATODEX<\/strong> to bakteria, kt\u00f3ra <\/span><span dir=\"ltr\" role=\"presentation\">namna\u017ca si\u0119 na powierzchni korzeni, wch\u0142ania <\/span><span dir=\"ltr\" role=\"presentation\">i metabolizuje wydzielane przez nie substancje <\/span><span dir=\"ltr\" role=\"presentation\">takie jak organiczne aminokwasy i cukry, kt\u00f3re <\/span><span dir=\"ltr\" role=\"presentation\">nast\u0119pnie wykorzystuje jako sk\u0142adniki od\u017cywcze, <\/span><span dir=\"ltr\" role=\"presentation\">nie daj\u0105c nicieniom dost\u0119pu do nich. Dzia\u0142a r\u00f3wnie\u017c <\/span><span dir=\"ltr\" role=\"presentation\">bezpo\u015brednio <\/span><span dir=\"ltr\" role=\"presentation\">na <\/span><span dir=\"ltr\" role=\"presentation\">jaja, <\/span><span dir=\"ltr\" role=\"presentation\">degraduj\u0105c <\/span><span dir=\"ltr\" role=\"presentation\">ich <\/span><span dir=\"ltr\" role=\"presentation\">bia\u0142ka. <\/span><span dir=\"ltr\" role=\"presentation\">Grzyby z rodzaju Streptomyces wydzielaj\u0105 zwi\u0105zki <\/span><span dir=\"ltr\" role=\"presentation\">powoduj\u0105ce rozpad nicieni i uwalnianie zgroma<\/span><span dir=\"ltr\" role=\"presentation\">dzonych przez nie sk\u0142adnik\u00f3w pokarmowych. <\/span><span dir=\"ltr\" role=\"presentation\">Mikroorganizmy glebowe, kt\u00f3re zmniejszaj\u0105 nisz<\/span><span dir=\"ltr\" role=\"presentation\">cz\u0105cy potencja\u0142 nicieni, nale\u017c\u0105 do najwa\u017cniej<\/span><span dir=\"ltr\" role=\"presentation\">szych \u015brodk\u00f3w kontroli biologicznej, kt\u00f3re mog\u0105 <\/span><span dir=\"ltr\" role=\"presentation\">by\u0107 stosowane w konwencjonalnych i organicznych <\/span><span dir=\"ltr\" role=\"presentation\">uprawach.<\/span><\/p>\n<p><strong><span dir=\"ltr\" role=\"presentation\">Zastosowanie:<\/span><\/strong><\/p>\n<p><span dir=\"ltr\" role=\"presentation\">Przed <\/span><span dir=\"ltr\" role=\"presentation\">zastosowaniem <\/span><span dir=\"ltr\" role=\"presentation\">nale\u017cy <\/span><span dir=\"ltr\" role=\"presentation\">rozcie\u0144czy\u0107 <\/span><span dir=\"ltr\" role=\"presentation\">w wodzie, zmiesza\u0107 z preparatem <a href=\"https:\/\/ceres.pl\/sklep\/produkt\/pozyteczne-mikroorganizmy\/carbogen-l-1-l\/\"><span style=\"color: #008000;\"><strong>CARBOGEN L <\/strong><\/span><\/a><\/span><span dir=\"ltr\" role=\"presentation\">i odstawi\u0107 na 12\u201324 h dla uaktywnienia mikro<\/span><span dir=\"ltr\" role=\"presentation\">organizm\u00f3w <\/span><span dir=\"ltr\" role=\"presentation\">zawartych <\/span><span dir=\"ltr\" role=\"presentation\">w <\/span><span dir=\"ltr\" role=\"presentation\">preparacie. <\/span><span dir=\"ltr\" role=\"presentation\">Ta <\/span><span dir=\"ltr\" role=\"presentation\">aktywac<\/span><span dir=\"ltr\" role=\"presentation\">ja pozwoli na wykorzystanie pe\u0142nego potencja\u0142u <\/span><span dir=\"ltr\" role=\"presentation\">mikroorganizm\u00f3w. <\/span><span dir=\"ltr\" role=\"presentation\">Pozwoli <\/span><span dir=\"ltr\" role=\"presentation\">im <\/span><span dir=\"ltr\" role=\"presentation\">te\u017c <\/span><span dir=\"ltr\" role=\"presentation\">natychmiast <\/span><span dir=\"ltr\" role=\"presentation\">rozpocz\u0105\u0107 prac\u0119 w glebie czy na ro\u015blinie i zapewni <\/span><span dir=\"ltr\" role=\"presentation\">d\u0142u\u017csz\u0105 aktywno\u015b\u0107. Stosowa\u0107 z du\u017c\u0105 ilo\u015bci\u0105 wody, <\/span><span dir=\"ltr\" role=\"presentation\">aby zapewni\u0107 wnikni\u0119cie preparatu na 15\u201320 cm. <\/span><span dir=\"ltr\" role=\"presentation\">MATODEX nale\u017cy stosowa\u0107 bezpo\u015brednio na gleb\u0119 <\/span><span dir=\"ltr\" role=\"presentation\">przed sadzeniem lub bezpo\u015brednio po sadzeniu <\/span><span dir=\"ltr\" role=\"presentation\">ro\u015blin. <\/span><span dir=\"ltr\" role=\"presentation\">Mo\u017cna stosowa\u0107 jednocze\u015bnie z innymi prepa<\/span><span dir=\"ltr\" role=\"presentation\">ratami <\/span><span dir=\"ltr\" role=\"presentation\">mikoryzowymi, <\/span><span dir=\"ltr\" role=\"presentation\">jednak <\/span><span dir=\"ltr\" role=\"presentation\">w <\/span><span dir=\"ltr\" role=\"presentation\">takiej <\/span><span dir=\"ltr\" role=\"presentation\">sytuacji <\/span><span dir=\"ltr\" role=\"presentation\">sam\u0105 aktywacj\u0119 nale\u017cy prowadzi\u0107 w oddzielnych <\/span><span dir=\"ltr\" role=\"presentation\">pojemnikach.<\/span><\/p>\n<p><strong><span dir=\"ltr\" role=\"presentation\">Dawkowanie:<\/span><\/strong><\/p>\n<p><span dir=\"ltr\" role=\"presentation\">W fertygacji 2\u20134 l\/ha, w razie potrzeby <\/span><span dir=\"ltr\" role=\"presentation\">zwi\u0119kszy\u0107 ilo\u015b\u0107 i\/lub powt\u00f3rzy\u0107. <\/span><span dir=\"ltr\" role=\"presentation\">Zastosowa\u0107 ponownie w ciep\u0142ej <\/span><span dir=\"ltr\" role=\"presentation\">porze roku, w po\u0142\u0105czeniu z KEN\u00ae <\/span><span dir=\"ltr\" role=\"presentation\">dla lepszego rozwoju korzeni.<\/span><\/p>\n<p><strong><span dir=\"ltr\" role=\"presentation\">Sk\u0142ad gatunkowy:<\/span><\/strong><\/p>\n<ul>\n<li><span dir=\"ltr\" role=\"presentation\">G<em>lomus intraradices<\/em><\/span><\/li>\n<li><span dir=\"ltr\" role=\"presentation\">G<em>lomus mossae<\/em><\/span><\/li>\n<li><span dir=\"ltr\" role=\"presentation\">S<em>treptomyces avermitilis<\/em><\/span><\/li>\n<li><span dir=\"ltr\" role=\"presentation\">B<em>acillus firmus<\/em><\/span><\/li>\n<\/ul>\n<p><strong><span dir=\"ltr\" role=\"presentation\">Wymagane warunki glebowe <\/span><span dir=\"ltr\" role=\"presentation\">dla wzrostu mikroorganizm\u00f3w <\/span><span dir=\"ltr\" role=\"presentation\">zawartych w preparacie:<\/span><\/strong><\/p>\n<ul>\n<li><span dir=\"ltr\" role=\"presentation\">minimalna temperatura\u00a0 8\u00baC<\/span><\/li>\n<li><span dir=\"ltr\" role=\"presentation\">optymalna temperatura\u00a0 20\u201330\u00baC\u00a0<\/span><\/li>\n<li><span dir=\"ltr\" role=\"presentation\">maksymalna temperatura\u00a0 40\u00baC<\/span><\/li>\n<\/ul>\n<p><strong>Opakowanie: <\/strong>1 l<\/p>\n<\/div>\n<\/div>\n","protected":false},"excerpt":{"rendered":"<p>MATODEX &#8211; Szczepionka mikoryzowa poprawiaj\u0105ca jako\u015b\u0107 gleby i ograniczaj\u0105ca dzia\u0142alno\u015b\u0107 nicieni cystowych. \u015arodek zawieraj\u0105cy \u017cywe mikroorganizmy, wspomagaj\u0105cy upraw\u0119 ro\u015blin, dopuszczony do stosowania w uprawach ekologicznych w UE. Nicienie cystowe powoduj\u0105 co roku znaczne straty we wszystkich uprawach rolnych a ich kontrola chemiczna jest cz\u0119sto ograniczona lub ca\u0142kowicie nieskuteczna. Bacillus firmus wchodz\u0105ca w sk\u0142ad preparatu MATODEX [&hellip;]<\/p>\n","protected":false},"featured_media":12758,"template":"","meta":{"_acf_changed":false,"_seopress_robots_primary_cat":"none","_seopress_titles_title":"","_seopress_titles_desc":"","_seopress_robots_index":""},"product_brand":[],"product_cat":[141,185,186],"product_tag":[],"class_list":{"0":"post-3220","1":"product","2":"type-product","3":"status-publish","4":"has-post-thumbnail","6":"product_cat-pozyteczne-mikroorganizmy","7":"product_cat-preparaty-poprawiajace-odzywienie-roslin","8":"product_cat-preparaty-pomocne-w-stresie-spowodowanym-przez-szkodniki","10":"first","11":"instock","12":"taxable","13":"shipping-taxable","14":"purchasable","15":"product-type-simple"},"acf":[],"_links":{"self":[{"href":"https:\/\/ceres.pl\/sklep\/wp-json\/wp\/v2\/product\/3220","targetHints":{"allow":["GET"]}}],"collection":[{"href":"https:\/\/ceres.pl\/sklep\/wp-json\/wp\/v2\/product"}],"about":[{"href":"https:\/\/ceres.pl\/sklep\/wp-json\/wp\/v2\/types\/product"}],"wp:featuredmedia":[{"embeddable":true,"href":"https:\/\/ceres.pl\/sklep\/wp-json\/wp\/v2\/media\/12758"}],"wp:attachment":[{"href":"https:\/\/ceres.pl\/sklep\/wp-json\/wp\/v2\/media?parent=3220"}],"wp:term":[{"taxonomy":"product_brand","embeddable":true,"href":"https:\/\/ceres.pl\/sklep\/wp-json\/wp\/v2\/product_brand?post=3220"},{"taxonomy":"product_cat","embeddable":true,"href":"https:\/\/ceres.pl\/sklep\/wp-json\/wp\/v2\/product_cat?post=3220"},{"taxonomy":"product_tag","embeddable":true,"href":"https:\/\/ceres.pl\/sklep\/wp-json\/wp\/v2\/product_tag?post=3220"}],"curies":[{"name":"wp","href":"https:\/\/api.w.org\/{rel}","templated":true}]}}