{"id":3222,"date":"2022-03-29T15:07:37","date_gmt":"2022-03-29T13:07:37","guid":{"rendered":"https:\/\/ceres.pl\/sklep\/produkt\/bez-kategorii\/silver-1l\/"},"modified":"2025-09-29T16:22:08","modified_gmt":"2025-09-29T14:22:08","slug":"silver-1l","status":"publish","type":"product","link":"https:\/\/ceres.pl\/sklep\/produkt\/pozyteczne-mikroorganizmy\/preparaty-pomocne-w-stresie-spowodowanym-przez-szkodniki\/silver-1l\/","title":{"rendered":"Silver 1l"},"content":{"rendered":"<div class=\"row\">\n<div class=\"col-12\">\n<h2>SILVER &#8211; Naw\u00f3z WE \u2013 przeciwstresowy NK z cynkiem.<\/h2>\n<\/div>\n<\/div>\n<div class=\"row\">\n<div class=\"col-12\">\n<p><strong><span dir=\"ltr\" role=\"presentation\">SILVER<\/span><\/strong><span dir=\"ltr\" role=\"presentation\"> \u0142\u0105czy w sobie dwa elementy <\/span><span dir=\"ltr\" role=\"presentation\">\u2013<\/span><span dir=\"ltr\" role=\"presentation\"> aktywno\u015b\u0107 <\/span><span dir=\"ltr\" role=\"presentation\">jon\u00f3w srebra oraz nadtlenku wodoru. Dzi\u0119ki temu <\/span><span dir=\"ltr\" role=\"presentation\">znacz\u0105co podnosi si\u0119 wydajno\u015b\u0107 preparatu. G\u0142\u00f3wne <\/span><span dir=\"ltr\" role=\"presentation\">zalety <\/span><span dir=\"ltr\" role=\"presentation\">tego <\/span><span dir=\"ltr\" role=\"presentation\">produktu <\/span><span dir=\"ltr\" role=\"presentation\">to <\/span><span dir=\"ltr\" role=\"presentation\">d\u0142ugotrwa\u0142e <\/span><span dir=\"ltr\" role=\"presentation\">dzia\u0142anie <\/span><span dir=\"ltr\" role=\"presentation\">i brak pozosta\u0142o\u015bci w ro\u015blinie. <\/span><span dir=\"ltr\" role=\"presentation\">SILVER skutecznie stymuluje produkcj\u0119 fitoaleksyn <\/span><span dir=\"ltr\" role=\"presentation\">(zwi\u0105zki <\/span><span dir=\"ltr\" role=\"presentation\">obronne <\/span><span dir=\"ltr\" role=\"presentation\">produkowane <\/span><span dir=\"ltr\" role=\"presentation\">przez <\/span><span dir=\"ltr\" role=\"presentation\">ro\u015blin\u0119 <\/span><span dir=\"ltr\" role=\"presentation\">w odpowiedzi na infekcje) i wspiera procesy fizjolo<\/span><span dir=\"ltr\" role=\"presentation\">giczne. SILVER podnosi aktywno\u015b\u0107 chlorofilu, co <\/span><span dir=\"ltr\" role=\"presentation\">powoduje <\/span><span dir=\"ltr\" role=\"presentation\">zwi\u0119kszenie <\/span><span dir=\"ltr\" role=\"presentation\">akumulacji <\/span><span dir=\"ltr\" role=\"presentation\">suchej <\/span><span dir=\"ltr\" role=\"presentation\">masy <\/span><span dir=\"ltr\" role=\"presentation\">i pozwala wykorzysta\u0107 potencja\u0142 genetyczny upraw. <\/span><span dir=\"ltr\" role=\"presentation\">Dla <\/span><span dir=\"ltr\" role=\"presentation\">pe\u0142nego <\/span><span dir=\"ltr\" role=\"presentation\">wsparcia <\/span><span dir=\"ltr\" role=\"presentation\">proces\u00f3w <\/span><span dir=\"ltr\" role=\"presentation\">fizjologicznych <\/span><span dir=\"ltr\" role=\"presentation\">warto zapewni\u0107 \u0142atwo dost\u0119pny wap\u0144 (CALCIO MAX).<\/span><\/p>\n<p><span dir=\"ltr\" role=\"presentation\">SILVER to ekologicznie zr\u00f3wnowa\u017cony preparat, <\/span><span dir=\"ltr\" role=\"presentation\">kt\u00f3ry poprawia kondycj\u0119 ro\u015blin i wp\u0142ywa na mo\u017c<\/span><span dir=\"ltr\" role=\"presentation\">liwo\u015b\u0107 d\u0142u\u017cszego przechowywania.<\/span><\/p>\n<p><strong><span dir=\"ltr\" role=\"presentation\">Zastosowanie:<\/span><\/strong><\/p>\n<p><span dir=\"ltr\" role=\"presentation\">Unikaj u\u017cywania w najgor\u0119tszych godzinach dnia, <\/span><span dir=\"ltr\" role=\"presentation\">produkt <\/span><span dir=\"ltr\" role=\"presentation\">powinien <\/span><span dir=\"ltr\" role=\"presentation\">wyschn\u0105\u0107 <\/span><span dir=\"ltr\" role=\"presentation\">mo\u017cliwie <\/span><span dir=\"ltr\" role=\"presentation\">wolno. <\/span><span dir=\"ltr\" role=\"presentation\">Spryskaj <\/span><span dir=\"ltr\" role=\"presentation\">drobn\u0105 <\/span><span dir=\"ltr\" role=\"presentation\">kropl\u0105 <\/span><span dir=\"ltr\" role=\"presentation\">\u015bwie\u017co <\/span><span dir=\"ltr\" role=\"presentation\">przygotowanym <\/span><span dir=\"ltr\" role=\"presentation\">roztworem (roztw\u00f3r niewykorzystany nie zachowu<\/span><span dir=\"ltr\" role=\"presentation\">je swoich w\u0142a\u015bciwo\u015bci). SILVER mo\u017cna miesza\u0107 z wi\u0119<\/span><span dir=\"ltr\" role=\"presentation\">kszo\u015bci\u0105 pestycyd\u00f3w wzmacniaj\u0105c ich skuteczno\u015b\u0107. <\/span><span dir=\"ltr\" role=\"presentation\">Dodaj SILVER jako pierwszy do roztworu wodnego. <\/span><span dir=\"ltr\" role=\"presentation\">Nie mieszaj ze zwi\u0105zkami zawieraj\u0105cymi Cu, Mn, <\/span><span dir=\"ltr\" role=\"presentation\">Al, Fe, S i oleje, a w razie w\u0105tpliwo\u015bci zr\u00f3b ma\u0142\u0105 <\/span><span dir=\"ltr\" role=\"presentation\">pr\u00f3b\u0119 (niew\u0142a\u015bciwa reakcja to wzburzenie roztworu). <\/span><span dir=\"ltr\" role=\"presentation\">Dotychczas <\/span><span dir=\"ltr\" role=\"presentation\">nie <\/span><span dir=\"ltr\" role=\"presentation\">stwierdzono <\/span><span dir=\"ltr\" role=\"presentation\">szkodliwo\u015bci <\/span><span dir=\"ltr\" role=\"presentation\">na <\/span><span dir=\"ltr\" role=\"presentation\">\u017cadnej uprawie i \u017cadnej odmianie. Warto jednak <\/span><span dir=\"ltr\" role=\"presentation\">sprawdzi\u0107 na ma\u0142ej powierzchni przed zastoso<\/span><span dir=\"ltr\" role=\"presentation\">waniem.<\/span><\/p>\n<p><strong>Dawkowanie:<\/strong><\/p>\n<ul>\n<li>Zabiegi dolistne: <span dir=\"ltr\" role=\"presentation\">150\u2013200 ml\/100 l wody (<\/span><span dir=\"ltr\" role=\"presentation\">max 300 ml\/100 l wody)<\/span><\/li>\n<li><span dir=\"ltr\" role=\"presentation\">Mno\u017carki: siewki, sadzonki, <\/span><span dir=\"ltr\" role=\"presentation\">przygotowanie nasion\u00a0 50-100 ml\/100 l<\/span><\/li>\n<\/ul>\n<p><strong><span dir=\"ltr\" role=\"presentation\">Zaleca si\u0119 stosowanie SILVER <\/span><span dir=\"ltr\" role=\"presentation\">w po\u0142\u0105czeniu z BIOBACTER\u00ae <\/span><span dir=\"ltr\" role=\"presentation\">w celu poprawy jako\u015bci mieszanki<\/span><\/strong><\/p>\n<ul>\n<li><span dir=\"ltr\" role=\"presentation\">profilaktycznie 150\u2013200 ml BIOBACTER\u00ae <\/span><span dir=\"ltr\" role=\"presentation\">i 100\u2013150 ml SILVER<\/span><\/li>\n<li><span dir=\"ltr\" role=\"presentation\">w konieczno\u015bci 100 ml BIOBACTER\u00ae <\/span><span dir=\"ltr\" role=\"presentation\">i 150\u2013200 ml SILVER<\/span><\/li>\n<\/ul>\n<p><strong><span dir=\"ltr\" role=\"presentation\">Sk\u0142ad:<\/span><\/strong><br role=\"presentation\" \/><span dir=\"ltr\" role=\"presentation\">Azot og\u00f3\u0142em (N)\u00a0 11,5%<\/span><br role=\"presentation\" \/><span dir=\"ltr\" role=\"presentation\">Azot azotanowy (NO3)\u00a0 6,5%<\/span><br role=\"presentation\" \/><span dir=\"ltr\" role=\"presentation\">Azot amonowy (NH)\u00a0 \u00a05%<\/span><br role=\"presentation\" \/><span dir=\"ltr\" role=\"presentation\">Potas (K2O) rozpuszczalny w wodzie\u00a0 \u00a05%<\/span><br role=\"presentation\" \/><span dir=\"ltr\" role=\"presentation\">Cynk (Zn) rozpuszczalny w wodzie\u00a0 \u00a01%<\/span><br role=\"presentation\" \/><span dir=\"ltr\" role=\"presentation\">Sole srebra\u00a0 \u00a0<\/span><\/p>\n<p><strong>Opakowanie:\u00a0<\/strong>1 l<\/p>\n<\/div>\n<\/div>\n","protected":false},"excerpt":{"rendered":"<p>SILVER &#8211; Naw\u00f3z WE \u2013 przeciwstresowy NK z cynkiem. SILVER \u0142\u0105czy w sobie dwa elementy \u2013 aktywno\u015b\u0107 jon\u00f3w srebra oraz nadtlenku wodoru. Dzi\u0119ki temu znacz\u0105co podnosi si\u0119 wydajno\u015b\u0107 preparatu. G\u0142\u00f3wne zalety tego produktu to d\u0142ugotrwa\u0142e dzia\u0142anie i brak pozosta\u0142o\u015bci w ro\u015blinie. SILVER skutecznie stymuluje produkcj\u0119 fitoaleksyn (zwi\u0105zki obronne produkowane przez ro\u015blin\u0119 w odpowiedzi na infekcje) [&hellip;]<\/p>\n","protected":false},"featured_media":3636,"template":"","meta":{"_acf_changed":false,"_seopress_robots_primary_cat":"none","_seopress_titles_title":"","_seopress_titles_desc":"","_seopress_robots_index":""},"product_brand":[],"product_cat":[141,186],"product_tag":[],"class_list":{"0":"post-3222","1":"product","2":"type-product","3":"status-publish","4":"has-post-thumbnail","6":"product_cat-pozyteczne-mikroorganizmy","7":"product_cat-preparaty-pomocne-w-stresie-spowodowanym-przez-szkodniki","9":"first","10":"instock","11":"taxable","12":"shipping-taxable","13":"purchasable","14":"product-type-simple"},"acf":[],"_links":{"self":[{"href":"https:\/\/ceres.pl\/sklep\/wp-json\/wp\/v2\/product\/3222","targetHints":{"allow":["GET"]}}],"collection":[{"href":"https:\/\/ceres.pl\/sklep\/wp-json\/wp\/v2\/product"}],"about":[{"href":"https:\/\/ceres.pl\/sklep\/wp-json\/wp\/v2\/types\/product"}],"wp:featuredmedia":[{"embeddable":true,"href":"https:\/\/ceres.pl\/sklep\/wp-json\/wp\/v2\/media\/3636"}],"wp:attachment":[{"href":"https:\/\/ceres.pl\/sklep\/wp-json\/wp\/v2\/media?parent=3222"}],"wp:term":[{"taxonomy":"product_brand","embeddable":true,"href":"https:\/\/ceres.pl\/sklep\/wp-json\/wp\/v2\/product_brand?post=3222"},{"taxonomy":"product_cat","embeddable":true,"href":"https:\/\/ceres.pl\/sklep\/wp-json\/wp\/v2\/product_cat?post=3222"},{"taxonomy":"product_tag","embeddable":true,"href":"https:\/\/ceres.pl\/sklep\/wp-json\/wp\/v2\/product_tag?post=3222"}],"curies":[{"name":"wp","href":"https:\/\/api.w.org\/{rel}","templated":true}]}}