{"id":3223,"date":"2022-03-29T15:09:04","date_gmt":"2022-03-29T13:09:04","guid":{"rendered":"https:\/\/ceres.pl\/sklep\/produkt\/bez-kategorii\/sphera-1-l\/"},"modified":"2026-04-07T16:04:09","modified_gmt":"2026-04-07T14:04:09","slug":"sphera-1-l","status":"publish","type":"product","link":"https:\/\/ceres.pl\/sklep\/produkt\/pozyteczne-mikroorganizmy\/preparaty-poprawiajace-odzywienie-roslin\/sphera-1-l\/","title":{"rendered":"Sphera 1 l"},"content":{"rendered":"<p class=\"x_MsoNormal\" data-olk-copy-source=\"MessageBody\">SPHERA to innowacyjny produkt \u0142\u0105cz\u0105cy dzia\u0142anie grzyb\u00f3w mikoryzowych (<strong><i>Rhizoglomus irregulare, Glomus mosseae, Funneliformis caledonium<\/i><\/strong>) z po\u017cytecznymi bakteriami (<strong><i>Azotobacter vinelandii, Bacillus megaterium, Rhodopseudomonas palustris<\/i><\/strong>), tworz\u0105c kompletny mikrobiom wspieraj\u0105cy ro\u015blin\u0119 od najwcze\u015bniejszych etap\u00f3w rozwoju. Dzi\u0119ki temu po\u0142\u0105czeniu SPHERA poprawia kie\u0142kowanie nasion i ukorzenianie siewek, optymalizuje pobieranie sk\u0142adnik\u00f3w pokarmowych oraz podnosi odporno\u015b\u0107 ro\u015blin na stres biotyczny i abiotyczny.<\/p>\n<p class=\"x_MsoNormal\"><b>MECHANIZM DZIA\u0141ANIA<\/b><\/p>\n<p class=\"x_MsoNormal\">Zawarte w SPHERA grzyby mikoryzowe szybko tworz\u0105 symbiotyczne po\u0142\u0105czenie z korzeniami ro\u015blin, znacz\u0105co zwi\u0119kszaj\u0105c zdolno\u015b\u0107 ro\u015blin do pobierania kluczowych sk\u0142adnik\u00f3w od\u017cywczych, takich jak fosfor, potas i mikroelementy. Wzmacnia to system korzeniowy, poprawia umocowanie w glebie oraz zwi\u0119ksza tolerancj\u0119 ro\u015blin na stres wodny i \u015brodowiskowy.<\/p>\n<p class=\"x_MsoNormal\">Jednocze\u015bnie po\u017cyteczne bakterie dzia\u0142aj\u0105 synergicznie: wi\u0105\u017c\u0105 azot atmosferyczny, dostarczaj\u0105 \u0142atwo przyswajalny azot i stymuluj\u0105 rozw\u00f3j korzeni, rozpuszczaj\u0105 fosfor zwi\u0105zany w glebie oraz produkuj\u0105 metabolity wt\u00f3rne, witaminy, antyoksydanty i fitohormony poprawiaj\u0105ce og\u00f3ln\u0105 kondycj\u0119 ro\u015blin.<\/p>\n<p class=\"x_MsoNormal\"><b>SPECYFICZNE DZIA\u0141ANIE \u2014 INOKULUM GRZYB\u00d3W MIKORYZOWYCH<\/b><\/p>\n<p class=\"x_MsoNormal\"><b>Numer rejestracyjny nawozu organicznego w Republice W\u0142oskiej:<\/b>\u00a00025486\/19<\/p>\n<p class=\"x_MsoNormal\"><b>SK\u0141AD<\/b><\/p>\n<p class=\"x_MsoNormal\"><b>Typ preparat poprawiaj\u0105cy jako\u015b\u0107 gleby<\/b><\/p>\n<p class=\"x_MsoNormal\"><b>Zawarto\u015b\u0107 mikoryz:<\/b>\u00a05%<\/p>\n<p class=\"x_MsoNormal\"><b>Zawarto\u015b\u0107 bakterii ryzosferowych:<\/b>\u00a010\u00b9\u2070 jtk\/g<\/p>\n<p class=\"x_MsoNormal\">Brak GMO i patogen\u00f3w.<\/p>\n<p class=\"x_MsoNormal\"><b>W\u0142a\u015bciwo\u015bci fizykochemiczne<\/b><\/p>\n<table class=\"x_MsoNormalTable\" border=\"0\" cellpadding=\"0\">\n<tbody>\n<tr>\n<td>\n<p class=\"x_MsoNormal\"><b>Parametr<\/b><\/p>\n<\/td>\n<td>\n<p class=\"x_MsoNormal\"><b>Warto\u015b\u0107<\/b><\/p>\n<\/td>\n<\/tr>\n<tr>\n<td>\n<p class=\"x_MsoNormal\">pH<\/p>\n<\/td>\n<td>\n<p class=\"x_MsoNormal\">7 \u00b1 0.5<\/p>\n<\/td>\n<\/tr>\n<tr>\n<td>\n<p class=\"x_MsoNormal\">G\u0119sto\u015b\u0107<\/p>\n<\/td>\n<td>\n<p class=\"x_MsoNormal\">1.20 \u00b1 0.5<\/p>\n<\/td>\n<\/tr>\n<tr>\n<td>\n<p class=\"x_MsoNormal\">Kolor<\/p>\n<\/td>\n<td>\n<p class=\"x_MsoNormal\">Jasnobr\u0105zowy<\/p>\n<\/td>\n<\/tr>\n<tr>\n<td>\n<p class=\"x_MsoNormal\">Zapach<\/p>\n<\/td>\n<td>\n<p class=\"x_MsoNormal\">Znikomy<\/p>\n<\/td>\n<\/tr>\n<tr>\n<td>\n<p class=\"x_MsoNormal\">Rozpuszczalno\u015b\u0107<\/p>\n<\/td>\n<td>\n<p class=\"x_MsoNormal\">W wodzie<\/p>\n<\/td>\n<\/tr>\n<\/tbody>\n<\/table>\n<p class=\"x_MsoNormal\"><b>FORMULACJA<\/b><\/p>\n<p class=\"x_MsoNormal\">P\u0142ynna<\/p>\n<p class=\"x_MsoNormal\"><b>KLASYFIKACJA<\/b><\/p>\n<p class=\"x_MsoNormal\">Brak<\/p>\n<p class=\"x_MsoNormal\"><b>OPAKOWANIE<\/b><\/p>\n<ul type=\"disc\">\n<li class=\"x_MsoNormal\">Butelka 1 L<\/li>\n<li class=\"x_MsoNormal\">Kanister 5 L<\/li>\n<\/ul>\n<p class=\"x_MsoNormal\"><b>INSTRUKCJA STOSOWANIA<\/b><\/p>\n<table class=\"x_MsoNormalTable\" border=\"0\" cellpadding=\"0\">\n<tbody>\n<tr>\n<td>\n<p class=\"x_MsoNormal\"><b>Uprawa<\/b><\/p>\n<\/td>\n<td>\n<p class=\"x_MsoNormal\"><b>Dawka<\/b><\/p>\n<\/td>\n<\/tr>\n<tr>\n<td>\n<p class=\"x_MsoNormal\">Uprawy polowe i pod os\u0142onami<\/p>\n<\/td>\n<td>\n<p class=\"x_MsoNormal\">1\u20132 L\/ha<\/p>\n<\/td>\n<\/tr>\n<tr>\n<td>\n<p class=\"x_MsoNormal\">Szk\u00f3\u0142ki (ro\u015bliny w pojemnikach)<\/p>\n<\/td>\n<td>\n<p class=\"x_MsoNormal\">300\u2013500 ml\/1000 m\u00b2<\/p>\n<\/td>\n<\/tr>\n<tr>\n<td>\n<p class=\"x_MsoNormal\">Warzywa li\u015bciowe, sa\u0142aty, rukola, \u2026<\/p>\n<\/td>\n<td>\n<p class=\"x_MsoNormal\">100\u2013300 ml\/1000 m\u00b2<\/p>\n<\/td>\n<\/tr>\n<tr>\n<td>\n<p class=\"x_MsoNormal\">Truskawki, maliny bor\u00f3wki, \u2026<\/p>\n<\/td>\n<td>\n<p class=\"x_MsoNormal\">100\u2013300 ml\/1000 m\u00b2<\/p>\n<\/td>\n<\/tr>\n<tr>\n<td>\n<p class=\"x_MsoNormal\">\u015awie\u017ce i aromatyczne zio\u0142a<\/p>\n<\/td>\n<td>\n<p class=\"x_MsoNormal\">100\u2013300 ml\/1000 m\u00b2<\/p>\n<\/td>\n<\/tr>\n<tr>\n<td>\n<p class=\"x_MsoNormal\">Kwiaty i ro\u015bliny ozdobne<\/p>\n<\/td>\n<td>\n<p class=\"x_MsoNormal\">100\u2013300 ml\/1000 m\u00b2<\/p>\n<\/td>\n<\/tr>\n<tr>\n<td>\n<p class=\"x_MsoNormal\">Sadownictwo (jab\u0142onie, grusze, morele, brzoskwinie, wi\u015bnie, kiwi)<\/p>\n<\/td>\n<td>\n<p class=\"x_MsoNormal\">1\u20132 L\/ha<\/p>\n<\/td>\n<\/tr>\n<tr>\n<td>\n<p class=\"x_MsoNormal\">Winoro\u015bl<\/p>\n<\/td>\n<td>\n<p class=\"x_MsoNormal\">1\u20132 L\/ha<\/p>\n<\/td>\n<\/tr>\n<tr>\n<td>\n<p class=\"x_MsoNormal\">Trawniki<\/p>\n<\/td>\n<td>\n<p class=\"x_MsoNormal\">1\u20132 L\/ha<\/p>\n<\/td>\n<\/tr>\n<tr>\n<td>\n<p class=\"x_MsoNormal\">Uprawy wielkoobszarowe<\/p>\n<\/td>\n<td>\n<p class=\"x_MsoNormal\">1\u20132 L\/ha<\/p>\n<\/td>\n<\/tr>\n<\/tbody>\n<\/table>\n<p class=\"x_xmsonormal\"><b>ZALECENIA<\/b><\/p>\n<ul type=\"disc\">\n<li class=\"x_xmsonormal\">Przed u\u017cyciem\u00a0<b>dobrze wstrz\u0105sn\u0105\u0107<\/b>.<\/li>\n<li class=\"x_xmsonormal\">Stosowa\u0107\u00a0<b>r\u00f3wnomiernie<\/b>, miesza\u0107 w trakcie aplikacji.<\/li>\n<li class=\"x_xmsonormal\">Aby pobudzi\u0107 rozw\u00f3j mikroorganizm\u00f3w, zaleca si\u0119 miesza\u0107 produkt w proporcji\u00a0<b>1:1 z CARBOGEN L<\/b>.<\/li>\n<li class=\"x_xmsonormal\">Zaleca si\u0119 wykonanie pr\u00f3b na niewielkiej liczbie ro\u015blin przed zastosowaniem na ca\u0142ej powierzchni.<\/li>\n<li class=\"x_xmsonormal\">W razie potrzeby zabieg powt\u00f3rzy\u0107.<\/li>\n<\/ul>\n<p>&nbsp;<\/p>\n<p><span data-olk-copy-source=\"MessageBody\">Po kilku latach intensywnych obserwacji na r\u00f3\u017cnych rodzajach upraw mo\u017cemy stwierdzi\u0107, \u017ce\u00a0SPHERA stosowana razem z\u00a0<b><a title=\"https:\/\/ceres.pl\/sklep\/produkt\/pozyteczne-mikroorganizmy\/preparaty-poprawiajace-odzywienie-roslin\/triash-1-l\/\" href=\"https:\/\/ceres.pl\/sklep\/produkt\/pozyteczne-mikroorganizmy\/preparaty-poprawiajace-odzywienie-roslin\/triash-1-l\/\" data-auth=\"NotApplicable\" data-linkindex=\"0\">TRIASH<\/a> <\/b>i <b>CARBOGEN L <\/b>daje wyj\u0105tkowe efekty w zakresie:<\/span><\/p>\n<p>\u2013 wzrostu korzeni<\/p>\n<p>\u2013 krzewienia i wzrostu masy zielonej<\/p>\n<p>\u2013 szybko\u015bci kwitnienia<\/p>\n<p>\u2013 szybko\u015bci i ilo\u015bci owocowania<\/p>\n<p>\u2013 smaku i zawarto\u015bci substancji \u015bwiadcz\u0105cych o jako\u015bci plonu.<\/p>\n","protected":false},"excerpt":{"rendered":"<p>SPHERA to innowacyjny produkt \u0142\u0105cz\u0105cy dzia\u0142anie grzyb\u00f3w mikoryzowych (Rhizoglomus irregulare, Glomus mosseae, Funneliformis caledonium) z po\u017cytecznymi bakteriami (Azotobacter vinelandii, Bacillus megaterium, Rhodopseudomonas palustris), tworz\u0105c kompletny mikrobiom wspieraj\u0105cy ro\u015blin\u0119 od najwcze\u015bniejszych etap\u00f3w rozwoju. Dzi\u0119ki temu po\u0142\u0105czeniu SPHERA poprawia kie\u0142kowanie nasion i ukorzenianie siewek, optymalizuje pobieranie sk\u0142adnik\u00f3w pokarmowych oraz podnosi odporno\u015b\u0107 ro\u015blin na stres biotyczny i abiotyczny. [&hellip;]<\/p>\n","protected":false},"featured_media":12732,"template":"","meta":{"_acf_changed":false,"_seopress_robots_primary_cat":"none","_seopress_titles_title":"","_seopress_titles_desc":"SPHERA to innowacyjny produkt \u0142\u0105cz\u0105cy dzia\u0142anie grzyb\u00f3w mikoryzowych (Rhizoglomus irregulare, Glomus mosseae, Funneliformis caledonium) z po\u017cytecznymi bakteriami (Azotobacter vinelandii, Bacillus megaterium, Rhodopseudomonas palustris), tworz\u0105c kompletny mikrobiom wspieraj\u0105cy ro\u015blin\u0119 od najwcze\u015bniejszych etap\u00f3w rozwoju.","_seopress_robots_index":""},"product_brand":[],"product_cat":[141,185],"product_tag":[],"class_list":{"0":"post-3223","1":"product","2":"type-product","3":"status-publish","4":"has-post-thumbnail","6":"product_cat-pozyteczne-mikroorganizmy","7":"product_cat-preparaty-poprawiajace-odzywienie-roslin","9":"first","10":"instock","11":"taxable","12":"shipping-taxable","13":"purchasable","14":"product-type-simple"},"acf":[],"_links":{"self":[{"href":"https:\/\/ceres.pl\/sklep\/wp-json\/wp\/v2\/product\/3223","targetHints":{"allow":["GET"]}}],"collection":[{"href":"https:\/\/ceres.pl\/sklep\/wp-json\/wp\/v2\/product"}],"about":[{"href":"https:\/\/ceres.pl\/sklep\/wp-json\/wp\/v2\/types\/product"}],"wp:featuredmedia":[{"embeddable":true,"href":"https:\/\/ceres.pl\/sklep\/wp-json\/wp\/v2\/media\/12732"}],"wp:attachment":[{"href":"https:\/\/ceres.pl\/sklep\/wp-json\/wp\/v2\/media?parent=3223"}],"wp:term":[{"taxonomy":"product_brand","embeddable":true,"href":"https:\/\/ceres.pl\/sklep\/wp-json\/wp\/v2\/product_brand?post=3223"},{"taxonomy":"product_cat","embeddable":true,"href":"https:\/\/ceres.pl\/sklep\/wp-json\/wp\/v2\/product_cat?post=3223"},{"taxonomy":"product_tag","embeddable":true,"href":"https:\/\/ceres.pl\/sklep\/wp-json\/wp\/v2\/product_tag?post=3223"}],"curies":[{"name":"wp","href":"https:\/\/api.w.org\/{rel}","templated":true}]}}