{"id":3224,"date":"2022-03-29T15:09:40","date_gmt":"2022-03-29T13:09:40","guid":{"rendered":"https:\/\/ceres.pl\/sklep\/produkt\/bez-kategorii\/turi-l-1-l\/"},"modified":"2026-04-23T15:35:18","modified_gmt":"2026-04-23T13:35:18","slug":"turi-l-1-l","status":"publish","type":"product","link":"https:\/\/ceres.pl\/sklep\/produkt\/pozyteczne-mikroorganizmy\/preparaty-pomocne-w-stresie-spowodowanym-przez-szkodniki\/turi-l-1-l\/","title":{"rendered":"Turi-L 1 l"},"content":{"rendered":"<div id=\"item16\" class=\"offer-subpage-products-item\">\n<div class=\"row\">\n<div class=\"col-12\">\n<h2>TURI-L &#8211; Szczepionka mikoryzowa poprawiaj\u0105ca jako\u015b\u0107 gleby i ograniczaj\u0105ca dzia\u0142alno\u015b\u0107 szkodliwych owad\u00f3w.<\/h2>\n<\/div>\n<\/div>\n<div class=\"row\">\n<div class=\"col-12\">\n<p><strong><span dir=\"ltr\" role=\"presentation\">\u015arodek zawieraj\u0105cy \u017cywe mikroorganizmy, <\/span><span dir=\"ltr\" role=\"presentation\">wspomagaj\u0105cy upraw\u0119 ro\u015blin, dopuszczony <\/span><span dir=\"ltr\" role=\"presentation\">do stosowania w uprawach ekologicznych w UE.<\/span><\/strong><\/p>\n<p><strong><span dir=\"ltr\" role=\"presentation\">TURI L <\/span><\/strong><span dir=\"ltr\" role=\"presentation\">jest wa\u017cn\u0105 alternatyw\u0105 dla metod che<\/span><span dir=\"ltr\" role=\"presentation\">micznych w celu ograniczenia stres\u00f3w biotycznych <\/span><span dir=\"ltr\" role=\"presentation\">ograniczaj\u0105cych produktywno\u015b\u0107 ro\u015blin. W zastoso<\/span><span dir=\"ltr\" role=\"presentation\">waniu w rolnictwie ekologicznym chroni populac<\/span><span dir=\"ltr\" role=\"presentation\">je bakterii z rodzaju Bacillus, kt\u00f3re s\u0105 uwa\u017cane <\/span><span dir=\"ltr\" role=\"presentation\">za najwa\u017cniejszego sojusznika rolnika. Maj\u0105 one <\/span><span dir=\"ltr\" role=\"presentation\">wp\u0142yw na utrzymanie zdrowego \u015brodowiska dla <\/span><span dir=\"ltr\" role=\"presentation\">wzrostu ro\u015blin. <\/span><span dir=\"ltr\" role=\"presentation\">Niekt\u00f3re gatunki bakterii, nale\u017c\u0105ce do rodzaju <\/span><span dir=\"ltr\" role=\"presentation\">Bacillus, okaza\u0142y si\u0119 skuteczne w redukcji obecno\u015b<\/span><span dir=\"ltr\" role=\"presentation\">ci larw motyli, tak\u017ce minuj\u0105cych jak Sko\u015bnik (Tuta <\/span><span dir=\"ltr\" role=\"presentation\">absoluta). <\/span><span dir=\"ltr\" role=\"presentation\">TURI L mo\u017cna stosowa\u0107 dolistnie, najlepiej z adju<\/span><span dir=\"ltr\" role=\"presentation\">wantami. Wa\u017cne, \u017ceby stosowa\u0107 wy\u0142\u0105cznie w ko<\/span><span dir=\"ltr\" role=\"presentation\">nieczno\u015bci i najlepiej w ch\u0142odniejszej porze dnia.<\/span><\/p>\n<p><br role=\"presentation\" \/><strong><span dir=\"ltr\" role=\"presentation\">Zastosowanie:<\/span><\/strong><\/p>\n<p><span dir=\"ltr\" role=\"presentation\">Preparatu TURI-L nie nale\u017cy \u0142\u0105czy\u0107 z preparatami <\/span><span dir=\"ltr\" role=\"presentation\">chemicznymi. <\/span><span dir=\"ltr\" role=\"presentation\">Zabieg nale\u017cy przeprowadzi\u0107 w godzinach wie<\/span><span dir=\"ltr\" role=\"presentation\">czornych, rozpuszczaj\u0105c preparat w roztworze <\/span><span dir=\"ltr\" role=\"presentation\">lekko kwa\u015bnym. W razie potrzeby zabieg powtarza\u0107 <\/span><span dir=\"ltr\" role=\"presentation\">co 5\u20137 dni.<\/span><\/p>\n<p><strong><span dir=\"ltr\" role=\"presentation\">Dawkowanie:<\/span><\/strong><\/p>\n<ul>\n<li><span dir=\"ltr\" role=\"presentation\">Uprawy ogrodnicze (ziemniaki, pomidory, <\/span><span dir=\"ltr\" role=\"presentation\">papryka, tyto\u0144, sa\u0142aty, kapustne <\/span><span dir=\"ltr\" role=\"presentation\">i dyniowate w polu lub pod os\u0142onami <\/span><br role=\"presentation\" \/><span dir=\"ltr\" role=\"presentation\">1 l\/ha<\/span><\/li>\n<li><span dir=\"ltr\" role=\"presentation\">Sady, winnice, jagodniki <\/span><span dir=\"ltr\" role=\"presentation\">1\u20132 l\/ha regularnie co 7\u201310 dni<\/span><\/li>\n<li><span dir=\"ltr\" role=\"presentation\">Murawy, kukurydza, bobowate, s\u0142onecznik <\/span><span dir=\"ltr\" role=\"presentation\">0,75\u20131,0 l\/ha<\/span><\/li>\n<li><span dir=\"ltr\" role=\"presentation\">Ozdobne w doniczkach lub w ziemi: <\/span><span dir=\"ltr\" role=\"presentation\">200 ml\/100 l<\/span><\/li>\n<\/ul>\n<p><strong><span dir=\"ltr\" role=\"presentation\">Sk\u0142ad gatunkowy:<\/span><\/strong><\/p>\n<ul>\n<li><span dir=\"ltr\" role=\"presentation\">G<em>lomus intraradices<\/em><\/span><\/li>\n<li><span dir=\"ltr\" role=\"presentation\">G<em>lomus mossae<\/em><\/span><\/li>\n<li><span dir=\"ltr\" role=\"presentation\">B<em>acillus thuringensis ssp kurstaki<\/em><\/span><\/li>\n<\/ul>\n<p><strong><span dir=\"ltr\" role=\"presentation\">Wymagane warunki glebowe <\/span><span dir=\"ltr\" role=\"presentation\">dla wzrostu mikroorganizm\u00f3w <\/span><span dir=\"ltr\" role=\"presentation\">zawartych w preparacie:<\/span><\/strong><\/p>\n<ul>\n<li><span dir=\"ltr\" role=\"presentation\">minimalna temperatura\u00a0 5\u00baC<\/span><\/li>\n<li><span dir=\"ltr\" role=\"presentation\">optymalna temperatura\u00a0 20\u201330\u00baC\u00a0<\/span><\/li>\n<li><span dir=\"ltr\" role=\"presentation\">maksymalna temperatura\u00a0 40\u00baC<\/span><\/li>\n<\/ul>\n<p><strong>Opakowanie: <\/strong>1 l<\/p>\n<\/div>\n<\/div>\n<\/div>\n","protected":false},"excerpt":{"rendered":"<p>TURI-L &#8211; Szczepionka mikoryzowa poprawiaj\u0105ca jako\u015b\u0107 gleby i ograniczaj\u0105ca dzia\u0142alno\u015b\u0107 szkodliwych owad\u00f3w. \u015arodek zawieraj\u0105cy \u017cywe mikroorganizmy, wspomagaj\u0105cy upraw\u0119 ro\u015blin, dopuszczony do stosowania w uprawach ekologicznych w UE. TURI L jest wa\u017cn\u0105 alternatyw\u0105 dla metod chemicznych w celu ograniczenia stres\u00f3w biotycznych ograniczaj\u0105cych produktywno\u015b\u0107 ro\u015blin. W zastosowaniu w rolnictwie ekologicznym chroni populacje bakterii z rodzaju Bacillus, kt\u00f3re [&hellip;]<\/p>\n","protected":false},"featured_media":3397,"template":"","meta":{"_acf_changed":false,"_seopress_robots_primary_cat":"none","_seopress_titles_title":"","_seopress_titles_desc":"","_seopress_robots_index":""},"product_brand":[],"product_cat":[141,186],"product_tag":[],"class_list":{"0":"post-3224","1":"product","2":"type-product","3":"status-publish","4":"has-post-thumbnail","6":"product_cat-pozyteczne-mikroorganizmy","7":"product_cat-preparaty-pomocne-w-stresie-spowodowanym-przez-szkodniki","9":"first","10":"outofstock","11":"taxable","12":"shipping-taxable","13":"purchasable","14":"product-type-simple"},"acf":[],"_links":{"self":[{"href":"https:\/\/ceres.pl\/sklep\/wp-json\/wp\/v2\/product\/3224","targetHints":{"allow":["GET"]}}],"collection":[{"href":"https:\/\/ceres.pl\/sklep\/wp-json\/wp\/v2\/product"}],"about":[{"href":"https:\/\/ceres.pl\/sklep\/wp-json\/wp\/v2\/types\/product"}],"wp:featuredmedia":[{"embeddable":true,"href":"https:\/\/ceres.pl\/sklep\/wp-json\/wp\/v2\/media\/3397"}],"wp:attachment":[{"href":"https:\/\/ceres.pl\/sklep\/wp-json\/wp\/v2\/media?parent=3224"}],"wp:term":[{"taxonomy":"product_brand","embeddable":true,"href":"https:\/\/ceres.pl\/sklep\/wp-json\/wp\/v2\/product_brand?post=3224"},{"taxonomy":"product_cat","embeddable":true,"href":"https:\/\/ceres.pl\/sklep\/wp-json\/wp\/v2\/product_cat?post=3224"},{"taxonomy":"product_tag","embeddable":true,"href":"https:\/\/ceres.pl\/sklep\/wp-json\/wp\/v2\/product_tag?post=3224"}],"curies":[{"name":"wp","href":"https:\/\/api.w.org\/{rel}","templated":true}]}}