{"id":3336,"date":"2022-04-12T08:29:02","date_gmt":"2022-04-12T06:29:02","guid":{"rendered":"https:\/\/ceres.pl\/sklep\/produkt\/bez-kategorii\/ken-20l\/"},"modified":"2023-06-20T21:16:04","modified_gmt":"2023-06-20T19:16:04","slug":"ken-20l","status":"publish","type":"product","link":"https:\/\/ceres.pl\/sklep\/produkt\/pozyteczne-mikroorganizmy\/ken-20l\/","title":{"rendered":"Ken 20l"},"content":{"rendered":"<div class=\"row\">\n<div class=\"col-12\">\n<h2>KEN\u00ae &#8211; Naw\u00f3z WE do regeneracji gleby<\/h2>\n<\/div>\n<\/div>\n<div class=\"row\">\n<div class=\"col-12\">\n<p><strong><span dir=\"ltr\" role=\"presentation\">KEN\u00ae<\/span><\/strong><span dir=\"ltr\" role=\"presentation\"> to p\u0142ynna mieszanina rozpuszczalnego w wodzie <\/span><span dir=\"ltr\" role=\"presentation\">cynku zawieraj\u0105ca stabilizowane kwasy peroksy<\/span><span dir=\"ltr\" role=\"presentation\">dowe. Zastosowanie produktu prowadzi do pow<\/span><span dir=\"ltr\" role=\"presentation\">stania du\u017cej ilo\u015bci jon\u00f3w hydroksylowych, grup <\/span><span dir=\"ltr\" role=\"presentation\">metanowych i wolnego tlenu. Wysoce reaktywne <\/span><span dir=\"ltr\" role=\"presentation\">sk\u0142adniki utleniaj\u0105 zewn\u0119trzne b\u0142ony mikroorga<\/span><span dir=\"ltr\" role=\"presentation\">nizm\u00f3w, hamuj\u0105c ich rozw\u00f3j. <\/span><span dir=\"ltr\" role=\"presentation\">KEN\u00ae pomaga obni\u017cy\u0107 pH, co poprawia dost\u0119p<\/span><span dir=\"ltr\" role=\"presentation\">no\u015b\u0107 jon\u00f3w wapnia i mikroelement\u00f3w. Podanie <\/span><span dir=\"ltr\" role=\"presentation\">KEN\u00ae <\/span><span dir=\"ltr\" role=\"presentation\">na <\/span><span dir=\"ltr\" role=\"presentation\">nieobsadzon\u0105 <\/span><span dir=\"ltr\" role=\"presentation\">gleb\u0119 <\/span><span dir=\"ltr\" role=\"presentation\">zapewnia <\/span><span dir=\"ltr\" role=\"presentation\">przed <\/span><span dir=\"ltr\" role=\"presentation\">siewem lub sadzeniem utlenienie wszelkich sub<\/span><span dir=\"ltr\" role=\"presentation\">stancji <\/span><span dir=\"ltr\" role=\"presentation\">pozosta\u0142ych <\/span><span dir=\"ltr\" role=\"presentation\">po <\/span><span dir=\"ltr\" role=\"presentation\">poprzednich <\/span><span dir=\"ltr\" role=\"presentation\">uprawach <\/span><span dir=\"ltr\" role=\"presentation\">i powoduj\u0105cych zm\u0119czenie gleby. Przyspiesza utle<\/span><span dir=\"ltr\" role=\"presentation\">nianie <\/span><span dir=\"ltr\" role=\"presentation\">resztek <\/span><span dir=\"ltr\" role=\"presentation\">po uprawowych <\/span><span dir=\"ltr\" role=\"presentation\">i <\/span><span dir=\"ltr\" role=\"presentation\">degraduje <\/span><span dir=\"ltr\" role=\"presentation\">me<\/span><span dir=\"ltr\" role=\"presentation\">chanizmy ochronne form zimuj\u0105cych niekt\u00f3rych <\/span><span dir=\"ltr\" role=\"presentation\">szkodnik\u00f3w jak wciornastki i nicienie. <\/span><span dir=\"ltr\" role=\"presentation\">Kiedy KEN\u00ae podawany jest w trakcie uprawy, pro<\/span><span dir=\"ltr\" role=\"presentation\">dukcja du\u017cych ilo\u015bci tlenu pochodz\u0105cego z reakcji <\/span><span dir=\"ltr\" role=\"presentation\">z materi\u0105 organiczn\u0105 obecn\u0105 w glebie ogranicza <\/span><span dir=\"ltr\" role=\"presentation\">wyst\u0119powanie chor\u00f3b i ma widocznie korzystny <\/span><span dir=\"ltr\" role=\"presentation\">wp\u0142yw na rozw\u00f3j korzeni. KEN\u00ae pomaga te\u017c zmniej<\/span><span dir=\"ltr\" role=\"presentation\">szy\u0107 problemy zwi\u0105zane z bardzo zwartymi gleba <\/span><span dir=\"ltr\" role=\"presentation\">mi z tendencj\u0105 do tworzenia si\u0119 skorupy.<\/span><\/p>\n<p><strong><span dir=\"ltr\" role=\"presentation\">Zastosowanie:<\/span><\/strong><\/p>\n<p><span dir=\"ltr\" role=\"presentation\">KEN\u00ae stosuje si\u0119 wy\u0142\u0105cznie na gleb\u0119, dowolnym <\/span><span dir=\"ltr\" role=\"presentation\">sposobem (deszczowanie, ta\u015bmy, kroplowniki, <\/span><span dir=\"ltr\" role=\"presentation\">podlewanie w\u0119\u017cem).<\/span><br role=\"presentation\" \/><span dir=\"ltr\" role=\"presentation\">Produkt nale\u017cy rozprowadzi\u0107 na wilgotnej glebie. <\/span><span dir=\"ltr\" role=\"presentation\">Nale\u017cy unika\u0107 aplikacji w gor\u0105cych godzinach <\/span><span dir=\"ltr\" role=\"presentation\">podczas dnia. <\/span><br role=\"presentation\" \/><span dir=\"ltr\" role=\"presentation\">Skonsultuj si\u0119 z dystrybutorem w zakresie ustale<\/span><span dir=\"ltr\" role=\"presentation\">nia w\u0142a\u015bciwej dawki w konkretnym przypadku. <\/span><span dir=\"ltr\" role=\"presentation\">Po zabiegu konieczne jest przywr\u00f3cenie \u017cyzno\u015bci <\/span><span dir=\"ltr\" role=\"presentation\">biologicznej gleby za pomoc\u0105 preparatu miko<\/span><span dir=\"ltr\" role=\"presentation\">ryzowego: <strong><span style=\"color: #008000;\"><a style=\"color: #008000;\" href=\"https:\/\/ceres.pl\/sklep\/produkt\/pozyteczne-mikroorganizmy\/triash-1-l\/\">TRIASH<\/a><\/span><\/strong>, <span style=\"color: #008000;\"><strong>SPHERA<\/strong><\/span> oraz innych wymienionych <\/span><span dir=\"ltr\" role=\"presentation\">w<strong><span style=\"color: #008000;\"><a style=\"color: #008000;\" href=\"https:\/\/ceres.pl\/wp-content\/uploads\/2022\/02\/ZERO_A5_012022_prev1824.pdf\"> katalogu<\/a> <\/span><\/strong>produkt\u00f3w (str. 12-22).<\/span><\/p>\n<p><strong><span dir=\"ltr\" role=\"presentation\">Dawkowanie:<\/span><\/strong><\/p>\n<ul>\n<li><span dir=\"ltr\" role=\"presentation\">przedsiewnie lub przed sadzeniem <\/span><span dir=\"ltr\" role=\"presentation\">7\u201320 l\/1000 m2<\/span><\/li>\n<li><span dir=\"ltr\" role=\"presentation\">po siewie i w sadach <\/span><span dir=\"ltr\" role=\"presentation\">5 l\/1000 m2<\/span><\/li>\n<li><span dir=\"ltr\" role=\"presentation\">w obecno\u015bci ro\u015blin <\/span><span dir=\"ltr\" role=\"presentation\">2\u20133 l\/1000 m2<\/span><\/li>\n<\/ul>\n<p><strong><span dir=\"ltr\" role=\"presentation\">Sk\u0142ad:<\/span><\/strong><\/p>\n<ul>\n<li><span dir=\"ltr\" role=\"presentation\">Cynk (Zn) rozpuszczalny w wodzie\u00a0 \u00a02%<\/span><\/li>\n<li><span dir=\"ltr\" role=\"presentation\">Kompleks hydroksylowy<\/span><\/li>\n<li><span dir=\"ltr\" role=\"presentation\">Nadtlenek wodoru<\/span><\/li>\n<\/ul>\n<\/div>\n<\/div>\n","protected":false},"excerpt":{"rendered":"<p>KEN\u00ae &#8211; Naw\u00f3z WE do regeneracji gleby KEN\u00ae to p\u0142ynna mieszanina rozpuszczalnego w wodzie cynku zawieraj\u0105ca stabilizowane kwasy peroksydowe. Zastosowanie produktu prowadzi do powstania du\u017cej ilo\u015bci jon\u00f3w hydroksylowych, grup metanowych i wolnego tlenu. Wysoce reaktywne sk\u0142adniki utleniaj\u0105 zewn\u0119trzne b\u0142ony mikroorganizm\u00f3w, hamuj\u0105c ich rozw\u00f3j. KEN\u00ae pomaga obni\u017cy\u0107 pH, co poprawia dost\u0119pno\u015b\u0107 jon\u00f3w wapnia i mikroelement\u00f3w. Podanie [&hellip;]<\/p>\n","protected":false},"featured_media":3436,"template":"","meta":{"_acf_changed":false,"_seopress_robots_primary_cat":"none","_seopress_titles_title":"","_seopress_titles_desc":"","_seopress_robots_index":""},"product_brand":[],"product_cat":[141],"product_tag":[],"class_list":{"0":"post-3336","1":"product","2":"type-product","3":"status-publish","4":"has-post-thumbnail","6":"product_cat-pozyteczne-mikroorganizmy","8":"first","9":"outofstock","10":"taxable","11":"shipping-taxable","12":"purchasable","13":"product-type-simple"},"acf":[],"_links":{"self":[{"href":"https:\/\/ceres.pl\/sklep\/wp-json\/wp\/v2\/product\/3336","targetHints":{"allow":["GET"]}}],"collection":[{"href":"https:\/\/ceres.pl\/sklep\/wp-json\/wp\/v2\/product"}],"about":[{"href":"https:\/\/ceres.pl\/sklep\/wp-json\/wp\/v2\/types\/product"}],"wp:featuredmedia":[{"embeddable":true,"href":"https:\/\/ceres.pl\/sklep\/wp-json\/wp\/v2\/media\/3436"}],"wp:attachment":[{"href":"https:\/\/ceres.pl\/sklep\/wp-json\/wp\/v2\/media?parent=3336"}],"wp:term":[{"taxonomy":"product_brand","embeddable":true,"href":"https:\/\/ceres.pl\/sklep\/wp-json\/wp\/v2\/product_brand?post=3336"},{"taxonomy":"product_cat","embeddable":true,"href":"https:\/\/ceres.pl\/sklep\/wp-json\/wp\/v2\/product_cat?post=3336"},{"taxonomy":"product_tag","embeddable":true,"href":"https:\/\/ceres.pl\/sklep\/wp-json\/wp\/v2\/product_tag?post=3336"}],"curies":[{"name":"wp","href":"https:\/\/api.w.org\/{rel}","templated":true}]}}