{"id":339,"date":"2019-11-26T11:41:56","date_gmt":"2019-11-26T10:41:56","guid":{"rendered":"https:\/\/ceres.pl\/sklep\/sklep\/bez-kategorii\/substrat-do-wysiewu-i-pikowania-roslin-ozdobnych-i-warzyw-70l-b\/"},"modified":"2026-04-08T09:21:58","modified_gmt":"2026-04-08T07:21:58","slug":"substrat-do-wysiewu-i-pikowania-roslin-ozdobnych-i-warzyw-70l-b","status":"publish","type":"product","link":"https:\/\/ceres.pl\/sklep\/produkt\/podloza-i-substraty-na-bazie-wlokna-kokosowego\/substrat-do-wysiewu-i-pikowania-roslin-ozdobnych-i-warzyw-70l-b\/","title":{"rendered":"SUBSTRAT DO WYSIEWU I PIKOWANIA RO\u015aLIN OZDOBNYCH I WARZYW  70L B"},"content":{"rendered":"<p><strong>Substrat do wysiewu i pikowania SWB<\/strong> \u2013 polecany dla gatunk\u00f3w o wi\u0119kszych wymaganiach pokarmowych tj.: kalafior, pomidor, papryka.<\/p>\n<p>W\u0142\u00f3kno kokosowe wykorzystywane do substrat\u00f3w do wysiewu jest specjalnie oczyszczane i buforowane, po to \u017ceby zapewni\u0107 jak najlepsze warunki nasionom do kie\u0142kowania i m\u0142odym siewk\u0105 do dalszego wzrostu. Opr\u00f3cz w\u0142\u00f3kna kokosowego do substratu do wysiewu u\u017cywamy najwy\u017cszej jako\u015bci osiewanego torfu cegie\u0142kowego o drobnej frakcji 0-7 mm oraz drobnego agroperlitu. Poza tym do substratu do wysiewu i pikowania dodajemy p\u0142ukany piasek, kt\u00f3ry zapewnia lepsz\u0105 styczno\u015b\u0107 substratu z wysianymi nasionami, co jest bardzo wa\u017cne, szczeg\u00f3lnie w pierwszym etapie kiedy nasiona kie\u0142kuj\u0105 i kiedy s\u0105 nara\u017cone na przesychanie. W sk\u0142adzie substratu znajduje si\u0119 r\u00f3wnie\u017c dawka startowa nawozu.<\/p>\n<h3>Zalety substratu:<\/h3>\n<ul>\n<li>W 100% organiczny sk\u0142ad.<\/li>\n<li>Dawka startowa nawozu zapewniaj\u0105ca wsparcie dla ro\u015blin na pocz\u0105tkowym etapie wzrostu.<\/li>\n<li>Optymalne warunki powietrzno-wodne.<\/li>\n<li>Stabilna struktura i doskona\u0142a pojemno\u015b\u0107 cieplna.<\/li>\n<li>U\u0142atwia ukorzenianie oraz ponowne nawil\u017canie po wysuszeniu.<\/li>\n<li>Wolne od zanieczyszcze\u0144, patogen\u00f3w i nasion chwast\u00f3w.<\/li>\n<\/ul>\n<p><strong>Cechy pod\u0142o\u017ca:<\/strong><\/p>\n<ul>\n<li>Warto\u015b\u0107 pH: 5,5-6,5<\/li>\n<li>Frakcja torfu cegie\u0142kowego: 0-7 mm<\/li>\n<li>Posta\u0107: sta\u0142a<\/li>\n<\/ul>\n<p><strong>Opakowanie:<\/strong>\u00a070 l<\/p>\n<p>&nbsp;<\/p>\n","protected":false},"excerpt":{"rendered":"<p>Substrat do wysiewu i pikowania SWB \u2013 polecany dla gatunk\u00f3w o wi\u0119kszych wymaganiach pokarmowych tj.: kalafior, pomidor, papryka. W\u0142\u00f3kno kokosowe wykorzystywane do substrat\u00f3w do wysiewu jest specjalnie oczyszczane i buforowane, po to \u017ceby zapewni\u0107 jak najlepsze warunki nasionom do kie\u0142kowania i m\u0142odym siewk\u0105 do dalszego wzrostu. Opr\u00f3cz w\u0142\u00f3kna kokosowego do substratu do wysiewu u\u017cywamy najwy\u017cszej [&hellip;]<\/p>\n","protected":false},"featured_media":5692,"template":"","meta":{"_acf_changed":false,"_seopress_robots_primary_cat":"none","_seopress_titles_title":"","_seopress_titles_desc":"","_seopress_robots_index":""},"product_brand":[],"product_cat":[89],"product_tag":[],"class_list":{"0":"post-339","1":"product","2":"type-product","3":"status-publish","4":"has-post-thumbnail","6":"product_cat-podloza-i-substraty-na-bazie-wlokna-kokosowego","8":"first","9":"outofstock","10":"taxable","11":"shipping-taxable","12":"purchasable","13":"product-type-simple"},"acf":[],"_links":{"self":[{"href":"https:\/\/ceres.pl\/sklep\/wp-json\/wp\/v2\/product\/339","targetHints":{"allow":["GET"]}}],"collection":[{"href":"https:\/\/ceres.pl\/sklep\/wp-json\/wp\/v2\/product"}],"about":[{"href":"https:\/\/ceres.pl\/sklep\/wp-json\/wp\/v2\/types\/product"}],"wp:featuredmedia":[{"embeddable":true,"href":"https:\/\/ceres.pl\/sklep\/wp-json\/wp\/v2\/media\/5692"}],"wp:attachment":[{"href":"https:\/\/ceres.pl\/sklep\/wp-json\/wp\/v2\/media?parent=339"}],"wp:term":[{"taxonomy":"product_brand","embeddable":true,"href":"https:\/\/ceres.pl\/sklep\/wp-json\/wp\/v2\/product_brand?post=339"},{"taxonomy":"product_cat","embeddable":true,"href":"https:\/\/ceres.pl\/sklep\/wp-json\/wp\/v2\/product_cat?post=339"},{"taxonomy":"product_tag","embeddable":true,"href":"https:\/\/ceres.pl\/sklep\/wp-json\/wp\/v2\/product_tag?post=339"}],"curies":[{"name":"wp","href":"https:\/\/api.w.org\/{rel}","templated":true}]}}