{"id":340,"date":"2019-11-26T11:42:38","date_gmt":"2019-11-26T10:42:38","guid":{"rendered":"https:\/\/ceres.pl\/sklep\/sklep\/bez-kategorii\/podloze-kokosowe-uniwersalne-70-l\/"},"modified":"2026-04-08T09:22:43","modified_gmt":"2026-04-08T07:22:43","slug":"podloze-kokosowe-uniwersalne-70-l","status":"publish","type":"product","link":"https:\/\/ceres.pl\/sklep\/produkt\/podloza-i-substraty-na-bazie-wlokna-kokosowego\/podloze-kokosowe-uniwersalne-70-l\/","title":{"rendered":"POD\u0141O\u017bE KOKOSOWE UNIWERSALNE 70 L"},"content":{"rendered":"<p>Najdrobniejsze cz\u0105stki o d\u0142ugo\u015bci do 2 mm wykorzystywane s\u0105 jako podstawowa frakcja do produkcji pod\u0142o\u017cy ogrodniczych. Dzi\u0119ki bardzo dobrym w\u0142a\u015bciwo\u015bciom fizycznym w\u0142\u00f3kno to znalaz\u0142o szerokie zastosowanie w ogrodnictwie jako pod\u0142o\u017ce jednorodne oraz jako sk\u0142adnik innych pod\u0142o\u017cy;<\/p>\n<ol>\n<li><strong> Ukorzenianie sadzonek<\/strong><\/li>\n<\/ol>\n<ul>\n<li>Dzi\u0119ki lekko\u015bci i doskona\u0142ej przepuszczalno\u015bci powietrza, w\u0142\u00f3kno kokosowe wspiera rozw\u00f3j zdrowego systemu korzeniowego. Idealne do ukorzeniania sadzonek ro\u015blin ozdobnych, takich jak kwiaty, byliny, drzewa i krzewy.<\/li>\n<\/ul>\n<ol start=\"2\">\n<li><strong> Pikowanie ro\u015blin<\/strong><\/li>\n<\/ol>\n<ul>\n<li>U\u0142atwia przenoszenie m\u0142odych ro\u015blin na wi\u0119ksze powierzchnie lub do osobnych pojemnik\u00f3w, wspieraj\u0105c ich wzrost w pocz\u0105tkowych fazach rozwoju.<\/li>\n<\/ul>\n<ol start=\"3\">\n<li><strong> Uprawy w pojemnikach i doniczkach<\/strong><\/li>\n<\/ol>\n<ul>\n<li>Stosowane jako pod\u0142o\u017ce dla ro\u015blin doniczkowych, balkonowych czy tarasowych, zapewniaj\u0105c r\u00f3wnowag\u0119 wilgotno\u015bci i dobry dost\u0119p powietrza do korzeni.<\/li>\n<\/ul>\n<ol start=\"4\">\n<li><strong> Uprawy hydroponiczne<\/strong><\/li>\n<\/ol>\n<ul>\n<li>W\u0142\u00f3kno kokosowe jest popularnym medium w systemach hydroponicznych, gdzie umo\u017cliwia optymalny rozw\u00f3j ro\u015blin bez u\u017cycia tradycyjnej gleby.<\/li>\n<\/ul>\n<ol start=\"5\">\n<li><strong> Dodatek do innych pod\u0142o\u017cy<\/strong><\/li>\n<\/ol>\n<ul>\n<li>Wzbogaca struktur\u0119 i poprawia w\u0142a\u015bciwo\u015bci drena\u017cowe ci\u0119\u017cszych pod\u0142o\u017cy, zapobiegaj\u0105c ich nadmiernemu zag\u0119szczaniu.<\/li>\n<\/ul>\n<ol start=\"6\">\n<li><strong> Uprawy warzyw i owoc\u00f3w<\/strong><\/li>\n<\/ol>\n<ul>\n<li>Doskona\u0142e dla upraw pomidor\u00f3w, og\u00f3rk\u00f3w, truskawek i innych warzyw lub owoc\u00f3w, zar\u00f3wno w szklarniach, jak i w domowych warunkach.<\/li>\n<\/ul>\n<ol start=\"7\">\n<li><strong> Poprawa retencji wody<\/strong><\/li>\n<\/ol>\n<ul>\n<li>Dzi\u0119ki zdolno\u015bci do zatrzymywania wilgoci, w\u0142\u00f3kno kokosowe wspomaga utrzymanie odpowiedniego poziomu nawodnienia, co jest istotne w warunkach gor\u0105cego klimatu lub przy uprawach wymagaj\u0105cych sta\u0142ej wilgotno\u015bci.<\/li>\n<\/ul>\n<p>W\u0142\u00f3kno kokosowe jest szczeg\u00f3lnie cenione za swoje ekologiczne w\u0142a\u015bciwo\u015bci, lekko\u015b\u0107 i trwa\u0142o\u015b\u0107, co czyni je uniwersalnym materia\u0142em w szeroko poj\u0119tej hodowli ro\u015blin<\/p>\n<p>pH: 5,5-6,5<\/p>\n<p>Worki o pojemno\u015bci 70l.<\/p>\n<p>Na palecie : 36 work\u00f3w<\/p>\n<p>&nbsp;<\/p>\n<p>&nbsp;<\/p>\n<p>&nbsp;<\/p>\n<p>&nbsp;<\/p>\n<p>&nbsp;<\/p>\n","protected":false},"excerpt":{"rendered":"<p>Najdrobniejsze cz\u0105stki o d\u0142ugo\u015bci do 2 mm wykorzystywane s\u0105 jako podstawowa frakcja do produkcji pod\u0142o\u017cy ogrodniczych. Dzi\u0119ki bardzo dobrym w\u0142a\u015bciwo\u015bciom fizycznym w\u0142\u00f3kno to znalaz\u0142o szerokie zastosowanie w ogrodnictwie jako pod\u0142o\u017ce jednorodne oraz jako sk\u0142adnik innych pod\u0142o\u017cy; Ukorzenianie sadzonek Dzi\u0119ki lekko\u015bci i doskona\u0142ej przepuszczalno\u015bci powietrza, w\u0142\u00f3kno kokosowe wspiera rozw\u00f3j zdrowego systemu korzeniowego. Idealne do ukorzeniania sadzonek [&hellip;]<\/p>\n","protected":false},"featured_media":5690,"template":"","meta":{"_acf_changed":false,"_seopress_robots_primary_cat":"none","_seopress_titles_title":"","_seopress_titles_desc":"","_seopress_robots_index":""},"product_brand":[],"product_cat":[89],"product_tag":[],"class_list":{"0":"post-340","1":"product","2":"type-product","3":"status-publish","4":"has-post-thumbnail","6":"product_cat-podloza-i-substraty-na-bazie-wlokna-kokosowego","8":"first","9":"outofstock","10":"taxable","11":"shipping-taxable","12":"purchasable","13":"product-type-simple"},"acf":[],"_links":{"self":[{"href":"https:\/\/ceres.pl\/sklep\/wp-json\/wp\/v2\/product\/340","targetHints":{"allow":["GET"]}}],"collection":[{"href":"https:\/\/ceres.pl\/sklep\/wp-json\/wp\/v2\/product"}],"about":[{"href":"https:\/\/ceres.pl\/sklep\/wp-json\/wp\/v2\/types\/product"}],"wp:featuredmedia":[{"embeddable":true,"href":"https:\/\/ceres.pl\/sklep\/wp-json\/wp\/v2\/media\/5690"}],"wp:attachment":[{"href":"https:\/\/ceres.pl\/sklep\/wp-json\/wp\/v2\/media?parent=340"}],"wp:term":[{"taxonomy":"product_brand","embeddable":true,"href":"https:\/\/ceres.pl\/sklep\/wp-json\/wp\/v2\/product_brand?post=340"},{"taxonomy":"product_cat","embeddable":true,"href":"https:\/\/ceres.pl\/sklep\/wp-json\/wp\/v2\/product_cat?post=340"},{"taxonomy":"product_tag","embeddable":true,"href":"https:\/\/ceres.pl\/sklep\/wp-json\/wp\/v2\/product_tag?post=340"}],"curies":[{"name":"wp","href":"https:\/\/api.w.org\/{rel}","templated":true}]}}