{"id":356,"date":"2019-11-26T11:51:18","date_gmt":"2019-11-26T10:51:18","guid":{"rendered":"https:\/\/ceres.pl\/sklep\/sklep\/bez-kategorii\/siatka-do-pakowania-choinek-25cm-300mb\/"},"modified":"2026-03-20T08:12:38","modified_gmt":"2026-03-20T07:12:38","slug":"siatka-do-pakowania-choinek-25cm-300mb","status":"publish","type":"product","link":"https:\/\/ceres.pl\/sklep\/produkt\/siatka-do-pakowania-choinek\/siatka-do-pakowania-choinek-25cm-300mb\/","title":{"rendered":"Siatka do pakowania choinek 25cm (300mb)"},"content":{"rendered":"<p>Siatka do pakowania choinek, kt\u00f3ra zapewnia szybkie, \u0142atwa i skuteczne pakowanie drzewek. Siatki s\u0105 wykonane z w\u0142\u00f3kien typu monofilament, kt\u00f3re zapewniaj\u0105 wysok\u0105 wytrzyma\u0142o\u015b\u0107 na rozerwanie oraz daj\u0105 mo\u017cliwo\u015b\u0107 u\u017cycia siatki zar\u00f3wno do pakowania mechanicznego jak i r\u0119cznego.<\/p>\n","protected":false},"excerpt":{"rendered":"<p>Siatka do pakowania choinek, kt\u00f3ra zapewnia szybkie, \u0142atwa i skuteczne pakowanie drzewek. Siatki s\u0105 wykonane z w\u0142\u00f3kien typu monofilament, kt\u00f3re zapewniaj\u0105 wysok\u0105 wytrzyma\u0142o\u015b\u0107 na rozerwanie oraz daj\u0105 mo\u017cliwo\u015b\u0107 u\u017cycia siatki zar\u00f3wno do pakowania mechanicznego jak i r\u0119cznego.<\/p>\n","protected":false},"featured_media":5634,"template":"","meta":{"_acf_changed":false,"_seopress_robots_primary_cat":"none","_seopress_titles_title":"","_seopress_titles_desc":"","_seopress_robots_index":""},"product_brand":[],"product_cat":[93],"product_tag":[],"class_list":{"0":"post-356","1":"product","2":"type-product","3":"status-publish","4":"has-post-thumbnail","6":"product_cat-siatka-do-pakowania-choinek","8":"first","9":"instock","10":"taxable","11":"shipping-taxable","12":"purchasable","13":"product-type-simple"},"acf":[],"_links":{"self":[{"href":"https:\/\/ceres.pl\/sklep\/wp-json\/wp\/v2\/product\/356","targetHints":{"allow":["GET"]}}],"collection":[{"href":"https:\/\/ceres.pl\/sklep\/wp-json\/wp\/v2\/product"}],"about":[{"href":"https:\/\/ceres.pl\/sklep\/wp-json\/wp\/v2\/types\/product"}],"wp:featuredmedia":[{"embeddable":true,"href":"https:\/\/ceres.pl\/sklep\/wp-json\/wp\/v2\/media\/5634"}],"wp:attachment":[{"href":"https:\/\/ceres.pl\/sklep\/wp-json\/wp\/v2\/media?parent=356"}],"wp:term":[{"taxonomy":"product_brand","embeddable":true,"href":"https:\/\/ceres.pl\/sklep\/wp-json\/wp\/v2\/product_brand?post=356"},{"taxonomy":"product_cat","embeddable":true,"href":"https:\/\/ceres.pl\/sklep\/wp-json\/wp\/v2\/product_cat?post=356"},{"taxonomy":"product_tag","embeddable":true,"href":"https:\/\/ceres.pl\/sklep\/wp-json\/wp\/v2\/product_tag?post=356"}],"curies":[{"name":"wp","href":"https:\/\/api.w.org\/{rel}","templated":true}]}}