{"id":366,"date":"2019-11-26T12:18:41","date_gmt":"2019-11-26T11:18:41","guid":{"rendered":"https:\/\/ceres.pl\/sklep\/sklep\/bez-kategorii\/siatka-przeciw-ptakom-12g-zielona-25mm-2000-cm-x-100-mb\/"},"modified":"2026-03-20T09:40:43","modified_gmt":"2026-03-20T08:40:43","slug":"siatka-przeciw-ptakom-12g-zielona-25mm-2000-cm-x-100-mb","status":"publish","type":"product","link":"https:\/\/ceres.pl\/sklep\/produkt\/siatki-przeciw-ptakom\/siatka-przeciw-ptakom-12g-zielona-25mm-2000-cm-x-100-mb\/","title":{"rendered":"Siatka przeciw ptakom    12g zielona   25mm    2000 cm x 100 mb"},"content":{"rendered":"<p>Siatki tego typu zabezpieczaj\u0105 plantacje owoc\u00f3w nara\u017cone na szkodliwe dzia\u0142anie ptak\u00f3w. Jest to bezpieczna i bardzo skuteczna metoda zapobiegania uszkodzeniom owoc\u00f3w powodowanych przez ptaki, kt\u00f3ra w bardzo du\u017cym stopniu ogranicza potencjalne straty, kt\u00f3re mog\u0105 by\u0107 powodowane przez \u017ceruj\u0105ce ptaki. Siatki s\u0105 wykonane ze specjalnego materia\u0142u zapewniaj\u0105cego mo\u017cliwo\u015b\u0107 u\u017cytkowania przez wiele lat.<\/p>\n","protected":false},"excerpt":{"rendered":"<p>Siatki tego typu zabezpieczaj\u0105 plantacje owoc\u00f3w nara\u017cone na szkodliwe dzia\u0142anie ptak\u00f3w. Jest to bezpieczna i bardzo skuteczna metoda zapobiegania uszkodzeniom owoc\u00f3w powodowanych przez ptaki, kt\u00f3ra w bardzo du\u017cym stopniu ogranicza potencjalne straty, kt\u00f3re mog\u0105 by\u0107 powodowane przez \u017ceruj\u0105ce ptaki. Siatki s\u0105 wykonane ze specjalnego materia\u0142u zapewniaj\u0105cego mo\u017cliwo\u015b\u0107 u\u017cytkowania przez wiele lat.<\/p>\n","protected":false},"featured_media":846,"template":"","meta":{"_acf_changed":false,"_seopress_robots_primary_cat":"none","_seopress_titles_title":"","_seopress_titles_desc":"","_seopress_robots_index":""},"product_brand":[],"product_cat":[96],"product_tag":[],"class_list":{"0":"post-366","1":"product","2":"type-product","3":"status-publish","4":"has-post-thumbnail","6":"product_cat-siatki-przeciw-ptakom","8":"first","9":"instock","10":"sale","11":"taxable","12":"shipping-taxable","13":"purchasable","14":"product-type-simple"},"acf":[],"_links":{"self":[{"href":"https:\/\/ceres.pl\/sklep\/wp-json\/wp\/v2\/product\/366","targetHints":{"allow":["GET"]}}],"collection":[{"href":"https:\/\/ceres.pl\/sklep\/wp-json\/wp\/v2\/product"}],"about":[{"href":"https:\/\/ceres.pl\/sklep\/wp-json\/wp\/v2\/types\/product"}],"wp:featuredmedia":[{"embeddable":true,"href":"https:\/\/ceres.pl\/sklep\/wp-json\/wp\/v2\/media\/846"}],"wp:attachment":[{"href":"https:\/\/ceres.pl\/sklep\/wp-json\/wp\/v2\/media?parent=366"}],"wp:term":[{"taxonomy":"product_brand","embeddable":true,"href":"https:\/\/ceres.pl\/sklep\/wp-json\/wp\/v2\/product_brand?post=366"},{"taxonomy":"product_cat","embeddable":true,"href":"https:\/\/ceres.pl\/sklep\/wp-json\/wp\/v2\/product_cat?post=366"},{"taxonomy":"product_tag","embeddable":true,"href":"https:\/\/ceres.pl\/sklep\/wp-json\/wp\/v2\/product_tag?post=366"}],"curies":[{"name":"wp","href":"https:\/\/api.w.org\/{rel}","templated":true}]}}