{"id":383,"date":"2019-11-26T12:30:23","date_gmt":"2019-11-26T11:30:23","guid":{"rendered":"https:\/\/ceres.pl\/sklep\/sklep\/bez-kategorii\/parasolex-plastic\/"},"modified":"2026-03-20T11:04:27","modified_gmt":"2026-03-20T10:04:27","slug":"parasolex-plastic","status":"publish","type":"product","link":"https:\/\/ceres.pl\/sklep\/produkt\/srodki-do-cieniowania\/parasolex-plastic\/","title":{"rendered":"Parasolex Plastic"},"content":{"rendered":"<p>Parasolex Plastic to ca\u0142osezonowy preparat do cieniowania tuneli foliowych.<\/p>\n<p><strong>Opakowanie:<\/strong>\u00a020kg<\/p>\n<p><strong>Zu\u017cycie:<\/strong>\u00a0wystarcza na zacieniowanie od 600 do 1200 m<sup>2<\/sup>\u00a0powierzchni (w zale\u017cno\u015bci od stopnia zacienienia).<\/p>\n<p><strong>Spos\u00f3b\u00a0u\u017cycia:<br \/>\n<\/strong>Proszek nale\u017cy wsypa\u0107 do wody (najlepiej o temperaturze pokojowej) i dobrze wymiesza\u0107. Aby dosz\u0142o do ca\u0142kowitego rozpuszczenia nale\u017cy odczeka\u0107 kilkadziesi\u0105t minut, a nast\u0119pnie raz jeszcze silnie zamiesza\u0107. Cieni\u00f3wk\u0119 mo\u017cna nanosi\u0107 przy pomocy rozpylacza lub p\u0119dzla na such\u0105 powierzchni\u0119, najlepiej po intensywnym deszczu, kt\u00f3ry zmyje nam kurz z folii i przy umiarkowanym nas\u0142onecznieniu. Nale\u017cy unika\u0107 bardzo wysokich temperatur, poniewa\u017c folia staje si\u0119 zbyt elastyczna i zmienia si\u0119 jej struktura powierzchniowa, a co za tym idzie, preparat m\u00f3g\u0142by dosta\u0107 si\u0119 w g\u0142\u0105b folii, co utrudni\u0142oby jego odpadni\u0119cie po pierwszych przymrozkach.<\/p>\n<p>Preparat nie niszczy foli oraz zawiera specjalny klej, kt\u00f3ry gwarantuje stabilno\u015b\u0107 preparatu na folii.<\/p>\n","protected":false},"excerpt":{"rendered":"<p>Parasolex Plastic to ca\u0142osezonowy preparat do cieniowania tuneli foliowych. Opakowanie:\u00a020kg Zu\u017cycie:\u00a0wystarcza na zacieniowanie od 600 do 1200 m2\u00a0powierzchni (w zale\u017cno\u015bci od stopnia zacienienia). Spos\u00f3b\u00a0u\u017cycia: Proszek nale\u017cy wsypa\u0107 do wody (najlepiej o temperaturze pokojowej) i dobrze wymiesza\u0107. Aby dosz\u0142o do ca\u0142kowitego rozpuszczenia nale\u017cy odczeka\u0107 kilkadziesi\u0105t minut, a nast\u0119pnie raz jeszcze silnie zamiesza\u0107. Cieni\u00f3wk\u0119 mo\u017cna nanosi\u0107 przy [&hellip;]<\/p>\n","protected":false},"featured_media":5694,"template":"","meta":{"_acf_changed":false,"_seopress_robots_primary_cat":"none","_seopress_titles_title":"","_seopress_titles_desc":"","_seopress_robots_index":""},"product_brand":[],"product_cat":[98],"product_tag":[],"class_list":{"0":"post-383","1":"product","2":"type-product","3":"status-publish","4":"has-post-thumbnail","6":"product_cat-srodki-do-cieniowania","8":"first","9":"instock","10":"taxable","11":"shipping-taxable","12":"purchasable","13":"product-type-simple"},"acf":[],"_links":{"self":[{"href":"https:\/\/ceres.pl\/sklep\/wp-json\/wp\/v2\/product\/383","targetHints":{"allow":["GET"]}}],"collection":[{"href":"https:\/\/ceres.pl\/sklep\/wp-json\/wp\/v2\/product"}],"about":[{"href":"https:\/\/ceres.pl\/sklep\/wp-json\/wp\/v2\/types\/product"}],"wp:featuredmedia":[{"embeddable":true,"href":"https:\/\/ceres.pl\/sklep\/wp-json\/wp\/v2\/media\/5694"}],"wp:attachment":[{"href":"https:\/\/ceres.pl\/sklep\/wp-json\/wp\/v2\/media?parent=383"}],"wp:term":[{"taxonomy":"product_brand","embeddable":true,"href":"https:\/\/ceres.pl\/sklep\/wp-json\/wp\/v2\/product_brand?post=383"},{"taxonomy":"product_cat","embeddable":true,"href":"https:\/\/ceres.pl\/sklep\/wp-json\/wp\/v2\/product_cat?post=383"},{"taxonomy":"product_tag","embeddable":true,"href":"https:\/\/ceres.pl\/sklep\/wp-json\/wp\/v2\/product_tag?post=383"}],"curies":[{"name":"wp","href":"https:\/\/api.w.org\/{rel}","templated":true}]}}