{"id":4069,"date":"2022-09-13T14:47:42","date_gmt":"2022-09-13T12:47:42","guid":{"rendered":"https:\/\/ceres.pl\/sklep\/produkt\/bez-kategorii\/zestaw-klozer-1l-carbogen-l-1l-2\/"},"modified":"2026-04-08T01:03:54","modified_gmt":"2026-04-07T23:03:54","slug":"zestaw-klozer-1l-carbogen-l-1l","status":"publish","type":"product","link":"https:\/\/ceres.pl\/sklep\/produkt\/pozyteczne-mikroorganizmy\/zestaw-klozer-1l-carbogen-l-1l\/","title":{"rendered":"Zestaw Klozer 1l + Carbogen L 1l"},"content":{"rendered":"<p><strong>Zestaw preparat\u00f3w Klozer 1l i Carbogen L 1l.<\/strong><\/p>\n<div class=\"row\">\n<div class=\"col-12\">\n<h2>KLOZER \u2013 Szczepionka mikoryzowa poprawiaj\u0105ca jako\u015b\u0107 gleby i ograniczaj\u0105ca dzia\u0142alno\u015b\u0107 szkodliwych owad\u00f3w oraz bakterii glebowych. <span dir=\"ltr\" role=\"presentation\">\u015arodek zawieraj\u0105cy \u017cywe mikroorganizmy, <\/span><span dir=\"ltr\" role=\"presentation\">wspomagaj\u0105cy upraw\u0119 ro\u015blin, dopuszczony <\/span><span dir=\"ltr\" role=\"presentation\">do stosowania w uprawach ekologicznych w UE.<\/span><\/h2>\n<\/div>\n<\/div>\n<div class=\"row\">\n<div class=\"col-12\">\n<p><strong><span dir=\"ltr\" role=\"presentation\">KLOZER<\/span><\/strong> <span dir=\"ltr\" role=\"presentation\">znajduje <\/span><span dir=\"ltr\" role=\"presentation\">zastosowanie <\/span><span dir=\"ltr\" role=\"presentation\">w <\/span><span dir=\"ltr\" role=\"presentation\">glebach <\/span><span dir=\"ltr\" role=\"presentation\">i pod\u0142o\u017cach ogrodniczych. Jest pot\u0119\u017cnym soju<\/span><span dir=\"ltr\" role=\"presentation\">sznikiem w uprawach pod os\u0142onami, a tak\u017ce <\/span><span dir=\"ltr\" role=\"presentation\">w uprawach polowych. KLOZER sprzyja rozwojowi <\/span><span dir=\"ltr\" role=\"presentation\">po\u017cytecznej mikroflory grzyb\u00f3w nale\u017c\u0105cych do <\/span><span dir=\"ltr\" role=\"presentation\">rodzaj\u00f3w Beauveria i Metarhizium oraz innych, <\/span><span dir=\"ltr\" role=\"presentation\">kt\u00f3re od\u017cywiaj\u0105 si\u0119 bia\u0142kami w ciele owad\u00f3w. <\/span><span dir=\"ltr\" role=\"presentation\">Grzyby te, tworz\u0105c powi\u0105zania tkankowe z ro\u015b<\/span><span dir=\"ltr\" role=\"presentation\">lin\u0105 uprawn\u0105 zaopatruj\u0105 j\u0105 bezpo\u015brednio w sub<\/span><span dir=\"ltr\" role=\"presentation\">stancje od\u017cywcze pozyskane z owad\u00f3w. Ataku<\/span><span dir=\"ltr\" role=\"presentation\">j\u0105 szerok\u0105 gam\u0119 gatunk\u00f3w, co stanowi ogromn\u0105 <\/span><span dir=\"ltr\" role=\"presentation\">zalet\u0119 <\/span><span dir=\"ltr\" role=\"presentation\">w <\/span><span dir=\"ltr\" role=\"presentation\">kontroli <\/span><span dir=\"ltr\" role=\"presentation\">biologicznej <\/span><span dir=\"ltr\" role=\"presentation\">owad\u00f3w <\/span><span dir=\"ltr\" role=\"presentation\">szkod<\/span><span dir=\"ltr\" role=\"presentation\">liwych. <\/span><span dir=\"ltr\" role=\"presentation\">Grzyby <\/span><span dir=\"ltr\" role=\"presentation\">entomopatogeniczne <\/span><span dir=\"ltr\" role=\"presentation\">s\u0105 <\/span><span dir=\"ltr\" role=\"presentation\">dobrze <\/span><span dir=\"ltr\" role=\"presentation\">przystosowane <\/span><span dir=\"ltr\" role=\"presentation\">do <\/span><span dir=\"ltr\" role=\"presentation\">klimatu <\/span><span dir=\"ltr\" role=\"presentation\">umiarkowanego, <\/span><span dir=\"ltr\" role=\"presentation\">a u odpowiednich owad\u00f3w-gospodarzy s\u0105 w stanie <\/span><span dir=\"ltr\" role=\"presentation\">prowadzi\u0107 naturalny cykl reprodukcyjny. Zarodni<\/span><span dir=\"ltr\" role=\"presentation\">ki przenosz\u0105 si\u0119 przez ruchy powietrza i osiadaj\u0105 <\/span><span dir=\"ltr\" role=\"presentation\">w glebie. Do skutecznego dzia\u0142ania powy\u017cszych <\/span><span dir=\"ltr\" role=\"presentation\">grzyb\u00f3w niezb\u0119dny jest kontakt owada z zarod<\/span><span dir=\"ltr\" role=\"presentation\">nikami grzyba. Po zainfekowaniu owada grzyb <\/span><span dir=\"ltr\" role=\"presentation\">szybko si\u0119 rozwija, co prowadzi do jego \u015bmierci <\/span><span dir=\"ltr\" role=\"presentation\">w ci\u0105gu kilku dni. <\/span><span dir=\"ltr\" role=\"presentation\">Zawarte <\/span><span dir=\"ltr\" role=\"presentation\">w <\/span><span dir=\"ltr\" role=\"presentation\">preparacie <\/span><span dir=\"ltr\" role=\"presentation\">KLOZER <\/span><span dir=\"ltr\" role=\"presentation\">grzyby <\/span><span dir=\"ltr\" role=\"presentation\">atakuj\u0105 <\/span><span dir=\"ltr\" role=\"presentation\">m.in. szpeciele, opuchlaki, wciornastki, mszyce, <\/span><span dir=\"ltr\" role=\"presentation\">m\u0105czliki, p\u0119draki, drutowce.<\/span><\/p>\n<p><strong><span dir=\"ltr\" role=\"presentation\">Zastosowanie:<\/span><\/strong><\/p>\n<p><span dir=\"ltr\" role=\"presentation\">Przed zastosowaniem nale\u017cy rozcie\u0144czy\u0107 w wodzie i zmie<\/span><span dir=\"ltr\" role=\"presentation\">sza\u0107 z preparatem <a href=\"https:\/\/ceres.pl\/sklep\/produkt\/pozyteczne-mikroorganizmy\/carbogen-l-1-l\/\"><strong>CARBOGEN L<\/strong><\/a>, a nast\u0119pnie odstawi\u0107 <\/span><span dir=\"ltr\" role=\"presentation\">na <\/span><span dir=\"ltr\" role=\"presentation\">12<\/span><span dir=\"ltr\" role=\"presentation\">\u2013<\/span><span dir=\"ltr\" role=\"presentation\">24 <\/span><span dir=\"ltr\" role=\"presentation\">h <\/span><span dir=\"ltr\" role=\"presentation\">dla <\/span><span dir=\"ltr\" role=\"presentation\">uaktywnienia <\/span><span dir=\"ltr\" role=\"presentation\">mikroorganizm\u00f3w <\/span><span dir=\"ltr\" role=\"presentation\">za<\/span><span dir=\"ltr\" role=\"presentation\">wartych w preparacie. Ta aktywacja pozwoli na wyko<\/span><span dir=\"ltr\" role=\"presentation\">rzystanie pe\u0142nego potencja\u0142u mikroorganizm\u00f3w. Pozwoli <\/span><span dir=\"ltr\" role=\"presentation\">im te\u017c natychmiast rozpocz\u0105\u0107 prac\u0119 w glebie czy na <\/span><span dir=\"ltr\" role=\"presentation\">ro\u015blinie i zapewni d\u0142u\u017csz\u0105 aktywno\u015b\u0107. <\/span><span dir=\"ltr\" role=\"presentation\">Preparatu <\/span><span dir=\"ltr\" role=\"presentation\">KLOZER <\/span><span dir=\"ltr\" role=\"presentation\">nie <\/span><span dir=\"ltr\" role=\"presentation\">nale\u017cy <\/span><span dir=\"ltr\" role=\"presentation\">\u0142\u0105czy\u0107 <\/span><span dir=\"ltr\" role=\"presentation\">z <\/span><span dir=\"ltr\" role=\"presentation\">preparatami <\/span><span dir=\"ltr\" role=\"presentation\">chemicznymi. <\/span><span dir=\"ltr\" role=\"presentation\">Mo\u017cna stosowa\u0107 jednocze\u015bnie z innymi preparatami <\/span><span dir=\"ltr\" role=\"presentation\">mikoryzowymi, jednak w takiej sytuacji sam\u0105 aktywacj\u0119 <\/span><span dir=\"ltr\" role=\"presentation\">nale\u017cy prowadzi\u0107 w oddzielnych pojemnikach.<\/span><\/p>\n<p><strong><span dir=\"ltr\" role=\"presentation\">Dawkowanie:<\/span><\/strong><\/p>\n<ul>\n<li><span dir=\"ltr\" role=\"presentation\">uprawy pod os\u0142onami<\/span><span dir=\"ltr\" role=\"presentation\">200 ml preparatu rozpu\u015bci\u0107 <\/span><span dir=\"ltr\" role=\"presentation\">w 100 l wody\/1000 m\u00b2 (zabieg nale\u017cy <\/span><span dir=\"ltr\" role=\"presentation\">powt\u00f3rzy\u0107 po 7\u201310 dniach)<\/span><\/li>\n<li><span dir=\"ltr\" role=\"presentation\">uprawy polowe oraz sadownicze <\/span><span dir=\"ltr\" role=\"presentation\">200 ml preparatu rozpu\u015bci\u0107 w 800 l\/1ha <\/span><span dir=\"ltr\" role=\"presentation\">(zabieg nale\u017cy powtarza\u0107 min. 2 razy <\/span><br role=\"presentation\" \/><span dir=\"ltr\" role=\"presentation\">w sezonie)<\/span><\/li>\n<li><span dir=\"ltr\" role=\"presentation\">pod\u0142o\u017ce uprawowe <\/span><span dir=\"ltr\" role=\"presentation\">150 ml\/m\u00b3<\/span><\/li>\n<\/ul>\n<p><strong><span dir=\"ltr\" role=\"presentation\">Sk\u0142ad gatunkowy:<\/span><\/strong><\/p>\n<ul>\n<li><span dir=\"ltr\" role=\"presentation\">G<em>lomus intraradices<\/em><\/span><\/li>\n<li><span dir=\"ltr\" role=\"presentation\">G<em>lomus mossae<\/em><\/span><\/li>\n<li><span dir=\"ltr\" role=\"presentation\">B<em>eauveria bassiana<\/em><\/span><\/li>\n<li><span dir=\"ltr\" role=\"presentation\">M<em>etarhizium anisopliae<\/em><\/span><\/li>\n<\/ul>\n<p><strong>Wymagane warunki glebowe dla wzrostu mikroorganizm\u00f3w zawartych w preparacie:<\/strong><\/p>\n<ul>\n<li>min temperatura \u00a0\u00a0\u00a0\u00a0\u00a0\u00a0\u00a0\u00a0\u00a0\u00a0\u00a0\u00a0\u00a0\u00a0\u00a0\u00a0\u00a0\u00a0\u00a0\u00a0\u00a0\u00a0\u00a0\u00a0 5 \u00baC<\/li>\n<li>optymalna temperatura \u00a0\u00a0\u00a0\u00a0\u00a0\u00a0\u00a0\u00a0\u00a0\u00a0\u00a0\u00a0\u00a0\u00a0 20 \u2013 30 \u00baC<\/li>\n<li>maksymalna temperatura \u00a0\u00a0\u00a0\u00a0\u00a0\u00a0\u00a0\u00a0\u00a0\u00a0\u00a0 40 \u00baC<\/li>\n<\/ul>\n<p>&nbsp;<\/p>\n<p><strong>W\u0142a\u015bciwo\u015bci preparatu:<\/strong><\/p>\n<ul>\n<li>pH\u00a0 \u00a0 6,5<\/li>\n<li>g\u0119sto\u015b\u0107\u00a0 0,9 g\/ cm<sup>3<\/sup><\/li>\n<\/ul>\n<ul>\n<li>kolor karmel<\/li>\n<li>posta\u0107 preparatu g\u0119sty p\u0142yn<\/li>\n<\/ul>\n<p><strong>Opakowanie: <\/strong>1L<\/p>\n<p>&nbsp;<\/p>\n<\/div>\n<div class=\"row\">\n<div class=\"col-12\">\n<h2>CARBOGEN L \u2013 Naw\u00f3z aminokwasowy zarejestrowany w UE do stosowania w uprawach ekologicznych<\/h2>\n<\/div>\n<\/div>\n<div class=\"row\">\n<div class=\"col-12\">\n<p><strong><span dir=\"ltr\" role=\"presentation\">CARBOGEN L<\/span><\/strong><span dir=\"ltr\" role=\"presentation\"> to bogaty w \u0142atwo dost\u0119pne amino<\/span><span dir=\"ltr\" role=\"presentation\">kwasy preparat na bazie dro\u017cd\u017cy. Stymuluje przemia<\/span><span dir=\"ltr\" role=\"presentation\">n\u0119 materii i aktywuje fizjologiczny wzrost ro\u015blin<\/span><span dir=\"ltr\" role=\"presentation\">(korzeni, <\/span><span dir=\"ltr\" role=\"presentation\">masy <\/span><span dir=\"ltr\" role=\"presentation\">zielonej, <\/span><span dir=\"ltr\" role=\"presentation\">suchej <\/span><span dir=\"ltr\" role=\"presentation\">masy <\/span><span dir=\"ltr\" role=\"presentation\">plonu, <\/span><span dir=\"ltr\" role=\"presentation\">za<\/span><span dir=\"ltr\" role=\"presentation\">warto\u015bci cukru). Poprawia tak\u017ce ich zdolno\u015b\u0107 do <\/span><span dir=\"ltr\" role=\"presentation\">przezwyci\u0119\u017cania okres\u00f3w stres\u00f3w, takich jak: wahania <\/span><span dir=\"ltr\" role=\"presentation\">termiczne, nadmierne zasolenie, ataki patogen\u00f3w <\/span><span dir=\"ltr\" role=\"presentation\">i susza.<\/span><\/p>\n<p><span dir=\"ltr\" role=\"presentation\">CARBOGEN L jest tak\u017ce aktywny, stymuluj\u0105c repro<\/span><span dir=\"ltr\" role=\"presentation\">dukcj\u0119 <\/span><span dir=\"ltr\" role=\"presentation\">mikroorganizm\u00f3w, <\/span><span dir=\"ltr\" role=\"presentation\">kt\u00f3re <\/span><span dir=\"ltr\" role=\"presentation\">tworz\u0105 <\/span><span dir=\"ltr\" role=\"presentation\">ryzosfer\u0119, <\/span><span dir=\"ltr\" role=\"presentation\">czyli grzyb\u00f3w mikorytycznych bakterii PGPR. Rozw\u00f3j <\/span><span dir=\"ltr\" role=\"presentation\">takich drobnoustroj\u00f3w w glebie jest niezb\u0119dny dla <\/span><span dir=\"ltr\" role=\"presentation\">\u017cyzno\u015bci gleby, poniewa\u017c poprawiaj\u0105 one struktur\u0119 <\/span><span dir=\"ltr\" role=\"presentation\">gleby, przetwarzaj\u0105 niedost\u0119pne pierwiastki na formy <\/span><span dir=\"ltr\" role=\"presentation\">przyswajalne dla ro\u015blin, produkuj\u0105 hormony wzrostu <\/span><span dir=\"ltr\" role=\"presentation\">wp\u0142ywaj\u0105ce bezpo\u015brednio na wzrost w\u0142o\u015bnik\u00f3w oraz <\/span><span dir=\"ltr\" role=\"presentation\">tworz\u0105 z ro\u015blinami symbiotyczne zwi\u0105zki, bezpo\u015bred<\/span><span dir=\"ltr\" role=\"presentation\">nio stymuluj\u0105c ich wzrost.<\/span><\/p>\n<p><strong><span dir=\"ltr\" role=\"presentation\">Zastosowanie:<\/span><\/strong><\/p>\n<p><span dir=\"ltr\" role=\"presentation\">CARBOGEN L mo\u017cna stosowa\u0107 w uprawach wszy<\/span><span dir=\"ltr\" role=\"presentation\">stkich gatunk\u00f3w. CARBOGEN L znajduje zastoso<\/span><span dir=\"ltr\" role=\"presentation\">wanie zar\u00f3wno na polu, jak i pod os\u0142onami. Prepa<\/span><span dir=\"ltr\" role=\"presentation\">rat nale\u017cy stosowa\u0107 podczas krytycznych okres\u00f3w <\/span><span dir=\"ltr\" role=\"presentation\">wegetacji, staraj\u0105c si\u0119 unika\u0107 najgor\u0119tszych godzin <\/span><span dir=\"ltr\" role=\"presentation\">podczas dnia. Zaleca si\u0119 podawanie CARBOGEN L <\/span><span dir=\"ltr\" role=\"presentation\">w okresach maksymalnego stresu ro\u015blin, w miar\u0119 <\/span><span dir=\"ltr\" role=\"presentation\">mo\u017cliwo\u015bci zwi\u0119kszaj\u0105c dawki i stosuj\u0105c je cz\u0119\u015bciej. <\/span><span dir=\"ltr\" role=\"presentation\">W przypadku stosowania z preparatami BALY, BAS, <\/span><span dir=\"ltr\" role=\"presentation\">BLANKA, FOXY, MATODEX, MATOZILL, SPHERA, <\/span><span dir=\"ltr\" role=\"presentation\">KLOZER, TRIASH i innymi preparatami zawieraj\u0105<\/span><span dir=\"ltr\" role=\"presentation\">cymi mikroorganizmy nale\u017cy miesza\u0107 je minimum <\/span><span dir=\"ltr\" role=\"presentation\">12 h przed stosowaniem w stosunku 1:1 w celu po<\/span><span dir=\"ltr\" role=\"presentation\">budzenia <\/span><span dir=\"ltr\" role=\"presentation\">i <\/span><span dir=\"ltr\" role=\"presentation\">osi\u0105gni\u0119cia <\/span><span dir=\"ltr\" role=\"presentation\">maksymalnego <\/span><span dir=\"ltr\" role=\"presentation\">potencja\u0142u <\/span><span dir=\"ltr\" role=\"presentation\">rozwoju mikroorganizm\u00f3w. Gotowy roztw\u00f3r (po up\u0142ywie <\/span><span dir=\"ltr\" role=\"presentation\">12<\/span><span dir=\"ltr\" role=\"presentation\">\u2013<\/span><span dir=\"ltr\" role=\"presentation\">24 h aktywacji) nale\u017cy zu\u017cy\u0107 w ci\u0105gu 24 h. <\/span><span dir=\"ltr\" role=\"presentation\">W przypadku oprysk\u00f3w nale\u017cy unika\u0107 wody do <\/span><span dir=\"ltr\" role=\"presentation\">sporz\u0105dzenia roztworu o odczynie zasadowym <\/span><span dir=\"ltr\" role=\"presentation\">(pH &gt; 6,5).<\/span><\/p>\n<p><strong><span dir=\"ltr\" role=\"presentation\">Dawkowanie:<\/span><\/strong><\/p>\n<p><span dir=\"ltr\" role=\"presentation\">Pierwsz\u0105 aplikacj\u0119 nale\u017cy przepro<\/span><span dir=\"ltr\" role=\"presentation\">wadzi\u0107 bezpo\u015brednio przed przesadze<\/span><span dir=\"ltr\" role=\"presentation\">niem lub podczas wytwarzania p\u0105k\u00f3w <\/span><span dir=\"ltr\" role=\"presentation\">0,5 l \/1000 m2 (max 3-5 l \/1000 m2) <\/span><span dir=\"ltr\" role=\"presentation\">zabieg powtarza\u0107 co 4-6 tygodni przez <\/span><span dir=\"ltr\" role=\"presentation\">ca\u0142y cykl uprawy. W celu uzyskania <\/span><span dir=\"ltr\" role=\"presentation\">najlepszych rezultat\u00f3w nale\u017cy zastoso<\/span><span dir=\"ltr\" role=\"presentation\">wa\u0107 na gleb\u0119 lub pod\u0142o\u017ce ogrodnicze <\/span><span dir=\"ltr\" role=\"presentation\">bezpo\u015brednio przed siewem. <\/span><span dir=\"ltr\" role=\"presentation\">Stosowa\u0107 w stosunku 1:1 z preparatami <\/span><span dir=\"ltr\" role=\"presentation\">mikrobiologicznymi dla uzyskania pe\u0142ni <\/span><span dir=\"ltr\" role=\"presentation\">efektywno\u015bci.<\/span><\/p>\n<p><strong>Sk\u0142ad:<\/strong><\/p>\n<p>\u2022 Azot organiczny\u00a0 \u00a07,0%<\/p>\n<p>\u2022 W\u0119giel organiczny\u00a0 \u00a015,0%<\/p>\n<p>\u2022 Fosfor P2O5\u00a0 \u00a02,3%<\/p>\n<p>\u2022 Potas K2O\u00a0 \u00a05,0%<\/p>\n<p><strong>Opakowanie:\u00a0<\/strong>1L<\/p>\n<\/div>\n<\/div>\n<\/div>\n","protected":false},"excerpt":{"rendered":"<p>Zestaw preparat\u00f3w Klozer 1l i Carbogen L 1l. KLOZER \u2013 Szczepionka mikoryzowa poprawiaj\u0105ca jako\u015b\u0107 gleby i ograniczaj\u0105ca dzia\u0142alno\u015b\u0107 szkodliwych owad\u00f3w oraz bakterii glebowych. \u015arodek zawieraj\u0105cy \u017cywe mikroorganizmy, wspomagaj\u0105cy upraw\u0119 ro\u015blin, dopuszczony do stosowania w uprawach ekologicznych w UE. KLOZER znajduje zastosowanie w glebach i pod\u0142o\u017cach ogrodniczych. Jest pot\u0119\u017cnym sojusznikiem w uprawach pod os\u0142onami, a tak\u017ce [&hellip;]<\/p>\n","protected":false},"featured_media":6200,"template":"","meta":{"_acf_changed":false,"_seopress_robots_primary_cat":"none","_seopress_titles_title":"","_seopress_titles_desc":"","_seopress_robots_index":""},"product_brand":[],"product_cat":[141],"product_tag":[],"class_list":{"0":"post-4069","1":"product","2":"type-product","3":"status-publish","4":"has-post-thumbnail","6":"product_cat-pozyteczne-mikroorganizmy","8":"first","9":"instock","10":"taxable","11":"shipping-taxable","12":"purchasable","13":"product-type-simple"},"acf":[],"_links":{"self":[{"href":"https:\/\/ceres.pl\/sklep\/wp-json\/wp\/v2\/product\/4069","targetHints":{"allow":["GET"]}}],"collection":[{"href":"https:\/\/ceres.pl\/sklep\/wp-json\/wp\/v2\/product"}],"about":[{"href":"https:\/\/ceres.pl\/sklep\/wp-json\/wp\/v2\/types\/product"}],"wp:featuredmedia":[{"embeddable":true,"href":"https:\/\/ceres.pl\/sklep\/wp-json\/wp\/v2\/media\/6200"}],"wp:attachment":[{"href":"https:\/\/ceres.pl\/sklep\/wp-json\/wp\/v2\/media?parent=4069"}],"wp:term":[{"taxonomy":"product_brand","embeddable":true,"href":"https:\/\/ceres.pl\/sklep\/wp-json\/wp\/v2\/product_brand?post=4069"},{"taxonomy":"product_cat","embeddable":true,"href":"https:\/\/ceres.pl\/sklep\/wp-json\/wp\/v2\/product_cat?post=4069"},{"taxonomy":"product_tag","embeddable":true,"href":"https:\/\/ceres.pl\/sklep\/wp-json\/wp\/v2\/product_tag?post=4069"}],"curies":[{"name":"wp","href":"https:\/\/api.w.org\/{rel}","templated":true}]}}