{"id":415,"date":"2019-11-26T13:10:07","date_gmt":"2019-11-26T12:10:07","guid":{"rendered":"https:\/\/ceres.pl\/sklep\/sklep\/bez-kategorii\/juta-chusty-60-x-60-opakowanie-100-szt\/"},"modified":"2026-04-08T15:04:26","modified_gmt":"2026-04-08T13:04:26","slug":"juta-chusty-60-x-60-opakowanie-100-szt","status":"publish","type":"product","link":"https:\/\/ceres.pl\/sklep\/produkt\/juta\/juta-chusty-60-x-60-opakowanie-100-szt\/","title":{"rendered":"Juta chusty 60 x 60 (opakowanie 100 szt.)"},"content":{"rendered":"<p>W ogrodnictwie najcz\u0119\u015bciej wykorzystywane s\u0105 juty (splot lu\u017any tworzy tkanin\u0119 o oczkach ok. 0,5 x 0,5 cm) dost\u0119pne w postaci gotowych, poci\u0119tych chust (dwa brzegi powinny by\u0107 obszyte co zapobiega rozchodzeniu si\u0119 w\u0142\u00f3kien). W tej formie wykorzystywane s\u0105 do owijania bry\u0142y korzeniowej w celu uniemo\u017cliwienia osypywania si\u0119 ziemi (coraz cz\u0119\u015bciej w po\u0142\u0105czeniu z siatk\u0105 druciana do balotowania) co pozwala na bezpieczny transport i zwi\u0119ksza prawdopodobie\u0144stwo przyj\u0119cia si\u0119 ro\u015bliny.<\/p>\n<p>Rozmiar chusty jest dobierana do wielko\u015bci ro\u015bliny, a w\u0142a\u015bciwie do planowanej wielko\u015bci bry\u0142y korzeniowej. Chusta powinna by\u0107 takiej wielko\u015bci aby dawa\u0142a nam mo\u017cliwo\u015b\u0107 swobodnego zawi\u0105zania jej przy pniu wykopanej ro\u015bliny.<\/p>\n<p>Gramatura g\/m2: 125<\/p>\n<p>Format w cm: 60 x 60 cm<\/p>\n<p>Ilo\u015b\u0107 w paczce: 100<\/p>\n","protected":false},"excerpt":{"rendered":"<p>W ogrodnictwie najcz\u0119\u015bciej wykorzystywane s\u0105 juty (splot lu\u017any tworzy tkanin\u0119 o oczkach ok. 0,5 x 0,5 cm) dost\u0119pne w postaci gotowych, poci\u0119tych chust (dwa brzegi powinny by\u0107 obszyte co zapobiega rozchodzeniu si\u0119 w\u0142\u00f3kien). W tej formie wykorzystywane s\u0105 do owijania bry\u0142y korzeniowej w celu uniemo\u017cliwienia osypywania si\u0119 ziemi (coraz cz\u0119\u015bciej w po\u0142\u0105czeniu z siatk\u0105 druciana [&hellip;]<\/p>\n","protected":false},"featured_media":303,"template":"","meta":{"_acf_changed":false,"_seopress_robots_primary_cat":"none","_seopress_titles_title":"","_seopress_titles_desc":"","_seopress_robots_index":""},"product_brand":[],"product_cat":[85],"product_tag":[],"class_list":{"0":"post-415","1":"product","2":"type-product","3":"status-publish","4":"has-post-thumbnail","6":"product_cat-juta","8":"first","9":"instock","10":"taxable","11":"shipping-taxable","12":"purchasable","13":"product-type-simple"},"acf":[],"_links":{"self":[{"href":"https:\/\/ceres.pl\/sklep\/wp-json\/wp\/v2\/product\/415","targetHints":{"allow":["GET"]}}],"collection":[{"href":"https:\/\/ceres.pl\/sklep\/wp-json\/wp\/v2\/product"}],"about":[{"href":"https:\/\/ceres.pl\/sklep\/wp-json\/wp\/v2\/types\/product"}],"wp:featuredmedia":[{"embeddable":true,"href":"https:\/\/ceres.pl\/sklep\/wp-json\/wp\/v2\/media\/303"}],"wp:attachment":[{"href":"https:\/\/ceres.pl\/sklep\/wp-json\/wp\/v2\/media?parent=415"}],"wp:term":[{"taxonomy":"product_brand","embeddable":true,"href":"https:\/\/ceres.pl\/sklep\/wp-json\/wp\/v2\/product_brand?post=415"},{"taxonomy":"product_cat","embeddable":true,"href":"https:\/\/ceres.pl\/sklep\/wp-json\/wp\/v2\/product_cat?post=415"},{"taxonomy":"product_tag","embeddable":true,"href":"https:\/\/ceres.pl\/sklep\/wp-json\/wp\/v2\/product_tag?post=415"}],"curies":[{"name":"wp","href":"https:\/\/api.w.org\/{rel}","templated":true}]}}