{"id":4154,"date":"2022-10-28T09:48:38","date_gmt":"2022-10-28T07:48:38","guid":{"rendered":"https:\/\/ceres.pl\/sklep\/produkt\/bez-kategorii\/podloze-kokosowe-uniwersalne-brykiet-05-kg-coco-grunt-2\/"},"modified":"2026-04-08T15:03:57","modified_gmt":"2026-04-08T13:03:57","slug":"podloze-kokosowe-uniwersalne-brykiet-05-kg-coco-grunt-2","status":"publish","type":"product","link":"https:\/\/ceres.pl\/sklep\/produkt\/wlokno-w-brykietach\/podloze-kokosowe-uniwersalne-brykiet-05-kg-coco-grunt-2\/","title":{"rendered":"POD\u0141O\u017bE KOKOSOWE UNIWERSALNE brykiet 0,48 kg Coco-grunt"},"content":{"rendered":"<p><strong>COCO-GRUNT<\/strong>\u00a0jest w 100% naturalnym produktem powoduj\u0105cym lepszy rozw\u00f3j ro\u015blin zielonych i kwitn\u0105cych. Sk\u0142ada si\u0119 z milion\u00f3w mikroskopijnych g\u0105bczastych w\u0142\u00f3kien orzecha kokosowego. Dzi\u0119ki doskona\u0142emu systemowi kapilarnemu nast\u0119puje r\u00f3wnomierne sta\u0142e rozprowadzanie wody i utrzymywanie wilgotno\u015bci. Bardzo du\u017ca porowato\u015b\u0107 umo\u017cliwia dost\u0119p powietrza na ca\u0142ej obj\u0119to\u015bci pod\u0142o\u017ca. Takie warunki powoduj\u0105 bardzo dobry rozw\u00f3j systemu korzeniowego, a w efekcie cz\u0119\u015bci nadziemnych ro\u015blin.<\/p>\n<p><strong>Zastosowanie<\/strong>: Zamiast ziemi kwiatowej, torfu lub normalnej ziemi ogrodowej . Dla wszystkich ro\u015blin zielonych i kwitn\u0105cych \u2013 doniczkowych, balkonowych, rabatowych, siewek i rozsad (nie zalecany do paproci). Mo\u017ce by\u0107 mieszany z innymi typami pod\u0142o\u017cy dla polepszenia ich struktury.<\/p>\n<p><strong>Przygotowanie do u\u017cytku:<\/strong> Sprasowany brykiet zala\u0107 4 litrami zimnej lub letniej wody. COCO-GRUNT rozpr\u0119\u017cy si\u0119 w ci\u0105gu 15\u201320 minut zwi\u0119kszaj\u0105c swoj\u0105 obj\u0119to\u015b\u0107 do 6\u20137 litr\u00f3w. Przed u\u017cyciem zamiesza\u0107.<\/p>\n","protected":false},"excerpt":{"rendered":"<p>COCO-GRUNT\u00a0jest w 100% naturalnym produktem powoduj\u0105cym lepszy rozw\u00f3j ro\u015blin zielonych i kwitn\u0105cych. Sk\u0142ada si\u0119 z milion\u00f3w mikroskopijnych g\u0105bczastych w\u0142\u00f3kien orzecha kokosowego. Dzi\u0119ki doskona\u0142emu systemowi kapilarnemu nast\u0119puje r\u00f3wnomierne sta\u0142e rozprowadzanie wody i utrzymywanie wilgotno\u015bci. Bardzo du\u017ca porowato\u015b\u0107 umo\u017cliwia dost\u0119p powietrza na ca\u0142ej obj\u0119to\u015bci pod\u0142o\u017ca. Takie warunki powoduj\u0105 bardzo dobry rozw\u00f3j systemu korzeniowego, a w efekcie cz\u0119\u015bci [&hellip;]<\/p>\n","protected":false},"featured_media":4208,"template":"","meta":{"_acf_changed":false,"_seopress_robots_primary_cat":"none","_seopress_titles_title":"","_seopress_titles_desc":"","_seopress_robots_index":""},"product_brand":[],"product_cat":[91],"product_tag":[],"class_list":{"0":"post-4154","1":"product","2":"type-product","3":"status-publish","4":"has-post-thumbnail","6":"product_cat-wlokno-w-brykietach","8":"first","9":"instock","10":"taxable","11":"shipping-taxable","12":"purchasable","13":"product-type-simple"},"acf":[],"_links":{"self":[{"href":"https:\/\/ceres.pl\/sklep\/wp-json\/wp\/v2\/product\/4154","targetHints":{"allow":["GET"]}}],"collection":[{"href":"https:\/\/ceres.pl\/sklep\/wp-json\/wp\/v2\/product"}],"about":[{"href":"https:\/\/ceres.pl\/sklep\/wp-json\/wp\/v2\/types\/product"}],"wp:featuredmedia":[{"embeddable":true,"href":"https:\/\/ceres.pl\/sklep\/wp-json\/wp\/v2\/media\/4208"}],"wp:attachment":[{"href":"https:\/\/ceres.pl\/sklep\/wp-json\/wp\/v2\/media?parent=4154"}],"wp:term":[{"taxonomy":"product_brand","embeddable":true,"href":"https:\/\/ceres.pl\/sklep\/wp-json\/wp\/v2\/product_brand?post=4154"},{"taxonomy":"product_cat","embeddable":true,"href":"https:\/\/ceres.pl\/sklep\/wp-json\/wp\/v2\/product_cat?post=4154"},{"taxonomy":"product_tag","embeddable":true,"href":"https:\/\/ceres.pl\/sklep\/wp-json\/wp\/v2\/product_tag?post=4154"}],"curies":[{"name":"wp","href":"https:\/\/api.w.org\/{rel}","templated":true}]}}