{"id":4157,"date":"2022-10-28T09:51:01","date_gmt":"2022-10-28T07:51:01","guid":{"rendered":"https:\/\/ceres.pl\/sklep\/produkt\/bez-kategorii\/podloze-kokosowe-uniwersalne-dyski-065-kg-coco-grunt\/"},"modified":"2026-03-20T08:17:24","modified_gmt":"2026-03-20T07:17:24","slug":"podloze-kokosowe-uniwersalne-dyski-065-kg-coco-grunt","status":"publish","type":"product","link":"https:\/\/ceres.pl\/sklep\/produkt\/podloza-i-substraty-na-bazie-wlokna-kokosowego\/podloze-kokosowe-uniwersalne-dyski-065-kg-coco-grunt\/","title":{"rendered":"POD\u0141O\u017bE KOKOSOWE UNIWERSALNE dyski 0,65 kg coco-grunt"},"content":{"rendered":"<p><strong>COCO-GRUNT<\/strong>\u00a0jest w 100% naturalnym produktem powoduj\u0105cym lepszy rozw\u00f3j ro\u015blin zielonych i kwitn\u0105cych. Sk\u0142ada si\u0119 z milion\u00f3w mikroskopijnych g\u0105bczastych w\u0142\u00f3kien orzecha kokosowego. Dzi\u0119ki doskona\u0142emu systemowi kapilarnemu nast\u0119puje r\u00f3wnomierne sta\u0142e rozprowadzanie wody i utrzymywanie wilgotno\u015bci. Bardzo du\u017ca porowato\u015b\u0107 umo\u017cliwia dost\u0119p powietrza na ca\u0142ej obj\u0119to\u015bci pod\u0142o\u017ca. Takie warunki powoduj\u0105 bardzo dobry rozw\u00f3j systemu korzeniowego, a w efekcie cz\u0119\u015bci nadziemnych ro\u015blin.<\/p>\n<p><strong>Zastosowanie<\/strong>: Zamiast ziemi kwiatowej, torfu lub normalnej ziemi ogrodowej . Dla wszystkich ro\u015blin zielonych i kwitn\u0105cych \u2013 doniczkowych, balkonowych, rabatowych, siewek i rozsad (nie zalecany do paproci). Mo\u017ce by\u0107 mieszany z innymi typami pod\u0142o\u017cy dla polepszenia ich struktury.<\/p>\n<p><strong>Przygotowanie do u\u017cytku:<\/strong> Sprasowany brykiet zala\u0107 0,5 litrem zimnej lub letniej wody. COCO-GRUNT rozpr\u0119\u017cy si\u0119 w ci\u0105gu 15\u201320 minut zwi\u0119kszaj\u0105c swoj\u0105 obj\u0119to\u015b\u0107 do 0,8 litra. Przed u\u017cyciem zamiesza\u0107.<\/p>\n<p><strong>Dodatkowe korzy\u015bci:<\/strong> COCO-GRUNT ma sta\u0142e pH wynosz\u0105ce ok. 6,0, kt\u00f3re umo\u017cliwia prawid\u0142owe przyswajanie sk\u0142adnik\u00f3w mineralnych z pod\u0142o\u017ca. COCO- GRUNT jest wolny od szkodliwych substancji. Dla uzyskania maksymalnego efektu dodawa\u0107 po\u017cywki wg wymaga\u0144 poszczeg\u00f3lnych gatunk\u00f3w ro\u015blin i pory roku.<\/p>\n<p>Waga netto: 10 x 60g<\/p>\n","protected":false},"excerpt":{"rendered":"<p>COCO-GRUNT\u00a0jest w 100% naturalnym produktem powoduj\u0105cym lepszy rozw\u00f3j ro\u015blin zielonych i kwitn\u0105cych. Sk\u0142ada si\u0119 z milion\u00f3w mikroskopijnych g\u0105bczastych w\u0142\u00f3kien orzecha kokosowego. Dzi\u0119ki doskona\u0142emu systemowi kapilarnemu nast\u0119puje r\u00f3wnomierne sta\u0142e rozprowadzanie wody i utrzymywanie wilgotno\u015bci. Bardzo du\u017ca porowato\u015b\u0107 umo\u017cliwia dost\u0119p powietrza na ca\u0142ej obj\u0119to\u015bci pod\u0142o\u017ca. Takie warunki powoduj\u0105 bardzo dobry rozw\u00f3j systemu korzeniowego, a w efekcie cz\u0119\u015bci [&hellip;]<\/p>\n","protected":false},"featured_media":5922,"template":"","meta":{"_acf_changed":false,"_seopress_robots_primary_cat":"none","_seopress_titles_title":"","_seopress_titles_desc":"","_seopress_robots_index":""},"product_brand":[],"product_cat":[89,91],"product_tag":[],"class_list":{"0":"post-4157","1":"product","2":"type-product","3":"status-publish","4":"has-post-thumbnail","6":"product_cat-podloza-i-substraty-na-bazie-wlokna-kokosowego","7":"product_cat-wlokno-w-brykietach","9":"first","10":"instock","11":"taxable","12":"shipping-taxable","13":"purchasable","14":"product-type-simple"},"acf":[],"_links":{"self":[{"href":"https:\/\/ceres.pl\/sklep\/wp-json\/wp\/v2\/product\/4157","targetHints":{"allow":["GET"]}}],"collection":[{"href":"https:\/\/ceres.pl\/sklep\/wp-json\/wp\/v2\/product"}],"about":[{"href":"https:\/\/ceres.pl\/sklep\/wp-json\/wp\/v2\/types\/product"}],"wp:featuredmedia":[{"embeddable":true,"href":"https:\/\/ceres.pl\/sklep\/wp-json\/wp\/v2\/media\/5922"}],"wp:attachment":[{"href":"https:\/\/ceres.pl\/sklep\/wp-json\/wp\/v2\/media?parent=4157"}],"wp:term":[{"taxonomy":"product_brand","embeddable":true,"href":"https:\/\/ceres.pl\/sklep\/wp-json\/wp\/v2\/product_brand?post=4157"},{"taxonomy":"product_cat","embeddable":true,"href":"https:\/\/ceres.pl\/sklep\/wp-json\/wp\/v2\/product_cat?post=4157"},{"taxonomy":"product_tag","embeddable":true,"href":"https:\/\/ceres.pl\/sklep\/wp-json\/wp\/v2\/product_tag?post=4157"}],"curies":[{"name":"wp","href":"https:\/\/api.w.org\/{rel}","templated":true}]}}