{"id":4236,"date":"2022-12-23T11:03:34","date_gmt":"2022-12-23T10:03:34","guid":{"rendered":"https:\/\/ceres.pl\/sklep\/produkt\/bez-kategorii\/sekator-elektryczny-ab40-altuna-3-aku-titanium\/"},"modified":"2026-01-21T14:30:45","modified_gmt":"2026-01-21T13:30:45","slug":"sekator-elektryczny-ab40-altuna-3-aku-titanium","status":"publish","type":"product","link":"https:\/\/ceres.pl\/sklep\/produkt\/sekatory\/sekatory-altuna\/sekatory-elektryczne-altuna\/sekator-elektryczny-ab40-altuna-3-aku-titanium\/","title":{"rendered":"Sekator elektryczny AB40 Altuna 3 aku Titanium"},"content":{"rendered":"<p>Sekator elektryczny AB40 Titanium to niezast\u0105pione narz\u0119dzie dla profesjonalist\u00f3w i pasjonat\u00f3w ogrodnictwa. Dzi\u0119ki tytanowemu ostrzu zapewnia on precyzyjne ci\u0119cie, kt\u00f3re niezawodnie poradzi sobie z ka\u017cd\u0105 ro\u015blin\u0105. Znajdzie zastosowanie zar\u00f3wno w sadownictwie, jak i szk\u00f3\u0142karstwie czy piel\u0119gnacji ro\u015blin ozdobnych.<\/p>\n<p>&nbsp;<\/p>\n<p>Co wyr\u00f3\u017cnia technologi\u0119 tytanowych ostrzy od standardowych?<\/p>\n<p>&#8211; tytanowe ostrza zwi\u0119kszaj\u0105 trwa\u0142o\u015b\u0107 urz\u0105dzenia<\/p>\n<p>&#8211; cechuj\u0105 si\u0119 bardzo wysok\u0105 twardo\u015bci\u0105 2500 Vickers\u00f3w dzi\u0119ki czemu ostrze jest trwalsze<\/p>\n<p>&#8211; maj\u0105 wysok\u0105 odporno\u015b\u0107 na \u015brodki do dezynfekcji stosowane podczas ci\u0119cia ro\u015blin<\/p>\n<p>&#8211; maj\u0105 du\u017co lepsze w\u0142a\u015bciwo\u015bci \u015blizgowe dzi\u0119ki czemu ci\u0119cia s\u0105 \u0142atwiejsze i szybsze<\/p>\n<p>&#8211; poza lepszym, szybszym i precyzyjnym ci\u0119ciem zapewniaj\u0105 mniejsze zu\u017cycie \u0142o\u017cysk, przek\u0142adni oraz baterii, przez co wyd\u0142u\u017caj\u0105 ich \u017cywotno\u015b\u0107<\/p>\n<p>Przek\u0142ada si\u0119 to na uzyskanie:<\/p>\n<p>+60% WYDAJNO\u015aCI<\/p>\n<p>+300% TRWA\u0141O\u015aCI<\/p>\n<p>+50% PR\u0118DKO\u015aCI<\/p>\n<p>Zwi\u0119ksza produktywno\u015b\u0107 podczas wszelkich prac zwi\u0105zanych z przycinaniem i konserwacj\u0105. Wysoka pr\u0119dko\u015b\u0107 i precyzja ci\u0119cia przy ca\u0142kowitym bezpiecze\u0144stwie.<\/p>\n<p>+500% KOMFORTU<\/p>\n<p>Maksymalny komfort i redukcja wysi\u0142ku podczas wykonywania dowolnej pracy.<\/p>\n<p>&nbsp;<\/p>\n<p>Dost\u0119p do energii nie stanowi ju\u017c problemu, poniewa\u017c w zestawie znajduj\u0105 si\u0119 a\u017c trzy wymienne baterie oraz \u0142adowarka. Czas pracy jednej baterii to oko\u0142o 3 godzin, wi\u0119c nie musisz si\u0119 obawia\u0107 o przerwy w pracy. Mo\u017cesz by\u0107 pewny, \u017ce sekator b\u0119dzie dzia\u0142a\u0107 niezawodnie przez d\u0142ugi czas.<\/p>\n<p>&nbsp;<\/p>\n<p>Jednak to nie wszystko, co oferuje sekator AB40 Titanium. Dzi\u0119ki funkcji dostosowania rozwarcia ostrzy masz pe\u0142n\u0105 kontrol\u0119 nad przycinaniem ro\u015blin. Mo\u017cesz precyzyjnie dostosowa\u0107 rozwarcie od 25 mm do 40 mm, aby idealnie dopasowa\u0107 si\u0119 do ka\u017cdej ro\u015bliny i zadania.<\/p>\n<p>&nbsp;<\/p>\n<p>Wygoda i bezpiecze\u0144stwo to priorytet, dlatego uchwyt sekatora zosta\u0142 ergonomicznie zaprojektowany, aby zapewni\u0107 wygodne i pewne trzymanie sekatora. Dodatkowo, system przeciw przycinaniu palc\u00f3w stanowi dodatkow\u0105 ochron\u0119, dzi\u0119ki czemu mo\u017cesz pracowa\u0107 bez obaw o swoje bezpiecze\u0144stwo.<\/p>\n<p>&nbsp;<\/p>\n<p>Je\u015bli szukasz profesjonalnego i niezawodnego narz\u0119dzia do sadu czy ogrodu, sekator elektryczny AB40 Titanium jest idealnym wyborem. Dzi\u0119ki jego funkcjonalno\u015bci i wysokiej jako\u015bci wykonaniu b\u0119dziesz cieszy\u0107 si\u0119 precyzyjnym ci\u0119ciem i niezawodno\u015bci\u0105 przez wiele lat.<\/p>\n<p>&nbsp;<\/p>\n","protected":false},"excerpt":{"rendered":"<p>Sekator elektryczny AB40 Titanium to niezast\u0105pione narz\u0119dzie dla profesjonalist\u00f3w i pasjonat\u00f3w ogrodnictwa. Dzi\u0119ki tytanowemu ostrzu zapewnia on precyzyjne ci\u0119cie, kt\u00f3re niezawodnie poradzi sobie z ka\u017cd\u0105 ro\u015blin\u0105. Znajdzie zastosowanie zar\u00f3wno w sadownictwie, jak i szk\u00f3\u0142karstwie czy piel\u0119gnacji ro\u015blin ozdobnych. &nbsp; Co wyr\u00f3\u017cnia technologi\u0119 tytanowych ostrzy od standardowych? &#8211; tytanowe ostrza zwi\u0119kszaj\u0105 trwa\u0142o\u015b\u0107 urz\u0105dzenia &#8211; cechuj\u0105 si\u0119 [&hellip;]<\/p>\n","protected":false},"featured_media":4271,"template":"","meta":{"_acf_changed":false,"_seopress_robots_primary_cat":"none","_seopress_titles_title":"","_seopress_titles_desc":"","_seopress_robots_index":""},"product_brand":[],"product_cat":[171,172],"product_tag":[],"class_list":{"0":"post-4236","1":"product","2":"type-product","3":"status-publish","4":"has-post-thumbnail","6":"product_cat-sekatory-altuna","7":"product_cat-sekatory-elektryczne-altuna","9":"first","10":"outofstock","11":"taxable","12":"shipping-taxable","13":"purchasable","14":"product-type-simple"},"acf":[],"_links":{"self":[{"href":"https:\/\/ceres.pl\/sklep\/wp-json\/wp\/v2\/product\/4236","targetHints":{"allow":["GET"]}}],"collection":[{"href":"https:\/\/ceres.pl\/sklep\/wp-json\/wp\/v2\/product"}],"about":[{"href":"https:\/\/ceres.pl\/sklep\/wp-json\/wp\/v2\/types\/product"}],"wp:featuredmedia":[{"embeddable":true,"href":"https:\/\/ceres.pl\/sklep\/wp-json\/wp\/v2\/media\/4271"}],"wp:attachment":[{"href":"https:\/\/ceres.pl\/sklep\/wp-json\/wp\/v2\/media?parent=4236"}],"wp:term":[{"taxonomy":"product_brand","embeddable":true,"href":"https:\/\/ceres.pl\/sklep\/wp-json\/wp\/v2\/product_brand?post=4236"},{"taxonomy":"product_cat","embeddable":true,"href":"https:\/\/ceres.pl\/sklep\/wp-json\/wp\/v2\/product_cat?post=4236"},{"taxonomy":"product_tag","embeddable":true,"href":"https:\/\/ceres.pl\/sklep\/wp-json\/wp\/v2\/product_tag?post=4236"}],"curies":[{"name":"wp","href":"https:\/\/api.w.org\/{rel}","templated":true}]}}